{"id":545,"date":"2020-03-10T20:39:06","date_gmt":"2020-03-10T23:39:06","guid":{"rendered":"http:\/\/www.professores.uff.br\/lhaylla\/?page_id=545"},"modified":"2020-03-10T20:49:34","modified_gmt":"2020-03-10T23:49:34","slug":"geometria-ii","status":"publish","type":"page","link":"https:\/\/www.professores.uff.br\/lhaylla\/geometria-ii\/","title":{"rendered":"Geometria II"},"content":{"rendered":"\n<p>Primeiro semestre letivo de 2020: 16\/03&nbsp;\u00e0 20\/07.<\/p>\n\n\n\n<p>Acesse aqui a previs\u00e3o de&nbsp;cronograma da disciplina. Esse cronograma poder\u00e1 sofrer altera\u00e7\u00f5es durante o semestre letivo.<\/p>\n\n\n\n<hr class=\"wp-block-separator\" \/>\n\n\n\n<p><strong>Aulas:<\/strong><br>Ter\u00e7as e quintas-feiras de 11 \u00e0s 13h em sala \u00e0 confirmar.<\/p>\n\n\n\n<hr class=\"wp-block-separator\" \/>\n\n\n\n<p><strong>Hor\u00e1rio de monitoria:<\/strong><br>Os hor\u00e1rios de monitoria ser\u00e3o divulgados ap\u00f3s os concursos de monitoria serem realizados.<\/p>\n\n\n\n<hr class=\"wp-block-separator\" \/>\n\n\n\n<p><strong>Prov\u00e1veis datas de provas:<\/strong><\/p>\n\n\n\n<ul class=\"wp-block-list\"><li>P1: 21\/05.<\/li><li>P2: 07\/07.<\/li><li>VR: 09\/07.<\/li><li>VS: 14\/07.<\/li><\/ul>\n\n\n\n<p>A nota final ser\u00e1 a m\u00e9dia aritm\u00e9tica entre as notas da P1 e da P2.<\/p>\n\n\n\n<hr class=\"wp-block-separator\" \/>\n\n\n\n<p><strong>Informa\u00e7\u00f5es importantes:<\/strong><\/p>\n\n\n\n<ul class=\"wp-block-list\"><li>Alunos que tiverem mais que 25% de faltas estar\u00e3o reprovados.<\/li><li>Alunos que obtiverem nota final acima de 6.0 est\u00e3o aprovados. Os alunos que obtiverem nota final (somadas as partes citadas acima) entre 4.0 e 5.9 dever\u00e3o fazer uma VS no dia 14\/07.<\/li><li>No dia 16\/07 as notas finais ser\u00e3o divulgadas e ser\u00e1 encerrado o semestre letivo.<\/li><li>OBSERVA\u00c7\u00c3O IMPORTANTE: a vista da prova s\u00f3 poder\u00e1 ser feita em sala de aula no dia e hor\u00e1rio da aula. N\u00e3o ser\u00e3o abertas excess\u00f5es.<\/li><\/ul>\n\n\n\n<hr class=\"wp-block-separator\" \/>\n\n\n\n<p><strong>Ementa:&nbsp;<\/strong><\/p>\n\n\n\n<p>I) Geometria Espacial<\/p>\n\n\n\n<p>II) Constru\u00e7\u00f5es Geom\u00e9tricas<\/p>\n\n\n\n<hr class=\"wp-block-separator\" \/>\n\n\n\n<p><strong>Bibliografia Sugerida para este curso:<\/strong><\/p>\n\n\n\n<ul class=\"wp-block-list\"><li>Constru\u00e7\u00f5es Geom\u00e9tricas &#8211; Eduardo Wagner, Cole\u00e7\u00e3o Professor de Matem\u00e1tica, SBM, 2007.<\/li><li>Fundamentos da Matem\u00e1tica Elementar, Geometria Espacial, vol 10 &#8211; O. Dolce, J.N. Pompeo, Editora Atual, 2005.<\/li><li>Introdu\u00e7\u00e3o \u00e0 Geometria Espacial &#8211; Paulo Cesar Carvalho, Cole\u00e7\u00e3o Professor de Matem\u00e1tica, SBM, 2008.<\/li><\/ul>\n\n\n\n<hr class=\"wp-block-separator\" \/>\n\n\n\n<p><strong>Listas de Exerc\u00edcios:<\/strong><\/p>\n\n\n\n<ul class=\"wp-block-list\"><li>Lista 1<\/li><\/ul>\n","protected":false},"excerpt":{"rendered":"<p>Primeiro semestre letivo de 2020: 16\/03&nbsp;\u00e0 20\/07. Acesse aqui a previs\u00e3o de&nbsp;cronograma da disciplina. Esse cronograma poder\u00e1 sofrer altera\u00e7\u00f5es durante o semestre letivo. Aulas:Ter\u00e7as e quintas-feiras de 11 \u00e0s 13h em sala \u00e0 confirmar. Hor\u00e1rio de monitoria:Os hor\u00e1rios de monitoria ser\u00e3o divulgados ap\u00f3s os concursos de monitoria serem realizados. Prov\u00e1veis datas de provas: P1: 21\/05. [&hellip;]<\/p>\n","protected":false},"author":11,"featured_media":0,"parent":0,"menu_order":0,"comment_status":"closed","ping_status":"closed","template":"","meta":{"_exactmetrics_skip_tracking":false,"_exactmetrics_sitenote_active":false,"_exactmetrics_sitenote_note":"","_exactmetrics_sitenote_category":0,"footnotes":""},"categories":[],"tags":[],"class_list":["post-545","page","type-page","status-publish","hentry"],"_links":{"self":[{"href":"https:\/\/www.professores.uff.br\/lhaylla\/wp-json\/wp\/v2\/pages\/545","targetHints":{"allow":["GET"]}}],"collection":[{"href":"https:\/\/www.professores.uff.br\/lhaylla\/wp-json\/wp\/v2\/pages"}],"about":[{"href":"https:\/\/www.professores.uff.br\/lhaylla\/wp-json\/wp\/v2\/types\/page"}],"author":[{"embeddable":true,"href":"https:\/\/www.professores.uff.br\/lhaylla\/wp-json\/wp\/v2\/users\/11"}],"replies":[{"embeddable":true,"href":"https:\/\/www.professores.uff.br\/lhaylla\/wp-json\/wp\/v2\/comments?post=545"}],"version-history":[{"count":3,"href":"https:\/\/www.professores.uff.br\/lhaylla\/wp-json\/wp\/v2\/pages\/545\/revisions"}],"predecessor-version":[{"id":549,"href":"https:\/\/www.professores.uff.br\/lhaylla\/wp-json\/wp\/v2\/pages\/545\/revisions\/549"}],"wp:attachment":[{"href":"https:\/\/www.professores.uff.br\/lhaylla\/wp-json\/wp\/v2\/media?parent=545"}],"wp:term":[{"taxonomy":"category","embeddable":true,"href":"https:\/\/www.professores.uff.br\/lhaylla\/wp-json\/wp\/v2\/categories?post=545"},{"taxonomy":"post_tag","embeddable":true,"href":"https:\/\/www.professores.uff.br\/lhaylla\/wp-json\/wp\/v2\/tags?post=545"}],"curies":[{"name":"wp","href":"https:\/\/api.w.org\/{rel}","templated":true}]}}