{"id":10,"date":"2017-10-05T10:55:04","date_gmt":"2017-10-05T13:55:04","guid":{"rendered":"http:\/\/www.professores.uff.br\/lucianafreitas\/?page_id=10"},"modified":"2020-12-19T17:03:08","modified_gmt":"2020-12-19T20:03:08","slug":"ensino","status":"publish","type":"page","link":"https:\/\/www.professores.uff.br\/lucianafreitas\/ensino\/","title":{"rendered":"Ensino"},"content":{"rendered":"<p>Tenho atuado tanto na gradua\u00e7\u00e3o, quanto na p\u00f3s-gradua\u00e7\u00e3o <em>stricto sensu<\/em>. Na gradua\u00e7\u00e3o, atuo nos cursos de Letras, oferecendo disciplinas de Pesquisa e Pr\u00e1tica Educativa de L\u00edngua Portuguesa, de L\u00edngua Espanhola e de L\u00edngua Italiana. Na p\u00f3s-gradua\u00e7\u00e3o, atuo no Programa de P\u00f3s-gradua\u00e7\u00e3o em Estudos de Linguagem e tenho ministrado disciplinas que envolvem a perspectiva do C\u00edrculo de Bakhtin.<\/p>\n<h3><strong>Disciplinas na Licenciatura em Letras<\/strong><\/h3>\n<p>[2020.2]<br \/>Pesquisa e Pr\u00e1tica de Ensino III &#8211; Espanhol<br \/>Pesquisa e Pr\u00e1tica de Ensino II \u2013 L\u00edngua Portuguesa<\/p>\n<p>[2020.1]<br \/><a href=\"https:\/\/classroom.google.com\/c\/MTQ4MDYyNzY1OTQ5\" target=\"_blank\" rel=\"noopener noreferrer\">Pesquisa e Pr\u00e1tica de Ensino I \u2013 L\u00edngua Portuguesa<\/a><br \/><a href=\"https:\/\/classroom.google.com\/c\/MTQ4MDYyNzAxOTE2\" target=\"_blank\" rel=\"noopener noreferrer\">Pesquisa e Pr\u00e1tica de Ensino II \u2013 L\u00edngua Portuguesa<\/a><\/p>\n<p>[2018.2]<br \/>Pesquisa e Pr\u00e1tica de Ensino III &#8211; Espanhol<br \/>Pesquisa e Pr\u00e1tica de Ensino III &#8211; Italiano<\/p>\n<p>[2018.1]<br \/>Pesquisa e Pr\u00e1tica de Ensino IV &#8211; Espanhol<br \/>Pesquisa e Pr\u00e1tica de Ensino IV &#8211; Italiano<\/p>\n<p>[2017.2]<br \/>Pesquisa e Pr\u00e1tica de Ensino III &#8211; Espanhol<br \/>Pesquisa e Pr\u00e1tica de Ensino III &#8211; Italiano<\/p>\n<p>[2017.1]<br \/>Pesquisa e Pr\u00e1tica de Ensino IV &#8211; Espanhol<br \/>Pesquisa e Pr\u00e1tica de Ensino IV &#8211; Italiano<\/p>\n<p>[2016.2]<br \/>Pesquisa e Pr\u00e1tica de Ensino III \u2013 Espanhol<br \/>Pesquisa e Pr\u00e1tica de Ensino III \u2013 Italiano<\/p>\n<p>[2016.1]<br \/>Pesquisa e Pr\u00e1tica de Ensino II \u2013 L\u00edngua Portuguesa<br \/>Pesquisa e Pr\u00e1tica de Ensino IV \u2013 L\u00edngua Espanhola<\/p>\n<p>\u00a0<\/p>\n<h3><strong>Disciplinas na P\u00f3s-gradua\u00e7\u00e3o em Estudos de Linguagem<\/strong><\/h3>\n<div class=\"layout-cell layout-cell-9\">\n<p>[2020-2] <a href=\"http:\/\/www.professores.uff.br\/lucianafreitas\/wp-content\/uploads\/sites\/153\/2020\/12\/2020-2-Disciplina-Luciana-Freitas.pdf\">Sociologia do discurso do C\u00edrculo de Bakhtin, Vol\u00f3chinov e Medvi\u00e9dev<\/a><\/p>\n<p class=\"layout-cell-pad-5\">[2018.2] A sociologia do discurso do C\u00edrculo de Bakhtin<\/p>\n<p>[2017.2] Leituras sobre o C\u00edrculo de Bakhtin<\/p>\n<p class=\"layout-cell-pad-5\">[2016.2] Conceito de g\u00eanero discursivo e educa\u00e7\u00e3o lingu\u00edstica<\/p>\n<p class=\"layout-cell-pad-5\">[2014.2] Leituras do C\u00edrculo de Bakhtin<\/p>\n<\/div>\n\n\n<p><\/p>\n","protected":false},"excerpt":{"rendered":"<p>Tenho atuado tanto na gradua\u00e7\u00e3o, quanto na p\u00f3s-gradua\u00e7\u00e3o stricto sensu. Na gradua\u00e7\u00e3o, atuo nos cursos de Letras, oferecendo disciplinas de Pesquisa e Pr\u00e1tica Educativa de L\u00edngua Portuguesa, de L\u00edngua Espanhola e de L\u00edngua Italiana. Na p\u00f3s-gradua\u00e7\u00e3o, atuo no Programa de P\u00f3s-gradua\u00e7\u00e3o em Estudos de Linguagem e tenho ministrado disciplinas que envolvem a perspectiva do C\u00edrculo [&hellip;]<\/p>\n","protected":false},"author":22,"featured_media":0,"parent":0,"menu_order":0,"comment_status":"closed","ping_status":"closed","template":"","meta":{"_exactmetrics_skip_tracking":false,"_exactmetrics_sitenote_active":false,"_exactmetrics_sitenote_note":"","_exactmetrics_sitenote_category":0,"footnotes":""},"categories":[],"tags":[],"class_list":["post-10","page","type-page","status-publish","hentry"],"_links":{"self":[{"href":"https:\/\/www.professores.uff.br\/lucianafreitas\/wp-json\/wp\/v2\/pages\/10","targetHints":{"allow":["GET"]}}],"collection":[{"href":"https:\/\/www.professores.uff.br\/lucianafreitas\/wp-json\/wp\/v2\/pages"}],"about":[{"href":"https:\/\/www.professores.uff.br\/lucianafreitas\/wp-json\/wp\/v2\/types\/page"}],"author":[{"embeddable":true,"href":"https:\/\/www.professores.uff.br\/lucianafreitas\/wp-json\/wp\/v2\/users\/22"}],"replies":[{"embeddable":true,"href":"https:\/\/www.professores.uff.br\/lucianafreitas\/wp-json\/wp\/v2\/comments?post=10"}],"version-history":[{"count":16,"href":"https:\/\/www.professores.uff.br\/lucianafreitas\/wp-json\/wp\/v2\/pages\/10\/revisions"}],"predecessor-version":[{"id":323,"href":"https:\/\/www.professores.uff.br\/lucianafreitas\/wp-json\/wp\/v2\/pages\/10\/revisions\/323"}],"wp:attachment":[{"href":"https:\/\/www.professores.uff.br\/lucianafreitas\/wp-json\/wp\/v2\/media?parent=10"}],"wp:term":[{"taxonomy":"category","embeddable":true,"href":"https:\/\/www.professores.uff.br\/lucianafreitas\/wp-json\/wp\/v2\/categories?post=10"},{"taxonomy":"post_tag","embeddable":true,"href":"https:\/\/www.professores.uff.br\/lucianafreitas\/wp-json\/wp\/v2\/tags?post=10"}],"curies":[{"name":"wp","href":"https:\/\/api.w.org\/{rel}","templated":true}]}}