{"id":24,"date":"2017-10-05T10:58:50","date_gmt":"2017-10-05T13:58:50","guid":{"rendered":"http:\/\/www.professores.uff.br\/lucianafreitas\/?page_id=24"},"modified":"2019-04-28T16:15:27","modified_gmt":"2019-04-28T19:15:27","slug":"pesquisa","status":"publish","type":"page","link":"https:\/\/www.professores.uff.br\/lucianafreitas\/pesquisa\/","title":{"rendered":"Pesquisa"},"content":{"rendered":"<p>Atualmente, est\u00e1 envolvida nos projetos <em>Curr\u00edculos da forma\u00e7\u00e3o docente em Letras: sentidos em constru\u00e7\u00e3o<\/em> e <em>Livros did\u00e1ticos de l\u00ednguas: estudos discursivos<\/em>.<\/p>\n","protected":false},"excerpt":{"rendered":"<p>Atualmente, est\u00e1 envolvida nos projetos Curr\u00edculos da forma\u00e7\u00e3o docente em Letras: sentidos em constru\u00e7\u00e3o e Livros did\u00e1ticos de l\u00ednguas: estudos discursivos.<\/p>\n","protected":false},"author":22,"featured_media":0,"parent":0,"menu_order":0,"comment_status":"closed","ping_status":"closed","template":"","meta":{"_exactmetrics_skip_tracking":false,"_exactmetrics_sitenote_active":false,"_exactmetrics_sitenote_note":"","_exactmetrics_sitenote_category":0,"footnotes":""},"categories":[],"tags":[],"class_list":["post-24","page","type-page","status-publish","hentry"],"_links":{"self":[{"href":"https:\/\/www.professores.uff.br\/lucianafreitas\/wp-json\/wp\/v2\/pages\/24","targetHints":{"allow":["GET"]}}],"collection":[{"href":"https:\/\/www.professores.uff.br\/lucianafreitas\/wp-json\/wp\/v2\/pages"}],"about":[{"href":"https:\/\/www.professores.uff.br\/lucianafreitas\/wp-json\/wp\/v2\/types\/page"}],"author":[{"embeddable":true,"href":"https:\/\/www.professores.uff.br\/lucianafreitas\/wp-json\/wp\/v2\/users\/22"}],"replies":[{"embeddable":true,"href":"https:\/\/www.professores.uff.br\/lucianafreitas\/wp-json\/wp\/v2\/comments?post=24"}],"version-history":[{"count":3,"href":"https:\/\/www.professores.uff.br\/lucianafreitas\/wp-json\/wp\/v2\/pages\/24\/revisions"}],"predecessor-version":[{"id":199,"href":"https:\/\/www.professores.uff.br\/lucianafreitas\/wp-json\/wp\/v2\/pages\/24\/revisions\/199"}],"wp:attachment":[{"href":"https:\/\/www.professores.uff.br\/lucianafreitas\/wp-json\/wp\/v2\/media?parent=24"}],"wp:term":[{"taxonomy":"category","embeddable":true,"href":"https:\/\/www.professores.uff.br\/lucianafreitas\/wp-json\/wp\/v2\/categories?post=24"},{"taxonomy":"post_tag","embeddable":true,"href":"https:\/\/www.professores.uff.br\/lucianafreitas\/wp-json\/wp\/v2\/tags?post=24"}],"curies":[{"name":"wp","href":"https:\/\/api.w.org\/{rel}","templated":true}]}}