{"id":28,"date":"2017-10-05T10:59:28","date_gmt":"2017-10-05T13:59:28","guid":{"rendered":"http:\/\/www.professores.uff.br\/lucianafreitas\/?page_id=28"},"modified":"2025-05-15T16:47:32","modified_gmt":"2025-05-15T19:47:32","slug":"orientacoes","status":"publish","type":"page","link":"https:\/\/www.professores.uff.br\/lucianafreitas\/orientacoes\/","title":{"rendered":"Orienta\u00e7\u00f5es"},"content":{"rendered":"\n<p><br><strong>Teses de doutorado conclu\u00eddas<\/strong><\/p>\n\n\n\n<p>Liliene Maria Hanovich Novaes da Silva. <a href=\"http:\/\/www.professores.uff.br\/lucianafreitas\/wp-content\/uploads\/sites\/153\/2022\/02\/Vers\u00e3o-final-Tese-Liliene-Hanovich.pdf\">Col\u00e9gio Pedro II na mira: quais g\u00eaneros, sexualidades e fam\u00edlias est\u00e3o presentes nos materiais did\u00e1ticos de l\u00ednguas adicionais?<\/a> 2021. Tese (Doutorado em Estudos de Linguagem) &#8211; Universidade Federal Fluminense.<\/p>\n\n\n\n<p>Andr\u00e9 Lima Cordeiro. <a href=\"https:\/\/drive.google.com\/file\/d\/1ca4BB6VY1Us_1E5xwEITvenZDARWbwhJ\/view?usp=sharing\">Com quantas vozes se constr\u00f3i a surdez: o INES e os sentidos da educa\u00e7\u00e3o de surdos<\/a>. 2020. Tese (Doutorado em Estudos de Linguagem) &#8211; Universidade Federal Fluminense.<\/p>\n\n\n\n<p>Maria Cristina Leal de Carvalho Viegas. <a href=\"https:\/\/app.uff.br\/riuff\/handle\/1\/12614\">Uma contribui\u00e7\u00e3o \u00e0 cr\u00edtica da universidade produtivista<\/a>. 2019. Tese (Doutorado em Estudos de Linguagem) &#8211; Universidade Federal Fluminense. <\/p>\n\n\n\n<p>Larissa Zanetti Antas. <a href=\"https:\/\/app.uff.br\/riuff\/handle\/1\/12606\">Deusa delicada ou fofoqueira desequilibrada? Uma an\u00e1lise discursiva das identidades femininas em textos sobre a dan\u00e7a do ventre<\/a>. 2019. Tese (Doutorado em Estudos de Linguagem) &#8211; Universidade Federal Fluminense.<\/p>\n\n\n\n<p>Bruna Maria Silva Silv\u00e9rio. <a href=\"https:\/\/app.uff.br\/riuff\/handle\/1\/11664\">Entre o apagamento das diferen\u00e7as e o sonho da imigra\u00e7\u00e3o: uma an\u00e1lise discursiva de identidades nos livros did\u00e1ticos de espanhol<\/a>. 2019. Tese (Doutorado em Estudos de Linguagem) &#8211; Universidade Federal Fluminense.<\/p>\n\n\n\n<p>Anselmo Guimar\u00e3es. <a href=\"https:\/\/ri.ufs.br\/jspui\/handle\/riufs\/10670\">Hist\u00f3ria dos livros did\u00e1ticos de espanhol publicados no Brasil (1919-1961)<\/a>. 2018. Tese (Doutorado em Educa\u00e7\u00e3o) &#8211; Universidade Federal de Sergipe, Conselho Nacional de Desenvolvimento Cient\u00edfico e Tecnol\u00f3gico. Coorientador: Luciana Maria Almeida de Freitas.<\/p>\n\n\n\n<p>Simone Toschi Val\u00e9rio. <a href=\"https:\/\/app.uff.br\/riuff\/handle\/1\/7203\" target=\"_blank\" rel=\"noreferrer noopener\" aria-label=\"Deus n\u00e3o fez s\u00f3 macho e f\u00eamea: o poder do dispositivo de linguagem na constitui\u00e7\u00e3o de saberes e de verdades sobre as sexualidades (abre numa nova aba)\">Deus n\u00e3o fez s\u00f3 macho e f\u00eamea: o poder do dispositivo de linguagem na constitui\u00e7\u00e3o de saberes e de verdades sobre as sexualidades<\/a>. 2018. Tese (Doutorado em Estudos de Linguagem) &#8211; Universidade Federal Fluminense, Conselho Nacional de Desenvolvimento Cient\u00edfico e Tecnol\u00f3gico. <\/p>\n\n\n\n<p>Giselle da Motta Gil. <a href=\"https:\/\/app.uff.br\/riuff\/handle\/1\/11670\">&#8220;N\u00e3o s\u00f3 ensinar uma L\u00edngua Estrangeira pro trabalho, mas pra vida&#8221;: um estudo sobre o trabalho do professor de espanhol e de ingl\u00eas no IFRJ &#8211; dos prescritos \u00e0s falas sobre a sua atividade<\/a>. 2017. Tese (Doutorado em  Estudos de Linguagem ) &#8211; Universidade Federal Fluminense, Coordena\u00e7\u00e3o de Aperfei\u00e7oamento de Pessoal de N\u00edvel Superior. <\/p>\n\n\n\n<p>Renato Pazos Vazquez. <a href=\"http:\/\/www.professores.uff.br\/lucianafreitas\/wp-content\/uploads\/sites\/153\/2021\/11\/TESE-Renato-Vazquez.pdf\">Edital PNLD 2011: sentidos de doc\u00eancia, ensino e l\u00edngua<\/a>. 2014. Tese (Doutorado em Letras Neolatinas &#8211; \u00c1rea de L\u00edngua Espanhola) &#8211; Universidade Federal do Rio de Janeiro, Conselho Nacional de Desenvolvimento Cient\u00edfico e Tecnol\u00f3gico. Coorientadora.<\/p>\n\n\n\n<p><\/p>\n\n\n\n<p><strong>Disserta\u00e7\u00f5es de mestrado conclu\u00eddas<\/strong><\/p>\n\n\n\n<p>Ludmila de Nardi. Existe lugar para a criticidade nos documentos curriculares? Uma an\u00e1lise da BNCC e do Curr\u00edculo Paulista. 2024. Disserta\u00e7\u00e3o (Mestrado em  Estudos de Linguagem) &#8211; Universidade Federal Fluminense. Orientador: Luciana Maria Almeida de Freitas.<\/p>\n\n\n\n<p>Cessiani Barreto Monteiro. Protagonismo juvenil: uma an\u00e1lise sobre a poesia slam em livros de Projetos Integradores de Linguagens do PNLD 2021. 2024. Disserta\u00e7\u00e3o (Mestrado em  Estudos de Linguagem ) &#8211; Universidade Federal Fluminense.<\/p>\n\n\n\n<p>Tha\u00eds de Araujo Ogeda.<a href=\"https:\/\/app.uff.br\/riuff\/handle\/1\/38209\"> A (in)visibilidade de mulheres em livros did\u00e1ticos de espanhol: uma an\u00e1lise discursiva<\/a>. 2023. Disserta\u00e7\u00e3o (Mestrado em  Estudos de Linguagem) &#8211; Universidade Federal Fluminense. Orientador: Luciana Maria Almeida de Freitas. <\/p>\n\n\n\n<p>Douglas Coelho Alves Ferreira. <a href=\"http:\/\/www.professores.uff.br\/lucianafreitas\/wp-content\/uploads\/sites\/153\/2023\/04\/Disserta\u00e7\u00e3o-Douglas-Coelho-final.pdf\">Pretunhol: representa\u00e7\u00e3o negra em livros did\u00e1ticos de espanhol<\/a>. 2022. Disserta\u00e7\u00e3o (Mestrado em  Estudos de Linguagem) &#8211; Universidade Federal Fluminense.<\/p>\n\n\n\n<p>Mateus Camelo de Oliveira. (Re)existir: letramentos marginalizados em livros did\u00e1ticos de espanhol. 2021. Disserta\u00e7\u00e3o (Mestrado em  Estudos de Linguagem) &#8211; Universidade Federal Fluminense.<\/p>\n\n\n\n<p>Cl\u00e1udio de Oliveira Martins. <a href=\"https:\/\/app.uff.br\/riuff\/handle\/1\/13021\">Da concep\u00e7\u00e3o de l\u00edngua \u00e0 produ\u00e7\u00e3o escrita: uma an\u00e1lise das apostilas de reda\u00e7\u00e3o do Pr\u00e9-Vestibular Social da Funda\u00e7\u00e3o Cecierj (Cons\u00f3rcio Cederj)<\/a>. 2019. Disserta\u00e7\u00e3o (Mestrado em  Estudos de Linguagem) &#8211; Universidade Federal Fluminense.<\/p>\n\n\n\n<p>Carolina Tovar Albuquerque. <a href=\"https:\/\/app.uff.br\/riuff\/handle\/1\/12605\">Livros did\u00e1ticos de espanhol na d\u00e9cada de 1940: concep\u00e7\u00e3o de l\u00edngua e concep\u00e7\u00e3o de escrita<\/a>. 2019. Disserta\u00e7\u00e3o (Mestrado em  Estudos de Linguagem) &#8211; Universidade Federal Fluminense. <\/p>\n\n\n\n<p>Shayane Lopes. <a href=\"https:\/\/app.uff.br\/riuff\/handle\/1\/5563\" target=\"_blank\" rel=\"noreferrer noopener\" aria-label=\" (abre numa nova aba)\">Cadernos de atividades de aprendizagem autorregulada: uma an\u00e1lise discursiva sob a perspectiva da sem\u00e2ntica global<\/a>. 2017. Disserta\u00e7\u00e3o (Mestrado em Estudos de Linguagem ) &#8211; Universidade Federal Fluminense. <\/p>\n\n\n\n<p class=\"has-text-align-left\">Carlos Fabiano de Souza. <a href=\"https:\/\/app.uff.br\/riuff\/handle\/1\/3793\" target=\"_blank\" rel=\"noreferrer noopener\" aria-label=\"Ecos do ser e do estar: um estudo discursivo acerca do trabalho do professor de ingl\u00eas de cursos livres (abre numa nova aba)\">Ecos do ser e do estar: um estudo discursivo acerca do trabalho do professor de ingl\u00eas de cursos livres<\/a>. 2016. Disserta\u00e7\u00e3o (Mestrado em  Estudos de Linguagem) &#8211; Universidade Federal Fluminense.<\/p>\n\n\n\n<p>Gabrielle de Oliveira Rodrigues. <a href=\"https:\/\/app.uff.br\/riuff\/handle\/1\/3116\" target=\"_blank\" rel=\"noreferrer noopener\" aria-label=\"Os g\u00eaneros discursivos nas atividades de leitura dos livros did\u00e1ticos de espanhol: PNLD 2011 e 2014 (abre numa nova aba)\">Os g\u00eaneros discursivos nas atividades de leitura dos livros did\u00e1ticos de espanhol: PNLD 2011 e 2014<\/a>. 2015. Disserta\u00e7\u00e3o (Mestrado em Estudos de Linguagem) &#8211; Universidade Federal Fluminense. <\/p>\n\n\n\n<p>Flavia Oliveira Te\u00f3filo da Silva. <a href=\"https:\/\/app.uff.br\/riuff\/handle\/1\/10136\" target=\"_blank\" rel=\"noreferrer noopener\" aria-label=\"Institucionaliza\u00e7\u00e3o da educa\u00e7\u00e3o de surdos no Brasil: por tr\u00e1s da escrita, o sil\u00eancio (abre numa nova aba)\">Institucionaliza\u00e7\u00e3o da educa\u00e7\u00e3o de surdos no Brasil: por tr\u00e1s da escrita, o sil\u00eancio<\/a>. 2014. Disserta\u00e7\u00e3o (Mestrado em  <br>Estudos de Linguagem) &#8211; Universidade Federal Fluminense. <\/p>\n\n\n\n<p>Giselle Farias Fleury. <a href=\"https:\/\/drive.google.com\/file\/d\/1jh-n4QriLvkRQ4nNcDICPXWeO1jMOlgW\/view?usp=sharing\">O estudante e o professor de l\u00edngua inglesa e a cren\u00e7a na &#8220;flu\u00eancia nativa<\/a>&#8220;. 2014. Disserta\u00e7\u00e3o (Mestrado em  Estudos de Linguagem) &#8211; Universidade Federal Fluminense. <\/p>\n\n\n\n<p>Larissa Zanetti Antas<a href=\"https:\/\/app.uff.br\/riuff\/handle\/1\/3023\" target=\"_blank\" rel=\"noreferrer noopener\" aria-label=\". A mulher nas tirinhas da Mafalda: uma an\u00e1lise discursiva da constru\u00e7\u00e3o de humor (abre numa nova aba)\">. A mulher nas tirinhas da Mafalda: uma an\u00e1lise discursiva da constru\u00e7\u00e3o de humor<\/a>. 2014. Disserta\u00e7\u00e3o (Mestrado em <br>Estudos de Linguagem) &#8211; Universidade Federal Fluminense, Funda\u00e7\u00e3o Carlos Chagas Filho de Amparo \u00e0 Pesquisa do Estado do RJ.<\/p>\n\n\n\n<p>Liliene Maria Novaes Pereira da Silva. <a href=\"https:\/\/drive.google.com\/file\/d\/1ZAAzrW9t6qeG8dywjZaXsjJl515Sf6-W\/view?usp=sharing\">Fam\u00edlia, g\u00eanero e sexualidade: o que diz o livro did\u00e1tico de espanhol<\/a>. 2014. Disserta\u00e7\u00e3o (Mestrado em <br>Estudos de Linguagem) &#8211; Universidade Federal Fluminense. <\/p>\n\n\n\n<p>Bruna Maria Silva Silv\u00e9rio. <a href=\"https:\/\/app.uff.br\/riuff\/handle\/1\/10133\" target=\"_blank\" rel=\"noreferrer noopener\" aria-label=\"O Brasil e os brasileiros nos livros did\u00e1ticos de espanhol: uma an\u00e1lise discursiva (abre numa nova aba)\">O Brasil e os brasileiros nos livros did\u00e1ticos de espanhol: uma an\u00e1lise discursiva<\/a>. 2014. Disserta\u00e7\u00e3o (Mestrado em <br>Estudos de Linguagem) &#8211; Universidade Federal Fluminense. <\/p>\n\n\n\n<p>Kelly Cristina da Silva Bandeira. <a href=\"https:\/\/app.uff.br\/riuff\/handle\/1\/11123\" target=\"_blank\" rel=\"noreferrer noopener\" aria-label=\"&quot;Este ano eu resolvi ser radical, resolvi trabalhar s\u00f3 com leitura&quot;: a fala do professor de espanhol sobre o seu trabalho. (abre numa nova aba)\">&#8220;Este ano eu resolvi ser radical, resolvi trabalhar s\u00f3 com leitura&#8221;: a fala do professor de espanhol sobre o seu trabalho.<\/a> 2013. Disserta\u00e7\u00e3o (Mestrado em  Estudos de Linguagem) &#8211; Universidade Federal Fluminense. <\/p>\n\n\n\n<p>Michele de Souza dos Santos Fernandes. <a href=\"https:\/\/app.uff.br\/riuff\/handle\/1\/9758\" target=\"_blank\" rel=\"noreferrer noopener\" aria-label=\"Ensino regular e curso livre de idiomas: a fala do professor de espanhol sobre o seu trabalho (abre numa nova aba)\">Ensino regular e curso livre de idiomas: a fala do professor de espanhol sobre o seu trabalho<\/a>. 2013. Disserta\u00e7\u00e3o (Mestrado em Estudos de Linguagem) &#8211; Universidade Federal Fluminense. <\/p>\n\n\n\n<p>Rita de C\u00e1ssia dos Santos Flores. <a href=\"https:\/\/drive.google.com\/file\/d\/1e3eFQRM5hvDkU0QCS1yL6z4RXFAz4qSO\/view?usp=sharing\">O espanhol em ambiente corporativo: reflex\u00f5es sobre o ensino para fins espec\u00edficos<\/a>. 2012. Disserta\u00e7\u00e3o (Mestrado em Estudos de Linguagem) &#8211; Universidade Federal Fluminense. Coorientadora<\/p>\n\n\n\n<p>Simone Toschi Val\u00e9rio. <a href=\"https:\/\/app.uff.br\/riuff\/handle\/1\/8498\" target=\"_blank\" rel=\"noreferrer noopener\" aria-label=\"Battle of Concepts: uma discursiviza\u00e7\u00e3o do trabalho em tempos de cibercultura (abre numa nova aba)\">Battle of Concepts: uma discursiviza\u00e7\u00e3o do trabalho em tempos de cibercultura<\/a>. 2012. Disserta\u00e7\u00e3o (Mestrado em Estudos de Linguagem) &#8211; Universidade Federal Fluminense. <br><\/p>\n\n\n\n<p><br><strong>Trabalho de conclus\u00e3o de curso de gradua\u00e7\u00e3o conclu\u00eddo<\/strong><\/p>\n\n\n\n<p>Maria Elisa Uch\u00f4a Taques Hottz e Raphael Gallo da Rocha. Gathumor: un an\u00e1lisis del humor en las tiras c\u00f3micas de Gaturro. 2006. 38 f. Trabalho de Conclus\u00e3o de Curso. (Gradua\u00e7\u00e3o em Letras &#8211; Portugu\u00eas-Espanhol) &#8211; Universidade do Estado do Rio de Janeiro. <br><br><\/p>\n\n\n\n<p><strong>Projetos de Inicia\u00e7\u00e3o cient\u00edfica conclu\u00eddos<\/strong><\/p>\n\n\n\n<p> Livia Puga de Almeida Santos. A pr\u00e1tica como componente curricular nos cursos de Portugu\u00eas-Espanhol do Grande Rio: uma an\u00e1lise de ementas e de programas de disciplinas. In\u00edcio: 2018. Inicia\u00e7\u00e3o cient\u00edfica (Graduando em Pedagogia) &#8211; Universidade Federal Fluminense.<\/p>\n\n\n\n<p>Livia Puga de Almeida Santos. A pr\u00e1tica como componente curricular nos cursos de Letras da UFF\/Niter\u00f3i: uma an\u00e1lise de ementas e de programas de disciplinas. 2017. Inicia\u00e7\u00e3o Cient\u00edfica. (Graduando em Pedagogia) &#8211; Universidade Federal Fluminense. <\/p>\n\n\n\n<p>Cl\u00e1udio de Oliveira Martins. Produ\u00e7\u00e3o escrita em livros did\u00e1ticos de portugu\u00eas: uma an\u00e1lise do PNLD 2015. 2016. Inicia\u00e7\u00e3o Cient\u00edfica. (Graduando em Letras) &#8211; Universidade Federal Fluminense, Conselho Nacional de Desenvolvimento Cient\u00edfico e Tecnol\u00f3gico. <\/p>\n\n\n\n<p>Carolina Tovar Albuquerque. Produ\u00e7\u00e3o escrita em livros did\u00e1ticos de espanhol: an\u00e1lise da pr\u00e1tica did\u00e1tica realizada a partir de cole\u00e7\u00f5es aprovadas pelo PNLD. 2015. Inicia\u00e7\u00e3o Cient\u00edfica. (Graduando em Letras &#8211; Espanhol) &#8211; Universidade Federal Fluminense, Conselho Nacional de Desenvolvimento Cient\u00edfico e Tecnol\u00f3gico. <\/p>\n\n\n\n<p>Carolina Tovar Albuquerque. Produ\u00e7\u00e3o escrita em livros did\u00e1ticos de espanhol: uma an\u00e1lise da s\u00e9rie hist\u00f3rica do PNLD. 2014. Inicia\u00e7\u00e3o Cient\u00edfica. (Graduando em Letras &#8211; Espanhol) &#8211; Universidade Federal Fluminense, Conselho Nacional de Desenvolvimento Cient\u00edfico e Tecnol\u00f3gico. <\/p>\n\n\n\n<p>Renata Duran de Vasconcellos Saldanha. Manuais do professor de livros did\u00e1ticos de espanhol: mem\u00f3ria e prescri\u00e7\u00e3o. 2013. Inicia\u00e7\u00e3o Cient\u00edfica. (Graduando em Letras) &#8211; Universidade Federal Fluminense, Pr\u00f3-Reitoria de Pesquisa, P\u00f3s Gradua\u00e7\u00e3o e Inova\u00e7\u00e3o. <br><\/p>\n\n\n\n<p>Isabela Garcia. Manuais do professor de livros did\u00e1ticos de espanhol: mem\u00f3ria e prescri\u00e7\u00e3o. 2012. Inicia\u00e7\u00e3o Cient\u00edfica. (Graduando em Letras) &#8211; Universidade Federal Fluminense, Pr\u00f3-Reitoria de Pesquisa, P\u00f3s Gradua\u00e7\u00e3o e Inova\u00e7\u00e3o. <\/p>\n\n\n\n<p>Thiago da Silva Pinheiro. An\u00e1lise de livros did\u00e1ticos para o ensino de latim. 2012. Inicia\u00e7\u00e3o Cient\u00edfica. (Graduando em Letras) &#8211; Universidade Federal Fluminense. <\/p>\n\n\n\n<p>Tatiane Almeida Santos. Manuais do professor de livros did\u00e1ticos de espanhol: mem\u00f3ria e prescri\u00e7\u00e3o. 2010. Inicia\u00e7\u00e3o Cient\u00edfica. (Graduando em Letras) &#8211; Universidade Federal Fluminense, Conselho Nacional de Desenvolvimento Cient\u00edfico e Tecnol\u00f3gico. <\/p>\n\n\n\n<p>La\u00eds Martins Rocha Vieira da Silva. Projeto Entre L\u00ednguas. 2010. Inicia\u00e7\u00e3o Cient\u00edfica. (Graduando em Ensino Fundamental) &#8211; Universidade Federal Fluminense, Pr\u00f3-Reitoria de Pesquisa, P\u00f3s Gradua\u00e7\u00e3o e Inova\u00e7\u00e3o. Coorientadora.<\/p>\n\n\n\n<p><\/p>\n\n\n\n<p><strong>Monitoria<\/strong><\/p>\n\n\n\n<p>Douglas Coelho Alves Ferreira. Pesquisa e Pr\u00e1tica de Ensino para o curso de Letras: avalia\u00e7\u00e3o de atividades escritas. 2016-2019. Monitoria. Universidade Federal Fluminense. Pr\u00f3-reitoria de Gradua\u00e7\u00e3o. <\/p>\n\n\n\n<p>Cl\u00e1udio de Oliveira Martins.  Pesquisa e Pr\u00e1tica de Ensino para o curso de Letras: avalia\u00e7\u00e3o de atividades escritas. 2015. Monitoria. Universidade Federal Fluminense. Pr\u00f3-reitoria de Gradua\u00e7\u00e3o.  <\/p>\n\n\n\n<p>Lais von Atzinger dos Reis. Pesquisa e Pr\u00e1tica de Ensino para o curso de Letras: avalia\u00e7\u00e3o de atividades escritas. 2013 -2014. Monitoria. Universidade Federal Fluminense. Pr\u00f3-reitoria de Gradua\u00e7\u00e3o.  <\/p>\n\n\n\n<p>Thiago da Silva Pinheiro. Produ\u00e7\u00e3o de atividades de apoio para Pesquisa e Pr\u00e1tica de Ensino do curso de Letras. 2011 -2012. Monitoria. Universidade Federal Fluminense. Pr\u00f3-reitoria de Gradua\u00e7\u00e3o. <\/p>\n","protected":false},"excerpt":{"rendered":"<p>Teses de doutorado conclu\u00eddas Liliene Maria Hanovich Novaes da Silva. Col\u00e9gio Pedro II na mira: quais g\u00eaneros, sexualidades e fam\u00edlias est\u00e3o presentes nos materiais did\u00e1ticos de l\u00ednguas adicionais? 2021. Tese (Doutorado em Estudos de Linguagem) &#8211; Universidade Federal Fluminense. Andr\u00e9 Lima Cordeiro. Com quantas vozes se constr\u00f3i a surdez: o INES e os sentidos da [&hellip;]<\/p>\n","protected":false},"author":22,"featured_media":0,"parent":0,"menu_order":0,"comment_status":"closed","ping_status":"closed","template":"","meta":{"_exactmetrics_skip_tracking":false,"_exactmetrics_sitenote_active":false,"_exactmetrics_sitenote_note":"","_exactmetrics_sitenote_category":0,"footnotes":""},"categories":[],"tags":[],"class_list":["post-28","page","type-page","status-publish","hentry"],"_links":{"self":[{"href":"https:\/\/www.professores.uff.br\/lucianafreitas\/wp-json\/wp\/v2\/pages\/28","targetHints":{"allow":["GET"]}}],"collection":[{"href":"https:\/\/www.professores.uff.br\/lucianafreitas\/wp-json\/wp\/v2\/pages"}],"about":[{"href":"https:\/\/www.professores.uff.br\/lucianafreitas\/wp-json\/wp\/v2\/types\/page"}],"author":[{"embeddable":true,"href":"https:\/\/www.professores.uff.br\/lucianafreitas\/wp-json\/wp\/v2\/users\/22"}],"replies":[{"embeddable":true,"href":"https:\/\/www.professores.uff.br\/lucianafreitas\/wp-json\/wp\/v2\/comments?post=28"}],"version-history":[{"count":29,"href":"https:\/\/www.professores.uff.br\/lucianafreitas\/wp-json\/wp\/v2\/pages\/28\/revisions"}],"predecessor-version":[{"id":494,"href":"https:\/\/www.professores.uff.br\/lucianafreitas\/wp-json\/wp\/v2\/pages\/28\/revisions\/494"}],"wp:attachment":[{"href":"https:\/\/www.professores.uff.br\/lucianafreitas\/wp-json\/wp\/v2\/media?parent=28"}],"wp:term":[{"taxonomy":"category","embeddable":true,"href":"https:\/\/www.professores.uff.br\/lucianafreitas\/wp-json\/wp\/v2\/categories?post=28"},{"taxonomy":"post_tag","embeddable":true,"href":"https:\/\/www.professores.uff.br\/lucianafreitas\/wp-json\/wp\/v2\/tags?post=28"}],"curies":[{"name":"wp","href":"https:\/\/api.w.org\/{rel}","templated":true}]}}