{"id":315,"date":"2020-12-19T16:50:53","date_gmt":"2020-12-19T19:50:53","guid":{"rendered":"http:\/\/www.professores.uff.br\/lucianafreitas\/?page_id=315"},"modified":"2023-10-16T17:04:33","modified_gmt":"2023-10-16T20:04:33","slug":"eventos","status":"publish","type":"page","link":"https:\/\/www.professores.uff.br\/lucianafreitas\/eventos\/","title":{"rendered":"Eventos dispon\u00edveis online"},"content":{"rendered":"\n<p>Tenho participado com apresenta\u00e7\u00e3o de trabalhos, inclusive como convidada, de diversos eventos locais, regionais, nacionais e internacionais.<\/p>\n\n\n\n<p>Algumas dessas apresenta\u00e7\u00f5es que est\u00e3o dispon\u00edveis <em>online<\/em>:<\/p>\n\n\n\n<p>FREITAS, L.M.A.  <a href=\"https:\/\/www.youtube.com\/live\/fNTgzrYCWEo?si=4hUy7DLq05yKQv99\">Pol\u00edticas p\u00fablicas educativas: ensino m\u00e9dio e forma\u00e7\u00e3o docente em foco<\/a>. 2023.<br>Evento: XIII Simpesq.<br>Organiza\u00e7\u00e3o: IF Sudeste de MG.<\/p>\n\n\n\n<p>FREITAS, L.M.A. <a href=\"https:\/\/www.youtube.com\/watch?v=8AozaVXQvCw\">BNCC e BNC-Forma\u00e7\u00e3o<\/a>. 2022. <br>Organiza\u00e7\u00e3o: Faculdade de Educa\u00e7\u00e3o da UFRJ. <\/p>\n\n\n\n<p>FREITAS, L.M.A. <a href=\"https:\/\/www.youtube.com\/watch?v=HQYsV42kQOc\">Em defesa da educa\u00e7\u00e3o lingu\u00edstica em l\u00ednguas adicionais na escola brasileira: o papel do espanhol<\/a>. 2022. <br>Evento: II Congresso de Ensino de Linguagens.<br>Organiza\u00e7\u00e3o: IFRJ.<\/p>\n\n\n\n<p>FREITAS, L.M.A.; COSTA, E.G.M; MAZZARO, D. <a href=\"https:\/\/youtu.be\/ABymWM9mgDA\">L\u00edngua e educa\u00e7\u00e3o lingu\u00edstica: das concep\u00e7\u00f5es \u00e0 doc\u00eancia<\/a>. 2021.<br>Evento: 19\u00ba Congresso Brasileiro de Professores de Espanhol.<br>Organiza\u00e7\u00e3o: UFRN\/SENACAPE.<\/p>\n\n\n\n<p>FREITAS, L.M.A.; PENNA, F.A. <a href=\"https:\/\/www.youtube.com\/watch?v=Ym_8VMTrm9c\">A BNC-Forma\u00e7\u00e3o: retrocessos nas pol\u00edticas educacionais<\/a>.  2021. <br>Organiza\u00e7\u00e3o: IFSC.<\/p>\n\n\n\n<p>FREITAS, L.M.A. <a href=\"https:\/\/youtu.be\/5CTGwVY7rIc\">BNCC e Reforma do Ensino M\u00e9dio<\/a>. 2021.<br>Organiza\u00e7\u00e3o: FFP\/UERJ. <\/p>\n\n\n\n<p>FREITAS, L.M.A.  <a href=\"https:\/\/youtu.be\/yF7mLZDcoTs\">Ciclo de Palestras PIBID LE<\/a>. 2021.<br>Organiza\u00e7\u00e3o:  PIBID LE UFU <\/p>\n\n\n\n<p>FREITAS, L.M.A.  <a href=\"https:\/\/youtu.be\/sshO77zGsFo\">A Educa\u00e7\u00e3o Libertadora de Paulo Freire<\/a>. 2021.<br>Organiza\u00e7\u00e3o: TECGrupo e Brazilian Women&#8217;s Group<\/p>\n\n\n\n<p>FREITAS, L.M.A. <a href=\"https:\/\/youtu.be\/dfsoZpSCzcY\">BNC-Forma\u00e7\u00e3o: Avan\u00e7o ou retrocesso nas licenciaturas?<\/a> 2021. <br>Organiza\u00e7\u00e3o: UNEAL. <\/p>\n\n\n\n<p>FREITAS, L.M.A. <a href=\"https:\/\/youtu.be\/Ws1w5z1sI00\"> As m\u00faltiplas perspectivas do livro did\u00e1tico para o ensino de l\u00ednguas adicionais<\/a>. 2021.<br>Evento:   F\u00f3rum GEPPELE. <br>Organiza\u00e7\u00e3o: UFC. <\/p>\n\n\n\n<p>FREITAS, L.M.A.   <a href=\"https:\/\/youtu.be\/SLlzGm_EVdM\">Impactos da BNC-Forma\u00e7\u00e3o no curso de Letras da UFF<\/a>. 2021. <br>Organiza\u00e7\u00e3o: Instituto de Letras da UFF.<\/p>\n\n\n\n<p>FREITAS, L.M.A. <a href=\"https:\/\/youtu.be\/yfOGsNtAyN8\">Est\u00e1gio Supervisionado e BNC-Forma\u00e7\u00e3o: reformas curriculares em quest\u00e3o<\/a>. 2021.<br>Evento:  Webin\u00e1rio de Est\u00e1gio da UNEB. <br>Organiza\u00e7\u00e3o: UNEB.<\/p>\n\n\n\n<p>FREITAS, L.M.A.  <a href=\"https:\/\/www.youtube.com\/watch?v=ctKAWSQXhnk&amp;t=33s\">BNCC: uma amea\u00e7a \u00e0 educa\u00e7\u00e3o?<\/a> 2021. <br>Evento:  68\u00ba Semin\u00e1rio do GEL.  <br>Organiza\u00e7\u00e3o: GEL<\/p>\n\n\n\n<p>FREITAS, L.M.A.<a href=\"http:\/\/https:\/\/www.youtube.com\/watch?v=VwNzQsbzl9o&amp;t=12s.\">  Caf\u00e9 com ALAB: Fica Espanhol e Educa\u00e7\u00e3o Lingu\u00edstica para as l\u00ednguas adicionais<\/a>. 2021.<br>Organiza\u00e7\u00e3o: ALAB. <\/p>\n\n\n\n<p>FREITAS, L.M.A. <a href=\"https:\/\/youtu.be\/81Q7RPOdHeQ\">Pol\u00edticas Lingu\u00edsticas em Cena<\/a>. 2020.<br>Evento: Ciclo de Palestras em Lingu\u00edstica Aplicada.<br>Organiza\u00e7\u00e3o: ALAB. <\/p>\n\n\n\n<p>FREITAS, L.M.A. <a href=\"https:\/\/youtu.be\/wCiwvA4-K1o\">Pol\u00edticas de ensino de l\u00ednguas maternas e adicionais no Brasil: status quo<\/a>. 2020.<br>Evento: Abralin ao vivo.<br>Organiza\u00e7\u00e3o: Abralin. <\/p>\n\n\n\n<p>FREITAS, L.M.A. <a href=\"http:\/\/www.xicongressohispanistas.com.br\/evento-online\/video.php?link=aHR0cHM6Ly92aW1lby5jb20vNDUxOTE5MTc0\">BNC-Forma\u00e7\u00e3o: uma amea\u00e7a \u00e0 forma\u00e7\u00e3o de professores e professoras?<\/a> 2020. <br>Evento: XI Congresso Brasileiro de Hispanistas.<br>Organiza\u00e7\u00e3o: ABH-UFPE. <\/p>\n\n\n\n<p>FREITAS, L.M.A<strong>.<\/strong>;&nbsp;COSTA, E.G.M. ST 18 &#8211; Pesquisas sobre educa\u00e7\u00e3o lingu\u00edstica e forma\u00e7\u00e3o docente em l\u00edngua espanhola: perspectivas discursivas (II). 2020.   <br><a href=\"http:\/\/www.xicongressohispanistas.com.br\/evento-online\/video.php?link=aHR0cHM6Ly92aW1lby5jb20vNDUxODU3NTI3\">Sess\u00e3o 1<\/a>. <a href=\"http:\/\/www.xicongressohispanistas.com.br\/evento-online\/video.php?link=aHR0cHM6Ly92aW1lby5jb20vNDUxODkwNzEz\">Sess\u00e3o 2<\/a>. <a href=\"http:\/\/www.xicongressohispanistas.com.br\/evento-online\/video.php?link=aHR0cHM6Ly92aW1lby5jb20vNDUxOTE5MTc0\">Sess\u00e3o 3<\/a>.<br>Evento: XI Congresso Brasileiro de Hispanistas.<br>Organiza\u00e7\u00e3o: ABH-UFPE.  <\/p>\n\n\n\n<p>FREITAS, L.M.A. <a href=\"https:\/\/youtu.be\/KArAmEzy0No\">Formar professoras e professores de espanhol no Brasil<\/a>. 2020.<br>Evento: V Jornada Internacional Brasil Argentina.<br>Organiza\u00e7\u00e3o: Universidad Nacional de C\u00f3rdoba. <\/p>\n\n\n\n<p>FREITAS, L.M.A.; TALLEI, J. I. <a href=\"https:\/\/youtu.be\/rpztNlxi7qk\">Diretrizes Curriculares para Educa\u00e7\u00e3o Bil\u00edngue: nova amea\u00e7a ao plurilinguismo no Brasil?<\/a> 2020.<br>Organiza\u00e7\u00e3o: Fica Espanhol Brasil. <\/p>\n\n\n\n<p>FREITAS, L.M.A. <a href=\"https:\/\/youtu.be\/2ZcEH5ACG98\">Programas de bolsas para as licenciaturas e forma\u00e7\u00e3o docente.<\/a> 2020. <br>Evento: TEC Encontro.<br>Organiza\u00e7\u00e3o: UFF. <\/p>\n\n\n\n<p>FREITAS, L.M.A. <a href=\"https:\/\/youtu.be\/7mwZrkKI8L4\">Implica\u00e7\u00f5es da BNCC na escola p\u00fablica<\/a>. 2019. <br>Evento: Ciclo de Forma\u00e7\u00e3o Docente 2019.<br>Organiza\u00e7\u00e3o: DPD\/PROGRAD\/UFF. <\/p>\n\n\n\n<p>FREITAS, L.M.A.; CHAVES, I.M.B. <a href=\"https:\/\/youtu.be\/pZvDgzvToYc\">Reforma da educa\u00e7\u00e3o no ensino m\u00e9dio: avan\u00e7o ou retrocesso?<\/a> 2016.<br>Evento: UFF Debate Brasil.<br>Organiza\u00e7\u00e3o: Centro de Artes UFF. <\/p>\n\n\n\n<p><\/p>\n\n\n<p><!--EndFragment--><\/p>","protected":false},"excerpt":{"rendered":"<p>Tenho participado com apresenta\u00e7\u00e3o de trabalhos, inclusive como convidada, de diversos eventos locais, regionais, nacionais e internacionais. Algumas dessas apresenta\u00e7\u00f5es que est\u00e3o dispon\u00edveis online: FREITAS, L.M.A. Pol\u00edticas p\u00fablicas educativas: ensino m\u00e9dio e forma\u00e7\u00e3o docente em foco. 2023.Evento: XIII Simpesq.Organiza\u00e7\u00e3o: IF Sudeste de MG. FREITAS, L.M.A. BNCC e BNC-Forma\u00e7\u00e3o. 2022. Organiza\u00e7\u00e3o: Faculdade de Educa\u00e7\u00e3o da UFRJ. [&hellip;]<\/p>\n","protected":false},"author":160,"featured_media":0,"parent":0,"menu_order":0,"comment_status":"closed","ping_status":"closed","template":"","meta":{"_exactmetrics_skip_tracking":false,"_exactmetrics_sitenote_active":false,"_exactmetrics_sitenote_note":"","_exactmetrics_sitenote_category":0,"footnotes":""},"categories":[],"tags":[],"class_list":["post-315","page","type-page","status-publish","hentry"],"_links":{"self":[{"href":"https:\/\/www.professores.uff.br\/lucianafreitas\/wp-json\/wp\/v2\/pages\/315","targetHints":{"allow":["GET"]}}],"collection":[{"href":"https:\/\/www.professores.uff.br\/lucianafreitas\/wp-json\/wp\/v2\/pages"}],"about":[{"href":"https:\/\/www.professores.uff.br\/lucianafreitas\/wp-json\/wp\/v2\/types\/page"}],"author":[{"embeddable":true,"href":"https:\/\/www.professores.uff.br\/lucianafreitas\/wp-json\/wp\/v2\/users\/160"}],"replies":[{"embeddable":true,"href":"https:\/\/www.professores.uff.br\/lucianafreitas\/wp-json\/wp\/v2\/comments?post=315"}],"version-history":[{"count":21,"href":"https:\/\/www.professores.uff.br\/lucianafreitas\/wp-json\/wp\/v2\/pages\/315\/revisions"}],"predecessor-version":[{"id":436,"href":"https:\/\/www.professores.uff.br\/lucianafreitas\/wp-json\/wp\/v2\/pages\/315\/revisions\/436"}],"wp:attachment":[{"href":"https:\/\/www.professores.uff.br\/lucianafreitas\/wp-json\/wp\/v2\/media?parent=315"}],"wp:term":[{"taxonomy":"category","embeddable":true,"href":"https:\/\/www.professores.uff.br\/lucianafreitas\/wp-json\/wp\/v2\/categories?post=315"},{"taxonomy":"post_tag","embeddable":true,"href":"https:\/\/www.professores.uff.br\/lucianafreitas\/wp-json\/wp\/v2\/tags?post=315"}],"curies":[{"name":"wp","href":"https:\/\/api.w.org\/{rel}","templated":true}]}}