{"id":488,"date":"2024-11-27T12:17:14","date_gmt":"2024-11-27T15:17:14","guid":{"rendered":"http:\/\/www.professores.uff.br\/lucianafreitas\/?page_id=488"},"modified":"2026-03-31T11:18:11","modified_gmt":"2026-03-31T14:18:11","slug":"quem-sou-eu","status":"publish","type":"page","link":"https:\/\/www.professores.uff.br\/lucianafreitas\/","title":{"rendered":"Quem sou eu"},"content":{"rendered":"<p><!--StartFragment--><\/p>\n\n\n<p>Sou uma mulher cis, branca, brasileira, nascida e criada no sub\u00farbio carioca, no bairro de Madureira.<\/p>\n\n\n\n<p>Sou licenciada em Letras (Portugu\u00eas-Espanhol), bacharela e licenciada em Hist\u00f3ria, mestra em Letras (Lingu\u00edstica) pela UERJ e doutora em Letras Neolatinas (Estudos Lingu\u00edsticos \u2013 Espanhol) pela UFRJ. Realizei est\u00e1gio p\u00f3s-doutoral na <em>Facultad de Ciencias de la Educaci\u00f3n<\/em> da<em> Universidad de Sevilla<\/em>, Espanha, e no Programa de P\u00f3s-Gradua\u00e7\u00e3o em Educa\u00e7\u00e3o da UFF.<\/p>\n\n\n\n<p>Sou professora da <a rel=\"noreferrer noopener\" href=\"http:\/\/www.professores.uff.br\/lucianafreitas\/www.feuff.uff.br\/\" target=\"_blank\">Faculdade de Educa\u00e7\u00e3o<\/a> e do <a rel=\"noreferrer noopener\" href=\"http:\/\/www.posling.uff.br\/\" target=\"_blank\">Programa de P\u00f3s-gradua\u00e7\u00e3o em Estudos de Linguagem<\/a> da <a rel=\"noreferrer noopener\" href=\"http:\/\/www.meusiteantigo.uff.br\/lucianafreitas\/www.uff.br\/\" target=\"_blank\">Universidade Federal Fluminense<\/a>.&nbsp;&nbsp; <\/p>\n\n\n\n<p>Na gradua\u00e7\u00e3o, leciono as disciplinas de Pesquisa e Pr\u00e1tica Educativa para o curso de Letras, especialmente de Portugu\u00eas-Espanhol. Na p\u00f3s-gradua\u00e7\u00e3o, sou docente credenciada no Programa de Estudos de Linguagem, atuando na Linha de Pesquisa Teorias do Texto, do Discurso e da Tradu\u00e7\u00e3o.<\/p>\n\n\n\n<p>Fui presidenta da APEERJ &#8211; Associa\u00e7\u00e3o de Professores de Espanhol do Estado do Rio de Janeiro e da ABH &#8211; Associa\u00e7\u00e3o Brasileira de Hispanistas, sempre atuando intensamente em defesa da educa\u00e7\u00e3o lingu\u00edstica em l\u00edngua espanhola no Brasil.<\/p>\n\n\n\n<p>Sou autora de artigos e cap\u00edtulos de livros, organizadoras de obras acad\u00eamicas e coautora de <a rel=\"noreferrer noopener\" href=\"https:\/\/web.moderna.com.br\/web\/pnld2018\/obras-detalhe\/-\/asset_publisher\/D5lEBWKz0Jit\/content\/sentidos-en-lengua-espanola?EhOrigemLista=1&amp;disciplina=Espanhol\" target=\"_blank\">Sentidos en lengua espa\u00f1ola<\/a>, cole\u00e7\u00e3o did\u00e1tica para o Ensino M\u00e9dio aprovada no PNLD 2018, de <a href=\"https:\/\/pnld.moderna.com.br\/ingles\/beyond-words\/\">Beyond Words<\/a>, cole\u00e7\u00e3o did\u00e1tica para o Ensino Fundamental aprovada no PNLD 2020, de <a href=\"https:\/\/pnld.moderna.com.br\/colecao\/ensino-medio\/projetos-integradores\/linguagens-e-suas-tecnologias\/acoes-em-linguagens\/\">A\u00e7\u00f5es em linguagens<\/a>, obra de projetos para o Ensino M\u00e9dio aprovada no PNLD 2021, e de <a href=\"https:\/\/pnld.moderna.com.br\/colecao\/fundamental-2\/ingles\/se-liga-na-lingua-inglesa-new-beyond-words\/\">Se Liga na L\u00edngua Inglesa \u2013 New Beyond Words<\/a>,  cole\u00e7\u00e3o did\u00e1tica para o Ensino Fundamental aprovada no PNLD 2024. <\/p>\n\n\n\n<p>Minhas investiga\u00e7\u00f5es envolvem educa\u00e7\u00e3o lingu\u00edstica, forma\u00e7\u00e3o docente e pol\u00edticas p\u00fablicas educativas, especialmente em espanhol, sob a perspectiva te\u00f3rica da Sociologia do Discurso do C\u00edrculo de Bakhtin, Vol\u00f3chinov e Medvi\u00e9dev.<\/p>\n\n\n\n<p>Sou m\u00e3e do Ant\u00f4nio e atua como volunt\u00e1ria no apoio e no aconselhamento ao aleitamento materno.<\/p>\n\n\n\n<p>Veja aqui meu <a href=\"http:\/\/lattes.cnpq.br\/3469415644515412\" target=\"_blank\" rel=\"noreferrer noopener\">Curriculum Lattes<\/a>.<\/p>\n\n\n<p><!--EndFragment--><\/p>","protected":false},"excerpt":{"rendered":"<p>Sou uma mulher cis, branca, brasileira, nascida e criada no sub\u00farbio carioca, no bairro de Madureira. Sou licenciada em Letras (Portugu\u00eas-Espanhol), bacharela e licenciada em Hist\u00f3ria, mestra em Letras (Lingu\u00edstica) pela UERJ e doutora em Letras Neolatinas (Estudos Lingu\u00edsticos \u2013 Espanhol) pela UFRJ. Realizei est\u00e1gio p\u00f3s-doutoral na Facultad de Ciencias de la Educaci\u00f3n da Universidad [&hellip;]<\/p>\n","protected":false},"author":160,"featured_media":0,"parent":0,"menu_order":0,"comment_status":"closed","ping_status":"closed","template":"","meta":{"_exactmetrics_skip_tracking":false,"_exactmetrics_sitenote_active":false,"_exactmetrics_sitenote_note":"","_exactmetrics_sitenote_category":0,"footnotes":""},"categories":[],"tags":[],"class_list":["post-488","page","type-page","status-publish","hentry"],"_links":{"self":[{"href":"https:\/\/www.professores.uff.br\/lucianafreitas\/wp-json\/wp\/v2\/pages\/488","targetHints":{"allow":["GET"]}}],"collection":[{"href":"https:\/\/www.professores.uff.br\/lucianafreitas\/wp-json\/wp\/v2\/pages"}],"about":[{"href":"https:\/\/www.professores.uff.br\/lucianafreitas\/wp-json\/wp\/v2\/types\/page"}],"author":[{"embeddable":true,"href":"https:\/\/www.professores.uff.br\/lucianafreitas\/wp-json\/wp\/v2\/users\/160"}],"replies":[{"embeddable":true,"href":"https:\/\/www.professores.uff.br\/lucianafreitas\/wp-json\/wp\/v2\/comments?post=488"}],"version-history":[{"count":3,"href":"https:\/\/www.professores.uff.br\/lucianafreitas\/wp-json\/wp\/v2\/pages\/488\/revisions"}],"predecessor-version":[{"id":501,"href":"https:\/\/www.professores.uff.br\/lucianafreitas\/wp-json\/wp\/v2\/pages\/488\/revisions\/501"}],"wp:attachment":[{"href":"https:\/\/www.professores.uff.br\/lucianafreitas\/wp-json\/wp\/v2\/media?parent=488"}],"wp:term":[{"taxonomy":"category","embeddable":true,"href":"https:\/\/www.professores.uff.br\/lucianafreitas\/wp-json\/wp\/v2\/categories?post=488"},{"taxonomy":"post_tag","embeddable":true,"href":"https:\/\/www.professores.uff.br\/lucianafreitas\/wp-json\/wp\/v2\/tags?post=488"}],"curies":[{"name":"wp","href":"https:\/\/api.w.org\/{rel}","templated":true}]}}