{"id":78,"date":"2019-04-23T11:53:43","date_gmt":"2019-04-23T14:53:43","guid":{"rendered":"http:\/\/www.professores.uff.br\/lucianafreitas\/?page_id=78"},"modified":"2019-05-05T19:17:57","modified_gmt":"2019-05-05T22:17:57","slug":"extensao","status":"publish","type":"page","link":"https:\/\/www.professores.uff.br\/lucianafreitas\/extensao\/","title":{"rendered":"Extens\u00e3o"},"content":{"rendered":"\n<p>Coordena\u00e7\u00e3o do Labelin &#8211; Laborat\u00f3rio de Educa\u00e7\u00e3o Lingu\u00edstica.<\/p>\n\n\n\n<p>Integrante do <a href=\"http:\/\/proale.sites.uff.br\/\">Proale &#8211; Programa Alfabetiza\u00e7\u00e3o e Leitura<\/a>.<\/p>\n","protected":false},"excerpt":{"rendered":"<p>Coordena\u00e7\u00e3o do Labelin &#8211; Laborat\u00f3rio de Educa\u00e7\u00e3o Lingu\u00edstica. Integrante do Proale &#8211; Programa Alfabetiza\u00e7\u00e3o e Leitura.<\/p>\n","protected":false},"author":160,"featured_media":0,"parent":0,"menu_order":0,"comment_status":"closed","ping_status":"closed","template":"","meta":{"_exactmetrics_skip_tracking":false,"_exactmetrics_sitenote_active":false,"_exactmetrics_sitenote_note":"","_exactmetrics_sitenote_category":0,"footnotes":""},"categories":[],"tags":[],"class_list":["post-78","page","type-page","status-publish","hentry"],"_links":{"self":[{"href":"https:\/\/www.professores.uff.br\/lucianafreitas\/wp-json\/wp\/v2\/pages\/78","targetHints":{"allow":["GET"]}}],"collection":[{"href":"https:\/\/www.professores.uff.br\/lucianafreitas\/wp-json\/wp\/v2\/pages"}],"about":[{"href":"https:\/\/www.professores.uff.br\/lucianafreitas\/wp-json\/wp\/v2\/types\/page"}],"author":[{"embeddable":true,"href":"https:\/\/www.professores.uff.br\/lucianafreitas\/wp-json\/wp\/v2\/users\/160"}],"replies":[{"embeddable":true,"href":"https:\/\/www.professores.uff.br\/lucianafreitas\/wp-json\/wp\/v2\/comments?post=78"}],"version-history":[{"count":3,"href":"https:\/\/www.professores.uff.br\/lucianafreitas\/wp-json\/wp\/v2\/pages\/78\/revisions"}],"predecessor-version":[{"id":257,"href":"https:\/\/www.professores.uff.br\/lucianafreitas\/wp-json\/wp\/v2\/pages\/78\/revisions\/257"}],"wp:attachment":[{"href":"https:\/\/www.professores.uff.br\/lucianafreitas\/wp-json\/wp\/v2\/media?parent=78"}],"wp:term":[{"taxonomy":"category","embeddable":true,"href":"https:\/\/www.professores.uff.br\/lucianafreitas\/wp-json\/wp\/v2\/categories?post=78"},{"taxonomy":"post_tag","embeddable":true,"href":"https:\/\/www.professores.uff.br\/lucianafreitas\/wp-json\/wp\/v2\/tags?post=78"}],"curies":[{"name":"wp","href":"https:\/\/api.w.org\/{rel}","templated":true}]}}