{"id":116,"date":"2019-02-07T21:28:36","date_gmt":"2019-02-07T23:28:36","guid":{"rendered":"http:\/\/www.professores.uff.br\/marcosateixeira\/?page_id=116"},"modified":"2021-01-28T15:02:35","modified_gmt":"2021-01-28T18:02:35","slug":"porque-fazer-eng-agricola","status":"publish","type":"page","link":"https:\/\/www.professores.uff.br\/marcosateixeira\/porque-fazer-eng-agricola\/","title":{"rendered":"Porque Fazer Eng. Agr\u00edcola"},"content":{"rendered":"<p><strong>Por que escolher Engenharia Agr\u00edcola e Ambiental &#8211; 2018 &#8211; Atual<\/strong><\/p>\n<table>\n<tbody>\n<tr>\n<td width=\"168\">Slide Show<\/td>\n<td width=\"408\">Pensando na Universidade Federal Fluminense (UFF),&nbsp; exclusivamente no curso de Engenharia Agr\u00edcola e Ambiental ? o Diret\u00f3rio Estudantil de Engenharia Agr\u00edcola e Ambiental (DEEAGRI) desta universidade sob orienta\u00e7\u00e3o do professor Marcos Alexandre Teixeira visa por meio do presente projeto modificar o cen\u00e1rio atual que caracteriza-se por garantir a expans\u00e3o da demanda e a reten\u00e7\u00e3o dos estudantes de gradua\u00e7\u00e3o em Engenharia Agr\u00edcola e Ambiental. O projeto consiste na dissemina\u00e7\u00e3o do conhecimento e informa\u00e7\u00e3o espec\u00edfica acerca do curso atrav\u00e9s de palestras, mini-cursos, workshops e visitas a universidade para alunos de escolas privadas e p\u00fablicas da Regi\u00e3o Metropolitana do Rio de Janeiro objetivando, por fim, despertar o interesse de novos alunos.<\/td>\n<\/tr>\n<\/tbody>\n<\/table>\n<p>&nbsp;<\/p>\n<p><strong>Resultados<\/strong><\/p>\n<p>&nbsp;<\/p>\n<p><u>2019<\/u><\/p>\n<p><u>&nbsp;<\/u><\/p>\n<p>SIGProj N\u00b0: 292607.1597.220199.29012018.<\/p>\n<p>&nbsp;<\/p>\n<p><u>2018<\/u><\/p>\n<p>Cria\u00e7\u00e3o da P\u00e1gina no Face &#8211; <a href=\"https:\/\/www.facebook.com\/pqengagrieamb\/\" target=\"_blank\" rel=\"noopener noreferrer\">Por que Fazer Eng. Agr\u00edcola<\/a><\/p>\n<p>Apresenta\u00e7\u00e3o do Curso de Enge. Agr\u00edcola &#8211;&nbsp;<a href=\"https:\/\/www.professores.uff.br\/marcosateixeira\/?ddownload=130\" title=\"Download\" rel=\"nofollow\" class=\"ddownload-button button-blue id-130 ext-pdf\">Download<\/a><\/p>\n<p>Apresenta\u00e7\u00e3o no XXXI Congresso Nac. de Est. de Eng. Agri. e Eng. Agri. e Ambiental, na UFPR\/ Jandaia do Sul &#8211;&nbsp;<a href=\"https:\/\/www.facebook.com\/arthur.loureirodeandrade\/posts\/2230099823727988\" target=\"_blank\" rel=\"noopener noreferrer\">Link<\/a><\/p>\n<p><u>2017<\/u><\/p>\n<p>&nbsp;<\/p>\n<p>&nbsp;<\/p>\n<p>&nbsp;<\/p>\n","protected":false},"excerpt":{"rendered":"<p>Por que escolher Engenharia Agr\u00edcola e Ambiental &#8211; 2018 &#8211; Atual Slide Show Pensando na Universidade Federal Fluminense (UFF),&nbsp; exclusivamente no curso de Engenharia Agr\u00edcola e Ambiental ? o Diret\u00f3rio Estudantil de Engenharia Agr\u00edcola e Ambiental (DEEAGRI) desta universidade sob orienta\u00e7\u00e3o do professor Marcos Alexandre Teixeira visa por meio do presente projeto modificar o cen\u00e1rio [&hellip;]<\/p>\n","protected":false},"author":211,"featured_media":0,"parent":0,"menu_order":0,"comment_status":"closed","ping_status":"closed","template":"","meta":{"_exactmetrics_skip_tracking":false,"_exactmetrics_sitenote_active":false,"_exactmetrics_sitenote_note":"","_exactmetrics_sitenote_category":0,"footnotes":""},"categories":[],"tags":[16,13,14,12,10],"class_list":["post-116","page","type-page","status-publish","hentry","tag-extensao","tag-marcos-uff","tag-marcosateixeira","tag-marcosteixeira581","tag-uff"],"_links":{"self":[{"href":"https:\/\/www.professores.uff.br\/marcosateixeira\/wp-json\/wp\/v2\/pages\/116","targetHints":{"allow":["GET"]}}],"collection":[{"href":"https:\/\/www.professores.uff.br\/marcosateixeira\/wp-json\/wp\/v2\/pages"}],"about":[{"href":"https:\/\/www.professores.uff.br\/marcosateixeira\/wp-json\/wp\/v2\/types\/page"}],"author":[{"embeddable":true,"href":"https:\/\/www.professores.uff.br\/marcosateixeira\/wp-json\/wp\/v2\/users\/211"}],"replies":[{"embeddable":true,"href":"https:\/\/www.professores.uff.br\/marcosateixeira\/wp-json\/wp\/v2\/comments?post=116"}],"version-history":[{"count":5,"href":"https:\/\/www.professores.uff.br\/marcosateixeira\/wp-json\/wp\/v2\/pages\/116\/revisions"}],"predecessor-version":[{"id":959,"href":"https:\/\/www.professores.uff.br\/marcosateixeira\/wp-json\/wp\/v2\/pages\/116\/revisions\/959"}],"wp:attachment":[{"href":"https:\/\/www.professores.uff.br\/marcosateixeira\/wp-json\/wp\/v2\/media?parent=116"}],"wp:term":[{"taxonomy":"category","embeddable":true,"href":"https:\/\/www.professores.uff.br\/marcosateixeira\/wp-json\/wp\/v2\/categories?post=116"},{"taxonomy":"post_tag","embeddable":true,"href":"https:\/\/www.professores.uff.br\/marcosateixeira\/wp-json\/wp\/v2\/tags?post=116"}],"curies":[{"name":"wp","href":"https:\/\/api.w.org\/{rel}","templated":true}]}}