{"id":1687,"date":"2026-03-08T12:18:02","date_gmt":"2026-03-08T15:18:02","guid":{"rendered":"https:\/\/www.professores.uff.br\/marcosateixeira\/?page_id=1687"},"modified":"2026-03-08T18:03:09","modified_gmt":"2026-03-08T21:03:09","slug":"agroagentes","status":"publish","type":"page","link":"https:\/\/www.professores.uff.br\/marcosateixeira\/agroagentes\/","title":{"rendered":"AgroAgentes: Saberes que conectam a Universidade ao Campo"},"content":{"rendered":"\n<p>O curso de Engenharia Agr\u00edcola e Ambiental da UFF, localizado em \u00e1rea urbana, enfrenta desafios relacionados \u00e0 evas\u00e3o e \u00e0 limita\u00e7\u00e3o de oportunidades pr\u00e1ticas, sobretudo devido \u00e0 dist\u00e2ncia geogr\u00e1fica do meio rural. Essa condi\u00e7\u00e3o dificulta uma maior integra\u00e7\u00e3o entre os conte\u00fados te\u00f3ricos e as experi\u00eancias de campo.<\/p>\n\n\n\n<p>Isso afeta diretamente o engajamento dos alunos e a percep\u00e7\u00e3o da relev\u00e2ncia do curso frente ao mercado de trabalho. E em contrapartida, a \u00e1rea rural do Rio de Janeiro, apesar do seu grande potencial, atualmente apresenta uma baixa participa\u00e7\u00e3o na economia do estado, segundo o Centro de Estudos Avan\u00e7ados em Economia, ela representa hoje apenas 4,15% de todo o PIB do Rio de Janeiro. Isto se d\u00e1, por diversos fatores, sendo um deles a falta de assist\u00eancia t\u00e9cnica de baixo custo direcionadas a pequenos produtores e a comunidade rural, de acordo com dados do Instituto de pesquisa em economia aplicada.<\/p>\n\n\n\n<p>Desta forma, este projeto procura fortalecer a conex\u00e3o entre a UFF e o setor rural do estado do Rio de Janeiro, por meio de encontros t\u00e9cnicos, estudos que busquem solu\u00e7\u00f5es pr\u00e1ticas e acess\u00edveis, e atividades de campo que permitam a troca de saberes entre alunos, professores e produtores.<\/p>\n\n\n\n<p>O projeto AgroAgentes, prop\u00f5e um caminho realista, respons\u00e1vel e progressivo para aproximar o curso de Engenharia Agr\u00edcola e Ambiental de sua ess\u00eancia pr\u00e1tica. Com o apoio da coordena\u00e7\u00e3o e da chefia de departamento e de docentes, poder\u00e1 se tornar um marco positivo na forma\u00e7\u00e3o acad\u00eamica dos estudantes e no fortalecimento da presen\u00e7a da UFF junto ao campo.<\/p>\n\n\n\n<p>Registro do projeto Protocolo SIAEX nu 1894.1.2025: <a href=\"https:\/\/app.uff.br\/siaex\/projeto\/36760\" target=\"_blank\" rel=\"noreferrer noopener\">Link<\/a><\/p>\n\n\n\n<p><strong>Equipe<\/strong><\/p>\n\n\n\n<p>Professores<\/p>\n\n\n\n<p>Marcos Alexandre Teixeira (Coordenador) &#8211; <a href=\"marcos_teixeira@id.uff.br\" data-type=\"link\" data-id=\"marcos_teixeira@id.uff.br\" target=\"_blank\" rel=\"noreferrer noopener\">E-mail<\/a> &#8211; <a href=\"https:\/\/ter.sites.uff.br\/marcos-teixeira\/\" data-type=\"link\" data-id=\"https:\/\/ter.sites.uff.br\/marcos-teixeira\/\" target=\"_blank\" rel=\"noreferrer noopener\">Info<\/a>  <br>Dirlane de F\u00e1tima do Carmo &#8211; <a href=\"http:\/\/ter.sites.uff.br\/dirlane-de-fatima-do-carmo\/\" target=\"_blank\" rel=\"noreferrer noopener\">Info<\/a><br>Ivanovich Lache Salcedo &#8211; <a href=\"http:\/\/ter.sites.uff.br\/ivanovich-lache-salcedo\/\" target=\"_blank\" rel=\"noreferrer noopener\">Info<\/a><br>Ivenio Moreira da Silva &#8211; <a href=\"http:\/\/ter.sites.uff.br\/ivenio-moreira-da-silva\/\" target=\"_blank\" rel=\"noreferrer noopener\">Info<\/a><br>Josiane Pereira da Silva &#8211; <a href=\"josianeps@id.uff.br\" target=\"_blank\" rel=\"noreferrer noopener\">E-mail<\/a><br>Leonardo da Silva Hamacher &#8211; <a href=\"http:\/\/ter.sites.uff.br\/leonardo-da-silva-hamacher\/\" target=\"_blank\" rel=\"noreferrer noopener\">Info<\/a><br>Roberta Jimenez de Almeida Rigueira &#8211; <a href=\"http:\/\/ter.sites.uff.br\/roberta-jimenez-de-almeida-rigueira\" target=\"_blank\" rel=\"noreferrer noopener\">Info<\/a><\/p>\n\n\n\n<p>Alunas(os)<\/p>\n\n\n\n<p>Patricia Cristina Rosa Santos (ponto focal) \u2013 <a href=\"patriciacristina@id.uff.br\" target=\"_blank\" rel=\"noreferrer noopener\">E-mail<\/a><br>Ana Carolina Santos Lima<br>Fernanda Macedo de Araujo Azeredo<br>Gabriella Corr\u00eaa da Silva<br>Guilherme Joatan Silva de Sousa<br>Lais Silva Rodrigu\u00eas<br>Lucas Thevenard Senra<br>Mariana Azevedo Figueiredo<br>Matheus Castilho de Oliveira<br>Ravi Sim\u00f5es Leit\u00e3o<br>Victor de Brito Santos<br>Willian Teixeira Pereira<br><br><strong>Atividades 2026<\/strong><\/p>\n\n\n\n<p>Fomento de produ\u00e7\u00e3o de Feij\u00e3o sem uso de defensivos agr\u00edcolas em Cassimiro de Abreu \/ RJ<\/p>\n\n\n\n<p><strong>Atividades 2025<\/strong><\/p>\n\n\n\n<p>Projeto de irriga\u00e7\u00e3o em Tr\u00eas Rios \/ RJ<\/p>\n","protected":false},"excerpt":{"rendered":"<p>O curso de Engenharia Agr\u00edcola e Ambiental da UFF, localizado em \u00e1rea urbana, enfrenta desafios relacionados \u00e0 evas\u00e3o e \u00e0 limita\u00e7\u00e3o de oportunidades pr\u00e1ticas, sobretudo devido \u00e0 dist\u00e2ncia geogr\u00e1fica do meio rural. Essa condi\u00e7\u00e3o dificulta uma maior integra\u00e7\u00e3o entre os conte\u00fados te\u00f3ricos e as experi\u00eancias de campo. Isso afeta diretamente o engajamento dos alunos e [&hellip;]<\/p>\n","protected":false},"author":211,"featured_media":0,"parent":0,"menu_order":0,"comment_status":"closed","ping_status":"closed","template":"","meta":{"_exactmetrics_skip_tracking":false,"_exactmetrics_sitenote_active":false,"_exactmetrics_sitenote_note":"","_exactmetrics_sitenote_category":0,"footnotes":""},"categories":[],"tags":[38,16,12,10],"class_list":["post-1687","page","type-page","status-publish","hentry","tag-teruff","tag-extensao","tag-marcosteixeira581","tag-uff"],"_links":{"self":[{"href":"https:\/\/www.professores.uff.br\/marcosateixeira\/wp-json\/wp\/v2\/pages\/1687","targetHints":{"allow":["GET"]}}],"collection":[{"href":"https:\/\/www.professores.uff.br\/marcosateixeira\/wp-json\/wp\/v2\/pages"}],"about":[{"href":"https:\/\/www.professores.uff.br\/marcosateixeira\/wp-json\/wp\/v2\/types\/page"}],"author":[{"embeddable":true,"href":"https:\/\/www.professores.uff.br\/marcosateixeira\/wp-json\/wp\/v2\/users\/211"}],"replies":[{"embeddable":true,"href":"https:\/\/www.professores.uff.br\/marcosateixeira\/wp-json\/wp\/v2\/comments?post=1687"}],"version-history":[{"count":3,"href":"https:\/\/www.professores.uff.br\/marcosateixeira\/wp-json\/wp\/v2\/pages\/1687\/revisions"}],"predecessor-version":[{"id":1696,"href":"https:\/\/www.professores.uff.br\/marcosateixeira\/wp-json\/wp\/v2\/pages\/1687\/revisions\/1696"}],"wp:attachment":[{"href":"https:\/\/www.professores.uff.br\/marcosateixeira\/wp-json\/wp\/v2\/media?parent=1687"}],"wp:term":[{"taxonomy":"category","embeddable":true,"href":"https:\/\/www.professores.uff.br\/marcosateixeira\/wp-json\/wp\/v2\/categories?post=1687"},{"taxonomy":"post_tag","embeddable":true,"href":"https:\/\/www.professores.uff.br\/marcosateixeira\/wp-json\/wp\/v2\/tags?post=1687"}],"curies":[{"name":"wp","href":"https:\/\/api.w.org\/{rel}","templated":true}]}}