{"id":36,"date":"2019-02-04T13:09:26","date_gmt":"2019-02-04T15:09:26","guid":{"rendered":"http:\/\/www.professores.uff.br\/marcosateixeira\/?page_id=36"},"modified":"2023-01-30T21:35:29","modified_gmt":"2023-01-31T00:35:29","slug":"contato","status":"publish","type":"page","link":"https:\/\/www.professores.uff.br\/marcosateixeira\/contato\/","title":{"rendered":"Contato"},"content":{"rendered":"<p>Contato:<\/p>\n<p style=\"padding-left: 30px\"><a href=\"mailto:marcos_teixeira@id.uff.br\">marcos_teixeira@id.uff.br<\/a><br \/>\nCurriculum Lattes:\u00a0 <a href=\"http:\/\/lattes.cnpq.br\/2150245851718713\" target=\"_blank\" rel=\"noopener noreferrer\">http:\/\/lattes.cnpq.br\/2150245851718713<\/a><br \/>\nInstagram: <a href=\"https:\/\/www.instagram.com\/marcosteixeira581\/\" target=\"_blank\" rel=\"noopener noreferrer\">@marcosteixeira581<\/a><br \/>\nCanal YouTube: <a href=\"https:\/\/youtube.com\/c\/MarcosATeixeira\">https:\/\/youtube.com\/c\/MarcosATeixeira<\/a><br \/>\nFacebook: <a href=\"https:\/\/www.facebook.com\/profile.php?id=100011513293971\" target=\"_blank\" rel=\"noopener noreferrer\">https:\/\/www.facebook.com\/profile.php?id=100011513293971<\/a><br \/>\nSpotify: <a href=\"https:\/\/open.spotify.com\/show\/3l7UEoaWZK5Qcx6wp5zeC4\" target=\"_blank\" rel=\"noopener noreferrer\">https:\/\/open.spotify.com\/show\/3l7UEoaWZK5Qcx6wp5zeC4<\/a><br \/>\nScholarGoogle:\u00a0 <a href=\"https:\/\/scholar.google.com.br\/citations?user=8I6hF1YAAAAJ&amp;hl=pt-BR&amp;oi=ao\" target=\"_blank\" rel=\"noopener noreferrer\">https:\/\/scholar.google.com.br\/citations?user=8I6hF1YAAAAJ&amp;hl=pt-BR&amp;oi=ao<\/a><br \/>\nSite: <a href=\"http:\/\/www.professores.uff.br\/marcosateixeira\/\" target=\"_blank\" rel=\"noopener noreferrer\">http:\/\/www.professores.uff.br\/marcosateixeira\/<\/a><br \/>\nLinkedIn: <a href=\"https:\/\/www.linkedin.com\/in\/marcos-teixeira-marcosateixeira-uol-com-br-92237215\/\" target=\"_blank\" rel=\"noopener noreferrer\">https:\/\/www.linkedin.com\/in\/marcos-teixeira-marcosateixeira-uol-com-br-92237215\/<\/a><br \/>\nORCID: <a href=\"https:\/\/orcid.org\/0000-0003-2604-6616\" target=\"_blank\" rel=\"noopener noreferrer\">https:\/\/orcid.org\/0000-0003-2604-6616<\/a><\/p>\n<p style=\"padding-left: 30px\">Laborat\u00f3rio de Energia e Ambi\u00eancia \u2013 LabEAmb<br \/>\nSala 343 \/ Bloco E<br \/>\nEscola de Engenharia<br \/>\nCampus da Praia Vermelha<br \/>\nRua\u00a0Passo da P\u00e1tria, 156<br \/>\nS\u00e3o Domingos,<br \/>\nNiter\u00f3i &#8211; RJ,<br \/>\n24210-240<\/p>\n<p style=\"padding-left: 30px\">\n","protected":false},"excerpt":{"rendered":"<p>Contato: marcos_teixeira@id.uff.br Curriculum Lattes:\u00a0 http:\/\/lattes.cnpq.br\/2150245851718713 Instagram: @marcosteixeira581 Canal YouTube: https:\/\/youtube.com\/c\/MarcosATeixeira Facebook: https:\/\/www.facebook.com\/profile.php?id=100011513293971 Spotify: https:\/\/open.spotify.com\/show\/3l7UEoaWZK5Qcx6wp5zeC4 ScholarGoogle:\u00a0 https:\/\/scholar.google.com.br\/citations?user=8I6hF1YAAAAJ&amp;hl=pt-BR&amp;oi=ao Site: http:\/\/www.professores.uff.br\/marcosateixeira\/ LinkedIn: https:\/\/www.linkedin.com\/in\/marcos-teixeira-marcosateixeira-uol-com-br-92237215\/ ORCID: https:\/\/orcid.org\/0000-0003-2604-6616 Laborat\u00f3rio de Energia e Ambi\u00eancia \u2013 LabEAmb Sala 343 \/ Bloco E Escola de Engenharia Campus da Praia Vermelha Rua\u00a0Passo da P\u00e1tria, 156 S\u00e3o Domingos, Niter\u00f3i &#8211; RJ, 24210-240<\/p>\n","protected":false},"author":211,"featured_media":0,"parent":0,"menu_order":0,"comment_status":"closed","ping_status":"closed","template":"","meta":{"_exactmetrics_skip_tracking":false,"_exactmetrics_sitenote_active":false,"_exactmetrics_sitenote_note":"","_exactmetrics_sitenote_category":0,"footnotes":""},"categories":[],"tags":[16,13,14,12,10],"class_list":["post-36","page","type-page","status-publish","hentry","tag-extensao","tag-marcos-uff","tag-marcosateixeira","tag-marcosteixeira581","tag-uff"],"_links":{"self":[{"href":"https:\/\/www.professores.uff.br\/marcosateixeira\/wp-json\/wp\/v2\/pages\/36","targetHints":{"allow":["GET"]}}],"collection":[{"href":"https:\/\/www.professores.uff.br\/marcosateixeira\/wp-json\/wp\/v2\/pages"}],"about":[{"href":"https:\/\/www.professores.uff.br\/marcosateixeira\/wp-json\/wp\/v2\/types\/page"}],"author":[{"embeddable":true,"href":"https:\/\/www.professores.uff.br\/marcosateixeira\/wp-json\/wp\/v2\/users\/211"}],"replies":[{"embeddable":true,"href":"https:\/\/www.professores.uff.br\/marcosateixeira\/wp-json\/wp\/v2\/comments?post=36"}],"version-history":[{"count":14,"href":"https:\/\/www.professores.uff.br\/marcosateixeira\/wp-json\/wp\/v2\/pages\/36\/revisions"}],"predecessor-version":[{"id":1459,"href":"https:\/\/www.professores.uff.br\/marcosateixeira\/wp-json\/wp\/v2\/pages\/36\/revisions\/1459"}],"wp:attachment":[{"href":"https:\/\/www.professores.uff.br\/marcosateixeira\/wp-json\/wp\/v2\/media?parent=36"}],"wp:term":[{"taxonomy":"category","embeddable":true,"href":"https:\/\/www.professores.uff.br\/marcosateixeira\/wp-json\/wp\/v2\/categories?post=36"},{"taxonomy":"post_tag","embeddable":true,"href":"https:\/\/www.professores.uff.br\/marcosateixeira\/wp-json\/wp\/v2\/tags?post=36"}],"curies":[{"name":"wp","href":"https:\/\/api.w.org\/{rel}","templated":true}]}}