{"id":339,"date":"2017-08-07T12:08:27","date_gmt":"2017-08-07T15:08:27","guid":{"rendered":"http:\/\/www.professores.uff.br\/marlenedieguez\/?page_id=339"},"modified":"2017-08-07T12:08:27","modified_gmt":"2017-08-07T15:08:27","slug":"apllets-trigonometria-seno-e-cosseno","status":"publish","type":"page","link":"https:\/\/www.professores.uff.br\/marlenedieguez\/apllets-trigonometria-seno-e-cosseno\/","title":{"rendered":"apllets trigonometria (seno e cosseno)"},"content":{"rendered":"\n<table id=\"tablepress-1\" class=\"tablepress tablepress-id-1\">\n<tbody class=\"row-striping row-hover\">\n<tr class=\"row-1\">\n\t<td class=\"column-1\">1<\/td><td class=\"column-2\"><a href=\"http:\/\/tube.geogebra.org\/student\/mJcSHwG8Y\" target=\"_blank\">SENO DE \u00c2NGULOS NOT\u00c1VEIS NO C\u00cdRCULO TRIGONOM\u00c9TRICO<\/a><\/td>\n<\/tr>\n<tr class=\"row-2\">\n\t<td class=\"column-1\">2<\/td><td class=\"column-2\"><a href=\"http:\/\/tube.geogebra.org\/student\/mW6va4iVd\" target=\"_blank\">COSSENO DE \u00c2NGULOS NOT\u00c1VEIS NO C\u00cdRCULO TRIGONOM\u00c9TRICO<\/a><\/td>\n<\/tr>\n<tr class=\"row-3\">\n\t<td class=\"column-1\">3<\/td><td class=\"column-2\"><a href=\"http:\/\/tube.geogebra.org\/student\/mWKz6p9nw\" target=\"_blank\">IDENTIDADE TRIGONOM\u00c9TRICA 1<\/a><\/td>\n<\/tr>\n<tr class=\"row-4\">\n\t<td class=\"column-1\">4<\/td><td class=\"column-2\"><a href=\"http:\/\/tube.geogebra.org\/student\/mCg1uUrH2\" target=\"_blank\">IDENTIDADE TRIGONOM\u00c9TRICA 2<\/a><\/td>\n<\/tr>\n<tr class=\"row-5\">\n\t<td class=\"column-1\">5<\/td><td class=\"column-2\"><a href=\"http:\/\/tube.geogebra.org\/student\/msw2WW5Um\" target=\"_blank\">IDENTIDADE TRIGONOM\u00c9TRICA 3<\/a><\/td>\n<\/tr>\n<tr class=\"row-6\">\n\t<td class=\"column-1\">6<\/td><td class=\"column-2\"><a href=\"http:\/\/tube.geogebra.org\/student\/mcTQ7Em5u\" target=\"_blank\">IDENTIDADE TRIGONOM\u00c9TRICA 4<\/a><\/td>\n<\/tr>\n<tr class=\"row-7\">\n\t<td class=\"column-1\">7<\/td><td class=\"column-2\"><a href=\"http:\/\/tube.geogebra.org\/student\/moEXJAxMG\" target=\"_blank\">O C\u00cdRCULO TRIGONOM\u00c9TRICO E O GR\u00c1FICO DA FUN\u00c7\u00c3O SENO NO INTERVALO [0, 2 \u03c0] (manual)<\/a><\/td>\n<\/tr>\n<tr class=\"row-8\">\n\t<td class=\"column-1\">8<\/td><td class=\"column-2\"><a href=\"http:\/\/tube.geogebra.org\/student\/mYBnpDjyj\" target=\"_blank\">O C\u00cdRCULO TRIGONOM\u00c9TRICO E O GR\u00c1FICO DA FUN\u00c7\u00c3O SENO NO INTERVALO [0, 2 \u03c0] (animado)<\/a><\/td>\n<\/tr>\n<tr class=\"row-9\">\n\t<td class=\"column-1\">9<\/td><td class=\"column-2\"><a href=\"http:\/\/tube.geogebra.org\/student\/m517085\" target=\"_blank\">O C\u00cdRCULO TRIGONOM\u00c9TRICO E O GR\u00c1FICO DA FUN\u00c7\u00c3O COSSENO NO INTERVALO [0, 2 \u03c0] (manual)<\/a><\/td>\n<\/tr>\n<tr class=\"row-10\">\n\t<td class=\"column-1\">10<\/td><td class=\"column-2\"><a href=\"http:\/\/tube.geogebra.org\/student\/mX57YgIPr\" target=\"_blank\">O C\u00cdRCULO TRIGONOM\u00c9TRICO E O GR\u00c1FICO DA FUN\u00c7\u00c3O COSSENO NO INTERVALO [0, 2 \u03c0] (animado)<\/a><\/td>\n<\/tr>\n<tr class=\"row-11\">\n\t<td class=\"column-1\">11<\/td><td class=\"column-2\"><a href=\"http:\/\/tube.geogebra.org\/student\/mwwfoFNsD\" target=\"_blank\">O C\u00cdRCULO TRIGONOM\u00c9TRICO E O GR\u00c1FICO DA FUN\u00c7\u00c3O SENO EM TODOS REAIS<\/a><\/td>\n<\/tr>\n<tr class=\"row-12\">\n\t<td class=\"column-1\">12<\/td><td class=\"column-2\"><a href=\"http:\/\/tube.geogebra.org\/student\/mTdEqZYmA\" target=\"_blank\">O C\u00cdRCULO TRIGONOM\u00c9TRICO E O GR\u00c1FICO DA FUN\u00c7\u00c3O COSSENO EM TODOS REAIS<\/a><\/td>\n<\/tr>\n<\/tbody>\n<\/table>\n<!-- #tablepress-1 from cache -->\n","protected":false},"excerpt":{"rendered":"","protected":false},"author":22,"featured_media":0,"parent":0,"menu_order":0,"comment_status":"closed","ping_status":"closed","template":"","meta":{"_exactmetrics_skip_tracking":false,"_exactmetrics_sitenote_active":false,"_exactmetrics_sitenote_note":"","_exactmetrics_sitenote_category":0,"footnotes":""},"categories":[5],"tags":[],"class_list":["post-339","page","type-page","status-publish","hentry","category-tabelas"],"_links":{"self":[{"href":"https:\/\/www.professores.uff.br\/marlenedieguez\/wp-json\/wp\/v2\/pages\/339","targetHints":{"allow":["GET"]}}],"collection":[{"href":"https:\/\/www.professores.uff.br\/marlenedieguez\/wp-json\/wp\/v2\/pages"}],"about":[{"href":"https:\/\/www.professores.uff.br\/marlenedieguez\/wp-json\/wp\/v2\/types\/page"}],"author":[{"embeddable":true,"href":"https:\/\/www.professores.uff.br\/marlenedieguez\/wp-json\/wp\/v2\/users\/22"}],"replies":[{"embeddable":true,"href":"https:\/\/www.professores.uff.br\/marlenedieguez\/wp-json\/wp\/v2\/comments?post=339"}],"version-history":[{"count":1,"href":"https:\/\/www.professores.uff.br\/marlenedieguez\/wp-json\/wp\/v2\/pages\/339\/revisions"}],"predecessor-version":[{"id":340,"href":"https:\/\/www.professores.uff.br\/marlenedieguez\/wp-json\/wp\/v2\/pages\/339\/revisions\/340"}],"wp:attachment":[{"href":"https:\/\/www.professores.uff.br\/marlenedieguez\/wp-json\/wp\/v2\/media?parent=339"}],"wp:term":[{"taxonomy":"category","embeddable":true,"href":"https:\/\/www.professores.uff.br\/marlenedieguez\/wp-json\/wp\/v2\/categories?post=339"},{"taxonomy":"post_tag","embeddable":true,"href":"https:\/\/www.professores.uff.br\/marlenedieguez\/wp-json\/wp\/v2\/tags?post=339"}],"curies":[{"name":"wp","href":"https:\/\/api.w.org\/{rel}","templated":true}]}}