{"id":343,"date":"2017-08-07T12:09:46","date_gmt":"2017-08-07T15:09:46","guid":{"rendered":"http:\/\/www.professores.uff.br\/marlenedieguez\/?page_id=343"},"modified":"2017-08-07T12:09:46","modified_gmt":"2017-08-07T15:09:46","slug":"aula-7-1605-applets-de-funcoes-trigonometricas","status":"publish","type":"page","link":"https:\/\/www.professores.uff.br\/marlenedieguez\/aula-7-1605-applets-de-funcoes-trigonometricas\/","title":{"rendered":"Aula 7 (16\/05) Applets de fun\u00e7\u00f5es trigonom\u00e9tricas"},"content":{"rendered":"\n<table id=\"tablepress-1\" class=\"tablepress tablepress-id-1\">\n<tbody class=\"row-striping row-hover\">\n<tr class=\"row-1\">\n\t<td class=\"column-1\">1<\/td><td class=\"column-2\"><a href=\"http:\/\/tube.geogebra.org\/student\/mJcSHwG8Y\" target=\"_blank\">SENO DE \u00c2NGULOS NOT\u00c1VEIS NO C\u00cdRCULO TRIGONOM\u00c9TRICO<\/a><\/td>\n<\/tr>\n<tr class=\"row-2\">\n\t<td class=\"column-1\">2<\/td><td class=\"column-2\"><a href=\"http:\/\/tube.geogebra.org\/student\/mW6va4iVd\" target=\"_blank\">COSSENO DE \u00c2NGULOS NOT\u00c1VEIS NO C\u00cdRCULO TRIGONOM\u00c9TRICO<\/a><\/td>\n<\/tr>\n<tr class=\"row-3\">\n\t<td class=\"column-1\">3<\/td><td class=\"column-2\"><a href=\"http:\/\/tube.geogebra.org\/student\/mWKz6p9nw\" target=\"_blank\">IDENTIDADE TRIGONOM\u00c9TRICA 1<\/a><\/td>\n<\/tr>\n<tr class=\"row-4\">\n\t<td class=\"column-1\">4<\/td><td class=\"column-2\"><a href=\"http:\/\/tube.geogebra.org\/student\/mCg1uUrH2\" target=\"_blank\">IDENTIDADE TRIGONOM\u00c9TRICA 2<\/a><\/td>\n<\/tr>\n<tr class=\"row-5\">\n\t<td class=\"column-1\">5<\/td><td class=\"column-2\"><a href=\"http:\/\/tube.geogebra.org\/student\/msw2WW5Um\" target=\"_blank\">IDENTIDADE TRIGONOM\u00c9TRICA 3<\/a><\/td>\n<\/tr>\n<tr class=\"row-6\">\n\t<td class=\"column-1\">6<\/td><td class=\"column-2\"><a href=\"http:\/\/tube.geogebra.org\/student\/mcTQ7Em5u\" target=\"_blank\">IDENTIDADE TRIGONOM\u00c9TRICA 4<\/a><\/td>\n<\/tr>\n<tr class=\"row-7\">\n\t<td class=\"column-1\">7<\/td><td class=\"column-2\"><a href=\"http:\/\/tube.geogebra.org\/student\/moEXJAxMG\" target=\"_blank\">O C\u00cdRCULO TRIGONOM\u00c9TRICO E O GR\u00c1FICO DA FUN\u00c7\u00c3O SENO NO INTERVALO [0, 2 \u03c0] (manual)<\/a><\/td>\n<\/tr>\n<tr class=\"row-8\">\n\t<td class=\"column-1\">8<\/td><td class=\"column-2\"><a href=\"http:\/\/tube.geogebra.org\/student\/mYBnpDjyj\" target=\"_blank\">O C\u00cdRCULO TRIGONOM\u00c9TRICO E O GR\u00c1FICO DA FUN\u00c7\u00c3O SENO NO INTERVALO [0, 2 \u03c0] (animado)<\/a><\/td>\n<\/tr>\n<tr class=\"row-9\">\n\t<td class=\"column-1\">9<\/td><td class=\"column-2\"><a href=\"http:\/\/tube.geogebra.org\/student\/m517085\" target=\"_blank\">O C\u00cdRCULO TRIGONOM\u00c9TRICO E O GR\u00c1FICO DA FUN\u00c7\u00c3O COSSENO NO INTERVALO [0, 2 \u03c0] (manual)<\/a><\/td>\n<\/tr>\n<tr class=\"row-10\">\n\t<td class=\"column-1\">10<\/td><td class=\"column-2\"><a href=\"http:\/\/tube.geogebra.org\/student\/mX57YgIPr\" target=\"_blank\">O C\u00cdRCULO TRIGONOM\u00c9TRICO E O GR\u00c1FICO DA FUN\u00c7\u00c3O COSSENO NO INTERVALO [0, 2 \u03c0] (animado)<\/a><\/td>\n<\/tr>\n<tr class=\"row-11\">\n\t<td class=\"column-1\">11<\/td><td class=\"column-2\"><a href=\"http:\/\/tube.geogebra.org\/student\/mwwfoFNsD\" target=\"_blank\">O C\u00cdRCULO TRIGONOM\u00c9TRICO E O GR\u00c1FICO DA FUN\u00c7\u00c3O SENO EM TODOS REAIS<\/a><\/td>\n<\/tr>\n<tr class=\"row-12\">\n\t<td class=\"column-1\">12<\/td><td class=\"column-2\"><a href=\"http:\/\/tube.geogebra.org\/student\/mTdEqZYmA\" target=\"_blank\">O C\u00cdRCULO TRIGONOM\u00c9TRICO E O GR\u00c1FICO DA FUN\u00c7\u00c3O COSSENO EM TODOS REAIS<\/a><\/td>\n<\/tr>\n<\/tbody>\n<\/table>\n<!-- #tablepress-1 from cache -->\n\n<table id=\"tablepress-2\" class=\"tablepress tablepress-id-2\">\n<tbody class=\"row-striping row-hover\">\n<tr class=\"row-1\">\n\t<td class=\"column-1\">13<\/td><td class=\"column-2\"><a href=\"http:\/\/tube.geogebra.org\/student\/mN8CwJWvm\" target=\"_blank\">TANGENTE: SEGMENTO REPRESENTANTE NO C\u00cdRCULO TRIGONOM\u00c9TRICO<\/a><\/td>\n<\/tr>\n<tr class=\"row-2\">\n\t<td class=\"column-1\">14<\/td><td class=\"column-2\"><a href=\"http:\/\/tube.geogebra.org\/student\/mFClDl9rx\" target=\"_blank\">TANGENTE DE \u00c2NGULOS NOT\u00c1VEIS NO C\u00cdRCULO TRIGONOM\u00c9TRICO<\/a><\/td>\n<\/tr>\n<tr class=\"row-3\">\n\t<td class=\"column-1\">15<\/td><td class=\"column-2\"><a href=\"http:\/\/tube.geogebra.org\/student\/mLqvU5Zz6\" target=\"_blank\">CIRCULO E GR\u00c1FICO: TANGENTE PARA TODO REAL<\/a><br \/>\n<\/td>\n<\/tr>\n<tr class=\"row-4\">\n\t<td class=\"column-1\">16<\/td><td class=\"column-2\"><a href=\"http:\/\/tube.geogebra.org\/student\/mPfbfC1L2\" target=\"_blank\">CIRCULO E GR\u00c1FICO: TANGENTE PARA TODO REAL (animado)<\/a><\/td>\n<\/tr>\n<tr class=\"row-5\">\n\t<td class=\"column-1\">17<\/td><td class=\"column-2\"><a href=\"http:\/\/tube.geogebra.org\/material\/simple\/id\/SC2HHFZR\" target=\"_blank\">COTANGENTE: SEGMENTO REPRESENTANTE NO C\u00cdRCULO TRIGONOM\u00c9TRICO<\/a><\/td>\n<\/tr>\n<tr class=\"row-6\">\n\t<td class=\"column-1\">18<\/td><td class=\"column-2\"><a href=\"http:\/\/tube.geogebra.org\/student\/mHGRhDRlO\" target=\"_blank\">COTANGENTE DE \u00c2NGULOS NOT\u00c1VEIS NO C\u00cdRCULO TRIGONOM\u00c9TRICO<\/a><\/td>\n<\/tr>\n<tr class=\"row-7\">\n\t<td class=\"column-1\">19<\/td><td class=\"column-2\"><a href=\"http:\/\/tube.geogebra.org\/student\/mZO2kA940\" target=\"_blank\">CIRCULO E GR\u00c1FICO: COTANGENTE PARA TODO REAL<\/a><\/td>\n<\/tr>\n<tr class=\"row-8\">\n\t<td class=\"column-1\">20<\/td><td class=\"column-2\"><a href=\"http:\/\/tube.geogebra.org\/student\/mpP8AA3Fv\" target=\"_blank\">CIRCULO E GR\u00c1FICO: COTANGENTE PARA TODO REAL (animado)<\/a><\/td>\n<\/tr>\n<tr class=\"row-9\">\n\t<td class=\"column-1\">21<\/td><td class=\"column-2\"><a href=\"https:\/\/www.geogebra.org\/m\/rS2p9hmj\" target=\"_blank\">GR\u00c1FICO SECANTE<\/a><\/td>\n<\/tr>\n<tr class=\"row-10\">\n\t<td class=\"column-1\">22<\/td><td class=\"column-2\"><a href=\"https:\/\/www.geogebra.org\/m\/h2FcW5bt\" target=\"_blank\">GR\u00c1FICO COSSECANTE<\/a><\/td>\n<\/tr>\n<\/tbody>\n<\/table>\n<!-- #tablepress-2 from cache -->\n","protected":false},"excerpt":{"rendered":"","protected":false},"author":22,"featured_media":0,"parent":0,"menu_order":0,"comment_status":"closed","ping_status":"closed","template":"","meta":{"_exactmetrics_skip_tracking":false,"_exactmetrics_sitenote_active":false,"_exactmetrics_sitenote_note":"","_exactmetrics_sitenote_category":0,"footnotes":""},"categories":[5],"tags":[],"class_list":["post-343","page","type-page","status-publish","hentry","category-tabelas"],"_links":{"self":[{"href":"https:\/\/www.professores.uff.br\/marlenedieguez\/wp-json\/wp\/v2\/pages\/343","targetHints":{"allow":["GET"]}}],"collection":[{"href":"https:\/\/www.professores.uff.br\/marlenedieguez\/wp-json\/wp\/v2\/pages"}],"about":[{"href":"https:\/\/www.professores.uff.br\/marlenedieguez\/wp-json\/wp\/v2\/types\/page"}],"author":[{"embeddable":true,"href":"https:\/\/www.professores.uff.br\/marlenedieguez\/wp-json\/wp\/v2\/users\/22"}],"replies":[{"embeddable":true,"href":"https:\/\/www.professores.uff.br\/marlenedieguez\/wp-json\/wp\/v2\/comments?post=343"}],"version-history":[{"count":1,"href":"https:\/\/www.professores.uff.br\/marlenedieguez\/wp-json\/wp\/v2\/pages\/343\/revisions"}],"predecessor-version":[{"id":344,"href":"https:\/\/www.professores.uff.br\/marlenedieguez\/wp-json\/wp\/v2\/pages\/343\/revisions\/344"}],"wp:attachment":[{"href":"https:\/\/www.professores.uff.br\/marlenedieguez\/wp-json\/wp\/v2\/media?parent=343"}],"wp:term":[{"taxonomy":"category","embeddable":true,"href":"https:\/\/www.professores.uff.br\/marlenedieguez\/wp-json\/wp\/v2\/categories?post=343"},{"taxonomy":"post_tag","embeddable":true,"href":"https:\/\/www.professores.uff.br\/marlenedieguez\/wp-json\/wp\/v2\/tags?post=343"}],"curies":[{"name":"wp","href":"https:\/\/api.w.org\/{rel}","templated":true}]}}