{"id":345,"date":"2017-08-07T12:10:19","date_gmt":"2017-08-07T15:10:19","guid":{"rendered":"http:\/\/www.professores.uff.br\/marlenedieguez\/?page_id=345"},"modified":"2017-08-07T12:10:19","modified_gmt":"2017-08-07T15:10:19","slug":"listas-de-calculo-i-a2016-1","status":"publish","type":"page","link":"https:\/\/www.professores.uff.br\/marlenedieguez\/listas-de-calculo-i-a2016-1\/","title":{"rendered":"Listas de C\u00e1lculo I-A(2016-1)"},"content":{"rendered":"\n<table id=\"tablepress-4\" class=\"tablepress tablepress-id-4\">\n<tbody class=\"row-striping row-hover\">\n<tr class=\"row-1\">\n\t<td class=\"column-1\"><a href=\"http:\/\/www.professores.uff.br\/marlenedieguez\/wp-content\/uploads\/sites\/53\/2017\/08\/lista-01-calc-01-A-2008-1.pdf\">Lista 1<\/a><\/td><td class=\"column-2\">Revis\u00e3o de inequa\u00e7\u00f5es, raiz quadrada, raiz c\u00fabica e m\u00f3dulo. Fun\u00e7\u00e3o. Gr\u00e1ficos de fun\u00e7\u00f5es que envolvem as equa\u00e7\u00f5es das c\u00f4nicas e defini\u00e7\u00e3o de m\u00f3dulo. Paridade.<br \/>\n<br \/>\n<\/td>\n<\/tr>\n<tr class=\"row-2\">\n\t<td class=\"column-1\"><a href=\"http:\/\/www.professores.uff.br\/marlenedieguez\/wp-content\/uploads\/sites\/53\/2017\/08\/lista-02-calc-01-A-2008-1.pdf\">Lista 2<\/a><\/td><td class=\"column-2\">Opera\u00e7\u00f5es com fun\u00e7\u00f5es. Fun\u00e7\u00e3o composta. Gr\u00e1ficos por transla\u00e7\u00e3o, simetrias, amplia\u00e7\u00e3o, redu\u00e7\u00e3o e modula\u00e7\u00e3o.<br \/>\n<br \/>\n<\/td>\n<\/tr>\n<tr class=\"row-3\">\n\t<td class=\"column-1\"><a href=\"http:\/\/www.professores.uff.br\/marlenedieguez\/wp-content\/uploads\/sites\/53\/2017\/08\/lista-03-calc-01-A-2008-1.pdf\">Lista 3<\/a><\/td><td class=\"column-2\">Limite, limites laterais e continuidade. Defini\u00e7\u00f5es e propriedades.<br \/>\n<br \/>\n<\/td>\n<\/tr>\n<tr class=\"row-4\">\n\t<td class=\"column-1\"><a href=\"http:\/\/www.professores.uff.br\/marlenedieguez\/wp-content\/uploads\/sites\/53\/2017\/08\/lista-04-calc-01-A-2008-1.pdf\">Lista 4<\/a><\/td><td class=\"column-2\">Limite infinito e no infinito. Teoremas do confronto e anulamento. Limites trigonom\u00e9tricos.<br \/>\n<br \/>\n<\/td>\n<\/tr>\n<tr class=\"row-5\">\n\t<td class=\"column-1\"><a href=\"http:\/\/www.professores.uff.br\/marlenedieguez\/wp-content\/uploads\/sites\/53\/2017\/08\/lista-05-calc-01-A-2008-1.pdf\">Lista 5<\/a><\/td><td class=\"column-2\">Limite e continuidade: miscel\u00e2nea. Teorema do Valor Intermedi\u00e1rio.<br \/>\n<br \/>\n<\/td>\n<\/tr>\n<tr class=\"row-6\">\n\t<td class=\"column-1\"><a href=\"http:\/\/www.professores.uff.br\/marlenedieguez\/wp-content\/uploads\/sites\/53\/2017\/08\/lista-06-calc-01-A-2008-1.pdf\">Lista 6<\/a><\/td><td class=\"column-2\">Derivada por defini\u00e7\u00e3o. Regras b\u00e1sicas de deriva\u00e7\u00e3o. Diferenciabilidade e continuidade.<br \/>\n<br \/>\n<\/td>\n<\/tr>\n<tr class=\"row-7\">\n\t<td class=\"column-1\"><a href=\"http:\/\/www.professores.uff.br\/marlenedieguez\/wp-content\/uploads\/sites\/53\/2017\/08\/lista-07-calc-01-A-2008-1.pdf\">Lista 7<\/a><\/td><td class=\"column-2\">Algumas aplica\u00e7\u00f5es de derivada. Regra da Cadeia.<br \/>\n<br \/>\n<\/td>\n<\/tr>\n<tr class=\"row-8\">\n\t<td class=\"column-1\"><a href=\"http:\/\/www.professores.uff.br\/marlenedieguez\/wp-content\/uploads\/sites\/53\/2017\/08\/lista-08-calc-01-A-2008-1.pdf\">Lista 8<\/a><\/td><td class=\"column-2\">Aproxima\u00e7\u00e3o linear. Diferencial. Derivada de ordem superior.<br \/>\n<br \/>\n<\/td>\n<\/tr>\n<tr class=\"row-9\">\n\t<td class=\"column-1\"><a href=\"http:\/\/www.professores.uff.br\/marlenedieguez\/wp-content\/uploads\/sites\/53\/2017\/08\/lista-09-calc-01-A-2008-1.pdf\">Lista 9<\/a><\/td><td class=\"column-2\">Fun\u00e7\u00e3o impl\u00edcita. Taxas relacionadas.<br \/>\n<br \/>\n<\/td>\n<\/tr>\n<\/tbody>\n<\/table>\n<!-- #tablepress-4 from cache -->\n","protected":false},"excerpt":{"rendered":"","protected":false},"author":22,"featured_media":0,"parent":0,"menu_order":0,"comment_status":"closed","ping_status":"closed","template":"","meta":{"_exactmetrics_skip_tracking":false,"_exactmetrics_sitenote_active":false,"_exactmetrics_sitenote_note":"","_exactmetrics_sitenote_category":0,"footnotes":""},"categories":[5],"tags":[],"class_list":["post-345","page","type-page","status-publish","hentry","category-tabelas"],"_links":{"self":[{"href":"https:\/\/www.professores.uff.br\/marlenedieguez\/wp-json\/wp\/v2\/pages\/345","targetHints":{"allow":["GET"]}}],"collection":[{"href":"https:\/\/www.professores.uff.br\/marlenedieguez\/wp-json\/wp\/v2\/pages"}],"about":[{"href":"https:\/\/www.professores.uff.br\/marlenedieguez\/wp-json\/wp\/v2\/types\/page"}],"author":[{"embeddable":true,"href":"https:\/\/www.professores.uff.br\/marlenedieguez\/wp-json\/wp\/v2\/users\/22"}],"replies":[{"embeddable":true,"href":"https:\/\/www.professores.uff.br\/marlenedieguez\/wp-json\/wp\/v2\/comments?post=345"}],"version-history":[{"count":1,"href":"https:\/\/www.professores.uff.br\/marlenedieguez\/wp-json\/wp\/v2\/pages\/345\/revisions"}],"predecessor-version":[{"id":346,"href":"https:\/\/www.professores.uff.br\/marlenedieguez\/wp-json\/wp\/v2\/pages\/345\/revisions\/346"}],"wp:attachment":[{"href":"https:\/\/www.professores.uff.br\/marlenedieguez\/wp-json\/wp\/v2\/media?parent=345"}],"wp:term":[{"taxonomy":"category","embeddable":true,"href":"https:\/\/www.professores.uff.br\/marlenedieguez\/wp-json\/wp\/v2\/categories?post=345"},{"taxonomy":"post_tag","embeddable":true,"href":"https:\/\/www.professores.uff.br\/marlenedieguez\/wp-json\/wp\/v2\/tags?post=345"}],"curies":[{"name":"wp","href":"https:\/\/api.w.org\/{rel}","templated":true}]}}