{"id":347,"date":"2017-08-07T12:11:16","date_gmt":"2017-08-07T15:11:16","guid":{"rendered":"http:\/\/www.professores.uff.br\/marlenedieguez\/?page_id=347"},"modified":"2017-08-07T12:11:16","modified_gmt":"2017-08-07T15:11:16","slug":"lista-de-exercicio","status":"publish","type":"page","link":"https:\/\/www.professores.uff.br\/marlenedieguez\/lista-de-exercicio\/","title":{"rendered":"Lista de exercicio"},"content":{"rendered":"<h2 id=\"tablepress-6-name\" class=\"tablepress-table-name tablepress-table-name-id-6\">Lista de Exerc\u00edcios<\/h2>\n\n<table id=\"tablepress-6\" class=\"tablepress tablepress-id-6\" aria-labelledby=\"tablepress-6-name\">\n<tbody class=\"row-striping row-hover\">\n<tr class=\"row-1\">\n\t<td class=\"column-1\"><\/td><td class=\"column-2\">Conte\u00fado<\/td><td class=\"column-3\">Prova<\/td>\n<\/tr>\n<tr class=\"row-2\">\n\t<td class=\"column-1\">Lista 01:<br \/>\n<a href=\"http:\/\/www.professores.uff.br\/marlenedieguez\/wp-content\/uploads\/sites\/53\/2017\/08\/lista_1_MB_1_2015-1.pdf\">Exerc\u00edcios<\/a><br \/>\n<a href=\"http:\/\/www.professores.uff.br\/marlenedieguez\/wp-content\/uploads\/sites\/53\/2017\/08\/lista_1_MB_I_2015-1_RESPOSTA.pdf\">Respostas<\/a><\/td><td class=\"column-2\">No\u00e7\u00f5es de l\u00f3gica.<br \/>\n<\/td><td class=\"column-3\">VE1<\/td>\n<\/tr>\n<tr class=\"row-3\">\n\t<td class=\"column-1\">Lista 02:<br \/>\n<a href=\"http:\/\/www.professores.uff.br\/marlenedieguez\/wp-content\/uploads\/sites\/53\/2017\/08\/lista_2_MB_1_2015-1.pdf\">Exerc\u00edcios<\/a><br \/>\n<a href=\"http:\/\/www.professores.uff.br\/marlenedieguez\/wp-content\/uploads\/sites\/53\/2017\/08\/lista_2_MB_I_2015-1_RESPOSTA.pdf\">Respostas<\/a><\/td><td class=\"column-2\">N\u00fameros reais: propriedades alg\u00e9bricas e de ordem, implica\u00e7\u00f5es e equival\u00eancias.<br \/>\nEqua\u00e7\u00f5es e inequa\u00e7\u00f5es envolvendo as propriedades alg\u00e9bricas e de ordem<\/td><td class=\"column-3\">VE1<\/td>\n<\/tr>\n<tr class=\"row-4\">\n\t<td class=\"column-1\">Lista 03:<br \/>\n<a href=\"http:\/\/www.professores.uff.br\/marlenedieguez\/wp-content\/uploads\/sites\/53\/2017\/08\/lista_3_MB_1_2015-1.pdf\">Exerc\u00edcios<\/a><br \/>\n<a href=\"http:\/\/www.professores.uff.br\/marlenedieguez\/wp-content\/uploads\/sites\/53\/2017\/08\/lista_3_MB_I_2015-1_RESPOSTA.pdf\">Respostas<\/a><\/td><td class=\"column-2\">M\u00f3dulo: propriedades. Ra\u00edzes: propriedades.<br \/>\nEqua\u00e7\u00f5es e inequa\u00e7\u00f5es envolvendo m\u00f3dulo, raiz e suas propriedades.<\/td><td class=\"column-3\">VE1<\/td>\n<\/tr>\n<tr class=\"row-5\">\n\t<td class=\"column-1\">Lista 04:<br \/>\n<a href=\"http:\/\/www.professores.uff.br\/marlenedieguez\/wp-content\/uploads\/sites\/53\/2017\/08\/lista_4_MB_1_2015-1.pdf\">Exerc\u00edcios<\/a><br \/>\n<a href=\"http:\/\/www.professores.uff.br\/marlenedieguez\/wp-content\/uploads\/sites\/53\/2017\/08\/lista_4_MB_I_2015-1_RESPOSTA.pdf\">Respostas<\/a><\/td><td class=\"column-2\">Trigonometria. Equa\u00e7\u00f5es e inequa\u00e7\u00f5es trigonom\u00e9tricas.<\/td><td class=\"column-3\">VE1<\/td>\n<\/tr>\n<tr class=\"row-6\">\n\t<td class=\"column-1\">Lista 05:<br \/>\n<a href=\"http:\/\/www.professores.uff.br\/marlenedieguez\/wp-content\/uploads\/sites\/53\/2017\/08\/lista-5_MB-1_2015-1.pdf\">Exerc\u00edcios<\/a><br \/>\n<a href=\"http:\/\/www.professores.uff.br\/marlenedieguez\/wp-content\/uploads\/sites\/53\/2017\/08\/lista-5_MB-I_2015-1_RESPOSTA.pdf\">Respostas<\/a><\/td><td class=\"column-2\">N\u00fameros reais: estimativas. Pot\u00eancias inteiras e racionais. Pot\u00eancias racionais: rela\u00e7\u00e3o de ordem. Gr\u00e1fico de fun\u00e7\u00e3o de pot\u00eancia racional.<\/td><td class=\"column-3\">VE2<br \/>\n<\/td>\n<\/tr>\n<tr class=\"row-7\">\n\t<td class=\"column-1\">Lista 06:<br \/>\n<a href=\"http:\/\/www.professores.uff.br\/marlenedieguez\/wp-content\/uploads\/sites\/53\/2017\/08\/lista-6_MB-1_2015-1.pdf\">Exerc\u00edcios<\/a><br \/>\n<a href=\"http:\/\/www.professores.uff.br\/marlenedieguez\/wp-content\/uploads\/sites\/53\/2017\/08\/lista-6_MB-I_2015-1_RESPOSTA.pdf\">Respostas<\/a><\/td><td class=\"column-2\">Fun\u00e7\u00e3o exponencial. Equa\u00e7\u00f5es e inequa\u00e7\u00f5es exponenciais e logar\u00edtmicas.<br \/>\n<\/td><td class=\"column-3\">VE2<br \/>\n<\/td>\n<\/tr>\n<tr class=\"row-8\">\n\t<td class=\"column-1\">Lista 07:<br \/>\n<a href=\"http:\/\/www.professores.uff.br\/marlenedieguez\/wp-content\/uploads\/sites\/53\/2017\/08\/lista-7_MB-I_2015-1.pdf\">Exerc\u00edcios<\/a><br \/>\n<a href=\"http:\/\/www.professores.uff.br\/marlenedieguez\/wp-content\/uploads\/sites\/53\/2017\/08\/lista-7_MB-I_2015-1_RESPOSTA.pdf\">Respostas<\/a><\/td><td class=\"column-2\">Bin\u00f4mio de Newton. S\u00e9rie geom\u00e9trica.<br \/>\n<\/td><td class=\"column-3\">VE2<br \/>\n<\/td>\n<\/tr>\n<tr class=\"row-9\">\n\t<td class=\"column-1\">Lista 08:<br \/>\n<a href=\"http:\/\/www.professores.uff.br\/marlenedieguez\/wp-content\/uploads\/sites\/53\/2017\/08\/lista-8_MB-I_2015-1.pdf\">Exerc\u00edcios<\/a><a href=\"http:\/\/www.professores.uff.br\/marlenedieguez\/wp-content\/uploads\/sites\/53\/2017\/08\/lista-8_MB-I_2015-1_RESPOSTA.pdf\">Respostas<\/a><\/td><td class=\"column-2\">Polin\u00f4mios.<br \/>\n<\/td><td class=\"column-3\">VE2<br \/>\n<\/td>\n<\/tr>\n<tr class=\"row-10\">\n\t<td class=\"column-1\">Lista 09:<br \/>\n<a href=\"http:\/\/www.professores.uff.br\/marlenedieguez\/wp-content\/uploads\/sites\/53\/2017\/08\/lista-9_MB-I_2015-1.pdf\">Exerc\u00edcios<\/a><br \/>\n<a href=\"http:\/\/www.professores.uff.br\/marlenedieguez\/wp-content\/uploads\/sites\/53\/2017\/08\/lista-9_MB-I_2015-1_RESPOSTA.pdf\">Respostas<\/a><\/td><td class=\"column-2\">N\u00fameros complexos.<br \/>\n<\/td><td class=\"column-3\">VE2<br \/>\n<\/td>\n<\/tr>\n<\/tbody>\n<\/table>\n<!-- #tablepress-6 from cache -->\n","protected":false},"excerpt":{"rendered":"","protected":false},"author":22,"featured_media":0,"parent":0,"menu_order":0,"comment_status":"closed","ping_status":"closed","template":"","meta":{"_exactmetrics_skip_tracking":false,"_exactmetrics_sitenote_active":false,"_exactmetrics_sitenote_note":"","_exactmetrics_sitenote_category":0,"footnotes":""},"categories":[5],"tags":[],"class_list":["post-347","page","type-page","status-publish","hentry","category-tabelas"],"_links":{"self":[{"href":"https:\/\/www.professores.uff.br\/marlenedieguez\/wp-json\/wp\/v2\/pages\/347","targetHints":{"allow":["GET"]}}],"collection":[{"href":"https:\/\/www.professores.uff.br\/marlenedieguez\/wp-json\/wp\/v2\/pages"}],"about":[{"href":"https:\/\/www.professores.uff.br\/marlenedieguez\/wp-json\/wp\/v2\/types\/page"}],"author":[{"embeddable":true,"href":"https:\/\/www.professores.uff.br\/marlenedieguez\/wp-json\/wp\/v2\/users\/22"}],"replies":[{"embeddable":true,"href":"https:\/\/www.professores.uff.br\/marlenedieguez\/wp-json\/wp\/v2\/comments?post=347"}],"version-history":[{"count":1,"href":"https:\/\/www.professores.uff.br\/marlenedieguez\/wp-json\/wp\/v2\/pages\/347\/revisions"}],"predecessor-version":[{"id":348,"href":"https:\/\/www.professores.uff.br\/marlenedieguez\/wp-json\/wp\/v2\/pages\/347\/revisions\/348"}],"wp:attachment":[{"href":"https:\/\/www.professores.uff.br\/marlenedieguez\/wp-json\/wp\/v2\/media?parent=347"}],"wp:term":[{"taxonomy":"category","embeddable":true,"href":"https:\/\/www.professores.uff.br\/marlenedieguez\/wp-json\/wp\/v2\/categories?post=347"},{"taxonomy":"post_tag","embeddable":true,"href":"https:\/\/www.professores.uff.br\/marlenedieguez\/wp-json\/wp\/v2\/tags?post=347"}],"curies":[{"name":"wp","href":"https:\/\/api.w.org\/{rel}","templated":true}]}}