{"id":418,"date":"2017-08-07T13:03:42","date_gmt":"2017-08-07T16:03:42","guid":{"rendered":"http:\/\/www.professores.uff.br\/marlenedieguez\/?page_id=418"},"modified":"2017-08-07T13:04:57","modified_gmt":"2017-08-07T16:04:57","slug":"provas-antigas","status":"publish","type":"page","link":"https:\/\/www.professores.uff.br\/marlenedieguez\/provas-antigas\/","title":{"rendered":"Provas Antigas"},"content":{"rendered":"<h4><strong>Navegue no menu ao lado para acessar as provas antigas das seguintes mat\u00e9rias:<\/strong><\/h4>\n<ul>\n<li>Calculo I &#8211; 2016.1<\/li>\n<li>Calculo I &#8211; 2016.2<\/li>\n<li>Calculo III<\/li>\n<li>Matem\u00e1tica B\u00e1sica<\/li>\n<\/ul>\n","protected":false},"excerpt":{"rendered":"<p>Navegue no menu ao lado para acessar as provas antigas das seguintes mat\u00e9rias: Calculo I &#8211; 2016.1 Calculo I &#8211; 2016.2 Calculo III Matem\u00e1tica B\u00e1sica<\/p>\n","protected":false},"author":22,"featured_media":0,"parent":0,"menu_order":0,"comment_status":"closed","ping_status":"closed","template":"","meta":{"_exactmetrics_skip_tracking":false,"_exactmetrics_sitenote_active":false,"_exactmetrics_sitenote_note":"","_exactmetrics_sitenote_category":0,"footnotes":""},"categories":[],"tags":[],"class_list":["post-418","page","type-page","status-publish","hentry"],"_links":{"self":[{"href":"https:\/\/www.professores.uff.br\/marlenedieguez\/wp-json\/wp\/v2\/pages\/418","targetHints":{"allow":["GET"]}}],"collection":[{"href":"https:\/\/www.professores.uff.br\/marlenedieguez\/wp-json\/wp\/v2\/pages"}],"about":[{"href":"https:\/\/www.professores.uff.br\/marlenedieguez\/wp-json\/wp\/v2\/types\/page"}],"author":[{"embeddable":true,"href":"https:\/\/www.professores.uff.br\/marlenedieguez\/wp-json\/wp\/v2\/users\/22"}],"replies":[{"embeddable":true,"href":"https:\/\/www.professores.uff.br\/marlenedieguez\/wp-json\/wp\/v2\/comments?post=418"}],"version-history":[{"count":2,"href":"https:\/\/www.professores.uff.br\/marlenedieguez\/wp-json\/wp\/v2\/pages\/418\/revisions"}],"predecessor-version":[{"id":423,"href":"https:\/\/www.professores.uff.br\/marlenedieguez\/wp-json\/wp\/v2\/pages\/418\/revisions\/423"}],"wp:attachment":[{"href":"https:\/\/www.professores.uff.br\/marlenedieguez\/wp-json\/wp\/v2\/media?parent=418"}],"wp:term":[{"taxonomy":"category","embeddable":true,"href":"https:\/\/www.professores.uff.br\/marlenedieguez\/wp-json\/wp\/v2\/categories?post=418"},{"taxonomy":"post_tag","embeddable":true,"href":"https:\/\/www.professores.uff.br\/marlenedieguez\/wp-json\/wp\/v2\/tags?post=418"}],"curies":[{"name":"wp","href":"https:\/\/api.w.org\/{rel}","templated":true}]}}