{"id":274099,"date":"2025-08-18T13:53:32","date_gmt":"2025-08-18T16:53:32","guid":{"rendered":"https:\/\/www.professores.uff.br\/martharibeiro\/?page_id=274099"},"modified":"2025-10-18T18:08:42","modified_gmt":"2025-10-18T21:08:42","slug":"encontro-com-artistas","status":"publish","type":"page","link":"https:\/\/www.professores.uff.br\/martharibeiro\/encontro-com-artistas\/","title":{"rendered":"Encontro com Artistas"},"content":{"rendered":"<p>[et_pb_section fb_built=&#8221;1&#8243; _builder_version=&#8221;4.21.0&#8243; _module_preset=&#8221;default&#8221; custom_margin=&#8221;||-88px|||&#8221; custom_padding=&#8221;5px|||||&#8221; global_colors_info=&#8221;{}&#8221;][et_pb_row _builder_version=&#8221;4.21.0&#8243; _module_preset=&#8221;default&#8221; width=&#8221;96%&#8221; max_width=&#8221;1280px&#8221; global_colors_info=&#8221;{}&#8221;][et_pb_column type=&#8221;4_4&#8243; _builder_version=&#8221;4.21.0&#8243; _module_preset=&#8221;default&#8221; global_colors_info=&#8221;{}&#8221;][et_pb_text _builder_version=&#8221;4.21.0&#8243; _dynamic_attributes=&#8221;content&#8221; text_font=&#8221;Rubik|||on|||||&#8221; text_font_size=&#8221;16px&#8221; text_line_height=&#8221;1.4em&#8221; header_6_font=&#8221;|700||on|||||&#8221; header_6_font_size=&#8221;11px&#8221; header_6_letter_spacing=&#8221;2px&#8221; header_6_line_height=&#8221;1.8em&#8221; background_color=&#8221;#f9f9f9&#8243; custom_margin=&#8221;||30px||false|false&#8221; custom_padding=&#8221;12px|16px|12px|16px|false|true&#8221; link_option_url=&#8221;#&#8221; border_color_all=&#8221;gcid-17621a1c-853e-4a96-87bc-3ab7254f3c3d&#8221; border_width_left=&#8221;4px&#8221; locked=&#8221;off&#8221; global_colors_info=&#8221;{%22gcid-17621a1c-853e-4a96-87bc-3ab7254f3c3d%22:%91%22border_color_all%22%93}&#8221; border_width_left__hover_enabled=&#8221;on|hover&#8221; border_width_left__hover=&#8221;12px&#8221;]@ET-DC@eyJkeW5hbWljIjp0cnVlLCJjb250ZW50IjoicG9zdF90aXRsZSIsInNldHRpbmdzIjp7ImJlZm9yZSI6IiIsImFmdGVyIjoiIn19@[\/et_pb_text][\/et_pb_column][\/et_pb_row][\/et_pb_section][et_pb_section fb_built=&#8221;1&#8243; _builder_version=&#8221;4.21.0&#8243; _module_preset=&#8221;default&#8221; min_height=&#8221;808.6px&#8221; custom_padding=&#8221;||4px|||&#8221; global_colors_info=&#8221;{}&#8221;][et_pb_row _builder_version=&#8221;4.21.0&#8243; _module_preset=&#8221;default&#8221; custom_margin=&#8221;-53px|auto||199px||&#8221; hover_enabled=&#8221;0&#8243; global_colors_info=&#8221;{}&#8221; custom_padding=&#8221;30px|||1px||&#8221; sticky_enabled=&#8221;0&#8243; width=&#8221;88.6%&#8221; min_height=&#8221;612px&#8221;][et_pb_column type=&#8221;4_4&#8243; _builder_version=&#8221;4.21.0&#8243; _module_preset=&#8221;default&#8221; global_colors_info=&#8221;{}&#8221;][et_pb_text _builder_version=&#8221;4.21.0&#8243; _module_preset=&#8221;default&#8221; global_colors_info=&#8221;{}&#8221; custom_padding=&#8221;|||0px||&#8221; width=&#8221;100%&#8221;]<\/p>\n<p><span style=\"font-weight: 400\"><strong>CURADORIA E MEDIA\u00c7\u00c3O<\/strong> &#8211; MARTHA RIBEIRO\u00a0<\/span><\/p>\n<p>O projeto recebeu diretores teatrais, atores e dramaturgos premiados para uma conversa sobre as artes c\u00eanicas em interlocu\u00e7\u00e3o com pesquisadores da \u00e1rea de humanas e de artes. A partir de uma tem\u00e1tica pr\u00e9via, o pesquisador e o artista elaboram durante o ENCONTRO reflex\u00f5es e saberes, trocando experi\u00eancias em tempo real.<\/p>\n<p data-start=\"442\" data-end=\"508\" style=\"text-align: justify\">Ao longo do ano de 2017, o Encontro realizou os seguintes debates:<\/p>\n<p data-start=\"442\" data-end=\"508\" style=\"text-align: justify\">\n<p data-start=\"442\" data-end=\"508\" style=\"text-align: justify\">\n<ul data-start=\"1397\" data-end=\"1601\" style=\"text-align: justify\">\n<li data-start=\"510\" data-end=\"628\">\n<p data-start=\"512\" data-end=\"628\"><strong data-start=\"512\" data-end=\"558\">TEATRO E LOUCURA: os vil\u00f5es de Shakespeare<\/strong>, com o diretor teatral Sergio Modena e o psiquiatra Ronaldo Victer.<\/p>\n<\/li>\n<li data-start=\"510\" data-end=\"628\"><strong>TEATRO E ATIVISMO: o teatro do Oprimido e uma est\u00e9tica para a autonomia<\/strong>, com B\u00e1rbara Santos e a professora de filosofia Martha D \u00c2ngelo.<\/li>\n<li data-start=\"629\" data-end=\"780\">\n<p data-start=\"631\" data-end=\"780\"><strong data-start=\"631\" data-end=\"686\">TEATRO E DRAMA DE IDEIA: a fic\u00e7\u00e3o como espa\u00e7o \u00e9tico<\/strong>, com o dramaturgo e diretor teatral Jo\u00e3o C\u00edcero e o professor de Letras da UFF, Andr\u00e9 Dias.<\/p>\n<\/li>\n<li data-start=\"629\" data-end=\"780\"><strong>TEATRO, MEDITA\u00c7\u00c3O E NEUROCI\u00caNCIA: Pr\u00e1ticas meditativas para o trabalho do ator<\/strong>, com Bruno Pacheco e o pesquisador e professora da UFF Claudio Serfaty.<\/li>\n<li data-start=\"781\" data-end=\"975\">\n<p data-start=\"783\" data-end=\"975\"><strong data-start=\"783\" data-end=\"843\">TEATRO E POL\u00cdTICA: o poder e o espa\u00e7o pol\u00edtico no teatro<\/strong>, com o diretor e fundador do Armaz\u00e9m Companhia de Teatro, Paulo de Moraes, e o professor de Teoria Teatral da UNIRIO, Paulo Munk.<\/p>\n<\/li>\n<li data-start=\"976\" data-end=\"1184\">\n<p data-start=\"978\" data-end=\"1184\"><strong data-start=\"978\" data-end=\"1057\">TEATRO E G\u00caNERO: Transgress\u00e3o e desmesura, \u00e0 travesti na cena contempor\u00e2nea<\/strong>, com o diretor teatral Fabiano de Freitas, do Teatro de Extremos, e o professor da UFRJ-EBA, Samuel Abrantes \/ Samile Cunha.<\/p>\n<\/li>\n<li data-start=\"976\" data-end=\"1184\"><strong>TEATRO E RESIST\u00caNCIA: O of\u00edcio do ator<\/strong>, com os artistas Artur Luanda e Andr\u00e9 Curti da CIA DOS \u00c0 DEUX.<\/li>\n<li data-start=\"976\" data-end=\"1184\"><strong>TEATRO, POL\u00cdTICA E FEMINISMOS: o teatro document\u00e1rio na experi\u00eancia da KIWI companhia de teatro,<\/strong> com Fernanda Azevedo e Fernando Kinas<\/li>\n<li data-start=\"976\" data-end=\"1184\"><strong data-start=\"1228\" data-end=\"1266\" style=\"font-size: 14px\">ENCONTRO COM O GRUPO GALP\u00c3O: <\/strong><span style=\"font-size: 14px\"><strong>conversa sobre a montagem Os gigantes da montanha<\/strong> , de Luigi Pirandello.<\/span><\/li>\n<li data-start=\"976\" data-end=\"1184\"><strong data-start=\"1228\" data-end=\"1266\" style=\"font-size: 14px\">TEATRO E ANTROPOFAGIA: Indigest\u00f5es<\/strong><span style=\"font-size: 14px\">, com uma super mesa composta pela AQUELA CIA DE TEATRO<\/span><span style=\"font-size: 14px\">: <\/span><span style=\"font-size: 14px\">O diretor teatral Marco Andr\u00e9 Nunes, <\/span><span style=\"font-size: 14px\">O dramaturgo e diretor teatral Pedro Kosovski, <\/span><span style=\"font-size: 14px\">A atriz e pesquisadora Carolina Virg\u00fcez, junto ao professor de filosofia Patrick Pessoa.\u00a0<\/span><\/li>\n<li data-start=\"976\" data-end=\"1184\"><span style=\"font-size: 14px\"><\/span><\/li>\n<li data-start=\"976\" data-end=\"1184\"><span style=\"font-size: 14px\"><\/span><\/li>\n<li data-start=\"976\" data-end=\"1184\"><span style=\"font-size: 14px\"><\/span><\/li>\n<li data-start=\"976\" data-end=\"1184\"><span style=\"font-size: 14px\"><\/span><\/li>\n<\/ul>\n<p>[\/et_pb_text][\/et_pb_column][\/et_pb_row][\/et_pb_section][et_pb_section fb_built=&#8221;1&#8243; _builder_version=&#8221;4.21.0&#8243; _module_preset=&#8221;default&#8221; custom_margin=&#8221;-183px|||||&#8221; global_colors_info=&#8221;{}&#8221;][et_pb_row column_structure=&#8221;1_3,1_3,1_3&#8243; _builder_version=&#8221;4.21.0&#8243; _module_preset=&#8221;default&#8221; global_colors_info=&#8221;{}&#8221;][et_pb_column type=&#8221;1_3&#8243; _builder_version=&#8221;4.21.0&#8243; _module_preset=&#8221;default&#8221; global_colors_info=&#8221;{}&#8221;][et_pb_image src=&#8221;http:\/\/www.professores.uff.br\/martharibeiro\/wp-content\/uploads\/sites\/62\/2025\/08\/10-abril.png&#8221; title_text=&#8221;10-abril&#8221; _builder_version=&#8221;4.21.0&#8243; _module_preset=&#8221;default&#8221; hover_enabled=&#8221;0&#8243; global_colors_info=&#8221;{}&#8221; sticky_enabled=&#8221;0&#8243;][\/et_pb_image][\/et_pb_column][et_pb_column type=&#8221;1_3&#8243; _builder_version=&#8221;4.21.0&#8243; _module_preset=&#8221;default&#8221; global_colors_info=&#8221;{}&#8221;][et_pb_image src=&#8221;http:\/\/www.professores.uff.br\/martharibeiro\/wp-content\/uploads\/sites\/62\/2025\/08\/20-abril-scaled.png&#8221; title_text=&#8221;20-abril&#8221; _builder_version=&#8221;4.21.0&#8243; _module_preset=&#8221;default&#8221; global_colors_info=&#8221;{}&#8221;][\/et_pb_image][\/et_pb_column][et_pb_column type=&#8221;1_3&#8243; _builder_version=&#8221;4.21.0&#8243; _module_preset=&#8221;default&#8221; global_colors_info=&#8221;{}&#8221;][et_pb_image src=&#8221;http:\/\/www.professores.uff.br\/martharibeiro\/wp-content\/uploads\/sites\/62\/2025\/08\/01-jun-scaled.png&#8221; title_text=&#8221;01-jun&#8221; _builder_version=&#8221;4.21.0&#8243; _module_preset=&#8221;default&#8221; global_colors_info=&#8221;{}&#8221;][\/et_pb_image][\/et_pb_column][\/et_pb_row][et_pb_row column_structure=&#8221;1_2,1_2&#8243; _builder_version=&#8221;4.21.0&#8243; _module_preset=&#8221;default&#8221; global_colors_info=&#8221;{}&#8221;][et_pb_column type=&#8221;1_2&#8243; _builder_version=&#8221;4.21.0&#8243; _module_preset=&#8221;default&#8221; global_colors_info=&#8221;{}&#8221;][et_pb_image src=&#8221;http:\/\/www.professores.uff.br\/martharibeiro\/wp-content\/uploads\/sites\/62\/2025\/08\/convite-GALPAO.jpg&#8221; title_text=&#8221;convite GALPAO&#8221; _builder_version=&#8221;4.21.0&#8243; _module_preset=&#8221;default&#8221; global_colors_info=&#8221;{}&#8221;][\/et_pb_image][\/et_pb_column][et_pb_column type=&#8221;1_2&#8243; _builder_version=&#8221;4.21.0&#8243; _module_preset=&#8221;default&#8221; global_colors_info=&#8221;{}&#8221;][et_pb_image src=&#8221;http:\/\/www.professores.uff.br\/martharibeiro\/wp-content\/uploads\/sites\/62\/2025\/08\/ECA-flyer01-1.jpg&#8221; title_text=&#8221;ECA-flyer01&#8243; _builder_version=&#8221;4.21.0&#8243; _module_preset=&#8221;default&#8221; global_colors_info=&#8221;{}&#8221;][\/et_pb_image][\/et_pb_column][\/et_pb_row][et_pb_row column_structure=&#8221;1_3,1_3,1_3&#8243; _builder_version=&#8221;4.21.0&#8243; _module_preset=&#8221;default&#8221; global_colors_info=&#8221;{}&#8221;][et_pb_column type=&#8221;1_3&#8243; _builder_version=&#8221;4.21.0&#8243; _module_preset=&#8221;default&#8221; global_colors_info=&#8221;{}&#8221;][et_pb_image src=&#8221;http:\/\/www.professores.uff.br\/martharibeiro\/wp-content\/uploads\/sites\/62\/2025\/08\/17-outubro-scaled.jpg&#8221; title_text=&#8221;17-outubro&#8221; _builder_version=&#8221;4.21.0&#8243; _module_preset=&#8221;default&#8221; global_colors_info=&#8221;{}&#8221;][\/et_pb_image][et_pb_image src=&#8221;http:\/\/www.professores.uff.br\/martharibeiro\/wp-content\/uploads\/sites\/62\/2025\/10\/ECA-7-scaled.png&#8221; _builder_version=&#8221;4.21.0&#8243; _module_preset=&#8221;default&#8221; title_text=&#8221;ECA &#8211; 7&#8243; hover_enabled=&#8221;0&#8243; sticky_enabled=&#8221;0&#8243;][\/et_pb_image][\/et_pb_column][et_pb_column type=&#8221;1_3&#8243; _builder_version=&#8221;4.21.0&#8243; _module_preset=&#8221;default&#8221; global_colors_info=&#8221;{}&#8221;][et_pb_image src=&#8221;http:\/\/www.professores.uff.br\/martharibeiro\/wp-content\/uploads\/sites\/62\/2025\/08\/29-nov-scaled.jpg&#8221; title_text=&#8221;29-nov&#8221; _builder_version=&#8221;4.21.0&#8243; _module_preset=&#8221;default&#8221; global_colors_info=&#8221;{}&#8221;][\/et_pb_image][et_pb_image src=&#8221;http:\/\/www.professores.uff.br\/martharibeiro\/wp-content\/uploads\/sites\/62\/2025\/10\/ENCONTRO-COM-ARTISTAS-5-scaled.png&#8221; _builder_version=&#8221;4.21.0&#8243; _module_preset=&#8221;default&#8221; title_text=&#8221;ENCONTRO COM ARTISTAS 5&#8243; hover_enabled=&#8221;0&#8243; sticky_enabled=&#8221;0&#8243;][\/et_pb_image][\/et_pb_column][et_pb_column type=&#8221;1_3&#8243; _builder_version=&#8221;4.21.0&#8243; _module_preset=&#8221;default&#8221; global_colors_info=&#8221;{}&#8221;][et_pb_image src=&#8221;http:\/\/www.professores.uff.br\/martharibeiro\/wp-content\/uploads\/sites\/62\/2025\/08\/13-dez.png&#8221; title_text=&#8221;13-dez&#8221; _builder_version=&#8221;4.21.0&#8243; _module_preset=&#8221;default&#8221; global_colors_info=&#8221;{}&#8221;][\/et_pb_image][\/et_pb_column][\/et_pb_row][\/et_pb_section]<\/p>\n","protected":false},"excerpt":{"rendered":"<p>CURADORIA E MEDIA\u00c7\u00c3O &#8211; MARTHA RIBEIRO\u00a0 O projeto recebeu diretores teatrais, atores e dramaturgos premiados para uma conversa sobre as artes c\u00eanicas em interlocu\u00e7\u00e3o com pesquisadores da \u00e1rea de humanas e de artes. A partir de uma tem\u00e1tica pr\u00e9via, o pesquisador e o artista elaboram durante o ENCONTRO reflex\u00f5es e saberes, trocando experi\u00eancias em tempo [&hellip;]<\/p>\n","protected":false},"author":65,"featured_media":0,"parent":0,"menu_order":0,"comment_status":"closed","ping_status":"closed","template":"","meta":{"_et_pb_use_builder":"on","_et_pb_old_content":"","_et_gb_content_width":"","_exactmetrics_skip_tracking":false,"_exactmetrics_sitenote_active":false,"_exactmetrics_sitenote_note":"","_exactmetrics_sitenote_category":0,"footnotes":""},"categories":[],"tags":[],"class_list":["post-274099","page","type-page","status-publish","hentry"],"_links":{"self":[{"href":"https:\/\/www.professores.uff.br\/martharibeiro\/wp-json\/wp\/v2\/pages\/274099","targetHints":{"allow":["GET"]}}],"collection":[{"href":"https:\/\/www.professores.uff.br\/martharibeiro\/wp-json\/wp\/v2\/pages"}],"about":[{"href":"https:\/\/www.professores.uff.br\/martharibeiro\/wp-json\/wp\/v2\/types\/page"}],"author":[{"embeddable":true,"href":"https:\/\/www.professores.uff.br\/martharibeiro\/wp-json\/wp\/v2\/users\/65"}],"replies":[{"embeddable":true,"href":"https:\/\/www.professores.uff.br\/martharibeiro\/wp-json\/wp\/v2\/comments?post=274099"}],"version-history":[{"count":24,"href":"https:\/\/www.professores.uff.br\/martharibeiro\/wp-json\/wp\/v2\/pages\/274099\/revisions"}],"predecessor-version":[{"id":274909,"href":"https:\/\/www.professores.uff.br\/martharibeiro\/wp-json\/wp\/v2\/pages\/274099\/revisions\/274909"}],"wp:attachment":[{"href":"https:\/\/www.professores.uff.br\/martharibeiro\/wp-json\/wp\/v2\/media?parent=274099"}],"wp:term":[{"taxonomy":"category","embeddable":true,"href":"https:\/\/www.professores.uff.br\/martharibeiro\/wp-json\/wp\/v2\/categories?post=274099"},{"taxonomy":"post_tag","embeddable":true,"href":"https:\/\/www.professores.uff.br\/martharibeiro\/wp-json\/wp\/v2\/tags?post=274099"}],"curies":[{"name":"wp","href":"https:\/\/api.w.org\/{rel}","templated":true}]}}