{"id":174,"date":"2018-11-12T21:38:03","date_gmt":"2018-11-12T23:38:03","guid":{"rendered":"http:\/\/www.professores.uff.br\/mitre\/?page_id=174"},"modified":"2026-03-24T11:56:03","modified_gmt":"2026-03-24T14:56:03","slug":"disciplinas","status":"publish","type":"page","link":"https:\/\/www.professores.uff.br\/mitre\/","title":{"rendered":"Disciplinas"},"content":{"rendered":"\n<h3 class=\"wp-block-heading has-large-font-size\"><a href=\"http:\/\/www.professores.uff.br\/mitre\/index.php\/engenharia-de-reservatorios\/\">Engenharia de Reservat\u00f3rios<\/a><\/h3>\n\n\n\n<p><strong>Objetivo:<\/strong> Estudar os procedimentos de an\u00e1lise de reservat\u00f3rios.<\/p>\n\n\n\n<h3 class=\"wp-block-heading has-large-font-size\"><a href=\"http:\/\/www.professores.uff.br\/mitre\/index.php\/seguranca-de-processos-industriais\/\">Seguran\u00e7a de Processos Industriais<\/a><\/h3>\n\n\n\n<p><strong>Objetivo:<\/strong> Fornecer fundamentos, m\u00e9todos e aplica\u00e7\u00f5es que permitam projetar e operar, com seguran\u00e7a, plantas industriais, atrav\u00e9s da preven\u00e7\u00e3o de acidentes pela identifica\u00e7\u00e3o de perigos e problemas de operabilidade e de sua elimina\u00e7\u00e3o ou mitiga\u00e7\u00e3o, assim como de t\u00e9cnicas de an\u00e1lise e de gerenciamento de riscos.<\/p>\n\n\n\n<h3 class=\"wp-block-heading has-large-font-size\"><a href=\"http:\/\/www.professores.uff.br\/mitre\/inteligencia-artificial-fundamentos-e-aplicacoes\/\">Intelig\u00eancia Artificial: Fundamentos e Aplica\u00e7\u00f5es<\/a><\/h3>\n\n\n\n<p>Objetivo: <span style=\"color: #222222\"><span style=\"font-size: medium\">Apresentar fundamentos, conceitos e m\u00e9todos utilizados na solu\u00e7\u00e3o de problemas pr\u00e1ticos com intelig\u00eancia artificial.<\/span><\/span><\/p>\n","protected":false},"excerpt":{"rendered":"<p>Engenharia de Reservat\u00f3rios Objetivo: Estudar os procedimentos de an\u00e1lise de reservat\u00f3rios. Seguran\u00e7a de Processos Industriais Objetivo: Fornecer fundamentos, m\u00e9todos e aplica\u00e7\u00f5es que permitam projetar e operar, com seguran\u00e7a, plantas industriais, atrav\u00e9s da preven\u00e7\u00e3o de acidentes pela identifica\u00e7\u00e3o de perigos e problemas de operabilidade e de sua elimina\u00e7\u00e3o ou mitiga\u00e7\u00e3o, assim como de t\u00e9cnicas de an\u00e1lise [&hellip;]<\/p>\n","protected":false},"author":152,"featured_media":0,"parent":0,"menu_order":0,"comment_status":"closed","ping_status":"closed","template":"","meta":{"_exactmetrics_skip_tracking":false,"_exactmetrics_sitenote_active":false,"_exactmetrics_sitenote_note":"","_exactmetrics_sitenote_category":0,"footnotes":""},"categories":[],"tags":[],"class_list":["post-174","page","type-page","status-publish","hentry"],"_links":{"self":[{"href":"https:\/\/www.professores.uff.br\/mitre\/wp-json\/wp\/v2\/pages\/174","targetHints":{"allow":["GET"]}}],"collection":[{"href":"https:\/\/www.professores.uff.br\/mitre\/wp-json\/wp\/v2\/pages"}],"about":[{"href":"https:\/\/www.professores.uff.br\/mitre\/wp-json\/wp\/v2\/types\/page"}],"author":[{"embeddable":true,"href":"https:\/\/www.professores.uff.br\/mitre\/wp-json\/wp\/v2\/users\/152"}],"replies":[{"embeddable":true,"href":"https:\/\/www.professores.uff.br\/mitre\/wp-json\/wp\/v2\/comments?post=174"}],"version-history":[{"count":11,"href":"https:\/\/www.professores.uff.br\/mitre\/wp-json\/wp\/v2\/pages\/174\/revisions"}],"predecessor-version":[{"id":425,"href":"https:\/\/www.professores.uff.br\/mitre\/wp-json\/wp\/v2\/pages\/174\/revisions\/425"}],"wp:attachment":[{"href":"https:\/\/www.professores.uff.br\/mitre\/wp-json\/wp\/v2\/media?parent=174"}],"wp:term":[{"taxonomy":"category","embeddable":true,"href":"https:\/\/www.professores.uff.br\/mitre\/wp-json\/wp\/v2\/categories?post=174"},{"taxonomy":"post_tag","embeddable":true,"href":"https:\/\/www.professores.uff.br\/mitre\/wp-json\/wp\/v2\/tags?post=174"}],"curies":[{"name":"wp","href":"https:\/\/api.w.org\/{rel}","templated":true}]}}