{"id":303,"date":"2023-04-12T20:35:10","date_gmt":"2023-04-12T23:35:10","guid":{"rendered":"http:\/\/www.professores.uff.br\/mitre\/?page_id=303"},"modified":"2026-04-09T16:46:32","modified_gmt":"2026-04-09T19:46:32","slug":"inteligencia-artificial-fundamentos-e-aplicacoes","status":"publish","type":"page","link":"https:\/\/www.professores.uff.br\/mitre\/inteligencia-artificial-fundamentos-e-aplicacoes\/","title":{"rendered":"Intelig\u00eancia Artificial: Fundamentos e Aplica\u00e7\u00f5es"},"content":{"rendered":"\n<ul class=\"wp-block-list\">\n<li>Ementa e Bibliografia est\u00e3o nos slides da disciplina<\/li>\n\n\n\n<li><a href=\"https:\/\/drive.google.com\/drive\/folders\/1f-GoR9wJzXHK_dFFdyPDY28k1XNYDr1_?usp=sharing\" data-type=\"link\" data-id=\"https:\/\/drive.google.com\/drive\/folders\/1f-GoR9wJzXHK_dFFdyPDY28k1XNYDr1_?usp=sharing\">Aulas em slides<\/a><\/li>\n\n\n\n<li><a href=\"https:\/\/drive.google.com\/drive\/folders\/1MteJU-UplPDXu0X5C5m2yzlI2KIatPU6?usp=sharing\">C\u00f3digos<\/a><\/li>\n\n\n\n<li><a href=\"https:\/\/drive.google.com\/drive\/folders\/1urQDyQjn8sRSiX5GPBkU_3mY8O-TrgwF?usp=sharing\">Prompt Engineering &#8211; Exemplos e Dicas<\/a> &#8211; devido a quest\u00f5es de copyright, acess\u00edvel apenas a contas com e-mail iduff<\/li>\n\n\n\n<li><a href=\"https:\/\/www.youtube.com\/playlist?list=PLqurcgxgZi_g64lQ7VvGrFPtO_M3ZSECt\">Vers\u00e3o gravada da disciplina (dispon\u00edvel gratuitamente a todos)<\/a><\/li>\n<\/ul>\n\n\n\n<p>Os materiais s\u00e3o atualizados com certa frequ\u00eancia. Procure atualizar as informa\u00e7\u00f5es de slides e c\u00f3digos antes do fim do curso.<\/p>\n\n\n\n<p><strong>Data da entrega do projeto da disciplina<\/strong>: 10\/07\/2026<\/p>\n\n\n\n<p><\/p>\n","protected":false},"excerpt":{"rendered":"<p>Os materiais s\u00e3o atualizados com certa frequ\u00eancia. Procure atualizar as informa\u00e7\u00f5es de slides e c\u00f3digos antes do fim do curso. Data da entrega do projeto da disciplina: 10\/07\/2026<\/p>\n","protected":false},"author":152,"featured_media":0,"parent":0,"menu_order":0,"comment_status":"closed","ping_status":"closed","template":"","meta":{"_exactmetrics_skip_tracking":false,"_exactmetrics_sitenote_active":false,"_exactmetrics_sitenote_note":"","_exactmetrics_sitenote_category":0,"footnotes":""},"categories":[],"tags":[],"class_list":["post-303","page","type-page","status-publish","hentry"],"_links":{"self":[{"href":"https:\/\/www.professores.uff.br\/mitre\/wp-json\/wp\/v2\/pages\/303","targetHints":{"allow":["GET"]}}],"collection":[{"href":"https:\/\/www.professores.uff.br\/mitre\/wp-json\/wp\/v2\/pages"}],"about":[{"href":"https:\/\/www.professores.uff.br\/mitre\/wp-json\/wp\/v2\/types\/page"}],"author":[{"embeddable":true,"href":"https:\/\/www.professores.uff.br\/mitre\/wp-json\/wp\/v2\/users\/152"}],"replies":[{"embeddable":true,"href":"https:\/\/www.professores.uff.br\/mitre\/wp-json\/wp\/v2\/comments?post=303"}],"version-history":[{"count":9,"href":"https:\/\/www.professores.uff.br\/mitre\/wp-json\/wp\/v2\/pages\/303\/revisions"}],"predecessor-version":[{"id":454,"href":"https:\/\/www.professores.uff.br\/mitre\/wp-json\/wp\/v2\/pages\/303\/revisions\/454"}],"wp:attachment":[{"href":"https:\/\/www.professores.uff.br\/mitre\/wp-json\/wp\/v2\/media?parent=303"}],"wp:term":[{"taxonomy":"category","embeddable":true,"href":"https:\/\/www.professores.uff.br\/mitre\/wp-json\/wp\/v2\/categories?post=303"},{"taxonomy":"post_tag","embeddable":true,"href":"https:\/\/www.professores.uff.br\/mitre\/wp-json\/wp\/v2\/tags?post=303"}],"curies":[{"name":"wp","href":"https:\/\/api.w.org\/{rel}","templated":true}]}}