{"id":59,"date":"2017-09-28T13:05:03","date_gmt":"2017-09-28T16:05:03","guid":{"rendered":"http:\/\/www.professores.uff.br\/mitre\/?page_id=59"},"modified":"2019-02-19T21:30:09","modified_gmt":"2019-02-20T00:30:09","slug":"fluidos-e-escoamentos-da-industria-do-petroleo","status":"publish","type":"page","link":"https:\/\/www.professores.uff.br\/mitre\/fluidos-e-escoamentos-da-industria-do-petroleo\/","title":{"rendered":"Fluidos e Escoamentos da Ind\u00fastria do Petr\u00f3leo"},"content":{"rendered":"<h3>Material complementar<\/h3>\n<p>Material parcialmente dispon\u00edvel na <strong>pasta 828<\/strong> da x\u00e9rox do Bloco E da Escola de Engenharia.<\/p>\n<ul>\n<li><a href=\"http:\/\/www.professores.uff.br\/mitre\/wp-content\/uploads\/sites\/146\/2017\/09\/ementa-e-bibliografia.pdf\">Ementa e Bibliografia<\/a><\/li>\n<li><strong>Escoamentos n\u00e3o-newtonianos<\/strong>:\n<ul>\n<li>Kumaran; <a href=\"http:\/\/www.physics.iitm.ac.in\/~compflu\/Lect-notes\/kumaran.pdf\" target=\"_blank\" rel=\"noopener noreferrer\">Fundamentals of Rheology<\/a>; acessado em 06\/05\/2016.<\/li>\n<li>Chhabra, F. P. <a href=\"http:\/\/www.physics.iitm.ac.in\/~compflu\/Lect-notes\/chhabra.pdf\" target=\"_blank\" rel=\"noopener noreferrer\">Non-Newtonian Fluids: An Introduction<\/a>. Acessado em 06\/05\/2016<\/li>\n<li>Quoc-Hung Nguyen and Ngoc-Diep Nguyen, <a href=\"http:\/\/cdn.intechopen.com\/pdfs\/34021.pdf\" target=\"_blank\" rel=\"noopener noreferrer\">Cap\u00edtulo 3 &#8211; Incompressible Non-Newtonian Fluid Flows<\/a>, do livro Continuum Mechanics &#8211; Progress in Fundamentals andEngineering Applications, InTech, 2012. Acessado em 06\/05\/2016<\/li>\n<li><a href=\"http:\/\/numerik.iwr.uni-heidelberg.de\/Oberwolfach-Seminar\/Robertson_NonNewtonianNotes.pdf\" target=\"_blank\" rel=\"noopener noreferrer\">Notas de Aula em Escoamentos N\u00e3o-Newtoniano- Parte I &#8211; Fluidos Inel\u00e1sticos<\/a> do prof. Robertson, A. M., 2005. Acessado em 06\/05\/2016<\/li>\n<li>Cap\u00edtulo 2 da disserta\u00e7\u00e3o &#8220;<a href=\"https:\/\/www.lume.ufrgs.br\/bitstream\/handle\/10183\/16306\/000699008.pdf?sequence=1\" target=\"_blank\" rel=\"noopener noreferrer\">Simula\u00e7\u00e3o de Escoamentos Viscoel\u00e1sticos: Desenvolvimento de uma metodologia de an\u00e1lise utilizando o software OpenFOAM e equa\u00e7\u00f5es constitutivas diferenciais<\/a>&#8221; de Jovani L. F\u00e1vero. <em>O Cap\u00edtulo 2 aborda a modelagem matem\u00e1tica desses fluidos.<\/em><\/li>\n<\/ul>\n<ul>\n<li>Cherizol, R.; Sain, M.; Tjong, J.; &#8220;<a href=\"http:\/\/file.scirp.org\/pdf\/GSC_2015012813270068.pdf\" target=\"_blank\" rel=\"noopener noreferrer\">Review of Non-Newtonian Mathematical Models for Rheological Characteristics of Viscoelastic Composites<\/a>&#8220;, Green and Sustainable Chemistry, vol. 5, pp. 6-14, 2015.<\/li>\n<li>Mewis, J.; Wagner, N. J.; <a href=\"http:\/\/www.sciencedirect.com\/science\/article\/pii\/S0001868608001735\" target=\"_blank\" rel=\"noopener noreferrer\">Thixotropy<\/a>, Advances in Colloid and Interface Science, vol. 147\u2013148, pp. 214-227; 2009<\/li>\n<li>Barnes, H. A.; <a href=\"http:\/\/www.sciencedirect.com\/science\/article\/pii\/S0377025797000049\" target=\"_blank\" rel=\"noopener noreferrer\">Thixotropy &#8211; a review<\/a>, Journal of Non-Newtonian Fluid Mechanics, vol. 70, n. 1-2, pp. 1-33, 1997<\/li>\n<li>Correla\u00e7\u00f5es sobre perda de carga em tubula\u00e7\u00f5es com escoamento de fluidos n\u00e3o-newtonianos. <strong>Apenas na x\u00e9rox<\/strong>.<\/li>\n<li>Sochi, T.; <a href=\"http:\/\/www3.imperial.ac.uk\/pls\/portallive\/docs\/1\/39459696.PDF\">Single-Phase Flow of Non-Newtonian Fluids in Porous Media<\/a>, 2009<\/li>\n<li><a href=\"https:\/\/www.youtube.com\/watch?v=D-wxnID2q4A\" target=\"_blank\" rel=\"noopener noreferrer\">Non-Newtonian Fluid Pool<\/a> &#8211; Youtube. Acessado em 05\/03\/2018<\/li>\n<li><a href=\"https:\/\/www.youtube.com\/watch?v=f2XQ97XHjVw\" target=\"_blank\" rel=\"noopener noreferrer\">A pool filled with non-newtonian fluid<\/a> &#8211; Youtube. Acessado em 05\/03\/2018<\/li>\n<li><a href=\"https:\/\/www.youtube.com\/watch?v=bLiNHqwgWaQ\" target=\"_blank\" rel=\"noopener noreferrer\">Non-Newtonian Fluids and Viscosity<\/a> &#8211; Youtube. Acessado em 05\/03\/2018<\/li>\n<\/ul>\n<\/li>\n<li><strong>Escoamento multif\u00e1sico em tubula\u00e7\u00f5es:<\/strong>\n<ul>\n<li>Christopher E. Brennen; <a href=\"http:\/\/authors.library.caltech.edu\/25021\/2\/cabook.pdf\" target=\"_blank\" rel=\"noopener noreferrer\">Fundamentals of Multiphase Flows<\/a>, Cambridge University Press, 2005.<\/li>\n<li>Ove Bratland, <a href=\"http:\/\/www.drbratland.com\/download-two-free-books-on-flow-assurance\/\" target=\"_blank\" rel=\"noopener noreferrer\">Pipe Flow 2 &#8211; Multi-phase Flow Assurance<\/a>, <a href=\"http:\/\/www.drbratland.com\" target=\"_blank\" rel=\"noopener noreferrer\">http:\/\/www.drbratland.com<\/a>, 2013. <a href=\"http:\/\/www.drbratland.com\/download-two-free-books-on-flow-assurance\/\" target=\"_blank\" rel=\"noopener noreferrer\">Download gratuito frente a cadastro<\/a>, existem dois livros, nesse curso, usaremos apenas o segundo volume, mas sugiro que baixe os dois volumes.<\/li>\n<li>Curso na NPTEL &#8211; <a href=\"http:\/\/nptel.ac.in\/courses\/103105059\/\" target=\"_blank\" rel=\"noopener noreferrer\">http:\/\/nptel.ac.in\/courses\/103105059\/<\/a>. Note que al\u00e9m do v\u00eddeo, existe um texto em PDF associado ao conte\u00fado exposto no v\u00eddeo.<\/li>\n<li><a href=\"http:\/\/www.professores.uff.br\/mitre\/wp-content\/uploads\/sites\/146\/2017\/09\/moody.pdf\">Gr\u00e1fico de Moody, fator de atrito de Darcy<\/a><\/li>\n<li><a href=\"http:\/\/www.professores.uff.br\/mitre\/wp-content\/uploads\/sites\/146\/2017\/09\/prh13-projeto-final-.pdf\">Projeto Final:<\/a>\u00a0 Escoamento Bif\u00e1sico L\u00edquido-G\u00e1s: Previs\u00e3o de Gradientes de Press\u00e3o com a Correla\u00e7\u00e3o de Lockhart &amp; Martinelli e Fluidodin\u00e2mica Computacional\/Raquel Greice Silva de Souza. Rio de Janeiro: UFRJ\/EQ, 2009. <em>P\u00e1gina mais importantes para essa disciplina: 8-15.<\/em><\/li>\n<\/ul>\n<\/li>\n<li><strong>Escoamento em meios porosos<\/strong>\n<ul>\n<li>Cap\u00edtulo 2, 2.5; Rosa et al.,<\/li>\n<li><a href=\"http:\/\/www.professores.uff.br\/mitre\/wp-content\/uploads\/sites\/146\/2017\/09\/EscMeioPoroso.pdf\">Sobre escoamentos em meios porosos<\/a><\/li>\n<\/ul>\n<\/li>\n<\/ul>\n<h3>Lista de Exerc\u00edcios<\/h3>\n<ul>\n<li><a href=\"http:\/\/www.professores.uff.br\/mitre\/wp-content\/uploads\/sites\/146\/2017\/09\/FEID-Lista01.pdf\">FEID-Lista01<\/a> &#8211; Fluidos n\u00e3o-newtonianos.<\/li>\n<li><a href=\"http:\/\/www.professores.uff.br\/mitre\/wp-content\/uploads\/sites\/146\/2017\/09\/FEID-Lista02.pdf\">FEID-Lista02<\/a> &#8211; Escoamento multif\u00e1sico em tubula\u00e7\u00f5es &#8211; parte 1<\/li>\n<li><a href=\"http:\/\/www.professores.uff.br\/mitre\/wp-content\/uploads\/sites\/146\/2017\/09\/FEID-Lista03.pdf\">FEID-Lista03<\/a>\u00a0&#8211; Escoamento multif\u00e1sico em tubula\u00e7\u00f5es &#8211; parte 2<\/li>\n<li><a href=\"http:\/\/www.professores.uff.br\/mitre\/wp-content\/uploads\/sites\/146\/2017\/09\/FEID-Lista04.pdf\">FEID-Lista04<\/a> &#8211; Escoamento em meios porosos<\/li>\n<\/ul>\n<h3>Sala de aula<\/h3>\n<ul>\n<li><strong>Dia:<\/strong> Ter\u00e7a-feira<\/li>\n<li><strong>Sala:<\/strong> sala a definir<\/li>\n<li><strong>Hor\u00e1rio:<\/strong> 8h \u00e0s 11h.<\/li>\n<\/ul>\n<h3>Agenda da disciplina<\/h3>\n<ul>\n<li><strong>P1<\/strong>: 07\/05\/2019<\/li>\n<li><strong>P2<\/strong>: 25\/06\/2019<\/li>\n<li><strong>V.R.<\/strong>: 02\/07\/2019<\/li>\n<li><strong>V.S.<\/strong>: 09\/07\/2019<\/li>\n<\/ul>\n<p>&nbsp;<\/p>\n","protected":false},"excerpt":{"rendered":"<p>Material complementar Material parcialmente dispon\u00edvel na pasta 828 da x\u00e9rox do Bloco E da Escola de Engenharia. Ementa e Bibliografia Escoamentos n\u00e3o-newtonianos: Kumaran; Fundamentals of Rheology; acessado em 06\/05\/2016. Chhabra, F. P. Non-Newtonian Fluids: An Introduction. Acessado em 06\/05\/2016 Quoc-Hung Nguyen and Ngoc-Diep Nguyen, Cap\u00edtulo 3 &#8211; Incompressible Non-Newtonian Fluid Flows, do livro Continuum Mechanics [&hellip;]<\/p>\n","protected":false},"author":152,"featured_media":0,"parent":0,"menu_order":0,"comment_status":"closed","ping_status":"closed","template":"","meta":{"_exactmetrics_skip_tracking":false,"_exactmetrics_sitenote_active":false,"_exactmetrics_sitenote_note":"","_exactmetrics_sitenote_category":0,"footnotes":""},"categories":[],"tags":[],"class_list":["post-59","page","type-page","status-publish","hentry"],"_links":{"self":[{"href":"https:\/\/www.professores.uff.br\/mitre\/wp-json\/wp\/v2\/pages\/59","targetHints":{"allow":["GET"]}}],"collection":[{"href":"https:\/\/www.professores.uff.br\/mitre\/wp-json\/wp\/v2\/pages"}],"about":[{"href":"https:\/\/www.professores.uff.br\/mitre\/wp-json\/wp\/v2\/types\/page"}],"author":[{"embeddable":true,"href":"https:\/\/www.professores.uff.br\/mitre\/wp-json\/wp\/v2\/users\/152"}],"replies":[{"embeddable":true,"href":"https:\/\/www.professores.uff.br\/mitre\/wp-json\/wp\/v2\/comments?post=59"}],"version-history":[{"count":6,"href":"https:\/\/www.professores.uff.br\/mitre\/wp-json\/wp\/v2\/pages\/59\/revisions"}],"predecessor-version":[{"id":243,"href":"https:\/\/www.professores.uff.br\/mitre\/wp-json\/wp\/v2\/pages\/59\/revisions\/243"}],"wp:attachment":[{"href":"https:\/\/www.professores.uff.br\/mitre\/wp-json\/wp\/v2\/media?parent=59"}],"wp:term":[{"taxonomy":"category","embeddable":true,"href":"https:\/\/www.professores.uff.br\/mitre\/wp-json\/wp\/v2\/categories?post=59"},{"taxonomy":"post_tag","embeddable":true,"href":"https:\/\/www.professores.uff.br\/mitre\/wp-json\/wp\/v2\/tags?post=59"}],"curies":[{"name":"wp","href":"https:\/\/api.w.org\/{rel}","templated":true}]}}