{"id":65,"date":"2017-09-28T13:05:57","date_gmt":"2017-09-28T16:05:57","guid":{"rendered":"http:\/\/www.professores.uff.br\/mitre\/?page_id=65"},"modified":"2026-03-31T23:53:49","modified_gmt":"2026-04-01T02:53:49","slug":"seguranca-de-processos-industriais","status":"publish","type":"page","link":"https:\/\/www.professores.uff.br\/mitre\/seguranca-de-processos-industriais\/","title":{"rendered":"Seguran\u00e7a de Processos Industriais"},"content":{"rendered":"\n<h3 class=\"wp-block-heading\">Material Complementar<\/h3>\n\n\n\n<ul class=\"wp-block-list\">\n<li><a href=\"https:\/\/drive.google.com\/file\/d\/1Hw-wkTr4On-JLJR_D7svA-zSU1FCORrW\/view?usp=sharing\">Ementa da Disciplina<\/a><\/li>\n\n\n\n<li><a href=\"https:\/\/drive.google.com\/file\/d\/1qX7FHqHyoSLvFl_2_vo3myp4-4tCZUh6\/view?usp=sharing\">1. Introdu\u00e7\u00e3o a Seguran\u00e7a de Processos Industriais<\/a><\/li>\n\n\n\n<li>Formul\u00e1rio OSHA-300 ( <a href=\"https:\/\/drive.google.com\/file\/d\/1x2W20UfIBCHtCXJj2Rm4szOYNfJDb04y\/view?usp=sharing\">com instru\u00e7\u00f5es<\/a> | <a href=\"https:\/\/drive.google.com\/file\/d\/17kftFEUS6UOlhNkswF2y-YmyQrn9b_n8\/view?usp=sharing\">apenas o formul\u00e1rio<\/a>\u00a0)<\/li>\n\n\n\n<li><a href=\"https:\/\/drive.google.com\/file\/d\/1W_VGB7XK4MRYS5eFYahj8GwtcbIgvGTw\/view?usp=sharing\">2. Toxicologia e Higiene Industrial<\/a><\/li>\n\n\n\n<li><a href=\"https:\/\/www.gov.br\/trabalho-e-emprego\/pt-br\/acesso-a-informacao\/participacao-social\/conselhos-e-orgaos-colegiados\/comissao-tripartite-partitaria-permanente\/normas-regulamentadora\/normas-regulamentadoras-vigentes\/norma-regulamentadora-no-15-nr-15\">Normas Regulamentadoras (Brasil)<\/a>, <a href=\"https:\/\/drive.google.com\/file\/d\/19MHJq9AFbMISp-cSVH2KcRGV2rqWDz2j\/view?usp=sharing\">NR-15 &#8211; 2011<\/a>, <a href=\"https:\/\/drive.google.com\/file\/d\/1KEegPZM1lFfSWjtAD_ZGPVveZvkQBVzB\/view?usp=sharing\">Limites de Toler\u00e2ncia (Anexo 11)<\/a><\/li>\n\n\n\n<li><a href=\"https:\/\/drive.google.com\/file\/d\/1e8T6TSTKuk9Ygmr2GjyTbwQrG6COB7c0\/view?usp=sharing\">Guia de Informa\u00e7\u00f5es de Risco para Insumos Qu\u00edmicos<\/a> <\/li>\n\n\n\n<li><a href=\"https:\/\/drive.google.com\/drive\/folders\/1Vh-0ahFTCTxKFQNIvsnTeBPkUoqMYgJm?usp=sharing\">Fichas de Dados de Seguran\u00e7a<\/a><\/li>\n\n\n\n<li><a href=\"https:\/\/drive.google.com\/file\/d\/15xiJrn3DUKiEhDsrqCD885tyTGg0YQjl\/view?usp=sharing\" data-type=\"link\" data-id=\"https:\/\/drive.google.com\/file\/d\/15xiJrn3DUKiEhDsrqCD885tyTGg0YQjl\/view?usp=sharing\">3. M\u00e9todos Qualitativos e Quantitativos de An\u00e1lise de Risco<\/a><\/li>\n\n\n\n<li><a href=\"https:\/\/drive.google.com\/file\/d\/1bXelsyFj9clkdI9_XXap0wlKkxg6jTAk\/view?usp=sharing\" data-type=\"link\" data-id=\"https:\/\/drive.google.com\/file\/d\/1bXelsyFj9clkdI9_XXap0wlKkxg6jTAk\/view?usp=sharing\">4. Modelos de Fonte<\/a><\/li>\n\n\n\n<li><a href=\"https:\/\/drive.google.com\/file\/d\/1vkmo4xCCyF1xuGs2yZMrZRNjmBnjBwba\/view?usp=sharing\">5. Modelos de Dispers\u00e3o<\/a><\/li>\n\n\n\n<li><a href=\"https:\/\/drive.google.com\/file\/d\/1D0MKHZYy_94ryY1D2REPFyNLYZdY-Iu-\/view?usp=sharing\">6. Inc\u00eandios e Explos\u00f5es<\/a><\/li>\n\n\n\n<li><a href=\"https:\/\/drive.google.com\/file\/d\/1jp0FcCmIY04EqY52q1lSiCUC_olyai7F\/view?usp=sharing\">7. Sistemas de Al\u00edvio de Press\u00e3o<\/a><\/li>\n<\/ul>\n\n\n\n<h3 class=\"wp-block-heading\">Trabalhos e Projeto<\/h3>\n\n\n\n<p>INSTRU\u00c7\u00d5ES SER\u00c3O DETALHADAS PELO GOOGLE CLASSROOM<\/p>\n\n\n\n<ul class=\"wp-block-list\">\n<li><strong>Trabalho 1 (APRESENTA\u00c7\u00c3O EM V\u00cdDEO E ENTREGA DE SLIDES)<\/strong><\/li>\n\n\n\n<li><strong>Trabalho 2 (APENAS RELAT\u00d3RIO)<\/strong><\/li>\n\n\n\n<li><strong>Projeto (APRESENTA\u00c7\u00c3O EM V\u00cdDEO, SLIDES E RELAT\u00d3RIO EM PDF)<\/strong><\/li>\n<\/ul>\n\n\n\n<h3 class=\"wp-block-heading\">Sala de aula<\/h3>\n\n\n\n<ul class=\"wp-block-list\">\n<li><strong>Dia<\/strong>: Sexta-feira<\/li>\n\n\n\n<li><strong>Sala<\/strong>: 307-A<\/li>\n\n\n\n<li><strong>Hor\u00e1rio<\/strong>: 14-18h<\/li>\n<\/ul>\n\n\n\n<h3 class=\"wp-block-heading\">Agenda da disciplina<\/h3>\n\n\n\n<ul class=\"wp-block-list\">\n<li><strong>Trabalho 1 at\u00e9<\/strong>: 17\/04\/2026<\/li>\n\n\n\n<li><strong>Trabalho 2 at\u00e9<\/strong>: 08\/05\/2026<\/li>\n\n\n\n<li><strong>Projeto Completo at\u00e9 <\/strong>: 03\/07\/2026<\/li>\n\n\n\n<li><strong>V.S.<\/strong>: 10\/07\/2026<\/li>\n<\/ul>\n\n\n\n<h3 class=\"wp-block-heading\">Nota Final<\/h3>\n\n\n\n<ul class=\"wp-block-list\">\n<li>NF = ((TR1+TR2)\/2 + PROJETO*3)\/4<\/li>\n<\/ul>\n","protected":false},"excerpt":{"rendered":"<p>Material Complementar Trabalhos e Projeto INSTRU\u00c7\u00d5ES SER\u00c3O DETALHADAS PELO GOOGLE CLASSROOM Sala de aula Agenda da disciplina Nota Final<\/p>\n","protected":false},"author":152,"featured_media":0,"parent":0,"menu_order":0,"comment_status":"closed","ping_status":"closed","template":"","meta":{"_exactmetrics_skip_tracking":false,"_exactmetrics_sitenote_active":false,"_exactmetrics_sitenote_note":"","_exactmetrics_sitenote_category":0,"footnotes":""},"categories":[],"tags":[],"class_list":["post-65","page","type-page","status-publish","hentry"],"_links":{"self":[{"href":"https:\/\/www.professores.uff.br\/mitre\/wp-json\/wp\/v2\/pages\/65","targetHints":{"allow":["GET"]}}],"collection":[{"href":"https:\/\/www.professores.uff.br\/mitre\/wp-json\/wp\/v2\/pages"}],"about":[{"href":"https:\/\/www.professores.uff.br\/mitre\/wp-json\/wp\/v2\/types\/page"}],"author":[{"embeddable":true,"href":"https:\/\/www.professores.uff.br\/mitre\/wp-json\/wp\/v2\/users\/152"}],"replies":[{"embeddable":true,"href":"https:\/\/www.professores.uff.br\/mitre\/wp-json\/wp\/v2\/comments?post=65"}],"version-history":[{"count":25,"href":"https:\/\/www.professores.uff.br\/mitre\/wp-json\/wp\/v2\/pages\/65\/revisions"}],"predecessor-version":[{"id":448,"href":"https:\/\/www.professores.uff.br\/mitre\/wp-json\/wp\/v2\/pages\/65\/revisions\/448"}],"wp:attachment":[{"href":"https:\/\/www.professores.uff.br\/mitre\/wp-json\/wp\/v2\/media?parent=65"}],"wp:term":[{"taxonomy":"category","embeddable":true,"href":"https:\/\/www.professores.uff.br\/mitre\/wp-json\/wp\/v2\/categories?post=65"},{"taxonomy":"post_tag","embeddable":true,"href":"https:\/\/www.professores.uff.br\/mitre\/wp-json\/wp\/v2\/tags?post=65"}],"curies":[{"name":"wp","href":"https:\/\/api.w.org\/{rel}","templated":true}]}}