{"id":67,"date":"2017-09-28T13:06:18","date_gmt":"2017-09-28T16:06:18","guid":{"rendered":"http:\/\/www.professores.uff.br\/mitre\/?page_id=67"},"modified":"2017-09-28T13:06:18","modified_gmt":"2017-09-28T16:06:18","slug":"sobre","status":"publish","type":"page","link":"https:\/\/www.professores.uff.br\/mitre\/sobre\/","title":{"rendered":"Sobre"},"content":{"rendered":"<p>Eu, Jo\u00e3o Felipe Mitre( <a href=\"http:\/\/lattes.cnpq.br\/6770940353518231\" target=\"_blank\">Curr\u00edculo Lattes<\/a> ), sou professor da Universidade Federal Fluminense (UFF), Departamento de Engenharia Qu\u00edmica e de Petr\u00f3leo (TEQ) desde agosto de 2013.  Formado em Eng. Qu\u00edmica desde 2004 na pr\u00f3pria UFF e com mestrado e doutorado, tamb\u00e9m em Eng. Qu\u00edmica, no PEQ\/COPPE\/UFRJ na \u00e1rea de \u201cFen\u00f4menos de Transporte\u201d.<\/p>\n<p>Essa p\u00e1gina exclusivamente idealizada para ser o local onde eu disponibilizo o material complementar associado as minhas disciplinas.<\/p>\n<p>Se tiver interesse de conhecer minhas linhas e o grupo de pesquisa, visite o <a href=\"http:\/\/www.gedif.uff.br\" target=\"_blank\">GEDiF<\/a>. Periodicamente seleciono alunos para inicia\u00e7\u00e3o cient\u00edfico nas linhas de pesquisa associadas ao laborat\u00f3rio. Al\u00e9m disso, as portas do GEDiF est\u00e3o sempre abertas a aqueles que quiserem atuar como volunt\u00e1rios e efetuar trabalhos de conclus\u00e3o de curso.<\/p>\n<p>&nbsp;<\/p>\n","protected":false},"excerpt":{"rendered":"<p>Eu, Jo\u00e3o Felipe Mitre( Curr\u00edculo Lattes ), sou professor da Universidade Federal Fluminense (UFF), Departamento de Engenharia Qu\u00edmica e de Petr\u00f3leo (TEQ) desde agosto de 2013. Formado em Eng. Qu\u00edmica desde 2004 na pr\u00f3pria UFF e com mestrado e doutorado, tamb\u00e9m em Eng. Qu\u00edmica, no PEQ\/COPPE\/UFRJ na \u00e1rea de \u201cFen\u00f4menos de Transporte\u201d. Essa p\u00e1gina exclusivamente [&hellip;]<\/p>\n","protected":false},"author":152,"featured_media":0,"parent":0,"menu_order":0,"comment_status":"closed","ping_status":"closed","template":"","meta":{"_exactmetrics_skip_tracking":false,"_exactmetrics_sitenote_active":false,"_exactmetrics_sitenote_note":"","_exactmetrics_sitenote_category":0,"footnotes":""},"categories":[],"tags":[],"class_list":["post-67","page","type-page","status-publish","hentry"],"_links":{"self":[{"href":"https:\/\/www.professores.uff.br\/mitre\/wp-json\/wp\/v2\/pages\/67","targetHints":{"allow":["GET"]}}],"collection":[{"href":"https:\/\/www.professores.uff.br\/mitre\/wp-json\/wp\/v2\/pages"}],"about":[{"href":"https:\/\/www.professores.uff.br\/mitre\/wp-json\/wp\/v2\/types\/page"}],"author":[{"embeddable":true,"href":"https:\/\/www.professores.uff.br\/mitre\/wp-json\/wp\/v2\/users\/152"}],"replies":[{"embeddable":true,"href":"https:\/\/www.professores.uff.br\/mitre\/wp-json\/wp\/v2\/comments?post=67"}],"version-history":[{"count":1,"href":"https:\/\/www.professores.uff.br\/mitre\/wp-json\/wp\/v2\/pages\/67\/revisions"}],"predecessor-version":[{"id":68,"href":"https:\/\/www.professores.uff.br\/mitre\/wp-json\/wp\/v2\/pages\/67\/revisions\/68"}],"wp:attachment":[{"href":"https:\/\/www.professores.uff.br\/mitre\/wp-json\/wp\/v2\/media?parent=67"}],"wp:term":[{"taxonomy":"category","embeddable":true,"href":"https:\/\/www.professores.uff.br\/mitre\/wp-json\/wp\/v2\/categories?post=67"},{"taxonomy":"post_tag","embeddable":true,"href":"https:\/\/www.professores.uff.br\/mitre\/wp-json\/wp\/v2\/tags?post=67"}],"curies":[{"name":"wp","href":"https:\/\/api.w.org\/{rel}","templated":true}]}}