{"id":13,"date":"2017-08-21T17:38:12","date_gmt":"2017-08-21T20:38:12","guid":{"rendered":"http:\/\/www.professores.uff.br\/msouza\/?page_id=13"},"modified":"2017-08-22T12:51:05","modified_gmt":"2017-08-22T15:51:05","slug":"teaching","status":"publish","type":"page","link":"https:\/\/www.professores.uff.br\/msouza\/teaching\/","title":{"rendered":"Teaching"},"content":{"rendered":"\n<table id=\"tablepress-9\" class=\"tablepress tablepress-id-9\">\n<thead>\n<tr class=\"row-1\">\n\t<th class=\"column-1\">Current Teaching (2021.1)<\/th><th class=\"column-2\">Previous Teaching<\/th><th class=\"column-3\">More Previous Teaching<\/th>\n<\/tr>\n<\/thead>\n<tbody>\n<tr class=\"row-2\">\n\t<td class=\"column-1\">Din\u00e2mica Populacional<\/td><td class=\"column-2\">GMA 00022 \u2014 C\u00e1lculo II-B (16.1)<\/td><td class=\"column-3\">GMA 00099 \u2014 Equa\u00e7\u00f5es Diferenciais I (08.1)<\/td>\n<\/tr>\n<tr class=\"row-3\">\n\t<td class=\"column-1\"><\/td><td class=\"column-2\">GMA 00024 \u2014 Equa\u00e7\u00f5es Diferenciais (16.1)<\/td><td class=\"column-3\">GMA 06078 \u2014 C\u00e1lculo III (08.1)<\/td>\n<\/tr>\n<tr class=\"row-4\">\n\t<td class=\"column-1\"><\/td><td class=\"column-2\">GMA 00028 \u2014 Introdu\u00e7\u00e3o \u00e0s Equa\u00e7\u00f5es Diferenciais Parciais (15.2)<\/td><td class=\"column-3\">GMA 00108 \u2014 C\u00e1lculo Aplicado I-A (07.2)<\/td>\n<\/tr>\n<tr class=\"row-5\">\n\t<td class=\"column-1\"><\/td><td class=\"column-2\">GPM \u2014 Din\u00e2mica Populacional (15.2)<\/td><td class=\"column-3\">GMA 04079 \u2014 C\u00e1lculo IV (07.2)<\/td>\n<\/tr>\n<tr class=\"row-6\">\n\t<td class=\"column-1\"><\/td><td class=\"column-2\">GMA 00125 \u2014 Introdu\u00e7\u00e3o \u00e0s Equa\u00e7\u00f5es Diferenciais Parciais (15.1)<\/td><td class=\"column-3\">GMA 00108 \u2014 C\u00e1lculo Aplicado I-A (07.1)<\/td>\n<\/tr>\n<tr class=\"row-7\">\n\t<td class=\"column-1\"><\/td><td class=\"column-2\">GPM \u2014 An\u00e1lise Num\u00e9rica (15.1)<\/td><td class=\"column-3\">GMA 04080 \u2014 Equa\u00e7\u00f5es Diferenciais Parciais (07.1)<\/td>\n<\/tr>\n<tr class=\"row-8\">\n\t<td class=\"column-1\"><\/td><td class=\"column-2\">GMA 00022 \u2014 C\u00e1lculo II-B (14.2)<\/td><td class=\"column-3\">GMA 00097 \u2014 C\u00e1lculo Aplicado I (06.2)<\/td>\n<\/tr>\n<tr class=\"row-9\">\n\t<td class=\"column-1\"><\/td><td class=\"column-2\">GMA 00032 \u2014 M\u00e9todos Matem\u00e1ticos II (14.2)<\/td><td class=\"column-3\">GMA 04075 \u2014 Matem\u00e1tica B\u00e1sica (06.2)<\/td>\n<\/tr>\n<tr class=\"row-10\">\n\t<td class=\"column-1\"><\/td><td class=\"column-2\">GMA 00112 - E1 \u2014 Equa\u00e7\u00f5es Diferenciais (14.1)<\/td><td class=\"column-3\">GMA 00097\/GMA 05086 - C\u00e1lculo Aplicado I (06.1)<\/td>\n<\/tr>\n<tr class=\"row-11\">\n\t<td class=\"column-1\"><\/td><td class=\"column-2\">GMA 00112 - G1 \u2014 Equa\u00e7\u00f5es Diferenciais (14.1)<\/td><td class=\"column-3\">GMA 04050 - M\u00e9todos Matem\u00e1ticos Aplicados VII (06.1)<\/td>\n<\/tr>\n<tr class=\"row-12\">\n\t<td class=\"column-1\"><\/td><td class=\"column-2\">GMA 00113 \u2014 Equa\u00e7\u00f5es Diferenciais e M\u00e9todos (13.2)<\/td><td class=\"column-3\">GMA 04050 - M\u00e9todos Matem\u00e1ticos Aplicados VII (05.2)<\/td>\n<\/tr>\n<tr class=\"row-13\">\n\t<td class=\"column-1\"><\/td><td class=\"column-2\">GMA 00125 \u2014 Introdu\u00e7\u00e3o \u00e0s Equa\u00e7\u00f5es Diferenciais Parciais (13.2)<\/td><td class=\"column-3\">GMA 04084 - T\u00f3picos em Matem\u00e1tica Aplicada --- Introdu\u00e7\u00e3o aos M\u00e9todos Matem\u00e1ticos em Finan\u00e7as (05.2)<\/td>\n<\/tr>\n<tr class=\"row-14\">\n\t<td class=\"column-1\"><\/td><td class=\"column-2\">GPM \u2014 An\u00e1lise Funcional II (13.1)<\/td><td class=\"column-3\">GMA 04050 - M\u00e9todos Matem\u00e1ticos Aplicados VII (05.1)<\/td>\n<\/tr>\n<tr class=\"row-15\">\n\t<td class=\"column-1\"><\/td><td class=\"column-2\">GMA 00113 \u2014 Equa\u00e7\u00f5es Diferenciais e M\u00e9todos (12.2)<\/td><td class=\"column-3\">GMA 05086 - C\u00e1lculo Aplicado I (05.1)<\/td>\n<\/tr>\n<tr class=\"row-16\">\n\t<td class=\"column-1\"><\/td><td class=\"column-2\">GMA 00117 \u2014 Modelgem Matem\u00e1tica (12.2)<\/td><td class=\"column-3\"><\/td>\n<\/tr>\n<tr class=\"row-17\">\n\t<td class=\"column-1\"><\/td><td class=\"column-2\">GPM \u2014 An\u00e1lise I (12.1)<\/td><td class=\"column-3\"><\/td>\n<\/tr>\n<tr class=\"row-18\">\n\t<td class=\"column-1\"><\/td><td class=\"column-2\">GMA 00125 \u2014 Introdu\u00e7\u00e3o \u00e0s Equa\u00e7\u00f5es Diferenciais Parciais (12.1)<\/td><td class=\"column-3\"><\/td>\n<\/tr>\n<tr class=\"row-19\">\n\t<td class=\"column-1\"><\/td><td class=\"column-2\">EGG 00081 \u2014 Equa\u00e7\u00f5es Diferenciais Parciais e Aplica\u00e7\u00f5es (11.2)<\/td><td class=\"column-3\"><\/td>\n<\/tr>\n<tr class=\"row-20\">\n\t<td class=\"column-1\"><\/td><td class=\"column-2\">GMA 00113 \u2014 Equa\u00e7\u00f5es Diferenciais e M\u00e9todos (11.2)<\/td><td class=\"column-3\"><\/td>\n<\/tr>\n<tr class=\"row-21\">\n\t<td class=\"column-1\"><\/td><td class=\"column-2\">GPM \u2014 An\u00e1lise I (11.1)<\/td><td class=\"column-3\"><\/td>\n<\/tr>\n<tr class=\"row-22\">\n\t<td class=\"column-1\"><\/td><td class=\"column-2\">GMA 00122 \u2014 M\u00e9todos Matem\u00e1ticos I (11.1)<\/td><td class=\"column-3\"><\/td>\n<\/tr>\n<tr class=\"row-23\">\n\t<td class=\"column-1\"><\/td><td class=\"column-2\">GMA 00112 \u2014 Equa\u00e7\u00f5es Diferenciais (10.2)<\/td><td class=\"column-3\"><\/td>\n<\/tr>\n<tr class=\"row-24\">\n\t<td class=\"column-1\"><\/td><td class=\"column-2\">GMA 00122 \u2014 M\u00e9todos Matem\u00e1ticos I (10.2)<\/td><td class=\"column-3\"><\/td>\n<\/tr>\n<tr class=\"row-25\">\n\t<td class=\"column-1\"><\/td><td class=\"column-2\">GMA 00110 \u2014 C\u00e1lculo II-B (10.1)<\/td><td class=\"column-3\"><\/td>\n<\/tr>\n<tr class=\"row-26\">\n\t<td class=\"column-1\"><\/td><td class=\"column-2\">GMA 00112 \u2014 Equa\u00e7\u00f5es Diferenciais (10.1)<\/td><td class=\"column-3\"><\/td>\n<\/tr>\n<tr class=\"row-27\">\n\t<td class=\"column-1\"><\/td><td class=\"column-2\">GMA 04050 \u2014 M\u00e9todos Matem\u00e1ticos Aplicados VII (09.2)<\/td><td class=\"column-3\"><\/td>\n<\/tr>\n<tr class=\"row-28\">\n\t<td class=\"column-1\"><\/td><td class=\"column-2\">Equa\u00e7\u00f5es Diferenciais Ordin\u00e1rias (09.2)<\/td><td class=\"column-3\"><\/td>\n<\/tr>\n<tr class=\"row-29\">\n\t<td class=\"column-1\"><\/td><td class=\"column-2\">GMA 04058 \u2014 C\u00e1lculo Diferencial e Integral VIII (09.1)<\/td><td class=\"column-3\"><\/td>\n<\/tr>\n<tr class=\"row-30\">\n\t<td class=\"column-1\"><\/td><td class=\"column-2\">Finan\u00e7as Quantitativas II (09.1)<\/td><td class=\"column-3\"><\/td>\n<\/tr>\n<tr class=\"row-31\">\n\t<td class=\"column-1\">GMA 00031 \u2014 M\u00e9todos Matem\u00e1ticos I \u2013 B1<\/td><td class=\"column-2\">GMA 00028 \u2014 Introdu\u00e7\u00e3o \u00e0s Equa\u00e7\u00f5es Diferenciais Parciais (16.2)<\/td><td class=\"column-3\">GMA 00116 \u2014 Pr\u00e9-C\u00e1lculo (08.2)<\/td>\n<\/tr>\n<tr class=\"row-32\">\n\t<td class=\"column-1\">GMA 00031 \u2014 M\u00e9todos Matem\u00e1ticos I \u2013 C1<\/td><td class=\"column-2\">GPM \u2014 Equa\u00e7\u00f5es Diferenciais Ordin\u00e1rias (16.2)<\/td><td class=\"column-3\">Finan\u00e7as Quantitativas (08.2)<\/td>\n<\/tr>\n<\/tbody>\n<\/table>\n\n","protected":false},"excerpt":{"rendered":"","protected":false},"author":2,"featured_media":0,"parent":0,"menu_order":0,"comment_status":"closed","ping_status":"closed","template":"","meta":{"_exactmetrics_skip_tracking":false,"_exactmetrics_sitenote_active":false,"_exactmetrics_sitenote_note":"","_exactmetrics_sitenote_category":0,"footnotes":""},"categories":[],"tags":[],"class_list":["post-13","page","type-page","status-publish","hentry"],"_links":{"self":[{"href":"https:\/\/www.professores.uff.br\/msouza\/wp-json\/wp\/v2\/pages\/13","targetHints":{"allow":["GET"]}}],"collection":[{"href":"https:\/\/www.professores.uff.br\/msouza\/wp-json\/wp\/v2\/pages"}],"about":[{"href":"https:\/\/www.professores.uff.br\/msouza\/wp-json\/wp\/v2\/types\/page"}],"author":[{"embeddable":true,"href":"https:\/\/www.professores.uff.br\/msouza\/wp-json\/wp\/v2\/users\/2"}],"replies":[{"embeddable":true,"href":"https:\/\/www.professores.uff.br\/msouza\/wp-json\/wp\/v2\/comments?post=13"}],"version-history":[{"count":2,"href":"https:\/\/www.professores.uff.br\/msouza\/wp-json\/wp\/v2\/pages\/13\/revisions"}],"predecessor-version":[{"id":209,"href":"https:\/\/www.professores.uff.br\/msouza\/wp-json\/wp\/v2\/pages\/13\/revisions\/209"}],"wp:attachment":[{"href":"https:\/\/www.professores.uff.br\/msouza\/wp-json\/wp\/v2\/media?parent=13"}],"wp:term":[{"taxonomy":"category","embeddable":true,"href":"https:\/\/www.professores.uff.br\/msouza\/wp-json\/wp\/v2\/categories?post=13"},{"taxonomy":"post_tag","embeddable":true,"href":"https:\/\/www.professores.uff.br\/msouza\/wp-json\/wp\/v2\/tags?post=13"}],"curies":[{"name":"wp","href":"https:\/\/api.w.org\/{rel}","templated":true}]}}