{"id":11,"date":"2017-08-04T10:42:16","date_gmt":"2017-08-04T13:42:16","guid":{"rendered":"http:\/\/www.professores.uff.br\/ninoska\/?page_id=11"},"modified":"2017-08-07T10:49:01","modified_gmt":"2017-08-07T13:49:01","slug":"projeto-final","status":"publish","type":"page","link":"https:\/\/www.professores.uff.br\/ninoska\/projeto-final\/","title":{"rendered":"Projeto Final"},"content":{"rendered":"<p><strong>Pref\u00e1cio<\/strong><\/p>\n<p>Este espa\u00e7o visa encorajar aos alunos dos Departamento de Engenharia Qu\u00edmica e de Petr\u00f3leo\/UFF a elaborar projetos inovadores de pesquisa e projeto final de curso com \u00eanfase no desenvolvimento de modelos f\u00edsicos e computacionais com o objetivo de despertar o interesse dos alunos pelas \u00e1reas em que desejem aplicar seus conhecimentos, ap\u00f3s a formatura.<br \/>\nO engenheiro qu\u00edmico com especialidade em controle e automa\u00e7\u00e3o tem espa\u00e7o de trabalho em toda e qualquer ind\u00fastria que produza em s\u00e9rie. Isto porque a produ\u00e7\u00e3o em s\u00e9rie sup\u00f5e similaridade (igualdade) entre as unidades produzidas. Desde a produ\u00e7\u00e3o de p\u00e3o de queijo at\u00e9 a produ\u00e7\u00e3o e explora\u00e7\u00e3o de petr\u00f3leo, \u00e9 absolutamente necess\u00e1rio manter o mais uniforme poss\u00edvel tanto as caracter\u00edsticas do ambiente (press\u00e3o, temperatura, pH, etc.) quanto do produto (espessura, forma, cor, volume, peso, etc.). Isto s\u00f3 se consegue com o controle autom\u00e1tico computadorizado dos processos. Esse \u00e9, essencialmente, o mercado de trabalho do engenheiro qu\u00edmico.<\/p>\n<p>O Engenheiro Qu\u00edmico responde por todas as 16 atribui\u00e7\u00f5es estabelecidas pelo CRQ. As quais incluem um amplo leque de compet\u00eancias e de oportunidades, nomeadamente na ind\u00fastria, na investiga\u00e7\u00e3o e em atividades t\u00e9cnico-comerciais. Nas \u00e1reas de potencial interven\u00e7\u00e3o na ind\u00fastria, a atividade de um Engenheiro Qu\u00edmico pode ocorrer tanto a n\u00edvel de apoio \u00e0 opera\u00e7\u00e3o industrial, incluindo <strong>monitoramento e controle de processo<\/strong>, como a n\u00edvel de gest\u00e3o da produ\u00e7\u00e3o, incluindo programa\u00e7\u00e3o da opera\u00e7\u00e3o e controle de qualidade, como ainda a n\u00edvel de projeto e inova\u00e7\u00e3o industrial.<\/p>\n<p><strong>\u00c1reas de Interesse:<\/strong>\u00a0 \u00a0 \u00a0 \u00a0 \u00a0 \u00a0 \u00a0 \u00a0 \u00a0 \u00a0 \u00a0 \u00a0 \u00a0 \u00a0 \u00a0 \u00a0 \u00a0 \u00a0 \u00a0 \u00a0 \u00a0 \u00a0 \u00a0 \u00a0 \u00a0 \u00a0 \u00a0 \u00a0 \u00a0 \u00a0 \u00a0 \u00a0 \u00a0 \u00a0 \u00a0 \u00a0 \u00a0 \u00a0<strong> Outras afins:<\/strong><br \/>\nControle de Processos, \u00a0 \u00a0 \u00a0 \u00a0 \u00a0 \u00a0 \u00a0 \u00a0 \u00a0 \u00a0 \u00a0 \u00a0 \u00a0 \u00a0 \u00a0 \u00a0 \u00a0 \u00a0 \u00a0 \u00a0 \u00a0 \u00a0 \u00a0 \u00a0 \u00a0 \u00a0 \u00a0 \u00a0 \u00a0 \u00a0 \u00a0 \u00a0 \u00a0 \u00a0 \u00a0 \u00a0Controle avan\u00e7ado.<br \/>\nProcessos Biotecnol\u00f3gicos e Biossensores \u00a0 \u00a0 \u00a0 \u00a0 \u00a0 \u00a0 \u00a0 \u00a0 \u00a0 \u00a0 \u00a0 \u00a0 \u00a0 \u00a0 \u00a0 \u00a0 \u00a0 \u00a0 \u00a0 \u00a0 Identifica\u00e7\u00e3o de modelos din\u00e2micos lineares e<br \/>\nModelagem e Simula\u00e7\u00e3o de Processos Qu\u00edmicos \u00a0 \u00a0 \u00a0 \u00a0 \u00a0 \u00a0 \u00a0 \u00a0 \u00a0 \u00a0 \u00a0 \u00a0 \u00a0 \u00a0 \u00a0n\u00e3o lineares,<br \/>\ne Bioprocessos, \u00a0 \u00a0 \u00a0 \u00a0 \u00a0 \u00a0 \u00a0 \u00a0 \u00a0 \u00a0 \u00a0 \u00a0 \u00a0 \u00a0 \u00a0 \u00a0 \u00a0 \u00a0 \u00a0 \u00a0 \u00a0 \u00a0 \u00a0 \u00a0 \u00a0 \u00a0 \u00a0 \u00a0 \u00a0 \u00a0 \u00a0 \u00a0 \u00a0 \u00a0 \u00a0 \u00a0 \u00a0 \u00a0 \u00a0 \u00a0 \u00a0 Diagn\u00f3stico de Desempenho de Malhas de<br \/>\nControle,<br \/>\nIntegra\u00e7\u00e3o M\u00e1ssica\/Energ\u00e9tica de Processos,<br \/>\nEstudo e desenvolvimento de Biorrefinarias.<\/p>\n<p><strong>Material de Apoio:<\/strong><\/p>\n<p><a href=\"http:\/\/www.professores.uff.br\/ninoska\/wp-content\/uploads\/sites\/57\/2017\/08\/NotaProvasInstr_1sem17A_VS.pdf\">Comparative_Study_MATLAB_Open_Source_Alternative_SCILAB<\/a>\u00a0 \u00a0 \u00a0 \u00a0 \u00a0 \u00a0 \u00a0 \u00a0 \u00a0 \u00a0 \u00a0 \u00a0 \u00a0 \u00a0 \u00a0 \u00a0 \u00a0 \u00a0Cortesia de Srikanth S V<\/p>\n<p><a href=\"http:\/\/www.professores.uff.br\/ninoska\/wp-content\/uploads\/sites\/57\/2017\/08\/NotaProvasInstr_1sem17A_VS.pdf\">Guia de Como acessar os artigos cient\u00edficos dos Peri\u00f3dicos Capes Fora do Campus<\/a>\u00a0 \u00a0 \u00a0 \u00a0 \u00a0 \u00a0 \u00a0Cortesia de Ruan Stevan De Almeida Ribeiro<\/p>\n","protected":false},"excerpt":{"rendered":"<p>Pref\u00e1cio Este espa\u00e7o visa encorajar aos alunos dos Departamento de Engenharia Qu\u00edmica e de Petr\u00f3leo\/UFF a elaborar projetos inovadores de pesquisa e projeto final de curso com \u00eanfase no desenvolvimento de modelos f\u00edsicos e computacionais com o objetivo de despertar o interesse dos alunos pelas \u00e1reas em que desejem aplicar seus conhecimentos, ap\u00f3s a formatura. [&hellip;]<\/p>\n","protected":false},"author":2,"featured_media":0,"parent":0,"menu_order":0,"comment_status":"closed","ping_status":"closed","template":"","meta":{"_exactmetrics_skip_tracking":false,"_exactmetrics_sitenote_active":false,"_exactmetrics_sitenote_note":"","_exactmetrics_sitenote_category":0,"footnotes":""},"categories":[],"tags":[],"class_list":["post-11","page","type-page","status-publish","hentry"],"_links":{"self":[{"href":"https:\/\/www.professores.uff.br\/ninoska\/wp-json\/wp\/v2\/pages\/11","targetHints":{"allow":["GET"]}}],"collection":[{"href":"https:\/\/www.professores.uff.br\/ninoska\/wp-json\/wp\/v2\/pages"}],"about":[{"href":"https:\/\/www.professores.uff.br\/ninoska\/wp-json\/wp\/v2\/types\/page"}],"author":[{"embeddable":true,"href":"https:\/\/www.professores.uff.br\/ninoska\/wp-json\/wp\/v2\/users\/2"}],"replies":[{"embeddable":true,"href":"https:\/\/www.professores.uff.br\/ninoska\/wp-json\/wp\/v2\/comments?post=11"}],"version-history":[{"count":5,"href":"https:\/\/www.professores.uff.br\/ninoska\/wp-json\/wp\/v2\/pages\/11\/revisions"}],"predecessor-version":[{"id":224,"href":"https:\/\/www.professores.uff.br\/ninoska\/wp-json\/wp\/v2\/pages\/11\/revisions\/224"}],"wp:attachment":[{"href":"https:\/\/www.professores.uff.br\/ninoska\/wp-json\/wp\/v2\/media?parent=11"}],"wp:term":[{"taxonomy":"category","embeddable":true,"href":"https:\/\/www.professores.uff.br\/ninoska\/wp-json\/wp\/v2\/categories?post=11"},{"taxonomy":"post_tag","embeddable":true,"href":"https:\/\/www.professores.uff.br\/ninoska\/wp-json\/wp\/v2\/tags?post=11"}],"curies":[{"name":"wp","href":"https:\/\/api.w.org\/{rel}","templated":true}]}}