{"id":13,"date":"2017-08-04T10:42:25","date_gmt":"2017-08-04T13:42:25","guid":{"rendered":"http:\/\/www.professores.uff.br\/ninoska\/?page_id=13"},"modified":"2017-08-07T10:50:19","modified_gmt":"2017-08-07T13:50:19","slug":"sobre-a-professora","status":"publish","type":"page","link":"https:\/\/www.professores.uff.br\/ninoska\/sobre-a-professora\/","title":{"rendered":"Sobre a Professora"},"content":{"rendered":"<p style=\"text-align: left;\">Ninoska Isabel Bojorge Ram\u00edrez<br \/>\nDepartamento de Engenharia Qu\u00edmica e de Petr\u00f3leo<br \/>\nR. Passos da Patria, 156 Bl. E sala 226<br \/>\nUniversidade Federal Fluminense<br \/>\nTelefone (55 21) 2629-5598<br \/>\n(2010\/2\u00ba Sem &#8211; atual).<\/p>\n<p style=\"text-align: center;\">\nCurriculo Lattes<\/p>\n<p style=\"text-align: center;\"><a href=\"http:\/\/lattes.cnpq.br\/6469835640061781\">http:\/\/lattes.cnpq.br\/6469835640061781<\/a><\/p>\n<p>&nbsp;<\/p>\n<p>&nbsp;<\/p>\n<p><strong>Doutorado em Engenharia de Qu\u00edmica:<\/strong><br \/>\nT\u00edtulo da disserta\u00e7\u00e3o: Produ\u00e7\u00e3o de Lactase com Fermenta\u00e7\u00e3o de Kluyveromyces Marxianus e Avalia\u00e7\u00e3o de Modelo Semi-Estruturado Para Otimiza\u00e7\u00e3o de Processo (EQ\/UFRJ- PUC Valparaiso &#8211; Chile)<br \/>\nMestrado em Engenharia de Quimica:<br \/>\nT\u00edtulo da disserta\u00e7\u00e3o: Controle Adaptativo em uma Fermenta\u00e7\u00e3o Alcoolica em Batelada Alimentada (EQ\/UFRJ).<br \/>\nGradua\u00e7\u00e3o em Engenharia Qu\u00edmica Industrial:<br \/>\nT\u00edtulo da monografia: Tecnologia de la Carbonizaci\u00f3n y obtenci\u00f3n de liquido pirole\u00f1oso (UCA\/Nicar\u00e1gua)<\/p>\n","protected":false},"excerpt":{"rendered":"<p>Ninoska Isabel Bojorge Ram\u00edrez Departamento de Engenharia Qu\u00edmica e de Petr\u00f3leo R. Passos da Patria, 156 Bl. E sala 226 Universidade Federal Fluminense Telefone (55 21) 2629-5598 (2010\/2\u00ba Sem &#8211; atual). Curriculo Lattes http:\/\/lattes.cnpq.br\/6469835640061781 &nbsp; &nbsp; Doutorado em Engenharia de Qu\u00edmica: T\u00edtulo da disserta\u00e7\u00e3o: Produ\u00e7\u00e3o de Lactase com Fermenta\u00e7\u00e3o de Kluyveromyces Marxianus e Avalia\u00e7\u00e3o de [&hellip;]<\/p>\n","protected":false},"author":2,"featured_media":0,"parent":0,"menu_order":0,"comment_status":"closed","ping_status":"closed","template":"","meta":{"_exactmetrics_skip_tracking":false,"_exactmetrics_sitenote_active":false,"_exactmetrics_sitenote_note":"","_exactmetrics_sitenote_category":0,"footnotes":""},"categories":[],"tags":[],"class_list":["post-13","page","type-page","status-publish","hentry"],"_links":{"self":[{"href":"https:\/\/www.professores.uff.br\/ninoska\/wp-json\/wp\/v2\/pages\/13","targetHints":{"allow":["GET"]}}],"collection":[{"href":"https:\/\/www.professores.uff.br\/ninoska\/wp-json\/wp\/v2\/pages"}],"about":[{"href":"https:\/\/www.professores.uff.br\/ninoska\/wp-json\/wp\/v2\/types\/page"}],"author":[{"embeddable":true,"href":"https:\/\/www.professores.uff.br\/ninoska\/wp-json\/wp\/v2\/users\/2"}],"replies":[{"embeddable":true,"href":"https:\/\/www.professores.uff.br\/ninoska\/wp-json\/wp\/v2\/comments?post=13"}],"version-history":[{"count":2,"href":"https:\/\/www.professores.uff.br\/ninoska\/wp-json\/wp\/v2\/pages\/13\/revisions"}],"predecessor-version":[{"id":225,"href":"https:\/\/www.professores.uff.br\/ninoska\/wp-json\/wp\/v2\/pages\/13\/revisions\/225"}],"wp:attachment":[{"href":"https:\/\/www.professores.uff.br\/ninoska\/wp-json\/wp\/v2\/media?parent=13"}],"wp:term":[{"taxonomy":"category","embeddable":true,"href":"https:\/\/www.professores.uff.br\/ninoska\/wp-json\/wp\/v2\/categories?post=13"},{"taxonomy":"post_tag","embeddable":true,"href":"https:\/\/www.professores.uff.br\/ninoska\/wp-json\/wp\/v2\/tags?post=13"}],"curies":[{"name":"wp","href":"https:\/\/api.w.org\/{rel}","templated":true}]}}