{"id":15,"date":"2017-08-04T10:42:49","date_gmt":"2017-08-04T13:42:49","guid":{"rendered":"http:\/\/www.professores.uff.br\/ninoska\/?page_id=15"},"modified":"2019-03-24T22:13:22","modified_gmt":"2019-03-25T01:13:22","slug":"laboratorio-biotec","status":"publish","type":"page","link":"https:\/\/www.professores.uff.br\/ninoska\/laboratorio-biotec\/","title":{"rendered":"Laborat\u00f3rio BIOTEC"},"content":{"rendered":"<p>Nossa miss\u00e3o como Engenheiros Qu\u00edmicos atuando\u00a0no campo da\u00a0engenharia bioqu\u00edmica e desenvolvimento de bioprocessos est\u00e1 focada na produ\u00e7\u00e3o biol\u00f3gica sustent\u00e1vel de um amplo\u00a0leque\u00a0de produtos de valor agregado, de biocombust\u00edveis e produtos qu\u00edmicos utilizando novas metodologias experimentais e computacionais.<\/p>\n<p>Desde 2012, a pesar de suas\u00a0limita\u00e7\u00f5es,\u00a0 essa miss\u00e3o vem sendo realizada no Laborat\u00f3rio de\u00a0Biotecnologia e Meio Ambiente (BIOTEC) ao gerar informa\u00e7\u00f5es que podem beneficiar a ind\u00fastria de processamento, agregando valor \u00e0s culturas de origem renov\u00e1veis\u00a0atrav\u00e9s da descoberta de compostos bioativos. Promovendo o desenvolvimento\u00a0de trabalhos com temas mais espec\u00edficos na \u00e1rea de\u00a0Biotecnologia Industrial e tamb\u00e9m\u00a0em Controle Autom\u00e1tico para consolidar o conhecimento gerado pelos projetos. V\u00e1rios grupos de estudantes sob orienta\u00e7\u00e3o\u00a0e supervis\u00e3o da professora, Ninoska Bojorge, respons\u00e1vel do BIOTEC tem pesquisados m\u00e9todos de pr\u00e9-tratamento e produ\u00e7\u00e3o\u00a0de biomol\u00e9culas a partir\u00a0de biomassas lignocelul\u00f3sicas, visando avaliar o melhor desempenho\u00a0do processo. Desempenho avaliado em rela\u00e7\u00e3o ao uso da \u00e1gua, da energia, dos rejeitos, bem como, desde o ponto de vista do custo, como\u00a0da sustentabilidade.\u00a0\u00a0Essas duas \u00e1reas de pesquisa est\u00e3o divididas nas seguintes linhas de pesquisas.<\/p>\n<p>Linhas de Pesquisas:<\/p>\n<ul>\n<li>Produ\u00e7\u00e3o de biomol\u00e9culas a partir de res\u00edduos lignocelul\u00f3sicos,<\/li>\n<li>Tecnologias de biocombust\u00edveis e biorrefinarias,<\/li>\n<li>Modelagem e Simula\u00e7\u00e3o de Bioprocessos,<\/li>\n<li>Biossensores enzim\u00e1ticos\u00a0eletroqu\u00edmicos,<\/li>\n<li>Simula\u00e7\u00e3o de Processos Qu\u00edmicos e de\u00a0Petr\u00f3leo,<\/li>\n<li>Controle Autom\u00e1tico de Processos,<\/li>\n<li>Modelagem\u00a0 e Controle usando Redes Neurais.<\/li>\n<\/ul>\n<p>Galeria:<\/p>\n\n<table id=\"tablepress-4\" class=\"tablepress tablepress-id-4\">\n<thead>\n<tr class=\"row-1\">\n\t<th class=\"column-1\"><img loading=\"lazy\" decoding=\"async\" src=\"http:\/\/www.professores.uff.br\/ninoska\/wp-content\/uploads\/sites\/57\/2019\/03\/biotec01-2-300x224.jpg\" alt=\"\" width=\"300\" height=\"224\" class=\"alignnone size-medium wp-image-393\" srcset=\"https:\/\/www.professores.uff.br\/ninoska\/wp-content\/uploads\/sites\/57\/2019\/03\/biotec01-2-300x224.jpg 300w, https:\/\/www.professores.uff.br\/ninoska\/wp-content\/uploads\/sites\/57\/2019\/03\/biotec01-2.jpg 327w\" sizes=\"auto, (max-width: 300px) 100vw, 300px\" \/><\/th><th class=\"column-2\"><img loading=\"lazy\" decoding=\"async\" src=\"http:\/\/www.professores.uff.br\/ninoska\/wp-content\/uploads\/sites\/57\/2019\/03\/biotec02-1-300x227.jpg\" alt=\"\" width=\"300\" height=\"227\" class=\"alignnone size-medium wp-image-394\" srcset=\"https:\/\/www.professores.uff.br\/ninoska\/wp-content\/uploads\/sites\/57\/2019\/03\/biotec02-1-300x227.jpg 300w, https:\/\/www.professores.uff.br\/ninoska\/wp-content\/uploads\/sites\/57\/2019\/03\/biotec02-1.jpg 322w\" sizes=\"auto, (max-width: 300px) 100vw, 300px\" \/><\/th><th class=\"column-3\"><img loading=\"lazy\" decoding=\"async\" src=\"http:\/\/www.professores.uff.br\/ninoska\/wp-content\/uploads\/sites\/57\/2019\/03\/biotec03-2-300x234.jpg\" alt=\"\" width=\"300\" height=\"234\" class=\"alignnone size-medium wp-image-395\" srcset=\"https:\/\/www.professores.uff.br\/ninoska\/wp-content\/uploads\/sites\/57\/2019\/03\/biotec03-2-300x234.jpg 300w, https:\/\/www.professores.uff.br\/ninoska\/wp-content\/uploads\/sites\/57\/2019\/03\/biotec03-2.jpg 313w\" sizes=\"auto, (max-width: 300px) 100vw, 300px\" \/><\/th>\n<\/tr>\n<\/thead>\n<tbody class=\"row-striping row-hover\">\n<tr class=\"row-2\">\n\t<td class=\"column-1\"><img loading=\"lazy\" decoding=\"async\" src=\"http:\/\/www.professores.uff.br\/ninoska\/wp-content\/uploads\/sites\/57\/2019\/03\/biotec04-2-300x195.jpg\" alt=\"\" width=\"300\" height=\"195\" class=\"alignnone size-medium wp-image-396\" srcset=\"https:\/\/www.professores.uff.br\/ninoska\/wp-content\/uploads\/sites\/57\/2019\/03\/biotec04-2-300x195.jpg 300w, https:\/\/www.professores.uff.br\/ninoska\/wp-content\/uploads\/sites\/57\/2019\/03\/biotec04-2.jpg 327w\" sizes=\"auto, (max-width: 300px) 100vw, 300px\" \/><\/td><td class=\"column-2\"><img loading=\"lazy\" decoding=\"async\" src=\"http:\/\/www.professores.uff.br\/ninoska\/wp-content\/uploads\/sites\/57\/2019\/03\/biotec05-2-300x200.jpg\" alt=\"\" width=\"300\" height=\"200\" class=\"alignnone size-medium wp-image-397\" srcset=\"https:\/\/www.professores.uff.br\/ninoska\/wp-content\/uploads\/sites\/57\/2019\/03\/biotec05-2-300x200.jpg 300w, https:\/\/www.professores.uff.br\/ninoska\/wp-content\/uploads\/sites\/57\/2019\/03\/biotec05-2.jpg 322w\" sizes=\"auto, (max-width: 300px) 100vw, 300px\" \/><\/td><td class=\"column-3\"><img loading=\"lazy\" decoding=\"async\" src=\"http:\/\/www.professores.uff.br\/ninoska\/wp-content\/uploads\/sites\/57\/2019\/03\/biotec06-2-300x205.jpg\" alt=\"\" width=\"300\" height=\"205\" class=\"alignnone size-medium wp-image-398\" srcset=\"https:\/\/www.professores.uff.br\/ninoska\/wp-content\/uploads\/sites\/57\/2019\/03\/biotec06-2-300x205.jpg 300w, https:\/\/www.professores.uff.br\/ninoska\/wp-content\/uploads\/sites\/57\/2019\/03\/biotec06-2.jpg 312w\" sizes=\"auto, (max-width: 300px) 100vw, 300px\" \/><\/td>\n<\/tr>\n<tr class=\"row-3\">\n\t<td class=\"column-1\"><img loading=\"lazy\" decoding=\"async\" src=\"http:\/\/www.professores.uff.br\/ninoska\/wp-content\/uploads\/sites\/57\/2019\/03\/biotec07-2-300x231.jpg\" alt=\"\" width=\"300\" height=\"231\" class=\"alignnone size-medium wp-image-399\" srcset=\"https:\/\/www.professores.uff.br\/ninoska\/wp-content\/uploads\/sites\/57\/2019\/03\/biotec07-2-300x231.jpg 300w, https:\/\/www.professores.uff.br\/ninoska\/wp-content\/uploads\/sites\/57\/2019\/03\/biotec07-2.jpg 328w\" sizes=\"auto, (max-width: 300px) 100vw, 300px\" \/><\/td><td class=\"column-2\"><img loading=\"lazy\" decoding=\"async\" src=\"http:\/\/www.professores.uff.br\/ninoska\/wp-content\/uploads\/sites\/57\/2019\/03\/biotec08-2-300x235.jpg\" alt=\"\" width=\"300\" height=\"235\" class=\"alignnone size-medium wp-image-400\" srcset=\"https:\/\/www.professores.uff.br\/ninoska\/wp-content\/uploads\/sites\/57\/2019\/03\/biotec08-2-300x235.jpg 300w, https:\/\/www.professores.uff.br\/ninoska\/wp-content\/uploads\/sites\/57\/2019\/03\/biotec08-2.jpg 320w\" sizes=\"auto, (max-width: 300px) 100vw, 300px\" \/><\/td><td class=\"column-3\"><img loading=\"lazy\" decoding=\"async\" src=\"http:\/\/www.professores.uff.br\/ninoska\/wp-content\/uploads\/sites\/57\/2019\/03\/biotec09-2-300x244.jpg\" alt=\"\" width=\"300\" height=\"244\" class=\"alignnone size-medium wp-image-401\" srcset=\"https:\/\/www.professores.uff.br\/ninoska\/wp-content\/uploads\/sites\/57\/2019\/03\/biotec09-2-300x244.jpg 300w, https:\/\/www.professores.uff.br\/ninoska\/wp-content\/uploads\/sites\/57\/2019\/03\/biotec09-2.jpg 309w\" sizes=\"auto, (max-width: 300px) 100vw, 300px\" \/><\/td>\n<\/tr>\n<\/tbody>\n<\/table>\n<!-- #tablepress-4 from cache -->\n","protected":false},"excerpt":{"rendered":"<p>Nossa miss\u00e3o como Engenheiros Qu\u00edmicos atuando\u00a0no campo da\u00a0engenharia bioqu\u00edmica e desenvolvimento de bioprocessos est\u00e1 focada na produ\u00e7\u00e3o biol\u00f3gica sustent\u00e1vel de um amplo\u00a0leque\u00a0de produtos de valor agregado, de biocombust\u00edveis e produtos qu\u00edmicos utilizando novas metodologias experimentais e computacionais. Desde 2012, a pesar de suas\u00a0limita\u00e7\u00f5es,\u00a0 essa miss\u00e3o vem sendo realizada no Laborat\u00f3rio de\u00a0Biotecnologia e Meio Ambiente (BIOTEC) [&hellip;]<\/p>\n","protected":false},"author":2,"featured_media":0,"parent":0,"menu_order":0,"comment_status":"closed","ping_status":"closed","template":"","meta":{"_exactmetrics_skip_tracking":false,"_exactmetrics_sitenote_active":false,"_exactmetrics_sitenote_note":"","_exactmetrics_sitenote_category":0,"footnotes":""},"categories":[],"tags":[],"class_list":["post-15","page","type-page","status-publish","hentry"],"_links":{"self":[{"href":"https:\/\/www.professores.uff.br\/ninoska\/wp-json\/wp\/v2\/pages\/15","targetHints":{"allow":["GET"]}}],"collection":[{"href":"https:\/\/www.professores.uff.br\/ninoska\/wp-json\/wp\/v2\/pages"}],"about":[{"href":"https:\/\/www.professores.uff.br\/ninoska\/wp-json\/wp\/v2\/types\/page"}],"author":[{"embeddable":true,"href":"https:\/\/www.professores.uff.br\/ninoska\/wp-json\/wp\/v2\/users\/2"}],"replies":[{"embeddable":true,"href":"https:\/\/www.professores.uff.br\/ninoska\/wp-json\/wp\/v2\/comments?post=15"}],"version-history":[{"count":16,"href":"https:\/\/www.professores.uff.br\/ninoska\/wp-json\/wp\/v2\/pages\/15\/revisions"}],"predecessor-version":[{"id":413,"href":"https:\/\/www.professores.uff.br\/ninoska\/wp-json\/wp\/v2\/pages\/15\/revisions\/413"}],"wp:attachment":[{"href":"https:\/\/www.professores.uff.br\/ninoska\/wp-json\/wp\/v2\/media?parent=15"}],"wp:term":[{"taxonomy":"category","embeddable":true,"href":"https:\/\/www.professores.uff.br\/ninoska\/wp-json\/wp\/v2\/categories?post=15"},{"taxonomy":"post_tag","embeddable":true,"href":"https:\/\/www.professores.uff.br\/ninoska\/wp-json\/wp\/v2\/tags?post=15"}],"curies":[{"name":"wp","href":"https:\/\/api.w.org\/{rel}","templated":true}]}}