{"id":153,"date":"2017-08-04T13:18:07","date_gmt":"2017-08-04T16:18:07","guid":{"rendered":"http:\/\/www.professores.uff.br\/ninoska\/?page_id=153"},"modified":"2019-03-24T23:10:46","modified_gmt":"2019-03-25T02:10:46","slug":"teq141teq103-sistemas-de-instrumentacao-e-controle-de-processos","status":"publish","type":"page","link":"https:\/\/www.professores.uff.br\/ninoska\/teq141teq103-sistemas-de-instrumentacao-e-controle-de-processos\/","title":{"rendered":"Sistemas de Instrumenta\u00e7\u00e3o e Controle Autom\u00e1tico de Processos"},"content":{"rendered":"<p>Material de Aulas<br \/>\nNo. Temas<br \/>\n1 Programa Turma_1sem2019 (Em aula)<br \/>\n2 <a href=\"http:\/\/www.professores.uff.br\/ninoska\/wp-content\/uploads\/sites\/57\/2017\/08\/Aula01_Instrumen_Introd_2sem2014.pdf\">Introdu\u00e7\u00e3o \u00e0 Instrumenta\u00e7\u00e3o (atualiz.)<\/a><br \/>\n3 <a href=\"http:\/\/www.professores.uff.br\/ninoska\/wp-content\/uploads\/sites\/57\/2017\/08\/Aula02_Instrumen_Nomenclat_2sem2014.pdf\">Nomenclatura e Simbologia (atualiz.)<\/a><br \/>\n4 <a href=\"http:\/\/www.professores.uff.br\/ninoska\/wp-content\/uploads\/sites\/57\/2017\/08\/Aula03_Instrument_Temperatura_2sem2014-2.pdf\">Sensor-Transmissor de Temperatura<\/a><br \/>\n5 <a href=\"http:\/\/www.professores.uff.br\/ninoska\/wp-content\/uploads\/sites\/57\/2018\/04\/Aula-04\u2013Press\u00e3o-TEQ141_2018-1.pdf\">Sensor &#8211; Transmissor de Press\u00e3o<\/a><br \/>\n6 <a href=\"http:\/\/www.professores.uff.br\/ninoska\/wp-content\/uploads\/sites\/57\/2017\/08\/Aula05_Instrumen_Vazao1sem2016.pdf\">Sensor &#8211; Transmissor de Vaz\u00e3o<\/a><br \/>\n7 <a href=\"http:\/\/www.professores.uff.br\/ninoska\/wp-content\/uploads\/sites\/57\/2017\/08\/Aula06_Instrument-Nivel_1sem2017.pdf\">Sensor &#8211; Transmissor de N\u00edvel\u00a0<\/a><br \/>\n8 <a href=\"http:\/\/www.professores.uff.br\/ninoska\/wp-content\/uploads\/sites\/57\/2017\/08\/Aula07_Instrumen_Outras_2sem2014.pdf\">Medi\u00e7\u00e3o de outras vari\u00e1veis: pH, viscosidade, densidade<\/a><br \/>\n9 Biossensores<br \/>\n10<a href=\"http:\/\/www.professores.uff.br\/ninoska\/wp-content\/uploads\/sites\/57\/2017\/11\/Aula09_Instrumen_Valvulas_2sem2017.ppt-.pdf\"> V\u00e1lvulas de controle (Parte I)<\/a><br \/>\n11 <a href=\"http:\/\/www.professores.uff.br\/ninoska\/wp-content\/uploads\/sites\/57\/2017\/08\/Aula10_Instrumen_Valvulas_p2-2sem2014.pdf\">V\u00e1lvulas de Controle (Parte II)<\/a><br \/>\n12 <a href=\"http:\/\/www.professores.uff.br\/ninoska\/wp-content\/uploads\/sites\/57\/2018\/06\/Aula11_Instrumen_MalhasConv.pdf\">Malha de Controle Convencional<\/a><br \/>\n13 <a href=\"http:\/\/www.professores.uff.br\/ninoska\/wp-content\/uploads\/sites\/57\/2017\/08\/Aula12_Intrum_Malhas_Avanc_2sem2015.pdf\">Malhas de Controle avan\u00e7ado<\/a><br \/>\n14 <a href=\"http:\/\/www.professores.uff.br\/ninoska\/wp-content\/uploads\/sites\/57\/2017\/08\/aula14__SISTEMAS_SEGURANCA_2sem2014.pdf\">Seguran\u00e7a de Processos<\/a><br \/>\n15 <a href=\"http:\/\/www.professores.uff.br\/ninoska\/wp-content\/uploads\/sites\/57\/2017\/08\/Aula15_Instrumen_Fieldbus.pdf\">Protocolo de Comunica\u00e7\u00e3o Fieldbus<\/a><\/p>\n<p style=\"padding-left: 30px\"><strong>LISTAS DE\u00a0<\/strong><b>EXERC\u00cdCIOS<\/b><\/p>\n<p style=\"padding-left: 30px\"><b><em>Ser\u00e3o Enviadas via Plataforma Classroom<\/em><\/b><\/p>\n<p><a href=\"http:\/\/www.isarj.org.br\">www.isarj.org.br<\/a><br \/>\n<a href=\"http:\/\/www.controleinstrumentacao.com.br\">www.controleinstrumentacao.com.br<\/a><br \/>\nObs.:<em> Alguns dos materiais complementares aqui postados foram\u00a0recopilados na Internet. Coloquei apenas o mais simples e fundamental,\u00a0\u00a0como refer\u00eancia. N\u00e3o obstante, os alunos dos cursos de TEQ141 ou TEQ103 s\u00e3o livres para procurar (e devem procurar!) quaisquer outros materiais complementares sobre Instrumenta\u00e7\u00e3o e Controle de Processos.<\/em><\/p>\n","protected":false},"excerpt":{"rendered":"<p>Material de Aulas No. Temas 1 Programa Turma_1sem2019 (Em aula) 2 Introdu\u00e7\u00e3o \u00e0 Instrumenta\u00e7\u00e3o (atualiz.) 3 Nomenclatura e Simbologia (atualiz.) 4 Sensor-Transmissor de Temperatura 5 Sensor &#8211; Transmissor de Press\u00e3o 6 Sensor &#8211; Transmissor de Vaz\u00e3o 7 Sensor &#8211; Transmissor de N\u00edvel\u00a0 8 Medi\u00e7\u00e3o de outras vari\u00e1veis: pH, viscosidade, densidade 9 Biossensores 10 V\u00e1lvulas de [&hellip;]<\/p>\n","protected":false},"author":2,"featured_media":0,"parent":0,"menu_order":0,"comment_status":"closed","ping_status":"closed","template":"","meta":{"_exactmetrics_skip_tracking":false,"_exactmetrics_sitenote_active":false,"_exactmetrics_sitenote_note":"","_exactmetrics_sitenote_category":0,"footnotes":""},"categories":[],"tags":[],"class_list":["post-153","page","type-page","status-publish","hentry"],"_links":{"self":[{"href":"https:\/\/www.professores.uff.br\/ninoska\/wp-json\/wp\/v2\/pages\/153","targetHints":{"allow":["GET"]}}],"collection":[{"href":"https:\/\/www.professores.uff.br\/ninoska\/wp-json\/wp\/v2\/pages"}],"about":[{"href":"https:\/\/www.professores.uff.br\/ninoska\/wp-json\/wp\/v2\/types\/page"}],"author":[{"embeddable":true,"href":"https:\/\/www.professores.uff.br\/ninoska\/wp-json\/wp\/v2\/users\/2"}],"replies":[{"embeddable":true,"href":"https:\/\/www.professores.uff.br\/ninoska\/wp-json\/wp\/v2\/comments?post=153"}],"version-history":[{"count":21,"href":"https:\/\/www.professores.uff.br\/ninoska\/wp-json\/wp\/v2\/pages\/153\/revisions"}],"predecessor-version":[{"id":415,"href":"https:\/\/www.professores.uff.br\/ninoska\/wp-json\/wp\/v2\/pages\/153\/revisions\/415"}],"wp:attachment":[{"href":"https:\/\/www.professores.uff.br\/ninoska\/wp-json\/wp\/v2\/media?parent=153"}],"wp:term":[{"taxonomy":"category","embeddable":true,"href":"https:\/\/www.professores.uff.br\/ninoska\/wp-json\/wp\/v2\/categories?post=153"},{"taxonomy":"post_tag","embeddable":true,"href":"https:\/\/www.professores.uff.br\/ninoska\/wp-json\/wp\/v2\/tags?post=153"}],"curies":[{"name":"wp","href":"https:\/\/api.w.org\/{rel}","templated":true}]}}