{"id":210,"date":"2017-08-07T10:25:23","date_gmt":"2017-08-07T13:25:23","guid":{"rendered":"http:\/\/www.professores.uff.br\/ninoska\/?page_id=210"},"modified":"2017-08-07T10:40:00","modified_gmt":"2017-08-07T13:40:00","slug":"teq143-simulacao-de-processos","status":"publish","type":"page","link":"https:\/\/www.professores.uff.br\/ninoska\/teq143-simulacao-de-processos\/","title":{"rendered":"TEQ143 &#8211; Simula\u00e7\u00e3o de Processos"},"content":{"rendered":"<p><strong>Turmas:<\/strong><br \/>\nPer\u00edodo &#8211; 2011-2.<\/p>\n<p><strong>Material de Aulas:<\/strong><br \/>\nParte 01<\/p>\n<p>Parte 02<\/p>\n<p><strong>Trabalhos:<\/strong><br \/>\nLista 1 &#8211; Entregada em sala de aula<br \/>\n<a href=\"http:\/\/www.professores.uff.br\/ninoska\/wp-content\/uploads\/sites\/57\/2017\/08\/NotaProvasInstr_1sem17A_VS.pdf\">Lista 2 <\/a>&#8211; Identifica\u00e7\u00e3o de Modelos- Data de Entrega: 30 de Maio &#8211; Solu\u00e7\u00e3o gr\u00e1fica manual<br \/>\nLista 3 &#8211; <a href=\"http:\/\/www.professores.uff.br\/ninoska\/wp-content\/uploads\/sites\/57\/2017\/08\/NotaProvasInstr_1sem17A_VS.pdf\">Simula\u00e7\u00e3o estacion\u00e1ria no Unisim<\/a><br \/>\nLista 4 &#8211; No dia da Prova-2<br \/>\n<strong>Notas:<\/strong> <a href=\"http:\/\/www.professores.uff.br\/ninoska\/wp-content\/uploads\/sites\/57\/2017\/08\/NotaProvasInstr_1sem17A_VS.pdf\">Notas TEQ143 &#8211; Turma B1<\/a><br \/>\n<strong>Anexos:<\/strong><br \/>\nTutorial do Hysys<br \/>\nAspen HYSYS Dynamic Modeling<br \/>\nPropriedades Termodin\u00e2micas no Hysys<\/p>\n","protected":false},"excerpt":{"rendered":"<p>Turmas: Per\u00edodo &#8211; 2011-2. Material de Aulas: Parte 01 Parte 02 Trabalhos: Lista 1 &#8211; Entregada em sala de aula Lista 2 &#8211; Identifica\u00e7\u00e3o de Modelos- Data de Entrega: 30 de Maio &#8211; Solu\u00e7\u00e3o gr\u00e1fica manual Lista 3 &#8211; Simula\u00e7\u00e3o estacion\u00e1ria no Unisim Lista 4 &#8211; No dia da Prova-2 Notas: Notas TEQ143 &#8211; Turma [&hellip;]<\/p>\n","protected":false},"author":2,"featured_media":0,"parent":0,"menu_order":0,"comment_status":"closed","ping_status":"closed","template":"","meta":{"_exactmetrics_skip_tracking":false,"_exactmetrics_sitenote_active":false,"_exactmetrics_sitenote_note":"","_exactmetrics_sitenote_category":0,"footnotes":""},"categories":[],"tags":[],"class_list":["post-210","page","type-page","status-publish","hentry"],"_links":{"self":[{"href":"https:\/\/www.professores.uff.br\/ninoska\/wp-json\/wp\/v2\/pages\/210","targetHints":{"allow":["GET"]}}],"collection":[{"href":"https:\/\/www.professores.uff.br\/ninoska\/wp-json\/wp\/v2\/pages"}],"about":[{"href":"https:\/\/www.professores.uff.br\/ninoska\/wp-json\/wp\/v2\/types\/page"}],"author":[{"embeddable":true,"href":"https:\/\/www.professores.uff.br\/ninoska\/wp-json\/wp\/v2\/users\/2"}],"replies":[{"embeddable":true,"href":"https:\/\/www.professores.uff.br\/ninoska\/wp-json\/wp\/v2\/comments?post=210"}],"version-history":[{"count":3,"href":"https:\/\/www.professores.uff.br\/ninoska\/wp-json\/wp\/v2\/pages\/210\/revisions"}],"predecessor-version":[{"id":214,"href":"https:\/\/www.professores.uff.br\/ninoska\/wp-json\/wp\/v2\/pages\/210\/revisions\/214"}],"wp:attachment":[{"href":"https:\/\/www.professores.uff.br\/ninoska\/wp-json\/wp\/v2\/media?parent=210"}],"wp:term":[{"taxonomy":"category","embeddable":true,"href":"https:\/\/www.professores.uff.br\/ninoska\/wp-json\/wp\/v2\/categories?post=210"},{"taxonomy":"post_tag","embeddable":true,"href":"https:\/\/www.professores.uff.br\/ninoska\/wp-json\/wp\/v2\/tags?post=210"}],"curies":[{"name":"wp","href":"https:\/\/api.w.org\/{rel}","templated":true}]}}