{"id":46,"date":"2017-08-04T11:35:37","date_gmt":"2017-08-04T14:35:37","guid":{"rendered":"http:\/\/www.professores.uff.br\/ninoska\/?page_id=46"},"modified":"2019-03-24T22:18:12","modified_gmt":"2019-03-25T01:18:12","slug":"teq102-controle-de-processos","status":"publish","type":"page","link":"https:\/\/www.professores.uff.br\/ninoska\/teq102-controle-de-processos\/","title":{"rendered":"Controle de Processos"},"content":{"rendered":"<p>Chamado de\u00a0participa\u00e7\u00e3o\u00a0no<a href=\"https:\/\/www.ufrgs.br\/psebr\/\"> PSEBR 2019<\/a><\/p>\n<p>Material de\u00a0aulas:<\/p>\n<p>N\u00ba Tema<br \/>\n0 \u00a0Cronograma da disciplina (Apresentado em\u00a0aula\u00a0e no Classroom)<br \/>\n1 \u00a0 Introdu\u00e7\u00e3o ao Controle de Processo<br \/>\n2 \u00a0<a href=\"http:\/\/www.professores.uff.br\/ninoska\/wp-content\/uploads\/sites\/57\/2017\/08\/Control_Aula01__Introd_Nomenclat_1sem2016.pdf\">Diagramas P&amp;I &#8211; Simbologia-Nomenclatura<\/a><br \/>\n3 \u00a0<a href=\"http:\/\/www.professores.uff.br\/ninoska\/wp-content\/uploads\/sites\/57\/2017\/08\/Control_Aula02_Laplace_2sem2016.pdf\">Transformada de Laplace<\/a><br \/>\n4 \u00a0<a href=\"http:\/\/www.professores.uff.br\/ninoska\/wp-content\/uploads\/sites\/57\/2017\/08\/Control_Aula04b_FT_2sem2017.pdf\">Fun\u00e7\u00f5es de Transfer\u00eancias<\/a><br \/>\n5 \u00a0<a href=\"http:\/\/www.professores.uff.br\/ninoska\/wp-content\/uploads\/sites\/57\/2017\/09\/Control_Aula05-ModProcessos_2sem2017-1.pdf\">Modelagem e T\u00e9cnica de Lineariza\u00e7\u00e3o<\/a><br \/>\n<a href=\"http:\/\/www.professores.uff.br\/ninoska\/wp-content\/uploads\/sites\/57\/2017\/09\/Control-Aula06_-Modelagem2SEM17a.pdf\">6 \u00a0Modelagem de Processos I<\/a><br \/>\n7 \u00a0<a href=\"http:\/\/www.professores.uff.br\/ninoska\/wp-content\/uploads\/sites\/57\/2017\/09\/Control-Aula07_-ModelagemII_2SEM17.pdf\">Modelagem de Processos II<\/a><br \/>\n8 \u00a0<a href=\"http:\/\/www.professores.uff.br\/ninoska\/wp-content\/uploads\/sites\/57\/2017\/08\/Aula08-_Control__Diagrama_Blocos.pdf\">\u00c1lgebra de Diagramas de Blocos<\/a><br \/>\n9 \u00a0<a href=\"http:\/\/www.professores.uff.br\/ninoska\/wp-content\/uploads\/sites\/57\/2017\/08\/Control_Aula11_FB_Servo-Regulatorio_1sem2017.pdf\">Controle Servo\/Regulat\u00f3rio <\/a><br \/>\n10 \u00a0<a href=\"http:\/\/www.professores.uff.br\/ninoska\/wp-content\/uploads\/sites\/57\/2017\/10\/Control_Aula14_Met-Identif_2sem2017.pdf\">M\u00e9todos de Identifica\u00e7\u00e3o de Processos<\/a><br \/>\n11 \u00a0<a href=\"http:\/\/www.professores.uff.br\/ninoska\/wp-content\/uploads\/sites\/57\/2017\/10\/Control_Aula16_Sintonia_2sem17-1.pdf\">Sintonia de malhas de Controle <\/a><br \/>\n12\u00a0<a href=\"http:\/\/www.professores.uff.br\/ninoska\/wp-content\/uploads\/sites\/57\/2017\/10\/Control_Aula18_Estabilidade_2sem2017.pdf\">An\u00e1lise de Estabilidade de Malhas de Controle<\/a><br \/>\n13\u00a0<a href=\"http:\/\/www.professores.uff.br\/ninoska\/wp-content\/uploads\/sites\/57\/2017\/08\/Control_Aula18_Estabilidade_1sem2014-vs2.pdf\">M\u00e9todo de Lugar Geometrico de Raizes<\/a><br \/>\n14\u00a0<a href=\"http:\/\/www.professores.uff.br\/ninoska\/wp-content\/uploads\/sites\/57\/2017\/08\/Exerc_RGL.pdf\">Exercicio RGL no quadro<\/a><br \/>\n15\u00a0<a href=\"http:\/\/www.professores.uff.br\/ninoska\/wp-content\/uploads\/sites\/57\/2017\/10\/Control_Aula19_casos-especial-Estabilidade_1sem2017.pdf\">Estabilidade: Casos especiais<\/a><br \/>\n16\u00a0<a href=\"http:\/\/www.professores.uff.br\/ninoska\/wp-content\/uploads\/sites\/57\/2017\/08\/Control_Aula20_RespostaFrequencia.pdf\">Resposta de Frequ\u00eancia &#8211; Introdu\u00e7\u00e3o<\/a><br \/>\n17\u00a0<a href=\"http:\/\/www.professores.uff.br\/ninoska\/wp-content\/uploads\/sites\/57\/2017\/08\/Control_Aula22_Exercicios_Diagrama_de_Bode.pdf\">Resposta de Frequ\u00eancia &#8211; Diagrama de Bode<\/a><br \/>\n18\u00a0<a href=\"http:\/\/www.professores.uff.br\/ninoska\/wp-content\/uploads\/sites\/57\/2017\/11\/Control_Aula22_Exercicios-Diagrama-de-Bode_2s2017.pdf\">Exerc\u00edcios e Aplica\u00e7\u00f5es de Resposta de Frequ\u00eancia<\/a> (Levar papel)<br \/>\n19<a href=\"http:\/\/www.professores.uff.br\/ninoska\/wp-content\/uploads\/sites\/57\/2017\/08\/Control_Aula_24_MG-MF_2.pdf\">\u00a0M\u00e9todos de Margem de Ganho e Fase<\/a><br \/>\n20\u00a0<a href=\"http:\/\/www.professores.uff.br\/ninoska\/wp-content\/uploads\/sites\/57\/2017\/11\/Control_Aula23_Metodos-de-Margem-de-Ganho-e-Fase_2sem2017.pdf\">M\u00e9todos de Margem de Ganho e Fase II<\/a><br \/>\n21\u00a0<a href=\"http:\/\/www.professores.uff.br\/ninoska\/wp-content\/uploads\/sites\/57\/2017\/08\/Aula_24_Controle_FForward_1sem2015.pdf\">Sistemas Controle Feed-Forward<\/a><br \/>\n22\u00a0<a href=\"http:\/\/www.professores.uff.br\/ninoska\/wp-content\/uploads\/sites\/57\/2017\/11\/Aula-25-Controle-Cascata2017_2sem17.pdf\">Sistemas de Controle em Cascata<\/a><br \/>\n23\u00a0<a href=\"http:\/\/www.professores.uff.br\/ninoska\/wp-content\/uploads\/sites\/57\/2017\/08\/Control_Aula27_MIMO.pdf\">Sistemas de Controle Multivari\u00e1veis &#8211; Intera\u00e7\u00f5es<\/a><br \/>\n24\u00a0<a href=\"http:\/\/www.professores.uff.br\/ninoska\/wp-content\/uploads\/sites\/57\/2017\/08\/Aula_28_Controle_Mimo2_2017_1.pdf\">Conceito de Ganhos Relativos\/Sele\u00e7\u00e3o de Controlada-Manipulada<\/a><\/p>\n<p>&#8212;&#8212;&#8212;&#8212;&#8212;&#8212;&#8212;&#8212;&#8212;&#8212;&#8212;&#8212;&#8212;&#8212;&#8212;&#8212;&#8212;&#8212;&#8212;&#8212;&#8212;&#8212;&#8212;&#8212;&#8212;&#8212;&#8212;&#8212;&#8212;&#8212;&#8212;&#8212;&#8212;&#8212;&#8212;&#8212;&#8212;&#8212;&#8212;&#8212;&#8212;&#8212;&#8212;&#8212;&#8212;<\/p>\n<p>Anexo: Documentos<\/p>\n<p><a href=\"http:\/\/www.professores.uff.br\/ninoska\/wp-content\/uploads\/sites\/57\/2017\/08\/Tabela_Laplace-Seborg.pdf\">Tabela de Laplace<\/a> (Seborg)<\/p>\n<p>Papel para Diagrama de Bode:<br \/>\n<a href=\"http:\/\/www.professores.uff.br\/ninoska\/wp-content\/uploads\/sites\/57\/2017\/08\/PAPEL_DIAGRAMA_BODE.pdf\">Papel Bode1<\/a><a href=\"http:\/\/www.professores.uff.br\/ninoska\/wp-content\/uploads\/sites\/57\/2017\/08\/papel_logaritm.jpg\"> Papel Bode 2<\/a><br \/>\n<a href=\"http:\/\/www.professores.uff.br\/ninoska\/wp-content\/uploads\/sites\/57\/2017\/08\/Diagrama_Bode_Matlab.jpg\">Papel Bode 3<\/a> <a href=\"http:\/\/www.professores.uff.br\/ninoska\/wp-content\/uploads\/sites\/57\/2017\/08\/SemilogPaper.pdf\">Papel Bode 4<\/a><\/p>\n<p>&#8212;&#8212;&#8212;&#8212;&#8212;&#8212;&#8212;&#8212;&#8212;&#8212;&#8212;&#8212;&#8212;&#8212;&#8212;&#8212;&#8212;&#8212;&#8212;&#8212;&#8212;&#8212;&#8212;&#8212;&#8212;&#8212;&#8212;&#8212;&#8212;&#8212;&#8212;&#8212;&#8212;&#8212;&#8212;&#8212;&#8212;&#8212;&#8212;&#8212;&#8212;&#8212;&#8212;&#8212;&#8212;<\/p>\n<p>Listas de Exercicios Propostos em anos anteriores:<\/p>\n<p>Listas_2sem2017<\/p>\n<p><span style=\"color: #000080\">Listas_1sem2017 \u00a0<\/span>\u00a0\u00a0 \u00a0 \u00a0 \u00a0 \u00a0 \u00a0\u00a0<span style=\"color: #000080\">Gabaritos:<\/span><br \/>\nLista01\u00a0 \u00a0 \u00a0 \u00a0 \u00a0 \u00a0 \u00a0 \u00a0 \u00a0 \u00a0 \u00a0 \u00a0 \u00a0 \u00a0 \u00a0 solu\u00e7ao_lista01<br \/>\nLista02 \u00a0\u00a0\u00a0 \u00a0 \u00a0 \u00a0 \u00a0 \u00a0 \u00a0 \u00a0 \u00a0 \u00a0 \u00a0 \u00a0 \u00a0 \u00a0<a href=\"http:\/\/www.professores.uff.br\/ninoska\/wp-content\/uploads\/sites\/57\/2017\/10\/Gabarito_Lista02_DoVal.pdf\">solu\u00e7ao_lista02<\/a><br \/>\n<a href=\"http:\/\/www.professores.uff.br\/ninoska\/wp-content\/uploads\/sites\/57\/2017\/09\/Lista3_TEQ0102_2sem17.pdf\">Lista03<\/a>\u00a0 \u00a0 \u00a0 \u00a0 \u00a0 \u00a0 \u00a0 \u00a0 \u00a0 \u00a0 \u00a0 \u00a0 \u00a0 \u00a0 \u00a0<a href=\"http:\/\/www.professores.uff.br\/ninoska\/wp-content\/uploads\/sites\/57\/2017\/10\/Gabarito-lista3_doVal.pdf\"> solu\u00e7\u00e3oLista03<\/a><\/p>\n<p>Lista04<a href=\"http:\/\/www.professores.uff.br\/ninoska\/wp-content\/uploads\/sites\/57\/2017\/08\/Lista_4_Monitoria1sem2016_Patr\u00edcia.pdf\"> \u00a0<\/a>\u00a0 \u00a0 \u00a0 \u00a0 \u00a0 \u00a0 \u00a0 \u00a0 \u00a0 \u00a0 \u00a0 \u00a0 \u00a0 \u00a0 solu\u00e7\u00e3o_Lista04<br \/>\nLista05\u00a0 \u00a0 \u00a0 \u00a0 \u00a0 \u00a0 \u00a0 \u00a0 \u00a0 \u00a0 \u00a0 \u00a0 \u00a0 \u00a0 \u00a0 solu\u00e7\u00e3o_Lista05<br \/>\nLista06\u00a0 \u00a0 \u00a0 \u00a0 \u00a0 \u00a0 \u00a0 \u00a0 \u00a0 \u00a0 \u00a0 \u00a0 \u00a0 \u00a0 \u00a0 solu\u00e7\u00e3o_lista06<\/p>\n<p><span style=\"color: #000080\">Listas_1sem2017 \u00a0<\/span> \u00a0 \u00a0 \u00a0 \u00a0 \u00a0 \u00a0 <span style=\"color: #000080\">Gabaritos:<\/span><br \/>\n<a href=\"http:\/\/www.professores.uff.br\/ninoska\/wp-content\/uploads\/sites\/57\/2017\/08\/Lista_1_-_Monitoria_de_Controle_de_Processos.pdf\">Lista01 \u00a0<\/a> \u00a0 \u00a0 \u00a0 \u00a0 \u00a0 \u00a0 \u00a0 \u00a0 \u00a0 \u00a0 \u00a0 \u00a0 \u00a0 \u00a0 <a href=\"http:\/\/www.professores.uff.br\/ninoska\/wp-content\/uploads\/sites\/57\/2017\/08\/Gabarito_Lista1G.pdf\">solu\u00e7ao_lista01<\/a><br \/>\n<a href=\"http:\/\/www.professores.uff.br\/ninoska\/wp-content\/uploads\/sites\/57\/2017\/08\/Lista_2_-_Monitoria_de_Controle_de_Processos.pdf\">Lista02 \u00a0 <\/a>\u00a0 \u00a0 \u00a0 \u00a0 \u00a0 \u00a0 \u00a0 \u00a0 \u00a0 \u00a0 \u00a0 \u00a0 \u00a0 \u00a0 <a href=\"http:\/\/www.professores.uff.br\/ninoska\/wp-content\/uploads\/sites\/57\/2017\/08\/GabaritoLista2G.pdf\">solu\u00e7ao_lista02<\/a><br \/>\n<a href=\"http:\/\/www.professores.uff.br\/ninoska\/wp-content\/uploads\/sites\/57\/2017\/08\/Lista_3_-_Monitoria_de_Controle_de_Processos.pdf\">Lista03 \u00a0 \u00a0<\/a> \u00a0 \u00a0 \u00a0 \u00a0 \u00a0 \u00a0 \u00a0 \u00a0 \u00a0 \u00a0 \u00a0 \u00a0 \u00a0<a href=\"http:\/\/www.professores.uff.br\/ninoska\/wp-content\/uploads\/sites\/57\/2017\/08\/Lista_3_-_Gabarito.pdf\"> solu\u00e7\u00e3o_lista03<\/a><br \/>\n<a href=\"http:\/\/www.professores.uff.br\/ninoska\/wp-content\/uploads\/sites\/57\/2017\/08\/Lista_4_-_Monitoria_de_Controle_de_Processos.pdf\">Lista04<\/a><br \/>\n<a href=\"http:\/\/www.professores.uff.br\/ninoska\/wp-content\/uploads\/sites\/57\/2017\/08\/Lista_5_-_Monitoria_de_Controle_de_Processos.pdf\">Lista05 <\/a>\u00a0 \u00a0 \u00a0 \u00a0 \u00a0 \u00a0 \u00a0 \u00a0 \u00a0 \u00a0 \u00a0 \u00a0 \u00a0 \u00a0 \u00a0 <span style=\"color: #000080\">Entrega:08 de Jun<\/span><br \/>\n<a href=\"http:\/\/www.professores.uff.br\/ninoska\/wp-content\/uploads\/sites\/57\/2017\/08\/Lista_6_-_Monitoria_de_Controle_de_Processos.pdf\">Lista06<\/a><br \/>\n<span style=\"color: #000080\">Aten\u00e7\u00e3o. grupo de 4. Grupo de 5 j\u00e1 foi definido.<\/span><\/p>\n<p><span style=\"color: #000080\">Listas_2sem2016 \u00a0 \u00a0 \u00a0 \u00a0 \u00a0 \u00a0 \u00a0 \u00a0Gabaritos:<\/span><br \/>\n<a href=\"http:\/\/www.professores.uff.br\/ninoska\/wp-content\/uploads\/sites\/57\/2017\/08\/lista01_Control_2sem16.pdf\">Lista01 \u00a0<\/a> \u00a0 \u00a0 \u00a0 \u00a0 \u00a0 \u00a0 \u00a0 \u00a0 \u00a0 \u00a0 \u00a0 \u00a0 \u00a0 \u00a0 \u00a0<a href=\"http:\/\/www.professores.uff.br\/ninoska\/wp-content\/uploads\/sites\/57\/2017\/08\/Gabarito_lista1-2sem16-1.pdf\">solu\u00e7\u00e3o_Lista01<\/a><br \/>\n<a href=\"http:\/\/www.professores.uff.br\/ninoska\/wp-content\/uploads\/sites\/57\/2017\/08\/Lista_2_2016.2_Patr\u00edcia_NB.pdf\">Lista02 <\/a>\u00a0 \u00a0 \u00a0 \u00a0 \u00a0 \u00a0 \u00a0 \u00a0 \u00a0 \u00a0 \u00a0 \u00a0 \u00a0 \u00a0 \u00a0 \u00a0<a href=\"http:\/\/www.professores.uff.br\/ninoska\/wp-content\/uploads\/sites\/57\/2017\/08\/Gabarito_lista2_2sem16-1.pdf\">solu\u00e7\u00e3o_Lista02<\/a><br \/>\n<a href=\"http:\/\/www.professores.uff.br\/ninoska\/wp-content\/uploads\/sites\/57\/2017\/08\/Lista_3_TEQ102_2sem2016.pdf\">Lista03<\/a> \u00a0 \u00a0 \u00a0 \u00a0 \u00a0 \u00a0 \u00a0 \u00a0 \u00a0 \u00a0 \u00a0 \u00a0 \u00a0 \u00a0 \u00a0 \u00a0<a href=\"http:\/\/www.professores.uff.br\/ninoska\/wp-content\/uploads\/sites\/57\/2017\/08\/Lista3_TEQ102-2sem16.pdf\">solu\u00e7\u00e3o_Lista03<\/a><br \/>\n<a href=\"http:\/\/www.professores.uff.br\/ninoska\/wp-content\/uploads\/sites\/57\/2017\/08\/Lista_4_Monitoria1sem2016_Patr\u00edcia.pdf\">Lista04 \u00a0<\/a> \u00a0 \u00a0 \u00a0 \u00a0 \u00a0 \u00a0 \u00a0 \u00a0 \u00a0 \u00a0 \u00a0 \u00a0 \u00a0 \u00a0 <a href=\"http:\/\/www.professores.uff.br\/ninoska\/wp-content\/uploads\/sites\/57\/2017\/08\/Lista4_TEQ102-2sem16.pdf\">\u00a0solu\u00e7\u00e3o_Lista04<\/a><br \/>\n<a href=\"http:\/\/www.professores.uff.br\/ninoska\/wp-content\/uploads\/sites\/57\/2017\/08\/Lista_5_2sem2016.pdf\">Lista05 \u00a0 \u00a0 <\/a>\u00a0 \u00a0 \u00a0 \u00a0 \u00a0 \u00a0 \u00a0 \u00a0 \u00a0 \u00a0 \u00a0 \u00a0 \u00a0 \u00a0<a href=\"http:\/\/www.professores.uff.br\/ninoska\/wp-content\/uploads\/sites\/57\/2017\/08\/GabaritoParcial_Lista5.pdf\">solu\u00e7\u00e3o_Lista05<\/a> (parcial)<br \/>\nLista06 \u00a0 \u00a0 \u00a0 \u00a0 \u00a0 \u00a0 \u00a0 \u00a0 \u00a0 \u00a0 \u00a0 \u00a0 \u00a0 \u00a0 \u00a0 \u00a0solu\u00e7\u00e3o_lista06<\/p>\n<p><span style=\"color: #000080\">Listas_1sem2016 \u00a0 \u00a0 \u00a0 \u00a0 \u00a0 \u00a0 \u00a0 \u00a0Gabaritos:<\/span><br \/>\n<a href=\"http:\/\/www.professores.uff.br\/ninoska\/wp-content\/uploads\/sites\/57\/2017\/08\/Lista_1_1sem2016r-1.pdf\">Lista01<\/a> \u00a0 \u00a0 \u00a0 \u00a0 \u00a0 \u00a0 \u00a0 \u00a0 \u00a0 \u00a0 \u00a0 \u00a0 \u00a0 \u00a0 \u00a0Solu\u00e7ao_Lista01<br \/>\n<a href=\"http:\/\/www.professores.uff.br\/ninoska\/wp-content\/uploads\/sites\/57\/2017\/08\/Lista_2_1sem2016.pdf\">Lista02<\/a> \u00a0 \u00a0 \u00a0 \u00a0 \u00a0 \u00a0 \u00a0 \u00a0 \u00a0 \u00a0 \u00a0 \u00a0 \u00a0 \u00a0 <a href=\"http:\/\/www.professores.uff.br\/ninoska\/wp-content\/uploads\/sites\/57\/2017\/08\/Lista2_1sem16-1.pdf\">\u00a0Solu\u00e3o_Lista02<\/a><br \/>\n<a href=\"http:\/\/www.professores.uff.br\/ninoska\/wp-content\/uploads\/sites\/57\/2017\/08\/Lista_3_Monitoria_Patr\u00edcia.pdf\">Lista03 \u00a0<\/a> \u00a0 \u00a0 \u00a0 \u00a0 \u00a0 \u00a0 \u00a0 \u00a0 \u00a0 \u00a0 \u00a0 \u00a0 \u00a0 \u00a0<a href=\"http:\/\/www.professores.uff.br\/ninoska\/wp-content\/uploads\/sites\/57\/2017\/08\/Lista3_1sem16-1.pdf\">Solu\u00e7\u00e3o_Lista03<\/a><br \/>\n<a href=\"http:\/\/www.professores.uff.br\/ninoska\/wp-content\/uploads\/sites\/57\/2017\/08\/Lista4_TEQ102_2sem2015.pdf\">Lista04<\/a> \u00a0 \u00a0 \u00a0 \u00a0 \u00a0 \u00a0 \u00a0 \u00a0 \u00a0 \u00a0 \u00a0 \u00a0 \u00a0 \u00a0 \u00a0Solu\u00e7\u00e3o_Lista04<br \/>\n<a href=\"http:\/\/www.professores.uff.br\/ninoska\/wp-content\/uploads\/sites\/57\/2017\/08\/Lista_5_monitoria_Patr\u00edcia_1sem16.pdf\">Lista05 <\/a>\u00a0 \u00a0 \u00a0 \u00a0 \u00a0 \u00a0 \u00a0 \u00a0 \u00a0 \u00a0 \u00a0 \u00a0 \u00a0 \u00a0 \u00a0Solu\u00e7\u00e3o_Lista05<\/p>\n<p><span style=\"color: #000080\">Listas_2sem2015 \u00a0 \u00a0 \u00a0 \u00a0 \u00a0 \u00a0 \u00a0Gabaritos:<\/span><br \/>\n<a href=\"http:\/\/www.professores.uff.br\/ninoska\/wp-content\/uploads\/sites\/57\/2017\/08\/1\u00ba_lista_de_controle_de_processos.pdf\">Lista01<\/a> \u00a0 \u00a0 \u00a0 \u00a0 \u00a0 \u00a0 \u00a0 \u00a0 \u00a0 \u00a0 \u00a0 \u00a0 \u00a0 \u00a0<a href=\"http:\/\/www.professores.uff.br\/ninoska\/wp-content\/uploads\/sites\/57\/2017\/08\/Lista01_Gabarito.pdf\"> Solu\u00e7\u00e3o_Lista01<\/a><br \/>\n<a href=\"http:\/\/www.professores.uff.br\/ninoska\/wp-content\/uploads\/sites\/57\/2017\/08\/2daLista_Controle_2s2015.pdf\">Lista02 <\/a>\u00a0 \u00a0 \u00a0 \u00a0 \u00a0 \u00a0 \u00a0 \u00a0 \u00a0 \u00a0 \u00a0 \u00a0 \u00a0 \u00a0 Solu\u00e7\u00e3o_Lista02<br \/>\n<a href=\"http:\/\/www.professores.uff.br\/ninoska\/wp-content\/uploads\/sites\/57\/2017\/08\/Lista03-TEQ102_2sem2015.pdf\">Lista03<\/a> \u00a0 \u00a0 \u00a0 \u00a0 \u00a0 \u00a0 \u00a0 \u00a0 \u00a0 \u00a0 \u00a0 \u00a0 \u00a0 \u00a0 <a href=\"http:\/\/www.professores.uff.br\/ninoska\/wp-content\/uploads\/sites\/57\/2017\/08\/Gabarito_Lista3_2sem2015000.pdf\">Solu\u00e7\u00e3o_Lista03<\/a><br \/>\n<a href=\"http:\/\/www.professores.uff.br\/ninoska\/wp-content\/uploads\/sites\/57\/2017\/08\/Lista4_TEQ102_2sem2015-1.pdf\">Lista04<\/a> \u00a0 \u00a0 \u00a0 \u00a0 \u00a0 \u00a0 \u00a0 \u00a0 \u00a0 \u00a0 \u00a0 \u00a0 \u00a0 \u00a0 <a href=\"http:\/\/www.professores.uff.br\/ninoska\/wp-content\/uploads\/sites\/57\/2017\/08\/Gabarito_Lista4_2sem2015.pdf\">Solu\u00e7\u00e3o_Lista04<\/a><br \/>\n<a href=\"http:\/\/www.professores.uff.br\/ninoska\/wp-content\/uploads\/sites\/57\/2017\/08\/Lista5_Teq1012_2sem2015.pdf\">Lista05 <\/a>\u00a0 \u00a0 \u00a0 \u00a0 \u00a0 \u00a0 \u00a0 \u00a0 \u00a0 \u00a0 \u00a0 \u00a0 \u00a0 \u00a0 <a href=\"http:\/\/www.professores.uff.br\/ninoska\/wp-content\/uploads\/sites\/57\/2017\/08\/Gabarito_lista5_28mar.pdf\">Solu\u00e7\u00e3o_Lista05<\/a><\/p>\n<p><span style=\"color: #000080\">Listas_1sem2015 \u00a0 \u00a0 \u00a0 \u00a0 \u00a0 \u00a0 Gabaritos:<\/span><br \/>\n<a href=\"http:\/\/www.professores.uff.br\/ninoska\/wp-content\/uploads\/sites\/57\/2017\/08\/1ralista_Controle_de_processos_2015_1s.pdf\">Lista01 <\/a>\u00a0 \u00a0 \u00a0 \u00a0 \u00a0 \u00a0 \u00a0 \u00a0 \u00a0 \u00a0 \u00a0 \u00a0 \u00a0 \u00a0<a href=\"http:\/\/www.professores.uff.br\/ninoska\/wp-content\/uploads\/sites\/57\/2017\/08\/Lista1_Gabarito1sem2015_TEQ102.pdf\">solucao_Lista01<\/a><br \/>\n<a href=\"http:\/\/www.professores.uff.br\/ninoska\/wp-content\/uploads\/sites\/57\/2017\/08\/2\u00ba_lista_de_controle_de_processos.pdf\">Lista02 <\/a>\u00a0 \u00a0 \u00a0 \u00a0 \u00a0 \u00a0 \u00a0 \u00a0 \u00a0 \u00a0 \u00a0 \u00a0 \u00a0 \u00a0<a href=\"http:\/\/www.professores.uff.br\/ninoska\/wp-content\/uploads\/sites\/57\/2017\/08\/gabaritopreliminar-lista02.pdf\">solu\u00e7\u00e3o_Lista02<\/a><br \/>\n<a href=\"http:\/\/www.professores.uff.br\/ninoska\/wp-content\/uploads\/sites\/57\/2017\/08\/Lista_3_TEQ102_1sem2015.pdf\">Lista03<\/a> \u00a0 \u00a0 \u00a0 \u00a0 \u00a0 \u00a0 \u00a0 \u00a0 \u00a0 \u00a0 \u00a0 \u00a0 \u00a0 <a href=\"http:\/\/www.professores.uff.br\/ninoska\/wp-content\/uploads\/sites\/57\/2017\/08\/Lista3_gabarito_1s2015.pdf\">\u00a0solu\u00e7\u00e3o_Lista03<\/a><br \/>\n<a href=\"http:\/\/www.professores.uff.br\/ninoska\/wp-content\/uploads\/sites\/57\/2017\/08\/Lista_4_TEQ102_1sem2015.pdf\">Lista04<\/a> \u00a0 \u00a0 \u00a0 \u00a0 \u00a0 \u00a0 \u00a0 \u00a0 \u00a0 \u00a0 \u00a0 \u00a0 \u00a0 \u00a0solu\u00e7\u00e3o_Lista04<br \/>\n<a href=\"http:\/\/www.professores.uff.br\/ninoska\/wp-content\/uploads\/sites\/57\/2017\/08\/5taLlista_TEQ102.pdf\">Lista05<\/a> \u00a0 \u00a0 \u00a0 \u00a0 \u00a0 \u00a0 \u00a0 \u00a0 \u00a0 \u00a0 \u00a0 \u00a0 \u00a0 <a href=\"http:\/\/www.professores.uff.br\/ninoska\/wp-content\/uploads\/sites\/57\/2017\/08\/Lista5_1sem2015.pdf\">\u00a0soluc\u00e3o_Lista05<\/a><\/p>\n<p><span style=\"color: #000080\">Lista 1sem2014: \u00a0 \u00a0 \u00a0 \u00a0 \u00a0 \u00a0Gabaritos:<\/span><br \/>\n<a href=\"http:\/\/www.professores.uff.br\/ninoska\/wp-content\/uploads\/sites\/57\/2017\/08\/Lista_1sem2014.1.pdf\">Lista01 \u00a0<\/a> \u00a0 \u00a0 \u00a0 \u00a0 \u00a0 \u00a0 \u00a0 \u00a0 \u00a0 \u00a0 \u00a0 \u00a0<a href=\"http:\/\/www.professores.uff.br\/ninoska\/wp-content\/uploads\/sites\/57\/2017\/08\/Gabarito-TEQ102_Lista01_2014.1.pdf\">Solu\u00e7\u00e3o-Lista-01<\/a>\u00a0 \u00a0 \u00a0 \u00a0 \u00a0 \u00a0 \u00a0 \u00a0 \u00a0 \u00a0 Teste1<br \/>\n<a href=\"http:\/\/www.professores.uff.br\/ninoska\/wp-content\/uploads\/sites\/57\/2017\/08\/Lista_2_1sem2014.pdf\">Lista02<\/a> \u00a0 \u00a0 \u00a0 \u00a0 \u00a0 \u00a0 \u00a0 \u00a0 \u00a0 \u00a0 \u00a0 \u00a0 \u00a0Solu\u00e7\u00e3o-Lista-02 \u00a0 \u00a0 \u00a0 \u00a0 \u00a0 \u00a0 \u00a0 \u00a0 \u00a0 Teste2<br \/>\n<a href=\"http:\/\/www.professores.uff.br\/ninoska\/wp-content\/uploads\/sites\/57\/2017\/08\/Lista_3_TEQ102-24_04_2014.pdf\">Lista03<\/a> \u00a0 \u00a0 \u00a0 \u00a0 \u00a0 \u00a0 \u00a0 \u00a0 \u00a0 \u00a0 \u00a0 \u00a0 \u00a0<a href=\"http:\/\/www.professores.uff.br\/ninoska\/wp-content\/uploads\/sites\/57\/2017\/08\/Gabarito_TEQ102_Lista3_1sem2014.pdf\">Solu\u00e7\u00e3o-Lista-03<\/a> \u00a0 \u00a0 \u00a0 \u00a0 \u00a0 \u00a0 \u00a0 \u00a0 \u00a0 Teste3<br \/>\n<a href=\"http:\/\/www.professores.uff.br\/ninoska\/wp-content\/uploads\/sites\/57\/2017\/08\/Lista4_TEQ102_1sem2014.pdf\">Lista04 <\/a>\u00a0 \u00a0 \u00a0 \u00a0 \u00a0 \u00a0 \u00a0 \u00a0 \u00a0 \u00a0 \u00a0 \u00a0 \u00a0Solu\u00e7\u00e3o-Lista-04 \u00a0 \u00a0 \u00a0 \u00a0 \u00a0 \u00a0 \u00a0 \u00a0 \u00a0 Teste5<br \/>\n<span style=\"color: #000080\">Listas 2Sem2013: \u00a0 \u00a0 \u00a0 \u00a0Gabaritos:<\/span><br \/>\n<a href=\"http:\/\/www.professores.uff.br\/ninoska\/wp-content\/uploads\/sites\/57\/2017\/08\/Lista1_TEQ102_2sem2013.pdf\">Lista01<\/a> \u00a0 \u00a0 \u00a0 \u00a0 \u00a0 \u00a0 \u00a0 \u00a0 \u00a0 \u00a0 \u00a0 \u00a0 <a href=\"http:\/\/www.professores.uff.br\/ninoska\/wp-content\/uploads\/sites\/57\/2017\/08\/lista_1Monitoria-Bruna.pdf\">Solu\u00e7\u00e3o-Lista01 <\/a>\u00a0 \u00a0 \u00a0 \u00a0 \u00a0 \u00a0 \u00a0 \u00a0 \u00a0 \u00a0<a href=\"http:\/\/www.professores.uff.br\/ninoska\/wp-content\/uploads\/sites\/57\/2017\/08\/teste_1_Monitoria-Bruna.pdf\">Teste_1<\/a><br \/>\n<a href=\"http:\/\/www.professores.uff.br\/ninoska\/wp-content\/uploads\/sites\/57\/2017\/08\/Lista_2_Controle_de_Processos_2013_2.pdf\">Lista02 <\/a>\u00a0 \u00a0 \u00a0 \u00a0 \u00a0 \u00a0 \u00a0 \u00a0 \u00a0 \u00a0 \u00a0 \u00a0 <a href=\"http:\/\/www.professores.uff.br\/ninoska\/wp-content\/uploads\/sites\/57\/2017\/08\/lista_2_MonitoriaBruna.pdf\">Solu\u00e7\u00e3o-Lista02<\/a> \u00a0 \u00a0 \u00a0 \u00a0 \u00a0 \u00a0 \u00a0 \u00a0 \u00a0 \u00a0<a href=\"http:\/\/www.professores.uff.br\/ninoska\/wp-content\/uploads\/sites\/57\/2017\/08\/teste_2_MonitoriaBruna.pdf\">Teste_2<\/a><br \/>\n<a href=\"http:\/\/www.professores.uff.br\/ninoska\/wp-content\/uploads\/sites\/57\/2017\/08\/Lista_3_TEQ102_2sem2013.pdf\">Lista03 <\/a>\u00a0 \u00a0 \u00a0 \u00a0 \u00a0 \u00a0 \u00a0 \u00a0 \u00a0 \u00a0 \u00a0 \u00a0 <a href=\"http:\/\/www.professores.uff.br\/ninoska\/wp-content\/uploads\/sites\/57\/2017\/08\/Gabarito_Lista_3.pdf\">Solu\u00e7\u00e3o-Lista03<\/a> \u00a0 \u00a0 \u00a0 \u00a0 \u00a0 \u00a0 \u00a0 \u00a0 \u00a0 \u00a0<a href=\"http:\/\/www.professores.uff.br\/ninoska\/wp-content\/uploads\/sites\/57\/2017\/08\/Gabarito_teste-3_2sem2013.pdf\">Teste_3<\/a><br \/>\n<a href=\"http:\/\/www.professores.uff.br\/ninoska\/wp-content\/uploads\/sites\/57\/2017\/08\/Lista_4_TEQ102_2sem2013.pdf\">Lista04 <\/a>\u00a0 \u00a0 \u00a0 \u00a0 \u00a0 \u00a0 \u00a0 \u00a0 \u00a0 \u00a0 \u00a0 \u00a0 <a href=\"http:\/\/www.professores.uff.br\/ninoska\/wp-content\/uploads\/sites\/57\/2017\/08\/Gabarito_Lista_4__TEQ102.pdf\">Solu\u00e7\u00e3o-Lista04<\/a><br \/>\n&#8212;&#8212;&#8212;&#8212;&#8212;&#8212;&#8212;&#8212;&#8212;&#8212;&#8212;&#8212;&#8212;&#8212;&#8212;&#8212;&#8212;&#8212;&#8212;&#8212;&#8212;&#8212;&#8212;&#8212;&#8212;&#8212;&#8212;&#8212;&#8212;&#8212;&#8212;&#8212;&#8212;&#8212;&#8212;&#8212;&#8212;&#8212;&#8212;&#8212;&#8212;&#8212;&#8212;&#8212;&#8212;<\/p>\n<p><span style=\"color: #000080\">AVALIA\u00c7\u00c3O:<\/span><\/p>\n<p><a href=\"http:\/\/www.professores.uff.br\/ninoska\/wp-content\/uploads\/sites\/57\/2017\/08\/Notas_2sem2016_Turmas.pdf\">Notas_<\/a>L<a href=\"http:\/\/www.professores.uff.br\/ninoska\/wp-content\/uploads\/sites\/57\/2017\/08\/Notas_2sem2016_Turmas.pdf\">istas <\/a>\u00a0 \u00a0 \u00a0 \u00a0 \u00a0 \u00a0 \u00a0 <a href=\"http:\/\/www.professores.uff.br\/ninoska\/wp-content\/uploads\/sites\/57\/2017\/08\/Notas_2sem2016_TurmaA1.pdf\">\u00a0Notas_Testes<\/a> \u00a0 \u00a0 \u00a0 \u00a0 \u00a0 \u00a0 \u00a0 \u00a0 \u00a0 \u00a0 \u00a0 \u00a0 \u00a0 <a href=\"http:\/\/www.professores.uff.br\/ninoska\/wp-content\/uploads\/sites\/57\/2017\/08\/Notas_P2sem22016_TA1.pdf\">Notas_Provas<\/a> \u00a0 \u00a0 \u00a0 \u00a0 \u00a0 \u00a0 \u00a0 Final<br \/>\nTestes \u00a0 \u00a0 \u00a0 \u00a0 \u00a0 \u00a0 \u00a0 \u00a0 \u00a0 \u00a0 \u00a0 \u00a0 \u00a0 \u00a0 \u00a0 \u00a0 \u00a0 \u00a0 \u00a0 \u00a0Provas<\/p>\n<p>Enviados\u00a0via Classroom<\/p>\n","protected":false},"excerpt":{"rendered":"<p>Chamado de\u00a0participa\u00e7\u00e3o\u00a0no PSEBR 2019 Material de\u00a0aulas: N\u00ba Tema 0 \u00a0Cronograma da disciplina (Apresentado em\u00a0aula\u00a0e no Classroom) 1 \u00a0 Introdu\u00e7\u00e3o ao Controle de Processo 2 \u00a0Diagramas P&amp;I &#8211; Simbologia-Nomenclatura 3 \u00a0Transformada de Laplace 4 \u00a0Fun\u00e7\u00f5es de Transfer\u00eancias 5 \u00a0Modelagem e T\u00e9cnica de Lineariza\u00e7\u00e3o 6 \u00a0Modelagem de Processos I 7 \u00a0Modelagem de Processos II 8 \u00a0\u00c1lgebra de [&hellip;]<\/p>\n","protected":false},"author":2,"featured_media":0,"parent":0,"menu_order":0,"comment_status":"closed","ping_status":"closed","template":"","meta":{"_exactmetrics_skip_tracking":false,"_exactmetrics_sitenote_active":false,"_exactmetrics_sitenote_note":"","_exactmetrics_sitenote_category":0,"footnotes":""},"categories":[],"tags":[],"class_list":["post-46","page","type-page","status-publish","hentry"],"_links":{"self":[{"href":"https:\/\/www.professores.uff.br\/ninoska\/wp-json\/wp\/v2\/pages\/46","targetHints":{"allow":["GET"]}}],"collection":[{"href":"https:\/\/www.professores.uff.br\/ninoska\/wp-json\/wp\/v2\/pages"}],"about":[{"href":"https:\/\/www.professores.uff.br\/ninoska\/wp-json\/wp\/v2\/types\/page"}],"author":[{"embeddable":true,"href":"https:\/\/www.professores.uff.br\/ninoska\/wp-json\/wp\/v2\/users\/2"}],"replies":[{"embeddable":true,"href":"https:\/\/www.professores.uff.br\/ninoska\/wp-json\/wp\/v2\/comments?post=46"}],"version-history":[{"count":45,"href":"https:\/\/www.professores.uff.br\/ninoska\/wp-json\/wp\/v2\/pages\/46\/revisions"}],"predecessor-version":[{"id":414,"href":"https:\/\/www.professores.uff.br\/ninoska\/wp-json\/wp\/v2\/pages\/46\/revisions\/414"}],"wp:attachment":[{"href":"https:\/\/www.professores.uff.br\/ninoska\/wp-json\/wp\/v2\/media?parent=46"}],"wp:term":[{"taxonomy":"category","embeddable":true,"href":"https:\/\/www.professores.uff.br\/ninoska\/wp-json\/wp\/v2\/categories?post=46"},{"taxonomy":"post_tag","embeddable":true,"href":"https:\/\/www.professores.uff.br\/ninoska\/wp-json\/wp\/v2\/tags?post=46"}],"curies":[{"name":"wp","href":"https:\/\/api.w.org\/{rel}","templated":true}]}}