{"id":105,"date":"2017-10-09T15:24:47","date_gmt":"2017-10-09T18:24:47","guid":{"rendered":"http:\/\/www.professores.uff.br\/patricia\/?page_id=105"},"modified":"2020-07-30T18:26:55","modified_gmt":"2020-07-30T21:26:55","slug":"contato","status":"publish","type":"page","link":"https:\/\/www.professores.uff.br\/patricia\/contato\/","title":{"rendered":"Contato"},"content":{"rendered":"<p><span style=\", sans-serif;font-size: 18px\"><b>Email:<\/b> <a href=\"mailto:patricialusie@id.uff.br\" data-fr-linked=\"true\">patricialusie@id.uff.br<\/a><\/span><\/p>\n<p><span style=\"font-size: 18px\"><span style=\"font-family: Comic Sans MS, sans-serif\"><b>Endere\u00e7o:<\/b> Departamento de Estat\u00edstica &#8211; Instituto de Matem\u00e1tica e Estat\u00edstica &#8211; Universidade Federal Fluminense &#8211;\u00a0<\/span><\/span><span style=\"font-size: 18px\"><span style=\"font-family: Comic Sans MS, sans-serif\">Rua Professor Marcos Waldemar de Freitas Reis, s\/n, Bloco G, 5\u00ba andar, Gabinete 28 &#8211;\u00a0<\/span><\/span><span style=\"font-size: 18px\"><span style=\"font-family: Comic Sans MS, sans-serif\">Campus do Gragoat\u00e1 \u2013 S\u00e3o Domingos \u2013 Niter\u00f3i \/ RJ \u2013 CEP: 24.210-201.<\/span><\/span><\/p>\n<p>\u00a0<\/p>\n<p style=\"text-align: center\"><span style=\", sans-serif;font-size: 18px\">Se preferir, entre em contato por aqui:<\/span><\/p>\n<p>\u00a0<\/p>\n\n<div class=\"wpcf7 no-js\" id=\"wpcf7-f104-o1\" lang=\"pt-BR\" dir=\"ltr\" data-wpcf7-id=\"104\">\n<div class=\"screen-reader-response\"><p role=\"status\" aria-live=\"polite\" aria-atomic=\"true\"><\/p> <ul><\/ul><\/div>\n<form action=\"\/patricia\/wp-json\/wp\/v2\/pages\/105#wpcf7-f104-o1\" method=\"post\" class=\"wpcf7-form init\" aria-label=\"Formul\u00e1rios de contato\" novalidate=\"novalidate\" data-status=\"init\">\n<fieldset class=\"hidden-fields-container\"><input type=\"hidden\" name=\"_wpcf7\" value=\"104\" \/><input type=\"hidden\" name=\"_wpcf7_version\" value=\"6.1\" \/><input type=\"hidden\" name=\"_wpcf7_locale\" value=\"pt_BR\" \/><input type=\"hidden\" name=\"_wpcf7_unit_tag\" value=\"wpcf7-f104-o1\" \/><input type=\"hidden\" name=\"_wpcf7_container_post\" value=\"0\" \/><input type=\"hidden\" name=\"_wpcf7_posted_data_hash\" value=\"\" \/><input type=\"hidden\" name=\"_wpcf7_recaptcha_response\" value=\"\" \/>\n<\/fieldset>\n<form class=\"form-horizontal\">\n\t<div class=\"form-group\">\n\t\t<div class=\"col-sm-12\">\n\t\t\t<p><span class=\"wpcf7-form-control-wrap\" data-name=\"your-name\"><input size=\"40\" maxlength=\"400\" class=\"wpcf7-form-control wpcf7-text wpcf7-validates-as-required form-control\" id=\"exampleInputName2\" aria-required=\"true\" aria-invalid=\"false\" placeholder=\"Nome\" value=\"\" type=\"text\" name=\"your-name\" \/><\/span>\n\t\t\t<\/p>\n\t\t<\/div>\n\t<\/div>\n\t<div class=\"form-group\">\n\t\t<div class=\"col-sm-12\">\n\t\t\t<p><span class=\"wpcf7-form-control-wrap\" data-name=\"your-email\"><input size=\"40\" maxlength=\"400\" class=\"wpcf7-form-control wpcf7-email wpcf7-validates-as-required wpcf7-text wpcf7-validates-as-email form-control\" id=\"inputEmail3\" aria-required=\"true\" aria-invalid=\"false\" placeholder=\"Email\" value=\"\" type=\"email\" name=\"your-email\" \/><\/span>\n\t\t\t<\/p>\n\t\t<\/div>\n\t<\/div>\n\t<div class=\"form-group\">\n\t\t<div class=\"col-sm-12\">\n\t\t\t<p><span class=\"wpcf7-form-control-wrap\" data-name=\"your-subject\"><input size=\"40\" maxlength=\"400\" class=\"wpcf7-form-control wpcf7-text form-control\" aria-invalid=\"false\" placeholder=\"Assunto\" value=\"\" type=\"text\" name=\"your-subject\" \/><\/span>\n\t\t\t<\/p>\n\t\t<\/div>\n\t<\/div>\n\t<div class=\"form-group\">\n\t\t<div class=\"col-sm-12\">\n\t\t\t<p><span class=\"wpcf7-form-control-wrap\" data-name=\"your-message\"><textarea cols=\"40\" rows=\"10\" maxlength=\"2000\" class=\"wpcf7-form-control wpcf7-textarea form-control\" aria-invalid=\"false\" placeholder=\"Mensagem\" name=\"your-message\"><\/textarea><\/span>\n\t\t\t<\/p>\n\t\t<\/div>\n\t<\/div>\n\t<div class=\"form-group\">\n\t\t<div class=\"col-sm-12\">\n\t\t\n\t\t<\/div>\n\t<\/div>\n\t<div class=\"form-group\">\n\t\t<div class=\"col-sm-12\">\n\t\t\t<p><input class=\"wpcf7-form-control wpcf7-submit has-spinner btn btn-default\" type=\"submit\" value=\"Enviar\" \/>\n\t\t\t<\/p>\n\t\t<\/div>\n\t<\/div>\n<\/form><div class=\"wpcf7-response-output\" aria-hidden=\"true\"><\/div>\n<\/form>\n<\/div>\n\n\n\n<p><\/p>\n","protected":false},"excerpt":{"rendered":"<p>Email: patricialusie@id.uff.br Endere\u00e7o: Departamento de Estat\u00edstica &#8211; Instituto de Matem\u00e1tica e Estat\u00edstica &#8211; Universidade Federal Fluminense &#8211;\u00a0Rua Professor Marcos Waldemar de Freitas Reis, s\/n, Bloco G, 5\u00ba andar, Gabinete 28 &#8211;\u00a0Campus do Gragoat\u00e1 \u2013 S\u00e3o Domingos \u2013 Niter\u00f3i \/ RJ \u2013 CEP: 24.210-201. \u00a0 Se preferir, entre em contato por aqui: \u00a0<\/p>\n","protected":false},"author":22,"featured_media":0,"parent":0,"menu_order":0,"comment_status":"closed","ping_status":"closed","template":"","meta":{"_et_pb_use_builder":"","_et_pb_old_content":"","_et_gb_content_width":"","_exactmetrics_skip_tracking":false,"_exactmetrics_sitenote_active":false,"_exactmetrics_sitenote_note":"","_exactmetrics_sitenote_category":0,"footnotes":""},"categories":[],"tags":[],"class_list":["post-105","page","type-page","status-publish","hentry"],"_links":{"self":[{"href":"https:\/\/www.professores.uff.br\/patricia\/wp-json\/wp\/v2\/pages\/105","targetHints":{"allow":["GET"]}}],"collection":[{"href":"https:\/\/www.professores.uff.br\/patricia\/wp-json\/wp\/v2\/pages"}],"about":[{"href":"https:\/\/www.professores.uff.br\/patricia\/wp-json\/wp\/v2\/types\/page"}],"author":[{"embeddable":true,"href":"https:\/\/www.professores.uff.br\/patricia\/wp-json\/wp\/v2\/users\/22"}],"replies":[{"embeddable":true,"href":"https:\/\/www.professores.uff.br\/patricia\/wp-json\/wp\/v2\/comments?post=105"}],"version-history":[{"count":4,"href":"https:\/\/www.professores.uff.br\/patricia\/wp-json\/wp\/v2\/pages\/105\/revisions"}],"predecessor-version":[{"id":211,"href":"https:\/\/www.professores.uff.br\/patricia\/wp-json\/wp\/v2\/pages\/105\/revisions\/211"}],"wp:attachment":[{"href":"https:\/\/www.professores.uff.br\/patricia\/wp-json\/wp\/v2\/media?parent=105"}],"wp:term":[{"taxonomy":"category","embeddable":true,"href":"https:\/\/www.professores.uff.br\/patricia\/wp-json\/wp\/v2\/categories?post=105"},{"taxonomy":"post_tag","embeddable":true,"href":"https:\/\/www.professores.uff.br\/patricia\/wp-json\/wp\/v2\/tags?post=105"}],"curies":[{"name":"wp","href":"https:\/\/api.w.org\/{rel}","templated":true}]}}