{"id":148,"date":"2020-07-29T17:02:41","date_gmt":"2020-07-29T20:02:41","guid":{"rendered":"http:\/\/www.professores.uff.br\/patricia\/?page_id=148"},"modified":"2025-03-13T11:34:51","modified_gmt":"2025-03-13T14:34:51","slug":"orientacao","status":"publish","type":"page","link":"https:\/\/www.professores.uff.br\/patricia\/orientacao\/","title":{"rendered":"Orienta\u00e7\u00e3o"},"content":{"rendered":"\n<h1 class=\"wp-block-heading\"><strong><br>Em andamento:<\/strong><\/h1>\n\n\n\n<p><strong>Projeto Final<\/strong><\/p>\n\n\n\n<ul class=\"wp-block-list\"><li>Gustavo Mota Rodrigues (em conjunto com a professora Mariana Albi de Oliveira Souza)  <\/li><\/ul>\n\n\n\n<p><strong>Projeto de Inicia\u00e7\u00e3o a Pesquisa<\/strong><\/p>\n\n\n\n<ul class=\"wp-block-list\"><li>Ana Zhen Ying Li<\/li><\/ul>\n\n\n\n<h2 class=\"wp-block-heading\"><strong>Conclu\u00eddas:<\/strong><\/h2>\n\n\n\n<p><strong>Mestrado<\/strong><\/p>\n\n\n\n<ul class=\"wp-block-list\"><li>Paulo Henrique Leal de Sousa (aluno da Fiocruz \u2013 coorientei junto com o prof Iuri da Costa Leite da ENSP\/Fiocruz)<\/li><\/ul>\n\n\n\n<p><strong>Monitoria<\/strong><\/p>\n\n\n\n<ul class=\"wp-block-list\"><li>Jess\u00e9 Santos de Oliveira Junior &#8211; 2024-1<\/li><li>Carla Estefany Caetano Silva &#8211; 2023<\/li><li>Bruno de Oliveira Alves &#8211; 2022-1 <\/li><li>Vander Direito Marinho &#8211; 2021<\/li><li>Bernardo Jos\u00e9 Moura Fonseca dos Santos (2020)\u00a0sob co-orienta\u00e7\u00e3o da professora Estelina Serrano de Marins Capistrano<\/li><li>Jessyka Amorim Padilha Goltara (orienta\u00e7\u00e3o em conjunto com a professora Luz Amanda Melgar Santander) \u2013 2017<\/li><li>Leonara Alves Cesario da Silva (orienta\u00e7\u00e3o em conjunto com a professora Luz Amanda Melgar Santander) \u2013 2017<\/li><li>Daniel da Silva Oliveira &#8211; 2015<\/li><li>Danilo Rangel Fernandes\u00a0(orienta\u00e7\u00e3o em conjunto com a professora Mariana Albi de Oliveira Souza)\u00a0&#8211; 2013<\/li><li>Raul Ribeiro da Silva\u00a0(orienta\u00e7\u00e3o em conjunto com a professora Mariana Albi de Oliveira Souza)\u00a0&#8211; 2013<\/li><li>Anna Paula de Carvalho Garcia\u00a0(orienta\u00e7\u00e3o em conjunto com a professora Mariana Albi de Oliveira Souza)\u00a0&#8211; 2012<\/li><li>Gabriel Augusto Gon\u00e7alves\u00a0(orienta\u00e7\u00e3o em conjunto com a professora Mariana Albi de Oliveira Souza)\u00a0&#8211; 2011<\/li><\/ul>\n\n\n\n<p><strong>Projeto Final<\/strong><\/p>\n\n\n\n<ul class=\"wp-block-list\"><li>Matheus Coutinho dos Santos (2023-1 e 2023-2)<\/li><li>Daniel Claudiano Cabral Pinto (2023-1 e 2024-1)<\/li><li>Anna Christina Teixeira da Silva Ferreira (2023-1 e 2023-2)<\/li><li>Ana Jacinta Cavalcanti Barreto (2022-2 e 2023-1)<\/li><li>Carolina Martins Crispim (orienta\u00e7\u00e3o em conjunto com a professora Jessica Quintanilha Kubrusly) (2021-2 e 2022-1)<\/li><li>Beatriz Loureiro de Souza  (orienta\u00e7\u00e3o em conjunto com o professor Rafael Santos Erbisti) (2021-1 e 2021-2) <\/li><li>Gabriel Herculano Varanda (2021-1 e 2021-2) <\/li><li>Ronaldo Lacerda Mello Filho (orienta\u00e7\u00e3o em conjunto com o professor Rafael Santos Erbisti) (2021-1 e 2021-2) <\/li><li>Simone de Andrade Galdino  (orienta\u00e7\u00e3o em conjunto com o professor Rafael Santos Erbisti)(2021-1 e 2021-2)<\/li><li>Rondinelli Gomes Bragan\u00e7a (2019-1 e 2020-1) sob co-orienta\u00e7\u00e3o da professora Estelina Serrano de Marins Capistrano <\/li><li>Flavio Pereira Martins da Silva (2018-2 e 2019-1)<\/li><li>Jessyka Amorim Padilha Goltara&nbsp;(orienta\u00e7\u00e3o em conjunto com&nbsp;a professora Mariana Albi de Oliveira Souza) (2018-1 e 2019-2)<\/li><li>Ana Andrade Machado&nbsp;(orienta\u00e7\u00e3o em conjunto com&nbsp;a professora Mariana Albi de Oliveira Souza) (2018-1 e 2018-2)<\/li><li>Matheus Camelo dos Santos Araujo (2018-1 e 2018-2)<\/li><li>Fellipe Carvalho Gomes (orienta\u00e7\u00e3o em conjunto com o professor Luis Guillermo Coca Vellarde) (2017-1 e 2018-1)<\/li><\/ul>\n\n\n\n<p><strong>Projeto Pegabot<\/strong><\/p>\n\n\n\n<ul class=\"wp-block-list\"><li>Marco Anth\u00f4nio Guimar\u00e3es Esquivel<\/li><li>Patricia Mello Mar\u00e7al Pinto<\/li><\/ul>\n","protected":false},"excerpt":{"rendered":"<p>Em andamento: Projeto Final Gustavo Mota Rodrigues (em conjunto com a professora Mariana Albi de Oliveira Souza) Projeto de Inicia\u00e7\u00e3o a Pesquisa Ana Zhen Ying Li Conclu\u00eddas: Mestrado Paulo Henrique Leal de Sousa (aluno da Fiocruz \u2013 coorientei junto com o prof Iuri da Costa Leite da ENSP\/Fiocruz) Monitoria Jess\u00e9 Santos de Oliveira Junior &#8211; [&hellip;]<\/p>\n","protected":false},"author":166,"featured_media":0,"parent":0,"menu_order":0,"comment_status":"closed","ping_status":"closed","template":"","meta":{"_et_pb_use_builder":"","_et_pb_old_content":"","_et_gb_content_width":"","_exactmetrics_skip_tracking":false,"_exactmetrics_sitenote_active":false,"_exactmetrics_sitenote_note":"","_exactmetrics_sitenote_category":0,"footnotes":""},"categories":[],"tags":[],"class_list":["post-148","page","type-page","status-publish","hentry"],"_links":{"self":[{"href":"https:\/\/www.professores.uff.br\/patricia\/wp-json\/wp\/v2\/pages\/148","targetHints":{"allow":["GET"]}}],"collection":[{"href":"https:\/\/www.professores.uff.br\/patricia\/wp-json\/wp\/v2\/pages"}],"about":[{"href":"https:\/\/www.professores.uff.br\/patricia\/wp-json\/wp\/v2\/types\/page"}],"author":[{"embeddable":true,"href":"https:\/\/www.professores.uff.br\/patricia\/wp-json\/wp\/v2\/users\/166"}],"replies":[{"embeddable":true,"href":"https:\/\/www.professores.uff.br\/patricia\/wp-json\/wp\/v2\/comments?post=148"}],"version-history":[{"count":28,"href":"https:\/\/www.professores.uff.br\/patricia\/wp-json\/wp\/v2\/pages\/148\/revisions"}],"predecessor-version":[{"id":570,"href":"https:\/\/www.professores.uff.br\/patricia\/wp-json\/wp\/v2\/pages\/148\/revisions\/570"}],"wp:attachment":[{"href":"https:\/\/www.professores.uff.br\/patricia\/wp-json\/wp\/v2\/media?parent=148"}],"wp:term":[{"taxonomy":"category","embeddable":true,"href":"https:\/\/www.professores.uff.br\/patricia\/wp-json\/wp\/v2\/categories?post=148"},{"taxonomy":"post_tag","embeddable":true,"href":"https:\/\/www.professores.uff.br\/patricia\/wp-json\/wp\/v2\/tags?post=148"}],"curies":[{"name":"wp","href":"https:\/\/api.w.org\/{rel}","templated":true}]}}