{"id":181,"date":"2022-08-02T10:13:00","date_gmt":"2022-08-02T13:13:00","guid":{"rendered":"http:\/\/www.professores.uff.br\/patricia\/?page_id=181"},"modified":"2022-08-02T10:21:07","modified_gmt":"2022-08-02T13:21:07","slug":"home","status":"publish","type":"page","link":"https:\/\/www.professores.uff.br\/patricia\/","title":{"rendered":"Home"},"content":{"rendered":"\n<p><strong>Patr\u00edcia Lusi\u00e9 Velozo da Costa<\/strong><\/p>\n\n\n\n<p>Professora associada do&nbsp;<a href=\"http:\/\/www.est.uff.br\">Departamento de Estat\u00edstica<\/a>&nbsp;da&nbsp;<a href=\"http:\/\/www.uff.br\">Universidade Federal Fluminense<\/a>.<\/p>\n\n\n\n<p><strong>\u00c1rea de Interesse<\/strong><\/p>\n\n\n\n<p>Infer\u00eancia bayesiana, modelos espa\u00e7o-temporais e modelos lineares.<\/p>\n\n\n\n<p><strong>Forma\u00e7\u00e3o Acad\u00eamica<\/strong><\/p>\n\n\n\n<ul class=\"wp-block-list\"><li>Doutora em Estat\u00edstica pela Universidade Federal do Rio de Janeiro (2014);<\/li><\/ul>\n\n\n\n<p>T\u00edtulo da tese:&nbsp;<a href=\"http:\/\/www.pg.im.ufrj.br\/teses\/Estatistica\/Doutorado\/025.pdf\">Modelos espa\u00e7o-temporais assim\u00e9tricos para dados cont\u00ednuos e categ\u00f3ricos<\/a>.<\/p>\n\n\n\n<p>Orientada por&nbsp;<a href=\"http:\/\/lattes.cnpq.br\/1737347278094688\">Alexandra Mello Schmidt<\/a>.<\/p>\n\n\n\n<ul class=\"wp-block-list\"><li>Mestre em Estat\u00edstica pela Universidade Federal do Rio de Janeiro (2009);<\/li><\/ul>\n\n\n\n<p>T\u00edtulo da disserta\u00e7\u00e3o:&nbsp;<a href=\"http:\/\/www.pg.im.ufrj.br\/teses\/Estatistica\/Mestrado\/123.pdf\">Modelos para Dados Categ\u00f3ricos com Estrutura Temporal<\/a>.<\/p>\n\n\n\n<p>Orientada por&nbsp;<a href=\"http:\/\/lattes.cnpq.br\/1737347278094688\">Alexandra Mello Schmidt<\/a>.<\/p>\n\n\n\n<ul class=\"wp-block-list\"><li>Bacharel em Matem\u00e1tica pela Universidade Federal do Rio de Janeiro (2007);<\/li><\/ul>\n","protected":false},"excerpt":{"rendered":"<p>Patr\u00edcia Lusi\u00e9 Velozo da Costa Professora associada do&nbsp;Departamento de Estat\u00edstica&nbsp;da&nbsp;Universidade Federal Fluminense. \u00c1rea de Interesse Infer\u00eancia bayesiana, modelos espa\u00e7o-temporais e modelos lineares. Forma\u00e7\u00e3o Acad\u00eamica Doutora em Estat\u00edstica pela Universidade Federal do Rio de Janeiro (2014); T\u00edtulo da tese:&nbsp;Modelos espa\u00e7o-temporais assim\u00e9tricos para dados cont\u00ednuos e categ\u00f3ricos. Orientada por&nbsp;Alexandra Mello Schmidt. Mestre em Estat\u00edstica pela Universidade Federal [&hellip;]<\/p>\n","protected":false},"author":166,"featured_media":0,"parent":0,"menu_order":0,"comment_status":"closed","ping_status":"closed","template":"","meta":{"_et_pb_use_builder":"","_et_pb_old_content":"","_et_gb_content_width":"","_exactmetrics_skip_tracking":false,"_exactmetrics_sitenote_active":false,"_exactmetrics_sitenote_note":"","_exactmetrics_sitenote_category":0,"footnotes":""},"categories":[],"tags":[],"class_list":["post-181","page","type-page","status-publish","hentry"],"_links":{"self":[{"href":"https:\/\/www.professores.uff.br\/patricia\/wp-json\/wp\/v2\/pages\/181","targetHints":{"allow":["GET"]}}],"collection":[{"href":"https:\/\/www.professores.uff.br\/patricia\/wp-json\/wp\/v2\/pages"}],"about":[{"href":"https:\/\/www.professores.uff.br\/patricia\/wp-json\/wp\/v2\/types\/page"}],"author":[{"embeddable":true,"href":"https:\/\/www.professores.uff.br\/patricia\/wp-json\/wp\/v2\/users\/166"}],"replies":[{"embeddable":true,"href":"https:\/\/www.professores.uff.br\/patricia\/wp-json\/wp\/v2\/comments?post=181"}],"version-history":[{"count":5,"href":"https:\/\/www.professores.uff.br\/patricia\/wp-json\/wp\/v2\/pages\/181\/revisions"}],"predecessor-version":[{"id":412,"href":"https:\/\/www.professores.uff.br\/patricia\/wp-json\/wp\/v2\/pages\/181\/revisions\/412"}],"wp:attachment":[{"href":"https:\/\/www.professores.uff.br\/patricia\/wp-json\/wp\/v2\/media?parent=181"}],"wp:term":[{"taxonomy":"category","embeddable":true,"href":"https:\/\/www.professores.uff.br\/patricia\/wp-json\/wp\/v2\/categories?post=181"},{"taxonomy":"post_tag","embeddable":true,"href":"https:\/\/www.professores.uff.br\/patricia\/wp-json\/wp\/v2\/tags?post=181"}],"curies":[{"name":"wp","href":"https:\/\/api.w.org\/{rel}","templated":true}]}}