{"id":360,"date":"2023-03-10T08:00:53","date_gmt":"2023-03-10T11:00:53","guid":{"rendered":"http:\/\/www.professores.uff.br\/patricia\/?page_id=360"},"modified":"2023-04-27T12:57:19","modified_gmt":"2023-04-27T15:57:19","slug":"get","status":"publish","type":"page","link":"https:\/\/www.professores.uff.br\/patricia\/get\/","title":{"rendered":"2023 Consulta Eleitoral para Chefe Subchefe do Departamento de Estat\u00edstica (GET)"},"content":{"rendered":"\n<div class=\"wp-block-group\"><div class=\"wp-block-group__inner-container is-layout-flow wp-block-group-is-layout-flow\">\n<p><\/p>\n\n\n\n<p>Aqui conter\u00e3o as informa\u00e7\u00f5es sobre a Consulta Eleitoral para escolha de Chefe e Subchefe do Departamento de Estat\u00edstica (GET) do IME\/UFF<\/p>\n\n\n\n<h2 class=\"wp-block-heading\"><strong>Edital<\/strong><\/h2>\n\n\n\n<p><a rel=\"noreferrer noopener\" aria-label=\"Edital de abertura da Consulta publicado no Boletim de Servi\u00e7o (abre numa nova aba)\" href=\"https:\/\/drive.google.com\/file\/d\/1VbxhAHhckiP7SdsIRAIf6_cZb5URQz1I\/view?usp=share_link\" target=\"_blank\">Edital de abertura da Consulta publicado no Boletim de Servi\u00e7o<\/a> e no <a rel=\"noreferrer noopener\" aria-label=\" (abre numa nova aba)\" href=\"https:\/\/www.editais.uff.br\/8190\" target=\"_blank\">Site de Editais da UFF<\/a><\/p>\n\n\n\n<p><a href=\"https:\/\/www.editais.uff.br\/sites\/default\/files\/arquivos\/Edital-GET-2023-retificacao_assinado.pdf\" target=\"_blank\" rel=\"noreferrer noopener\" aria-label=\"Edital de Retifica\u00e7\u00e3o (abre numa nova aba)\">Edital de Retifica\u00e7\u00e3o<\/a><\/p>\n\n\n\n<p><\/p>\n<\/div><\/div>\n\n\n\n<h2 class=\"wp-block-heading\"><strong>Cronograma<\/strong><\/h2>\n\n\n<p><\/p>\n<table border=\"1px\" width=\"100%\">\n<tbody>\n<tr>\n<td width=\"15%\">13\/03\/2023<\/td>\n<td width=\"13%\">&nbsp;<\/td>\n<td width=\"72%\">Divulga\u00e7\u00e3o do Edital<\/td>\n<\/tr>\n<tr>\n<td width=\"15%\">15\/03 a 30\/03<\/td>\n<td width=\"13%\">&nbsp;<\/td>\n<td width=\"72%\">Per\u00edodo de inscri\u00e7\u00f5es<\/td>\n<\/tr>\n<tr>\n<td width=\"15%\">31\/03\/2023<\/td>\n<td width=\"13%\">9h<\/td>\n<td width=\"72%\">Divulga\u00e7\u00e3o das chapas inscritas<\/td>\n<\/tr>\n<tr>\n<td width=\"15%\">03\/04\/2023<\/td>\n<td width=\"13%\">9h \u00e0s 12h<\/td>\n<td width=\"72%\">Prazo para envio de pedido de impugna\u00e7\u00e3o<\/td>\n<\/tr>\n<tr>\n<td width=\"15%\">&nbsp;<\/td>\n<td width=\"13%\">15h<\/td>\n<td width=\"72%\">Divulga\u00e7\u00e3o dos resultados dos pedidos<\/td>\n<\/tr>\n<tr>\n<td width=\"15%\">&nbsp;<\/td>\n<td width=\"13%\">15h<\/td>\n<td width=\"72%\">Divulga\u00e7\u00e3o da homologa\u00e7\u00e3o das chapas e in\u00edcio da campanha eleitoral<\/td>\n<\/tr>\n<tr>\n<td width=\"15%\">23\/04\/2023<\/td>\n<td width=\"13%\">18h<\/td>\n<td width=\"72%\">Fim da campanha eleitoral<\/td>\n<\/tr>\n<tr>\n<td width=\"15%\">24\/04\/2023<\/td>\n<td width=\"13%\">9h<\/td>\n<td width=\"72%\">In\u00edcio da Elei\u00e7\u00e3o<\/td>\n<\/tr>\n<tr>\n<td width=\"15%\">25\/04\/2023<\/td>\n<td width=\"13%\">23:45h<\/td>\n<td width=\"72%\">Fim da Elei\u00e7\u00e3o<\/td>\n<\/tr>\n<tr>\n<td width=\"15%\">26\/04\/2023<\/td>\n<td width=\"13%\">10h<\/td>\n<td width=\"72%\">Apura\u00e7\u00e3o dos votos<\/td>\n<\/tr>\n<tr>\n<td width=\"15%\">&nbsp;<\/td>\n<td width=\"13%\">11h<\/td>\n<td width=\"72%\">Divulga\u00e7\u00e3o do resultado e Prazo inicial para envio de recurso relativo \u00e0 apura\u00e7\u00e3o<\/td>\n<\/tr>\n<tr>\n<td width=\"15%\">27\/04\/2023<\/td>\n<td width=\"13%\">12h<\/td>\n<td width=\"72%\">Prazo final do envio de recurso relativo a apura\u00e7\u00e3o<\/td>\n<\/tr>\n<tr>\n<td width=\"15%\">&nbsp;<\/td>\n<td width=\"13%\">15h<\/td>\n<td width=\"72%\">Divulga\u00e7\u00e3o do resultado do recurso<\/td>\n<\/tr>\n<tr>\n<td width=\"15%\">&nbsp;<\/td>\n<td width=\"13%\">16h<\/td>\n<td width=\"72%\">Envio do resultado a Dire\u00e7\u00e3o do IME<\/td>\n<\/tr>\n<\/tbody>\n<\/table>\n<p><!--StartFragment--><\/p>\n\n\n<h2 class=\"wp-block-heading\"><strong>Divulga\u00e7\u00e3o da(s) Chapa(s) Inscrita(s) <\/strong><\/h2>\n\n\n\n<div class=\"wp-block-group\"><div class=\"wp-block-group__inner-container is-layout-flow wp-block-group-is-layout-flow\">\n<p>Em conformidade com o Edital CEL\/IME\/UFF n\u00ba 2\/2023, publicado no Boletim de Servi\u00e7o 48 de 2023, a Comiss\u00e3o Eleitoral Local torna p\u00fablico que, de acordo com as normas do RGCE, solicitou inscri\u00e7\u00e3o a(s) Chapa(s) abaixo. <\/p>\n\n\n\n<h4 class=\"wp-block-heading\"><strong>CHAPA 1<\/strong>  <\/h4>\n<\/div><\/div>\n\n\n\n<div class=\"wp-block-group\"><div class=\"wp-block-group__inner-container is-layout-flow wp-block-group-is-layout-flow\">\n<p>Candidata a Chefe&nbsp;<\/p>\n\n\n\n<p>Prof\u00aa. Jessica Quintanilha Kubrusly &#8211; Associado 3  <\/p>\n\n\n\n<p>Candidata a Subchefe&nbsp;<\/p>\n\n\n\n<p>Prof\u00aa. Karina Yuriko Yaginuma &#8211; Adjunto C2  <\/p>\n<\/div><\/div>\n\n\n\n<p>Esta Comiss\u00e3o informa que, de acordo com o Art. 6\u00ba do Edital, quaisquer recursos ou pedidos de impugna\u00e7\u00e3o podem ser apresentados at\u00e9 as 12:00 horas do dia 03\/04\/2023 em formul\u00e1rio pr\u00f3prio dispon\u00edvel em <a href=\"https:\/\/forms.gle\/UovRCpJ5qZtyEPto8\">https:\/\/forms.gle\/UovRCpJ5qZtyEPto8<\/a> .<\/p>\n\n\n<p><!--EndFragment--><\/p>\n\n\n<h2 class=\"wp-block-heading\"><strong>Homologa\u00e7\u00e3o Da Chapa Inscrita<\/strong><\/h2>\n\n\n\n<p> Como n\u00e3o houve qualquer recurso ou pedido de impugna\u00e7\u00e3o a Chapa acima foi homologada.<\/p>\n\n\n<p><!--StartFragment--><\/p>\n\n\n<h2 class=\"wp-block-heading\"><strong>Divulga\u00e7\u00e3o da Apura\u00e7\u00e3o da Consulta Eleitoral<\/strong><\/h2>\n\n\n\n<p> Houve uma \u00fanica chapa e os resultados da Consulta foram: <\/p>\n\n\n\n<p><\/p>\n\n\n<p><!--EndFragment--><\/p>\n\n\n\n\n<figure class=\"wp-block-table\"><table class=\"\"><tbody><tr><td>  Segmento eleitoral  <\/td><td class=\"has-text-align-left\" data-align=\"left\">  N\u00famero de poss\u00edveis Votantes <\/td><td>  Peso <\/td><td>   Total <\/td><td> de <\/td><td> Votos <\/td><\/tr><tr><td><\/td><td class=\"has-text-align-left\" data-align=\"left\"><\/td><td><\/td><td> V\u00e1lidos <\/td><td> Brancos <\/td><td> Nulos <\/td><\/tr><tr><td>   Discentes <\/td><td class=\"has-text-align-left\" data-align=\"left\">334<\/td><td>     0,20<\/td><td>56  <\/td><td>3  <\/td><td>1   <\/td><\/tr><tr><td>   Docentes e T\u00e9cnico(a)  <\/td><td class=\"has-text-align-left\" data-align=\"left\">29      <\/td><td>    0,80  <\/td><td>26  <\/td><td>0  <\/td><td>2  <\/td><\/tr><tr><td>     <\/td><td class=\"has-text-align-left\" data-align=\"left\">Pontos obtidos      <\/td><td>      <\/td><td>75,08<\/td><td>0,18  <\/td><td>5,58  <\/td><\/tr><tr><td>     <\/td><td class=\"has-text-align-left\" data-align=\"left\">Percentual obtido      <\/td><td>      <\/td><td>93,18%  <\/td><td>3,41%  <\/td><td>3,41%  <\/td><\/tr><\/tbody><\/table><\/figure>\n\n\n\n<p><\/p>\n\n\n\n<p>Considerando que as situa\u00e7\u00f5es previstas nos incisos <strong>a<\/strong> e <strong>b<\/strong> do Art. 71 do RGCE n\u00e3o ocorreram (percentual de votos nulos ou brancos n\u00e3o \u00e9 superior a 50% e os pontos obtidos pelos votos nulos ou brancos n\u00e3o \u00e9 maior que o n\u00famero de pontos da \u00fanica chapa), a CEL declara v\u00e1lida a consulta eleitoral.<\/p>\n\n\n\n<p>A CEL informa que quaisquer pedidos de esclarecimento e&nbsp;impugna\u00e7\u00e3o devem ser feitos at\u00e9 o dia 27 de abril de 2023 \u00e0s 12h.<\/p>\n\n\n\n<p><a href=\"https:\/\/docs.google.com\/spreadsheets\/d\/1xfQYHCvpPn3bkI1PKDmUbfZFW10azy_u\/edit?usp=share_link&amp;ouid=103993970714564883310&amp;rtpof=true&amp;sd=true\" target=\"_blank\" rel=\"noreferrer noopener\" aria-label=\"Planilha com o c\u00e1lculo dos votos (abre numa nova aba)\">Planilha com o c\u00e1lculo dos votos<\/a><\/p>\n\n\n\n<p><a href=\"https:\/\/drive.google.com\/file\/d\/1C0mP_IxcEUejdyOqoYEihbLAT2E0l8s_\/view?usp=share_link\" target=\"_blank\" rel=\"noreferrer noopener\" aria-label=\"Documento com a Apura\u00e7\u00e3o da Consulta (abre numa nova aba)\">Documento com a Apura\u00e7\u00e3o da Consulta<\/a><\/p>\n\n\n\n<p><\/p>\n\n\n\n<h2 class=\"wp-block-heading\"><strong>Homologa\u00e7\u00e3o do Resultado da Consulta<\/strong><\/h2>\n\n\n\n<p>Decorrido o prazo legal para pedidos de impugna\u00e7\u00e3o, a Comiss\u00e3o Eleitoral Local n\u00e3o recebeu qualquer solicita\u00e7\u00e3o de impugna\u00e7\u00e3o ou mesmo recontagem dos votos. Sendo assim, a CEL declara esta Consulta Eleitoral encerrada.<\/p>\n\n\n\n<p><a href=\"https:\/\/drive.google.com\/file\/d\/1DiHZA3rJoqRmgw7qIPqdk7AEifuLc0rD\/view?usp=share_link\" target=\"_blank\" rel=\"noreferrer noopener\" aria-label=\" (abre numa nova aba)\">Documento com a homologa\u00e7\u00e3o do Resultado<\/a><\/p>\n\n\n\n<h2 class=\"wp-block-heading\">Links \u00dateis<\/h2>\n\n\n\n<p class=\"has-medium-font-size\"><strong>Normas<\/strong><\/p>\n\n\n\n<p><a href=\"http:\/\/www.noticias.uff.br\/arquivos\/eleicaoreitoria2006\/rgce.pdf\">RGCE<\/a> <\/p>\n\n\n\n<p><a href=\"http:\/\/www.noticias.uff.br\/bs\/2013\/12\/197-2013.pdf\">Decis\u00e3o CUV n\u00ba 077\/2013<\/a><\/p>\n\n\n\n<p><a href=\"http:\/\/www.noticias.uff.br\/bs\/2020\/12\/235-20.pdf\">Resolu\u00e7\u00e3o CUV n\u00ba 005\/2020<\/a><\/p>\n\n\n\n<p><a href=\"http:\/\/www.noticias.uff.br\/bs\/2020\/11\/217-20.pdf\">Designa\u00e7\u00e3o da Comiss\u00e3o Eleitoral Local<\/a><\/p>\n\n\n\n<p><\/p>\n\n\n\n<p class=\"has-medium-font-size\"><strong>Formul\u00e1rios<\/strong><\/p>\n\n\n\n<p><a href=\"https:\/\/forms.gle\/YrD2Gbr9u441D7Ng6\" target=\"_blank\" rel=\"noreferrer noopener\" aria-label=\" (abre numa nova aba)\">Inscri\u00e7\u00e3o<\/a><\/p>\n\n\n\n<p><a href=\"https:\/\/forms.gle\/UovRCpJ5qZtyEPto8\" target=\"_blank\" rel=\"noreferrer noopener\" aria-label=\" (abre numa nova aba)\">Pedido de Impugna\u00e7\u00e3o de Inscri\u00e7\u00e3o<\/a><\/p>\n\n\n\n<p><a href=\"https:\/\/forms.gle\/uK5uYokfkQq9CBnRA\" target=\"_blank\" rel=\"noreferrer noopener\" aria-label=\" (abre numa nova aba)\">Pedido de Recurso sobre a apura\u00e7\u00e3o<\/a><\/p>\n\n\n<p><!-- \/wp:post-content --><\/p>","protected":false},"excerpt":{"rendered":"<p>Aqui conter\u00e3o as informa\u00e7\u00f5es sobre a Consulta Eleitoral para escolha de Chefe e Subchefe do Departamento de Estat\u00edstica (GET) do IME\/UFF Edital Edital de abertura da Consulta publicado no Boletim de Servi\u00e7o e no Site de Editais da UFF Edital de Retifica\u00e7\u00e3o Cronograma 13\/03\/2023 &nbsp; Divulga\u00e7\u00e3o do Edital 15\/03 a 30\/03 &nbsp; Per\u00edodo de inscri\u00e7\u00f5es [&hellip;]<\/p>\n","protected":false},"author":166,"featured_media":0,"parent":0,"menu_order":0,"comment_status":"closed","ping_status":"closed","template":"","meta":{"_et_pb_use_builder":"","_et_pb_old_content":"","_et_gb_content_width":"","_exactmetrics_skip_tracking":false,"_exactmetrics_sitenote_active":false,"_exactmetrics_sitenote_note":"","_exactmetrics_sitenote_category":0,"footnotes":""},"categories":[],"tags":[],"class_list":["post-360","page","type-page","status-publish","hentry"],"_links":{"self":[{"href":"https:\/\/www.professores.uff.br\/patricia\/wp-json\/wp\/v2\/pages\/360","targetHints":{"allow":["GET"]}}],"collection":[{"href":"https:\/\/www.professores.uff.br\/patricia\/wp-json\/wp\/v2\/pages"}],"about":[{"href":"https:\/\/www.professores.uff.br\/patricia\/wp-json\/wp\/v2\/types\/page"}],"author":[{"embeddable":true,"href":"https:\/\/www.professores.uff.br\/patricia\/wp-json\/wp\/v2\/users\/166"}],"replies":[{"embeddable":true,"href":"https:\/\/www.professores.uff.br\/patricia\/wp-json\/wp\/v2\/comments?post=360"}],"version-history":[{"count":16,"href":"https:\/\/www.professores.uff.br\/patricia\/wp-json\/wp\/v2\/pages\/360\/revisions"}],"predecessor-version":[{"id":475,"href":"https:\/\/www.professores.uff.br\/patricia\/wp-json\/wp\/v2\/pages\/360\/revisions\/475"}],"wp:attachment":[{"href":"https:\/\/www.professores.uff.br\/patricia\/wp-json\/wp\/v2\/media?parent=360"}],"wp:term":[{"taxonomy":"category","embeddable":true,"href":"https:\/\/www.professores.uff.br\/patricia\/wp-json\/wp\/v2\/categories?post=360"},{"taxonomy":"post_tag","embeddable":true,"href":"https:\/\/www.professores.uff.br\/patricia\/wp-json\/wp\/v2\/tags?post=360"}],"curies":[{"name":"wp","href":"https:\/\/api.w.org\/{rel}","templated":true}]}}