{"id":488,"date":"2023-04-28T11:52:27","date_gmt":"2023-04-28T14:52:27","guid":{"rendered":"http:\/\/www.professores.uff.br\/patricia\/?page_id=488"},"modified":"2023-05-25T10:36:46","modified_gmt":"2023-05-25T13:36:46","slug":"ggv","status":"publish","type":"page","link":"https:\/\/www.professores.uff.br\/patricia\/ggv\/","title":{"rendered":"2023 Consulta Eleitoral para Coordenador(a) e Vice-coordenador(a) do curso de gradua\u00e7\u00e3o em Estat\u00edstica do IME\/UFF"},"content":{"rendered":"\n<p>Aqui conter\u00e3o as informa\u00e7\u00f5es sobre a Consulta Eleitoral para escolha de Coordenador(a) e Vice-coordenador(a) do curso de Gradua\u00e7\u00e3o em Estat\u00edstica (GGV) do Instituto de Matem\u00e1tica e Estat\u00edstica da UFF<\/p>\n\n\n\n<h2 class=\"wp-block-heading\"><strong>Edital<\/strong><\/h2>\n\n\n\n<p>Edital de abertura da Consulta publicado no <a href=\"https:\/\/drive.google.com\/file\/d\/1dLb4Q0PdI2Xlpur6xIeJG-4RjBExVVYF\/view?usp=share_link\" target=\"_blank\" rel=\"noreferrer noopener\" aria-label=\"Boletim de Servi\u00e7o (abre numa nova aba)\">Boletim de Servi\u00e7o<\/a> e no <a rel=\"noreferrer noopener\" aria-label=\"Site de Editais da UFF (abre numa nova aba)\" href=\"https:\/\/www.editais.uff.br\/8376\" target=\"_blank\">Site de Editais da UFF<\/a><\/p>\n\n\n\n<p><\/p>\n\n\n\n<h2 class=\"wp-block-heading\"><strong>Cronograma<\/strong><\/h2>\n\n\n<p><\/p>\n<table width=\"666\">\n<tbody>\n<tr>\n<td>02\/05\/2023<\/td>\n<td>&nbsp;<\/td>\n<td>Divulga\u00e7\u00e3o do Edital de Abertura da Consulta Eleitoral<\/td>\n<\/tr>\n<tr>\n<td>08\/05\/2023<\/td>\n<td>7h<\/td>\n<td width=\"503\">In\u00edcio das inscri\u00e7\u00f5es de Chapas<\/td>\n<\/tr>\n<tr>\n<td>09\/05\/2023<\/td>\n<td>18h<\/td>\n<td width=\"503\">Fim das inscri\u00e7\u00f5es de Chapas<\/td>\n<\/tr>\n<tr>\n<td>10\/05\/2023<\/td>\n<td>9h<\/td>\n<td width=\"503\">Divulga\u00e7\u00e3o das chapas inscritas<\/td>\n<\/tr>\n<tr>\n<td>&nbsp;<\/td>\n<td>12h<\/td>\n<td width=\"503\">Hor\u00e1rio m\u00e1ximo para a CEL receber pedido de impugna\u00e7\u00e3o<\/td>\n<\/tr>\n<tr>\n<td>&nbsp;<\/td>\n<td>15h<\/td>\n<td width=\"503\">Divulga\u00e7\u00e3o dos resultados dos pedidos<\/td>\n<\/tr>\n<tr>\n<td>&nbsp;<\/td>\n<td>15h<\/td>\n<td width=\"503\">Divulga\u00e7\u00e3o da homologa\u00e7\u00e3o das chapas e in\u00edcio da campanha eleitoral<\/td>\n<\/tr>\n<tr>\n<td>21\/05\/2023<\/td>\n<td>18h<\/td>\n<td width=\"503\">Fim da campanha eleitoral<\/td>\n<\/tr>\n<tr>\n<td>22\/05\/2023<\/td>\n<td>7h<\/td>\n<td width=\"503\">In\u00edcio da Elei\u00e7\u00e3o<\/td>\n<\/tr>\n<tr>\n<td>23\/05\/2023<\/td>\n<td>23:45h<\/td>\n<td width=\"503\">Fim da Elei\u00e7\u00e3o<\/td>\n<\/tr>\n<tr>\n<td>24\/05\/2023<\/td>\n<td>10h<\/td>\n<td width=\"503\">Apura\u00e7\u00e3o dos votos<\/td>\n<\/tr>\n<tr>\n<td>&nbsp;<\/td>\n<td>11h<\/td>\n<td width=\"503\">Divulga\u00e7\u00e3o do resultado<\/td>\n<\/tr>\n<tr>\n<td>&nbsp;<\/td>\n<td>15h<\/td>\n<td width=\"503\">Hor\u00e1rio m\u00e1ximo para a CEL receber pedido de recurso relativo a apura\u00e7\u00e3o<\/td>\n<\/tr>\n<tr>\n<td>&nbsp;<\/td>\n<td>16h<\/td>\n<td width=\"503\">Divulga\u00e7\u00e3o do recurso<\/td>\n<\/tr>\n<tr>\n<td>25\/05\/2023<\/td>\n<td>12h<\/td>\n<td width=\"503\">Envio do resultado a Dire\u00e7\u00e3o do IME<\/td>\n<\/tr>\n<\/tbody>\n<\/table>\n\n\n<p><\/p>\n\n\n\n<h2 class=\"wp-block-heading\"><strong>Divulga\u00e7\u00e3o da(s) Chapa(s) Inscrita(s)<\/strong><\/h2>\n\n\n\n<p>A Comiss\u00e3o Eleitoral Local torna p\u00fablico que, de acordo com as normas do RGCE, solicitou inscri\u00e7\u00e3o a(s) Chapa(s) abaixo:<br><\/p>\n\n\n\n<h3 class=\"wp-block-heading\"> <strong>CHAPA 1<\/strong> <\/h3>\n\n\n\n<p>Candidato a Coordenador&nbsp;<\/p>\n\n\n\n<p>Prof.  Rafael Santos Erbisti &#8211; Mat. SIAPE: 1124184 &#8211;  Professor Adjunto A1 &#8211; GET<\/p>\n\n\n\n<p>Candidato a Vice-Coordenador<\/p>\n\n\n\n<p>Prof. Jony Arrais Pinto Junior \u2013 Mat. SIAPE:  2722748 &#8211; Associado D1 \u2013 GET<\/p>\n\n\n\n<p>Esta Comiss\u00e3o informa que, de acordo com o Art. 6\u00ba do Edital, quaisquer recursos ou pedidos de impugna\u00e7\u00e3o podem ser apresentados at\u00e9 as 12:00 horas do dia 10\/05\/2023 em formul\u00e1rio pr\u00f3prio dispon\u00edvel no link abaixo. <\/p>\n\n\n\n<h2 class=\"wp-block-heading\"><strong>Homologa\u00e7\u00e3o Da Chapa Inscrita<\/strong><\/h2>\n\n\n\n<p> Como n\u00e3o houve qualquer recurso ou pedido de impugna\u00e7\u00e3o a Chapa acima foi homologada.<\/p>\n\n\n\n<h2 class=\"wp-block-heading\"><strong>Divulga\u00e7\u00e3o da Apura\u00e7\u00e3o da Consulta Eleitoral<\/strong><\/h2>\n\n\n\n<p>Houve uma \u00fanica chapa e os resultados da Consulta foram:<\/p>\n\n\n\n<figure class=\"wp-block-table\"><table class=\"\"><tbody><tr><td>  Segmento eleitoral  <\/td><td>  N\u00famero de poss\u00edveis Votantes <\/td><td>  Peso <\/td><td>   Total <\/td><td> de <\/td><td> Votos <\/td><\/tr><tr><td><\/td><td><\/td><td><\/td><td> V\u00e1lidos <\/td><td> Brancos <\/td><td> Nulos <\/td><\/tr><tr><td>   Docentes GAN\/GGM\/GMA\/TCC   <\/td><td>   183   <\/td><td>   0,1   <\/td><td>  34<\/td><td>4      <\/td><td>0      <\/td><\/tr><tr><td>   Docentes GET   <\/td><td>   28   <\/td><td>   0,6   <\/td><td> 22     <\/td><td>1      <\/td><td>2      <\/td><\/tr><tr><td>\n  Alunos\n  <\/td><td>   270   <\/td><td>\n  &nbsp;\n  <\/td><td> 59     <\/td><td>0      <\/td><td>2      <\/td><\/tr><\/tbody><\/table><\/figure>\n\n\n\n<p>Considerando que as situa\u00e7\u00f5es previstas nos incisos <strong>a<\/strong> e <strong>b<\/strong> do Art. 71 do RGCE n\u00e3o ocorreram (percentual de votos nulos ou brancos n\u00e3o \u00e9 superior a 50% e os pontos obtidos pelos votos nulos ou brancos &#8211; 0,0178 &#8211; n\u00e3o \u00e9 maior que o n\u00famero de pontos da \u00fanica chapa \u2013 0,2972), a CEL declara v\u00e1lida a consulta eleitoral.<\/p>\n\n\n\n<p>A CEL informa que quaisquer pedidos de esclarecimento e&nbsp;impugna\u00e7\u00e3o devem ser feitos at\u00e9 o dia 24 de maio de 2023 \u00e0s 15h.<\/p>\n\n\n\n<p><a href=\"https:\/\/docs.google.com\/spreadsheets\/d\/1FLsxhIlgsHIuAYndpnPoqnpzMuKAHCaZ\/edit?usp=share_link&amp;ouid=103993970714564883310&amp;rtpof=true&amp;sd=true\" target=\"_blank\" rel=\"noreferrer noopener\" aria-label=\"Planilha com o c\u00e1lculo dos votos (abre numa nova aba)\">Planilha com o c\u00e1lculo dos votos<\/a><\/p>\n\n\n\n<p><a href=\"https:\/\/drive.google.com\/file\/d\/1E8nFsuW44-T-mZLrdXuwKWmJzkbtcJR7\/view?usp=share_link\" target=\"_blank\" rel=\"noreferrer noopener\" aria-label=\"Documento com a Apura\u00e7\u00e3o da Consulta (abre numa nova aba)\">Documento com a Apura\u00e7\u00e3o da Consulta<\/a><\/p>\n\n\n\n<p><\/p>\n\n\n\n<h2 class=\"wp-block-heading\"><strong>Homologa\u00e7\u00e3o do Resultado da Consulta<\/strong><\/h2>\n\n\n\n<p>Decorrido o prazo legal para pedidos de impugna\u00e7\u00e3o, a Comiss\u00e3o Eleitoral Local n\u00e3o recebeu qualquer solicita\u00e7\u00e3o de impugna\u00e7\u00e3o ou mesmo recontagem dos votos.<\/p>\n\n\n\n<p><a href=\"https:\/\/drive.google.com\/file\/d\/1juCS_zfSA6x5cNtEjvk5QZhrX2c3XTRK\/view?usp=share_link\" target=\"_blank\" rel=\"noreferrer noopener\" aria-label=\"Documento com a homologa\u00e7\u00e3o do Resultado (abre numa nova aba)\">Documento com a homologa\u00e7\u00e3o do Resultado<\/a><\/p>\n\n\n\n<h2 class=\"wp-block-heading\">Links \u00dateis<\/h2>\n\n\n\n<p class=\"has-medium-font-size\"><strong>Normas<\/strong><\/p>\n\n\n\n<p><a href=\"http:\/\/www.noticias.uff.br\/arquivos\/eleicaoreitoria2006\/rgce.pdf\" target=\"_blank\" rel=\"noreferrer noopener\" aria-label=\" (abre numa nova aba)\">RGCE<\/a> <\/p>\n\n\n\n<p><a href=\"http:\/\/www.noticias.uff.br\/bs\/2013\/12\/197-2013.pdf\" target=\"_blank\" rel=\"noreferrer noopener\" aria-label=\" (abre numa nova aba)\">Decis\u00e3o CUV n\u00ba 077\/2013<\/a><\/p>\n\n\n\n<p><a href=\"http:\/\/www.noticias.uff.br\/bs\/2020\/12\/235-20.pdf\" target=\"_blank\" rel=\"noreferrer noopener\" aria-label=\" (abre numa nova aba)\">Resolu\u00e7\u00e3o CUV n\u00ba 005\/2020<\/a><\/p>\n\n\n\n<p><a href=\"https:\/\/drive.google.com\/file\/d\/1n64MJdvEJdZ8oMyeUN3oYLcoTHH45dzA\/view?usp=share_link\" target=\"_blank\" rel=\"noreferrer noopener\" aria-label=\"Designa\u00e7\u00e3o da Comiss\u00e3o Eleitoral Local (abre numa nova aba)\">Designa\u00e7\u00e3o da Comiss\u00e3o Eleitoral Local<\/a><\/p>\n\n\n\n<p><\/p>\n\n\n\n<p class=\"has-medium-font-size\"><strong>Formul\u00e1rios<\/strong><\/p>\n\n\n\n<p><a href=\"https:\/\/forms.gle\/Byb391BPSDZLHRKY7\" target=\"_blank\" rel=\"noreferrer noopener\" aria-label=\" (abre numa nova aba)\">Inscri\u00e7\u00e3o<\/a><\/p>\n\n\n\n<p><a href=\"https:\/\/forms.gle\/7VP1oZVZwVuzi5X56\" target=\"_blank\" rel=\"noreferrer noopener\" aria-label=\" (abre numa nova aba)\">Pedido de Impugna\u00e7\u00e3o de Inscri\u00e7\u00e3o<\/a><\/p>\n\n\n\n<p><a href=\"https:\/\/forms.gle\/xsNm6nWxsL5y7c356\" target=\"_blank\" rel=\"noreferrer noopener\" aria-label=\" (abre numa nova aba)\">Pedido de Recurso<\/a><\/p>\n\n\n<p><!-- \/wp:post-content --><\/p>\n<p><!-- wp:paragraph --><\/p>\n<p><!-- \/wp:paragraph --><\/p>\n<p><!-- wp:paragraph --><\/p>\n<p><!-- \/wp:paragraph --><\/p>","protected":false},"excerpt":{"rendered":"<p>Aqui conter\u00e3o as informa\u00e7\u00f5es sobre a Consulta Eleitoral para escolha de Coordenador(a) e Vice-coordenador(a) do curso de Gradua\u00e7\u00e3o em Estat\u00edstica (GGV) do Instituto de Matem\u00e1tica e Estat\u00edstica da UFF Edital Edital de abertura da Consulta publicado no Boletim de Servi\u00e7o e no Site de Editais da UFF Cronograma 02\/05\/2023 &nbsp; Divulga\u00e7\u00e3o do Edital de Abertura [&hellip;]<\/p>\n","protected":false},"author":166,"featured_media":0,"parent":0,"menu_order":0,"comment_status":"closed","ping_status":"closed","template":"","meta":{"_et_pb_use_builder":"","_et_pb_old_content":"","_et_gb_content_width":"","_exactmetrics_skip_tracking":false,"_exactmetrics_sitenote_active":false,"_exactmetrics_sitenote_note":"","_exactmetrics_sitenote_category":0,"footnotes":""},"categories":[],"tags":[],"class_list":["post-488","page","type-page","status-publish","hentry"],"_links":{"self":[{"href":"https:\/\/www.professores.uff.br\/patricia\/wp-json\/wp\/v2\/pages\/488","targetHints":{"allow":["GET"]}}],"collection":[{"href":"https:\/\/www.professores.uff.br\/patricia\/wp-json\/wp\/v2\/pages"}],"about":[{"href":"https:\/\/www.professores.uff.br\/patricia\/wp-json\/wp\/v2\/types\/page"}],"author":[{"embeddable":true,"href":"https:\/\/www.professores.uff.br\/patricia\/wp-json\/wp\/v2\/users\/166"}],"replies":[{"embeddable":true,"href":"https:\/\/www.professores.uff.br\/patricia\/wp-json\/wp\/v2\/comments?post=488"}],"version-history":[{"count":12,"href":"https:\/\/www.professores.uff.br\/patricia\/wp-json\/wp\/v2\/pages\/488\/revisions"}],"predecessor-version":[{"id":513,"href":"https:\/\/www.professores.uff.br\/patricia\/wp-json\/wp\/v2\/pages\/488\/revisions\/513"}],"wp:attachment":[{"href":"https:\/\/www.professores.uff.br\/patricia\/wp-json\/wp\/v2\/media?parent=488"}],"wp:term":[{"taxonomy":"category","embeddable":true,"href":"https:\/\/www.professores.uff.br\/patricia\/wp-json\/wp\/v2\/categories?post=488"},{"taxonomy":"post_tag","embeddable":true,"href":"https:\/\/www.professores.uff.br\/patricia\/wp-json\/wp\/v2\/tags?post=488"}],"curies":[{"name":"wp","href":"https:\/\/api.w.org\/{rel}","templated":true}]}}