{"id":362,"date":"2018-03-18T09:20:33","date_gmt":"2018-03-18T12:20:33","guid":{"rendered":"http:\/\/www.professores.uff.br\/paulab\/?page_id=362"},"modified":"2018-06-29T09:16:01","modified_gmt":"2018-06-29T12:16:01","slug":"2018-i-equacoes-diferenciais","status":"publish","type":"page","link":"https:\/\/www.professores.uff.br\/paulab\/2018-i-equacoes-diferenciais\/","title":{"rendered":"2018 I &#8211; Equa\u00e7\u00f5es Diferenciais"},"content":{"rendered":"<p style=\"text-align: center\"><b>Professora: Paula Balseiro<\/b><\/p>\n<ul>\n<li><b>Aulas:<\/b>\n<ul>\n<li>Turma A1:\u00a0<i>Ter\u00e7as\/Quintas\u00a09:00 &#8211; 11:00 (Sala H 404, Praia Vermelha)\u00a0<\/i>.<\/li>\n<\/ul>\n<\/li>\n<li><b>Monitorias:\u00a0<\/b>\n<ul>\n<li>(a definir)<\/li>\n<\/ul>\n<\/li>\n<li><b>Ementa e Bibliografia <a href=\"http:\/\/www.professores.uff.br\/paulab\/wp-content\/uploads\/sites\/109\/2018\/03\/EqDif_Programa.pdf\"> [pdf].<\/a><\/b><\/li>\n<li><b>Avalia\u00e7\u00f5es:<\/b>\n<ul>\n<li>1VE: 26\/04\/2018<\/li>\n<li>2VE: 19\/06\/2018<\/li>\n<li>VR (fechada): 21\/06\/2018<\/li>\n<li>VS: 28\/06\/2018\n<ul>\n<li><a href=\"http:\/\/www.professores.uff.br\/paulab\/wp-content\/uploads\/sites\/109\/2018\/06\/Resultados_EqDif-2018i.pdf\">Resultados<\/a>\u00a0(completo)<\/li>\n<\/ul>\n<\/li>\n<\/ul>\n<\/li>\n<\/ul>\n<ul>\n<li><b>Listas de Exercicios:<\/b>\n<ul>\n<li>Sequencias e Series:\n<ul>\n<li><a href=\"http:\/\/www.professores.uff.br\/paulab\/wp-content\/uploads\/sites\/109\/2017\/08\/Eq-Diferenciais-Exercicios_sequencias.pdf\">Sequencias<\/a>.<\/li>\n<li><a href=\"http:\/\/www.professores.uff.br\/paulab\/wp-content\/uploads\/sites\/109\/2017\/08\/Eq-Diferenciais-Series-1-Exercicios_series_integral.pdf\">Series 1<\/a>.<\/li>\n<li><a href=\"http:\/\/www.professores.uff.br\/paulab\/wp-content\/uploads\/sites\/109\/2017\/08\/Eq-Diferenciais-Series-2-Exercicios_series_comparacao.pdf\">Series 2<\/a>.<\/li>\n<li><a href=\"http:\/\/www.professores.uff.br\/paulab\/wp-content\/uploads\/sites\/109\/2017\/08\/Eq-Diferenciais-Series-3-Exercicios_series_razao.pdf\">Series 3<\/a>.<\/li>\n<li><a href=\"http:\/\/www.professores.uff.br\/paulab\/wp-content\/uploads\/sites\/109\/2017\/08\/Eq-Diferenciais-Series-4-Exercicios_series_alternadas.pdf\">Series 4<\/a>.<\/li>\n<li><a href=\"http:\/\/www.professores.uff.br\/paulab\/wp-content\/uploads\/sites\/109\/2018\/03\/Exercicios_series_geral.pdf\">Series 5 .<\/a><\/li>\n<li><a href=\"http:\/\/www.professores.uff.br\/paulab\/wp-content\/uploads\/sites\/109\/2017\/08\/Eq-Diferenciais-Series-de-Potencia-1-Exercicios_series_potencias_funcoes.pdf\">Series de Potencia\u00a0<\/a>.<\/li>\n<li><a href=\"http:\/\/www.professores.uff.br\/paulab\/wp-content\/uploads\/sites\/109\/2017\/08\/Eq-Diferenciais-Series-de-Potencia-2-Exercicios_raio_convergencia.pdf\">Series de Potencia 2<\/a>.<\/li>\n<li><a href=\"http:\/\/www.professores.uff.br\/paulab\/wp-content\/uploads\/sites\/109\/2017\/08\/Eq-Diferenciais-Series-de-Potencia-3-Exercicios_series_Taylor.pdf\">Series de Potencia 3<\/a>.<\/li>\n<\/ul>\n<\/li>\n<li>EDO:\n<ul>\n<li><a href=\"http:\/\/www.professores.uff.br\/paulab\/wp-content\/uploads\/sites\/109\/2017\/08\/Eq-Diferenciais-Exercicios_EDO_1_series_pontos_regulares.pdf\">EDO 1<\/a>.<\/li>\n<li><a href=\"http:\/\/www.professores.uff.br\/paulab\/wp-content\/uploads\/sites\/109\/2017\/08\/Eq-Diferenciais-Exercicios_EDO_2_series_pontos_singulares.pdf\">EDO 2<\/a>.<\/li>\n<\/ul>\n<\/li>\n<li><b> <a href=\"http:\/\/www.professores.uff.br\/paulab\/wp-content\/uploads\/sites\/109\/2018\/04\/EqDif-PrepV1.pdf\">Lista preparatoria para a primeira prova<\/a> <\/b> Apresenta\u00e7\u00e3o dos exercicios no quadro: Ter\u00e7a 17\/04 e continuamos Quinta 19\/04.<\/li>\n<li><b><a href=\"http:\/\/www.professores.uff.br\/paulab\/wp-content\/uploads\/sites\/109\/2018\/06\/EqDif-PrepV2.pdf\">Lista preparatoria para a segunda prova<\/a> <\/b>Apresenta\u00e7\u00e3o dos exercicios no quadro: Ter\u00e7a 12\/06 e continuamos Quinta 14\/06.\n<ul>\n<li><a href=\"http:\/\/www.professores.uff.br\/paulab\/wp-content\/uploads\/sites\/109\/2018\/06\/Scanned-Document.pdf\">Exerc\u00edcios resolvidos<\/a> (pendulo e equa\u00e7\u00e3o integro-diferencial)<\/li>\n<li><a href=\"http:\/\/www.professores.uff.br\/paulab\/wp-content\/uploads\/sites\/109\/2018\/06\/Scanned-Document2.pdf\">Exerc\u00edcios resolvidos (continua\u00e7\u00e3o)<\/a> (exercicios 4 e 5)<\/li>\n<\/ul>\n<\/li>\n<\/ul>\n<\/li>\n<li><b>Listas de Exercicios:<\/b>\n<ul>Exercicios dos livros<\/p>\n<li>Equa\u00e7\u00f5es Diferenciais &#8211; Dennis G. Zill Cullen ( Vol. 1 Capitulo 7 e Vol.2 Capitulo 8)<\/li>\n<li>Equa\u00e7\u00f5es Diferenciais com aplica\u00e7\u00f5es em modelagem &#8211; Dennis G. Zill (Capitulos 7 e 8)<\/li>\n<\/ul>\n<\/li>\n<\/ul>\n","protected":false},"excerpt":{"rendered":"<p>Professora: Paula Balseiro Aulas: Turma A1:\u00a0Ter\u00e7as\/Quintas\u00a09:00 &#8211; 11:00 (Sala H 404, Praia Vermelha)\u00a0. Monitorias:\u00a0 (a definir) Ementa e Bibliografia [pdf]. Avalia\u00e7\u00f5es: 1VE: 26\/04\/2018 2VE: 19\/06\/2018 VR (fechada): 21\/06\/2018 VS: 28\/06\/2018 Resultados\u00a0(completo) Listas de Exercicios: Sequencias e Series: Sequencias. Series 1. Series 2. Series 3. Series 4. Series 5 . Series de Potencia\u00a0. Series de Potencia [&hellip;]<\/p>\n","protected":false},"author":114,"featured_media":0,"parent":0,"menu_order":0,"comment_status":"closed","ping_status":"closed","template":"","meta":{"_exactmetrics_skip_tracking":false,"_exactmetrics_sitenote_active":false,"_exactmetrics_sitenote_note":"","_exactmetrics_sitenote_category":0,"footnotes":""},"categories":[],"tags":[],"class_list":["post-362","page","type-page","status-publish","hentry"],"_links":{"self":[{"href":"https:\/\/www.professores.uff.br\/paulab\/wp-json\/wp\/v2\/pages\/362","targetHints":{"allow":["GET"]}}],"collection":[{"href":"https:\/\/www.professores.uff.br\/paulab\/wp-json\/wp\/v2\/pages"}],"about":[{"href":"https:\/\/www.professores.uff.br\/paulab\/wp-json\/wp\/v2\/types\/page"}],"author":[{"embeddable":true,"href":"https:\/\/www.professores.uff.br\/paulab\/wp-json\/wp\/v2\/users\/114"}],"replies":[{"embeddable":true,"href":"https:\/\/www.professores.uff.br\/paulab\/wp-json\/wp\/v2\/comments?post=362"}],"version-history":[{"count":34,"href":"https:\/\/www.professores.uff.br\/paulab\/wp-json\/wp\/v2\/pages\/362\/revisions"}],"predecessor-version":[{"id":458,"href":"https:\/\/www.professores.uff.br\/paulab\/wp-json\/wp\/v2\/pages\/362\/revisions\/458"}],"wp:attachment":[{"href":"https:\/\/www.professores.uff.br\/paulab\/wp-json\/wp\/v2\/media?parent=362"}],"wp:term":[{"taxonomy":"category","embeddable":true,"href":"https:\/\/www.professores.uff.br\/paulab\/wp-json\/wp\/v2\/categories?post=362"},{"taxonomy":"post_tag","embeddable":true,"href":"https:\/\/www.professores.uff.br\/paulab\/wp-json\/wp\/v2\/tags?post=362"}],"curies":[{"name":"wp","href":"https:\/\/api.w.org\/{rel}","templated":true}]}}