{"id":39,"date":"2017-08-25T19:32:00","date_gmt":"2017-08-25T22:32:00","guid":{"rendered":"http:\/\/www.professores.uff.br\/paulab\/?page_id=39"},"modified":"2023-04-05T13:27:24","modified_gmt":"2023-04-05T16:27:24","slug":"teaching","status":"publish","type":"page","link":"https:\/\/www.professores.uff.br\/paulab\/teaching\/","title":{"rendered":"Teaching"},"content":{"rendered":"\n<p><i> Libres son quienes crean, no quienes copian, y libres son quienes piensan, no quienes obedecen. Ense\u00f1ar, es ense\u00f1ar a dudar. <\/i> \/ Eduardo Galeano<\/p>\n\n<h4>&nbsp;<\/h4>\n<h4><b> Graduate teaching: <\/b><\/h4>\n<ul>\n<li>2022-II &#8211; Geometria Simpl\u00e9tica<\/li>\n<li>Summer 2015 &#8211; Minicurso: Introdu\u00e7\u00e3o \u00e0 Geometria Simpl\u00e9tica (with Daniele Sepe).<\/li>\n<\/ul>\n<p><b> Graduate student: <\/b><\/p>\n<ul>\n<li>Danilo Machado (Phd student)<\/li>\n<li>Luis P\u00e1nfilo Yapu (Phd student, finished in December 2017)<\/li>\n<li>Clarice Netto (Master student, finished in March 2017).<\/li>\n<\/ul>\n\n\n<h4>&nbsp;<\/h4>\n<h4><b>Undergraduate teaching: <\/b><\/h4>\n<ul>\n<li>\n<h4><b> 2023 I: <a href=\"http:\/\/www.professores.uff.br\/paulab\/2023-i-calculo-2a\/\">Calculo 2A &#8211; Turma A1 <\/a><\/b><\/h4>\n<\/li>\n<\/ul>\n<p>Past Teaching:<\/p>\n<ul>\n<li style=\"list-style-type: none\">\n<ul>\n<li> 2022 II: <a href=\"https:\/\/www.professores.uff.br\/paulab\/2022-ii-calculo-2a\/\">Calculo 2A &#8211; Turma L1 <\/a>      <\/li>\n<li>2022 I: <a href=\"http:\/\/www.professores.uff.br\/paulab\/2022-i-calculo-2a\/\">Calculo 2A &#8211; Turmas C1 e D1<\/a><\/li>\n<li>2021-I: Calculo 3A, 2021-II: Calculo 3A<\/li>\n<li>2020-I: Calculo 3A, 2020-II: Calculo 3A<\/li>\n<li>2019.I&nbsp; <a href=\"http:\/\/www.professores.uff.br\/paulab\/2019-i-calculo-iia\/\">Calculo II -A-, 2019-II <\/a> Turma B1 e E1, <a href=\"http:\/\/www.professores.uff.br\/paulab\/2019-ii-calculo-iia\/\"> Calculo II -A-, <\/a> Turma B1 e E1<\/li>\n<li>2018. I <a href=\"http:\/\/www.professores.uff.br\/paulab\/calculo-2b-2018-i\/\"> Calculo II -B, <\/a>, <a href=\"http:\/\/www.professores.uff.br\/paulab\/2018-i-equacoes-diferenciais\/\">Equa\u00e7\u00f5es Diferenciais,<\/a><\/li>\n<li>2017. I <a href=\"http:\/\/www.professores.uff.br\/paulab\/2017-i-calculo-ii-b\/\"> Calculo II -B- , <\/a> Turmas A1 e C1<\/li>\n<li>2016. I <a href=\"http:\/\/www.professores.uff.br\/paulab\/2016-i-calculo-ii-b-2\/\"> Calculo II -B- , Turmas B1+B2, D1+D2, <\/a> &nbsp; &nbsp; 2016.II <a href=\"http:\/\/www.professores.uff.br\/paulab\/2016-ii-calculo-ii-b\/\"> Calculo II -B- , Turmas B1, C1+C2. <\/a><\/li>\n<li>2015.I&nbsp; <a href=\"http:\/\/www.professores.uff.br\/paulab\/2015-i-equacoes-diferenciais\/\">Equa\u00e7\u00f5es Diferenciais<\/a>, <a href=\"http:\/\/www.professores.uff.br\/paulab\/2015-i-calculo-ii-b\/\">Calculo II-B, <\/a> &nbsp; &nbsp; 2015.II <a href=\"http:\/\/www.professores.uff.br\/paulab\/2015-ii-calculo-ii-b\/\"> Calculo II-B, Turmas A1, C1+C2 <\/a><\/li>\n<li>2014.II: <a href=\"http:\/\/www.professores.uff.br\/paulab\/2014-ii-calculo-ii-b\/\"> Calculo II-B, Turma C1 e F1, <\/a> &nbsp; &nbsp; 2014.I: <a href=\"http:\/\/www.professores.uff.br\/paulab\/2014-i-calculo-ii-b\/\"> Calculo II-B, Turma B1. <\/a> <a href=\"http:\/\/www.professores.uff.br\/paulab\/2014-i-calculo-iii-a\/\"> Calculo III-A, Turma F1. <\/a><\/li>\n<li>2013.II: <a href=\"http:\/\/www.professores.uff.br\/paulab\/2013-ii-calculo-ii-a\/\"> Calculo II-A, Turmas B1 e E1, <\/a> &nbsp; &nbsp; 2013.I: <a href=\"http:\/\/www.professores.uff.br\/paulab\/2013-i-calculo-ii-a\/\">Calculo II-A, <\/a> <a href=\"http:\/\/www.professores.uff.br\/paulab\/2013-i-calculo-iii-a\/\"> Calculo III-A <\/a><\/li>\n<li>2012.II: <a href=\"http:\/\/www.professores.uff.br\/paulab\/2012-ii-calculo-ii-a\/\"> Calculo II-A, Turmas F1 e G1, <\/a> &nbsp; &nbsp; 2012.I:<a href=\"http:\/\/www.professores.uff.br\/paulab\/2012-i-calculo-ii-a\/\"> Calculo II-A <\/a>, <a href=\"http:\/\/www.professores.uff.br\/paulab\/2012-i-calculo-iii-a\/\"> Calculo III-A <\/a><\/li>\n<li>2011.II<a href=\"http:\/\/www.professores.uff.br\/paulab\/2011-ii-calculo-ii-a\/\"> : Calculo II-A, <\/a> <a href=\"http:\/\/www.professores.uff.br\/paulab\/2011-ii-calculo-iii-a\/\"> Calculo III-A <\/a> , &nbsp; &nbsp; 2011.I <a href=\"http:\/\/www.professores.uff.br\/paulab\/2011-i-calculo-ii-a\/\"> : Calculo II-A <\/a><\/li>\n<\/ul>\n<\/li>\n<\/ul>\n<ul>\n<li style=\"list-style-type: none\">\n<ul>\n<li style=\"list-style-type: none\">&nbsp;<\/li>\n<\/ul>\n<\/li>\n<\/ul>\n<hr>\n","protected":false},"excerpt":{"rendered":"<p>Libres son quienes crean, no quienes copian, y libres son quienes piensan, no quienes obedecen. Ense\u00f1ar, es ense\u00f1ar a dudar. \/ Eduardo Galeano &nbsp; Graduate teaching: 2022-II &#8211; Geometria Simpl\u00e9tica Summer 2015 &#8211; Minicurso: Introdu\u00e7\u00e3o \u00e0 Geometria Simpl\u00e9tica (with Daniele Sepe). Graduate student: Danilo Machado (Phd student) Luis P\u00e1nfilo Yapu (Phd student, finished in December [&hellip;]<\/p>\n","protected":false},"author":114,"featured_media":0,"parent":0,"menu_order":0,"comment_status":"closed","ping_status":"closed","template":"","meta":{"_exactmetrics_skip_tracking":false,"_exactmetrics_sitenote_active":false,"_exactmetrics_sitenote_note":"","_exactmetrics_sitenote_category":0,"footnotes":""},"categories":[],"tags":[],"class_list":["post-39","page","type-page","status-publish","hentry"],"_links":{"self":[{"href":"https:\/\/www.professores.uff.br\/paulab\/wp-json\/wp\/v2\/pages\/39","targetHints":{"allow":["GET"]}}],"collection":[{"href":"https:\/\/www.professores.uff.br\/paulab\/wp-json\/wp\/v2\/pages"}],"about":[{"href":"https:\/\/www.professores.uff.br\/paulab\/wp-json\/wp\/v2\/types\/page"}],"author":[{"embeddable":true,"href":"https:\/\/www.professores.uff.br\/paulab\/wp-json\/wp\/v2\/users\/114"}],"replies":[{"embeddable":true,"href":"https:\/\/www.professores.uff.br\/paulab\/wp-json\/wp\/v2\/comments?post=39"}],"version-history":[{"count":41,"href":"https:\/\/www.professores.uff.br\/paulab\/wp-json\/wp\/v2\/pages\/39\/revisions"}],"predecessor-version":[{"id":822,"href":"https:\/\/www.professores.uff.br\/paulab\/wp-json\/wp\/v2\/pages\/39\/revisions\/822"}],"wp:attachment":[{"href":"https:\/\/www.professores.uff.br\/paulab\/wp-json\/wp\/v2\/media?parent=39"}],"wp:term":[{"taxonomy":"category","embeddable":true,"href":"https:\/\/www.professores.uff.br\/paulab\/wp-json\/wp\/v2\/categories?post=39"},{"taxonomy":"post_tag","embeddable":true,"href":"https:\/\/www.professores.uff.br\/paulab\/wp-json\/wp\/v2\/tags?post=39"}],"curies":[{"name":"wp","href":"https:\/\/api.w.org\/{rel}","templated":true}]}}