{"id":461,"date":"2019-03-18T14:47:49","date_gmt":"2019-03-18T17:47:49","guid":{"rendered":"http:\/\/www.professores.uff.br\/paulab\/?page_id=461"},"modified":"2019-08-12T23:33:18","modified_gmt":"2019-08-13T02:33:18","slug":"2019-i-calculo-iia","status":"publish","type":"page","link":"https:\/\/www.professores.uff.br\/paulab\/2019-i-calculo-iia\/","title":{"rendered":"2019-I Calculo IIA"},"content":{"rendered":"\n<p><b>Professor: Paula Balseiro<\/b><\/p>\n\n\n\n<ul class=\"wp-block-list\"><li><b>Aulas:<\/b>\n<ul>\n<li>Turma B1&nbsp;<i>Seg\/Qua 07:00 &#8211; 9:00&nbsp;<\/i>(Sala H 502),<\/li>\n<li>Turma D1&nbsp;<i>Seg\/Qua 9:00 &#8211; 11:00&nbsp;<\/i>(Sala H304 \/ H402),<\/li>\n<\/ul>\n<\/li><\/ul>\n\n\n\n<ul class=\"wp-block-list\"><li><b>Monitorias:<\/b> \u00a0 \u00a0<a href=\"http:\/\/www.professores.uff.br\/paulab\/wp-content\/uploads\/sites\/109\/2019\/04\/Monitores2019I.pdf\">[Horarios]<\/a><\/li><li><b>Listas de Exercicios:<\/b> <ul><li>VE1: <ul><li><a href=\"http:\/\/www.professores.uff.br\/paulab\/wp-content\/uploads\/sites\/109\/2017\/08\/lista-01-calc-02A-2013.pdf\">Lista 01<\/a>.<\/li><li><a href=\"http:\/\/www.professores.uff.br\/paulab\/wp-content\/uploads\/sites\/109\/2017\/08\/lista-02-calc-02A-2011.pdf\">Lista 02<\/a>.<\/li><li><a href=\"http:\/\/www.professores.uff.br\/paulab\/wp-content\/uploads\/sites\/109\/2017\/08\/lista-03-calc-02A-2011.pdf\">Lista 03<\/a>.<\/li><li><a href=\"http:\/\/www.professores.uff.br\/paulab\/wp-content\/uploads\/sites\/109\/2017\/08\/lista-04-calc-02A-2011.pdf\">Lista 04<\/a>\u00a0.<\/li><li><a href=\"http:\/\/www.professores.uff.br\/paulab\/wp-content\/uploads\/sites\/109\/2017\/08\/lista-05-calc-02A-2011.pdf\">Lista 05<\/a>\u00a0.<\/li><li><a href=\"http:\/\/www.professores.uff.br\/paulab\/wp-content\/uploads\/sites\/109\/2017\/08\/lista-06-calc-02A-2011.pdf\">Lista 06<\/a>\u00a0.<\/li><li><a href=\"http:\/\/www.professores.uff.br\/paulab\/wp-content\/uploads\/sites\/109\/2017\/08\/lista-07-calc-02A-2011.pdf\">Lista 07<\/a>.<\/li><li>Exercicios resolvidos: <ul><li>Substitui\u00e7\u00f5es trigonom\u00e9tricas<\/li><li>Solidos de revolu\u00e7\u00e3o<\/li><li>Integrais Improprias <\/li><\/ul><\/li><li>Exercicios para apresentar no quadro:\u00a0 [Exercicios] (come\u00e7amos Quarta 24 e continuamos Segunda 29 de Abril) <\/li><\/ul><\/li><li>VE2: <ul><li><a href=\"http:\/\/www.professores.uff.br\/paulab\/wp-content\/uploads\/sites\/109\/2017\/08\/lista-08-calc-02A-2011.pdf\">Lista 08<\/a>\u00a0.<\/li><li><a href=\"http:\/\/www.professores.uff.br\/paulab\/wp-content\/uploads\/sites\/109\/2017\/08\/lista-09-calc-02A-2011.pdf\">Lista 09<\/a>\u00a0.<\/li><li><a href=\"http:\/\/www.professores.uff.br\/paulab\/wp-content\/uploads\/sites\/109\/2017\/08\/lista-10-calc-02A-2011.pdf\">Lista 10<\/a>\u00a0.<\/li><li><a href=\"http:\/\/www.professores.uff.br\/paulab\/wp-content\/uploads\/sites\/109\/2017\/08\/lista-11-calc-02A-2011.pdf\">Lista 11<\/a>.<\/li><li><a href=\"http:\/\/www.professores.uff.br\/paulab\/wp-content\/uploads\/sites\/109\/2017\/08\/lista-12_calc-02A-2011.pdf\">Lista 12<\/a>.<\/li><li><a href=\"http:\/\/www.professores.uff.br\/paulab\/wp-content\/uploads\/sites\/109\/2017\/08\/lista-13_calc-02A-2011.pdf\">Lista 13<\/a>\u00a0.<\/li><li><a href=\"http:\/\/www.professores.uff.br\/paulab\/wp-content\/uploads\/sites\/109\/2017\/08\/lista-14_calc-02A-2011.pdf\">Lista 14<\/a>.<\/li><li>Exercicios Resolvidos: <ul><li>[Equa\u00e7\u00f5es homog\u00eaneas]<\/li><li>[Equa\u00e7oes Dif. Primeira Ordem] (Exatas, lineares e velocidade de escape). <\/li><\/ul><\/li><li>Exercicios para apresentar no quadro: [Exercicios] (apresenta\u00e7\u00e3o: Segunda 17\/06) <ul><li> Exercicio 6(b) e 6(c) da lista: [PDF]   <\/li><\/ul><\/li><\/ul><\/li><\/ul><\/li><li><b>Resultados das provas:<\/b> <ul><li> <a href=\"http:\/\/www.professores.uff.br\/paulab\/wp-content\/uploads\/sites\/109\/2019\/07\/Resultados2A-B1-2019I.pdf\">[Turma B1]<\/a>  (7:00-9:00)  <\/li><li> <a href=\"http:\/\/www.professores.uff.br\/paulab\/wp-content\/uploads\/sites\/109\/2019\/07\/Resultados2A-D1-2019I.pdf\">[Turma D1]<\/a>  (9:00-11:00) <\/li><\/ul><\/li><li><b>Datas das provas: <\/b> <ul><li>1VE: 06\/05\/2019  <\/li><li>2VE: 19\/06\/2019 <\/li><li>VR: 24\/06\/2019 (fechada) <\/li><li>VS: 01\/07\/2019 <\/li><\/ul><\/li><li><b>Ementa e Bibliografia\u00a0<a href=\"http:\/\/www.meusiteantigo.uff.br\/paulab\/ProgramaCALCULOII.pdf\">[<\/a><a href=\"http:\/\/www.professores.uff.br\/paulab\/wp-content\/uploads\/sites\/109\/2017\/08\/ProgramaCALCULOII-A.pdf\">pdf<\/a><a href=\"http:\/\/www.meusiteantigo.uff.br\/paulab\/ProgramaCALCULOII.pdf\">]\u00a0<\/a>.<\/b><\/li><li><span style=\"font-family: arial,helvetica,sans serif\"><b>Observa\u00e7\u00f5es:<\/b><\/span> <p><span style=\"font-family: arial,helvetica,sans serif\"><small><a href=\"http:\/\/www.professores.uff.br\/paulab\/\">Back to the main page<\/a><\/small><\/span><\/p> <\/li><\/ul>\n\n\n\n<p><\/p>\n","protected":false},"excerpt":{"rendered":"<p>Professor: Paula Balseiro Aulas: Turma B1&nbsp;Seg\/Qua 07:00 &#8211; 9:00&nbsp;(Sala H 502), Turma D1&nbsp;Seg\/Qua 9:00 &#8211; 11:00&nbsp;(Sala H304 \/ H402), Monitorias: \u00a0 \u00a0[Horarios] Listas de Exercicios: VE1: Lista 01. Lista 02. Lista 03. Lista 04\u00a0. Lista 05\u00a0. Lista 06\u00a0. Lista 07. Exercicios resolvidos: Substitui\u00e7\u00f5es trigonom\u00e9tricas Solidos de revolu\u00e7\u00e3o Integrais Improprias Exercicios para apresentar no quadro:\u00a0 [Exercicios] [&hellip;]<\/p>\n","protected":false},"author":114,"featured_media":0,"parent":0,"menu_order":0,"comment_status":"closed","ping_status":"closed","template":"","meta":{"_exactmetrics_skip_tracking":false,"_exactmetrics_sitenote_active":false,"_exactmetrics_sitenote_note":"","_exactmetrics_sitenote_category":0,"footnotes":""},"categories":[],"tags":[],"class_list":["post-461","page","type-page","status-publish","hentry"],"_links":{"self":[{"href":"https:\/\/www.professores.uff.br\/paulab\/wp-json\/wp\/v2\/pages\/461","targetHints":{"allow":["GET"]}}],"collection":[{"href":"https:\/\/www.professores.uff.br\/paulab\/wp-json\/wp\/v2\/pages"}],"about":[{"href":"https:\/\/www.professores.uff.br\/paulab\/wp-json\/wp\/v2\/types\/page"}],"author":[{"embeddable":true,"href":"https:\/\/www.professores.uff.br\/paulab\/wp-json\/wp\/v2\/users\/114"}],"replies":[{"embeddable":true,"href":"https:\/\/www.professores.uff.br\/paulab\/wp-json\/wp\/v2\/comments?post=461"}],"version-history":[{"count":34,"href":"https:\/\/www.professores.uff.br\/paulab\/wp-json\/wp\/v2\/pages\/461\/revisions"}],"predecessor-version":[{"id":572,"href":"https:\/\/www.professores.uff.br\/paulab\/wp-json\/wp\/v2\/pages\/461\/revisions\/572"}],"wp:attachment":[{"href":"https:\/\/www.professores.uff.br\/paulab\/wp-json\/wp\/v2\/media?parent=461"}],"wp:term":[{"taxonomy":"category","embeddable":true,"href":"https:\/\/www.professores.uff.br\/paulab\/wp-json\/wp\/v2\/categories?post=461"},{"taxonomy":"post_tag","embeddable":true,"href":"https:\/\/www.professores.uff.br\/paulab\/wp-json\/wp\/v2\/tags?post=461"}],"curies":[{"name":"wp","href":"https:\/\/api.w.org\/{rel}","templated":true}]}}