{"id":52,"date":"2017-08-25T19:41:03","date_gmt":"2017-08-25T22:41:03","guid":{"rendered":"http:\/\/www.professores.uff.br\/paulab\/?page_id=52"},"modified":"2017-09-01T20:51:57","modified_gmt":"2017-09-01T23:51:57","slug":"2015-ii-calculo-ii-b","status":"publish","type":"page","link":"https:\/\/www.professores.uff.br\/paulab\/2015-ii-calculo-ii-b\/","title":{"rendered":"2015 II &#8211; Calculo II B"},"content":{"rendered":"<p><center><b>Professora: Paula Balseiro <\/b><\/center><\/p>\n<ul>\n<li><b> Aulas:<\/b>\n<ul>\n<li>Turma A1: <i> Ter\u00e7as\/Quintas 07:00 &#8211; 09:00 (Sala H 301 -Praia Vermelha- ) <\/i>.<\/li>\n<li>Turma C1 + C2: <i> Ter\u00e7as\/Quintas 09:00 &#8211; 11:00 (Sala IMG 206 -Gragoat\u00e1- ) <\/i>.<\/li>\n<\/ul>\n<\/li>\n<li><b> Observa\u00e7\u00f5es: <\/b>\n<ul>\n<li>Ter\u00e7a 08\/12 e Quinta 10\/12 n\u00e3o haver\u00e1 aulas<\/li>\n<li>Quinta 24\/12, Ter\u00e7a 29\/12 e Quinta 31\/12 n\u00e3o haver\u00e1 aulas (recesso de final do ano)<\/li>\n<li>Ter\u00e7a 09\/02 e Quinta 11\/09 n\u00e3o haver\u00e1 aulas (carnaval)<\/li>\n<\/ul>\n<\/li>\n<li><b> Monitorias: <\/b> (Sala 101\/102 &#8211; UFASA H)\n<ul>\n<li>Ter\u00e7as: 8:00-12:00 e 13:30-15:30 (Bruno Cardoso de Oliveira)<\/li>\n<li>Ter\u00e7as: 8:00- 11:00 (Raiane Lima dos Santos)<\/li>\n<li>Quintas: 9:00-12:00 (Raiane Lima dos Santos)<\/li>\n<\/ul>\n<\/li>\n<li><b> Ementa e Bibliografia [<a href=\"http:\/\/www.professores.uff.br\/paulab\/wp-content\/uploads\/sites\/109\/2017\/08\/Calculo-II-B-Programa.pdf\">pdf]<\/a> . <\/b><\/li>\n<li><b>Avalia\u00e7\u00f5es: (datas a confirmar) <\/b>\n<ul>\n<li>1VE: 26\/01\n<ul>\n<li>Gabarito da P1\n<ul>\n<li>Turma A1<\/li>\n<li>Turma C1 + C2<\/li>\n<\/ul>\n<\/li>\n<\/ul>\n<\/li>\n<li>2VE: 10\/03\n<ul>\n<li>Gabarito da P2\n<ul>\n<li>Turma A1<\/li>\n<li>Turma C1 + C2<\/li>\n<\/ul>\n<\/li>\n<\/ul>\n<\/li>\n<li>VR (fechada): 15\/03 confirmada\n<ul>\n<li><a href=\"http:\/\/www.professores.uff.br\/paulab\/wp-content\/uploads\/sites\/109\/2017\/08\/A1-Resultados-1.pdf\">Resultados Turma A1<\/a><\/li>\n<li>Resultados Turma C1 + C2<\/li>\n<\/ul>\n<\/li>\n<li>VS: 22\/03<\/li>\n<\/ul>\n<\/li>\n<li><b> Listas de Exercicios:<\/b>\n<ul>\n<li>VE1:\n<ul>\n<li><a href=\"http:\/\/www.professores.uff.br\/paulab\/wp-content\/uploads\/sites\/109\/2017\/08\/lista-01-calc-02-B-2012-1.pdf\">Lista 01<\/a>.<\/li>\n<li><a href=\"http:\/\/www.professores.uff.br\/paulab\/wp-content\/uploads\/sites\/109\/2017\/08\/lista-02-calc-02-B-2012-1.pdf\">Lista 02<\/a>.<\/li>\n<li><a href=\"http:\/\/www.professores.uff.br\/paulab\/wp-content\/uploads\/sites\/109\/2017\/08\/lista-03-calc-02-B-2012-1.pdf\">Lista 03<\/a>.<\/li>\n<li><a href=\"http:\/\/www.professores.uff.br\/paulab\/wp-content\/uploads\/sites\/109\/2017\/08\/lista-04-calc-02-B-2012-1.pdf\">Lista 04<\/a>.<\/li>\n<li><a href=\"http:\/\/www.professores.uff.br\/paulab\/wp-content\/uploads\/sites\/109\/2017\/08\/lista-05-calc-02-B-2012-1.pdf\">Lista 05<\/a>.<\/li>\n<li><a href=\"http:\/\/www.professores.uff.br\/paulab\/wp-content\/uploads\/sites\/109\/2017\/08\/lista-06-calc-02-B-2012-1.pdf\">Lista 06<\/a>.<\/li>\n<li><a href=\"http:\/\/www.professores.uff.br\/paulab\/wp-content\/uploads\/sites\/109\/2017\/08\/lista-07-calc-02-B-2012-1.pdf\">Lista 07<\/a>.<\/li>\n<li><b> <\/b><a href=\"http:\/\/www.professores.uff.br\/paulab\/wp-content\/uploads\/sites\/109\/2017\/08\/Calculo-II-B-Calc2B-PreparacaoV1.pdf\">Lista preparat\u00f3ria para a primeira prova <\/a>Apresenta\u00e7\u00e3o dos exercicios no quadro: Ter\u00e7a 19\/01 e continuamos Quinta 21\/01.<\/li>\n<\/ul>\n<\/li>\n<li>VE2:\n<ul>\n<li><a href=\"http:\/\/www.professores.uff.br\/paulab\/wp-content\/uploads\/sites\/109\/2017\/08\/lista-08-calc-02-B-2012-1.pdf\">Lista 08<\/a>.<\/li>\n<li><a href=\"http:\/\/www.professores.uff.br\/paulab\/wp-content\/uploads\/sites\/109\/2017\/08\/lista-09-calc-02-B-2012-1.pdf\">Lista 09<\/a>.<\/li>\n<li><a href=\"http:\/\/www.professores.uff.br\/paulab\/wp-content\/uploads\/sites\/109\/2017\/08\/lista-10-calc-02-B-2012-1.pdf\">Lista 10<\/a>.<\/li>\n<li><a href=\"http:\/\/www.professores.uff.br\/paulab\/wp-content\/uploads\/sites\/109\/2017\/08\/lista-11-calc-02-B-2012-1.pdf\">Lista 11<\/a>.<\/li>\n<li><a href=\"http:\/\/www.professores.uff.br\/paulab\/wp-content\/uploads\/sites\/109\/2017\/08\/lista-12-calc-02-B-2012-1.pdf\">Lista 12<\/a>.<\/li>\n<li><b><a href=\"http:\/\/www.professores.uff.br\/paulab\/wp-content\/uploads\/sites\/109\/2017\/08\/Calc2B-PreparacaoV2-.pdf\">Lista preparat\u00f3ria para a segunda prova<\/a> <\/b> Apresenta\u00e7\u00e3o dos exercicios no quadro: come\u00e7amos Ter\u00e7a 01\/03 e continuamos Quinta 03\/03.<\/li>\n<\/ul>\n<\/li>\n<\/ul>\n<hr \/>\n<p><small><a href=\"http:\/\/www.professores.uff.br\/paulab\/\">Back to the main page<\/a><\/small><\/li>\n<\/ul>\n<p>&nbsp;<\/p>\n","protected":false},"excerpt":{"rendered":"<p>Professora: Paula Balseiro Aulas: Turma A1: Ter\u00e7as\/Quintas 07:00 &#8211; 09:00 (Sala H 301 -Praia Vermelha- ) . Turma C1 + C2: Ter\u00e7as\/Quintas 09:00 &#8211; 11:00 (Sala IMG 206 -Gragoat\u00e1- ) . Observa\u00e7\u00f5es: Ter\u00e7a 08\/12 e Quinta 10\/12 n\u00e3o haver\u00e1 aulas Quinta 24\/12, Ter\u00e7a 29\/12 e Quinta 31\/12 n\u00e3o haver\u00e1 aulas (recesso de final do ano) [&hellip;]<\/p>\n","protected":false},"author":46,"featured_media":0,"parent":0,"menu_order":0,"comment_status":"closed","ping_status":"closed","template":"","meta":{"_exactmetrics_skip_tracking":false,"_exactmetrics_sitenote_active":false,"_exactmetrics_sitenote_note":"","_exactmetrics_sitenote_category":0,"footnotes":""},"categories":[],"tags":[],"class_list":["post-52","page","type-page","status-publish","hentry"],"_links":{"self":[{"href":"https:\/\/www.professores.uff.br\/paulab\/wp-json\/wp\/v2\/pages\/52","targetHints":{"allow":["GET"]}}],"collection":[{"href":"https:\/\/www.professores.uff.br\/paulab\/wp-json\/wp\/v2\/pages"}],"about":[{"href":"https:\/\/www.professores.uff.br\/paulab\/wp-json\/wp\/v2\/types\/page"}],"author":[{"embeddable":true,"href":"https:\/\/www.professores.uff.br\/paulab\/wp-json\/wp\/v2\/users\/46"}],"replies":[{"embeddable":true,"href":"https:\/\/www.professores.uff.br\/paulab\/wp-json\/wp\/v2\/comments?post=52"}],"version-history":[{"count":8,"href":"https:\/\/www.professores.uff.br\/paulab\/wp-json\/wp\/v2\/pages\/52\/revisions"}],"predecessor-version":[{"id":334,"href":"https:\/\/www.professores.uff.br\/paulab\/wp-json\/wp\/v2\/pages\/52\/revisions\/334"}],"wp:attachment":[{"href":"https:\/\/www.professores.uff.br\/paulab\/wp-json\/wp\/v2\/media?parent=52"}],"wp:term":[{"taxonomy":"category","embeddable":true,"href":"https:\/\/www.professores.uff.br\/paulab\/wp-json\/wp\/v2\/categories?post=52"},{"taxonomy":"post_tag","embeddable":true,"href":"https:\/\/www.professores.uff.br\/paulab\/wp-json\/wp\/v2\/tags?post=52"}],"curies":[{"name":"wp","href":"https:\/\/api.w.org\/{rel}","templated":true}]}}