{"id":56,"date":"2017-08-25T19:41:35","date_gmt":"2017-08-25T22:41:35","guid":{"rendered":"http:\/\/www.professores.uff.br\/paulab\/?page_id=56"},"modified":"2017-08-30T18:57:02","modified_gmt":"2017-08-30T21:57:02","slug":"2014-ii-calculo-ii-b","status":"publish","type":"page","link":"https:\/\/www.professores.uff.br\/paulab\/2014-ii-calculo-ii-b\/","title":{"rendered":"2014 II &#8211; Calculo II B"},"content":{"rendered":"<p><center><b>Professora: Paula Balseiro <\/b><\/center>&nbsp;<\/p>\n<ul>\n<li><b> Aulas:<\/b>\n<ul>\n<li>Turma C1: <i> Ter\u00e7as\/Quintas 09:00 &#8211; 11:00 (Valonguinho, Sala 201 ) <\/i>.<\/li>\n<li>Turma F1: <i> Ter\u00e7as\/Quintas 11:00 &#8211; 13:00 (Valonguinho, Sala 602 ) <\/i>.<\/li>\n<\/ul>\n<\/li>\n<li><b> Monitorias: <\/b> (no GMA, Valonguinho)\n<ul>\n<li>Quartas e Sextas: 09:00-12:00<\/li>\n<\/ul>\n<\/li>\n<li><b> Ementa e Bibliografia\u00a0<a href=\"http:\/\/www.meusiteantigo.uff.br\/paulab\/Calculo%20II%20-B-%20Programa.pdf\">[<\/a><a href=\"http:\/\/www.professores.uff.br\/paulab\/wp-content\/uploads\/sites\/109\/2017\/08\/Calculo-II-B-Programa.pdf\">pdf<\/a><a href=\"http:\/\/www.meusiteantigo.uff.br\/paulab\/Calculo%20II%20-B-%20Programa.pdf\">]<\/a>. <\/b><\/li>\n<li><b>Avalia\u00e7\u00e3o: <\/b>\n<ul>\n<li>1VE: 23\/09<\/li>\n<li>2VE: 13\/11\n<ul>\n<li>Gabarito V2 Turma C1<\/li>\n<li>Gabarito V2 Turma F1<\/li>\n<\/ul>\n<\/li>\n<li>VR (fechada): 18\/11\n<ul>\n<li><b>Resultados <a href=\"http:\/\/www.professores.uff.br\/paulab\/wp-content\/uploads\/sites\/109\/2017\/08\/Calculo-II-B-2014-II-C1-Resultados.pdf\">Turma C1<\/a> <\/b><\/li>\n<li><b> Resultados Turma F1 <\/b><\/li>\n<\/ul>\n<\/li>\n<li>VS: 02\/12<\/li>\n<\/ul>\n<\/li>\n<li><b> Listas de Exercicios:<\/b>\n<ul>\n<li>VE1:\n<ul>\n<li><a href=\"http:\/\/www.professores.uff.br\/paulab\/wp-content\/uploads\/sites\/109\/2017\/08\/lista-01-calc-02-B-2012-1.pdf\">Lista 01<\/a>.<\/li>\n<li><a href=\"http:\/\/www.professores.uff.br\/paulab\/wp-content\/uploads\/sites\/109\/2017\/08\/lista-02-calc-02-B-2012-1.pdf\">Lista 02<\/a>.<\/li>\n<li><a href=\"http:\/\/www.professores.uff.br\/paulab\/wp-content\/uploads\/sites\/109\/2017\/08\/lista-03-calc-02-B-2012-1.pdf\">Lista 03<\/a>.<\/li>\n<li><a href=\"http:\/\/www.professores.uff.br\/paulab\/wp-content\/uploads\/sites\/109\/2017\/08\/lista-04-calc-02-B-2012-1.pdf\">Lista 04<\/a>.<\/li>\n<li><a href=\"http:\/\/www.professores.uff.br\/paulab\/wp-content\/uploads\/sites\/109\/2017\/08\/lista-05-calc-02-B-2012-1.pdf\">Lista 05<\/a>.<\/li>\n<li><a href=\"http:\/\/www.professores.uff.br\/paulab\/wp-content\/uploads\/sites\/109\/2017\/08\/lista-06-calc-02-B-2012-1.pdf\">Lista 06<\/a>.<\/li>\n<li><a href=\"http:\/\/www.professores.uff.br\/paulab\/wp-content\/uploads\/sites\/109\/2017\/08\/lista-07-calc-02-B-2012-1.pdf\">Lista 07<\/a>.<\/li>\n<li><b> Lista preparatoria para a primeira prova <\/b> Apresenta\u00e7\u00e3o dos exercicios no quadro: come\u00e7amos Ter\u00e7a 16\/09 e continuamos Quinta 18\/09.<\/li>\n<\/ul>\n<\/li>\n<li>VE2:\n<ul>\n<li><a href=\"http:\/\/www.professores.uff.br\/paulab\/wp-content\/uploads\/sites\/109\/2017\/08\/lista-08-calc-02-B-2012-1.pdf\">Lista 08<\/a>.<\/li>\n<li><a href=\"http:\/\/www.professores.uff.br\/paulab\/wp-content\/uploads\/sites\/109\/2017\/08\/lista-09-calc-02-B-2012-1.pdf\">Lista 09<\/a>.<\/li>\n<li><a href=\"http:\/\/www.professores.uff.br\/paulab\/wp-content\/uploads\/sites\/109\/2017\/08\/lista-10-calc-02-B-2012-1.pdf\">Lista 10<\/a>.<\/li>\n<li><a href=\"http:\/\/www.professores.uff.br\/paulab\/wp-content\/uploads\/sites\/109\/2017\/08\/lista-11-calc-02-B-2012-1.pdf\">Lista 11<\/a>.<\/li>\n<li><a href=\"http:\/\/www.professores.uff.br\/paulab\/wp-content\/uploads\/sites\/109\/2017\/08\/lista-12-calc-02-B-2012-1.pdf\">Lista 12<\/a>.<\/li>\n<li><a href=\"http:\/\/www.professores.uff.br\/paulab\/wp-content\/uploads\/sites\/109\/2017\/08\/Calculo-II-B-2014-II-Calc2B-PreparacaoV2-.pdf\">Lista preparatoria para a segunda prova<\/a> Apresenta\u00e7\u00e3o dos exercicios no quadro: come\u00e7amos Ter\u00e7a 04\/11 e continuamos Quinta 06\/11.<\/li>\n<\/ul>\n<\/li>\n<\/ul>\n<hr \/>\n<p><small><a href=\"http:\/\/www.professores.uff.br\/paulab\/\">Back to the main page<\/a><\/small><\/li>\n<\/ul>\n","protected":false},"excerpt":{"rendered":"<p>Professora: Paula Balseiro &nbsp; Aulas: Turma C1: Ter\u00e7as\/Quintas 09:00 &#8211; 11:00 (Valonguinho, Sala 201 ) . Turma F1: Ter\u00e7as\/Quintas 11:00 &#8211; 13:00 (Valonguinho, Sala 602 ) . Monitorias: (no GMA, Valonguinho) Quartas e Sextas: 09:00-12:00 Ementa e Bibliografia\u00a0[pdf]. Avalia\u00e7\u00e3o: 1VE: 23\/09 2VE: 13\/11 Gabarito V2 Turma C1 Gabarito V2 Turma F1 VR (fechada): 18\/11 Resultados [&hellip;]<\/p>\n","protected":false},"author":46,"featured_media":0,"parent":0,"menu_order":0,"comment_status":"closed","ping_status":"closed","template":"","meta":{"_exactmetrics_skip_tracking":false,"_exactmetrics_sitenote_active":false,"_exactmetrics_sitenote_note":"","_exactmetrics_sitenote_category":0,"footnotes":""},"categories":[],"tags":[],"class_list":["post-56","page","type-page","status-publish","hentry"],"_links":{"self":[{"href":"https:\/\/www.professores.uff.br\/paulab\/wp-json\/wp\/v2\/pages\/56","targetHints":{"allow":["GET"]}}],"collection":[{"href":"https:\/\/www.professores.uff.br\/paulab\/wp-json\/wp\/v2\/pages"}],"about":[{"href":"https:\/\/www.professores.uff.br\/paulab\/wp-json\/wp\/v2\/types\/page"}],"author":[{"embeddable":true,"href":"https:\/\/www.professores.uff.br\/paulab\/wp-json\/wp\/v2\/users\/46"}],"replies":[{"embeddable":true,"href":"https:\/\/www.professores.uff.br\/paulab\/wp-json\/wp\/v2\/comments?post=56"}],"version-history":[{"count":3,"href":"https:\/\/www.professores.uff.br\/paulab\/wp-json\/wp\/v2\/pages\/56\/revisions"}],"predecessor-version":[{"id":182,"href":"https:\/\/www.professores.uff.br\/paulab\/wp-json\/wp\/v2\/pages\/56\/revisions\/182"}],"wp:attachment":[{"href":"https:\/\/www.professores.uff.br\/paulab\/wp-json\/wp\/v2\/media?parent=56"}],"wp:term":[{"taxonomy":"category","embeddable":true,"href":"https:\/\/www.professores.uff.br\/paulab\/wp-json\/wp\/v2\/categories?post=56"},{"taxonomy":"post_tag","embeddable":true,"href":"https:\/\/www.professores.uff.br\/paulab\/wp-json\/wp\/v2\/tags?post=56"}],"curies":[{"name":"wp","href":"https:\/\/api.w.org\/{rel}","templated":true}]}}