{"id":60,"date":"2017-08-25T19:43:31","date_gmt":"2017-08-25T22:43:31","guid":{"rendered":"http:\/\/www.professores.uff.br\/paulab\/?page_id=60"},"modified":"2017-08-29T20:12:20","modified_gmt":"2017-08-29T23:12:20","slug":"2016-i-calculo-ii-b-2","status":"publish","type":"page","link":"https:\/\/www.professores.uff.br\/paulab\/2016-i-calculo-ii-b-2\/","title":{"rendered":"2016 I &#8211; Calculo II B"},"content":{"rendered":"<p><center><b>Professora: Paula Balseiro <\/b><\/center><\/p>\n<ul>\n<li><b> Aulas:<\/b>\n<ul>\n<li>Turma B1 + B2: <i> Ter\u00e7as\/Quintas 07:00 &#8211; 09:00 (Sala IMH 207 -Gragoat\u00e1- ) <\/i>.<\/li>\n<li>Turma D1 + D2: <i> Ter\u00e7as\/Quintas 09:00 &#8211; 11:00 (Sala IMH 205 -Gragoat\u00e1- ) <\/i>.<\/li>\n<\/ul>\n<\/li>\n<li><b> Observa\u00e7\u00f5es: <\/b>\n<ul>\n<li>Os monitores realizar\u00e3o uma aula de revis\u00e3o na Quarta feira dia 30\/11 das 14:30 at\u00e9 as 17:30, na sala H102 campus da Praia Vermelha.<\/li>\n<\/ul>\n<\/li>\n<li><b> Monitorias: <\/b> (Sala 101\/102 &#8211; UFASA H)\n<ul>\n<li>Segunda: 10:00-12:00 (Joice Azeredo Silva)<\/li>\n<li>Ter\u00e7a: 14:00-16:00 (Matheus Mendanha), 16:30-18:30 (Leandro P. Bernardo)<\/li>\n<li>Quarta: 11:00-13:00 (Matheus), 14:30-17:30 (Leandro)<\/li>\n<li>Quinta: 11:00-12:00 (Joice), 14:00-16:00 (Matheus), 17:20-18:20 (Leandro)<\/li>\n<li>Sexta: 13:50-16:50 (Joice)<\/li>\n<\/ul>\n<\/li>\n<li><b> Ementa e Bibliografia <a href=\"http:\/\/www.meusiteantigo.uff.br\/paulab\/Calculo%20II%20-B-%20Programa.pdf\"> [<\/a><a href=\"http:\/\/www.professores.uff.br\/paulab\/wp-content\/uploads\/sites\/109\/2017\/08\/Calculo-II-B-Programa.pdf\">pdf<\/a><a href=\"http:\/\/www.meusiteantigo.uff.br\/paulab\/Calculo%20II%20-B-%20Programa.pdf\">] <\/a>. <\/b><\/li>\n<li><b>Avalia\u00e7\u00f5es: <\/b>\n<ul>\n<li>1VE: 25 \/ 10<\/li>\n<li>2VE: 08\/12<\/li>\n<li>VR: (fechada): 13\/12<\/li>\n<li>VS: 20\/12\n<ul>\n<li>Resultados: Turma B1 + B2<\/li>\n<li>Resultados: Turma D1 + D2<\/li>\n<\/ul>\n<\/li>\n<\/ul>\n<p><b>BOAS FERIAS! <\/b><\/li>\n<li><b> Listas de Exercicios:<\/b>\n<ul>\n<li>VE1:\n<ul>\n<li><a href=\"http:\/\/www.professores.uff.br\/paulab\/wp-content\/uploads\/sites\/109\/2017\/08\/lista-01-calc-02-B-2012-1.pdf\">Lista 01<\/a>.<\/li>\n<li><a href=\"http:\/\/www.professores.uff.br\/paulab\/wp-content\/uploads\/sites\/109\/2017\/08\/lista-02-calc-02-B-2012-1.pdf\">Lista 02<\/a>.<\/li>\n<li><a href=\"http:\/\/www.professores.uff.br\/paulab\/wp-content\/uploads\/sites\/109\/2017\/08\/lista-03-calc-02-B-2012-1.pdf\">Lista 03<\/a>.<\/li>\n<li><a href=\"http:\/\/www.professores.uff.br\/paulab\/wp-content\/uploads\/sites\/109\/2017\/08\/lista-04-calc-02-B-2012-1.pdf\">Lista 04<\/a>.<\/li>\n<li><a href=\"http:\/\/www.professores.uff.br\/paulab\/wp-content\/uploads\/sites\/109\/2017\/08\/lista-05-calc-02-B-2012-1.pdf\">Lista 05<\/a>.<\/li>\n<li><a href=\"http:\/\/www.professores.uff.br\/paulab\/wp-content\/uploads\/sites\/109\/2017\/08\/lista-06-calc-02-B-2012-1.pdf\">Lista 06<\/a>.<\/li>\n<li><a href=\"http:\/\/www.professores.uff.br\/paulab\/wp-content\/uploads\/sites\/109\/2017\/08\/lista-07-calc-02-B-2012-1.pdf\">Lista 07<\/a>.<\/li>\n<li><b><a href=\"http:\/\/www.professores.uff.br\/paulab\/wp-content\/uploads\/sites\/109\/2017\/08\/Calculo-II-B-Calc2B-PreparacaoV1.pdf\">Lista preparatoria para a primeira prova<\/a><\/b> Apresenta\u00e7\u00e3o dos exercicios no quadro: Ter\u00e7a 11\/10 e continuamos Quinta 13\/10.<\/li>\n<\/ul>\n<\/li>\n<li>VE2:\n<ul>\n<li><a href=\"http:\/\/www.professores.uff.br\/paulab\/wp-content\/uploads\/sites\/109\/2017\/08\/lista-08-calc-02-B-2012-1.pdf\">Lista 08<\/a>.<\/li>\n<li><a href=\"http:\/\/www.professores.uff.br\/paulab\/wp-content\/uploads\/sites\/109\/2017\/08\/lista-09-calc-02-B-2012-1.pdf\">Lista 09<\/a>.<\/li>\n<li><a href=\"http:\/\/www.professores.uff.br\/paulab\/wp-content\/uploads\/sites\/109\/2017\/08\/lista-10-calc-02-B-2012-1.pdf\">Lista 10<\/a>.<\/li>\n<li><a href=\"http:\/\/www.professores.uff.br\/paulab\/wp-content\/uploads\/sites\/109\/2017\/08\/lista-11-calc-02-B-2012-1.pdf\">Lista 11<\/a>.<\/li>\n<li><a href=\"http:\/\/www.professores.uff.br\/paulab\/wp-content\/uploads\/sites\/109\/2017\/08\/lista-12-calc-02-B-2012-1.pdf\">Lista 12<\/a>.<\/li>\n<li><b> Lista preparatoria para a segunda prova <\/b> Apresenta\u00e7\u00e3o dos exercicios no quadro: Quinta 01\/12 e Ter\u00e7a 06\/12.<\/li>\n<\/ul>\n<\/li>\n<\/ul>\n<hr \/>\n<p><small><a href=\"http:\/\/www.professores.uff.br\/paulab\/\">Back to the main page<\/a><\/small><\/li>\n<\/ul>\n<p>&nbsp;<\/p>\n","protected":false},"excerpt":{"rendered":"<p>Professora: Paula Balseiro Aulas: Turma B1 + B2: Ter\u00e7as\/Quintas 07:00 &#8211; 09:00 (Sala IMH 207 -Gragoat\u00e1- ) . Turma D1 + D2: Ter\u00e7as\/Quintas 09:00 &#8211; 11:00 (Sala IMH 205 -Gragoat\u00e1- ) . Observa\u00e7\u00f5es: Os monitores realizar\u00e3o uma aula de revis\u00e3o na Quarta feira dia 30\/11 das 14:30 at\u00e9 as 17:30, na sala H102 campus da [&hellip;]<\/p>\n","protected":false},"author":46,"featured_media":0,"parent":0,"menu_order":0,"comment_status":"closed","ping_status":"closed","template":"","meta":{"_exactmetrics_skip_tracking":false,"_exactmetrics_sitenote_active":false,"_exactmetrics_sitenote_note":"","_exactmetrics_sitenote_category":0,"footnotes":""},"categories":[],"tags":[],"class_list":["post-60","page","type-page","status-publish","hentry"],"_links":{"self":[{"href":"https:\/\/www.professores.uff.br\/paulab\/wp-json\/wp\/v2\/pages\/60","targetHints":{"allow":["GET"]}}],"collection":[{"href":"https:\/\/www.professores.uff.br\/paulab\/wp-json\/wp\/v2\/pages"}],"about":[{"href":"https:\/\/www.professores.uff.br\/paulab\/wp-json\/wp\/v2\/types\/page"}],"author":[{"embeddable":true,"href":"https:\/\/www.professores.uff.br\/paulab\/wp-json\/wp\/v2\/users\/46"}],"replies":[{"embeddable":true,"href":"https:\/\/www.professores.uff.br\/paulab\/wp-json\/wp\/v2\/comments?post=60"}],"version-history":[{"count":7,"href":"https:\/\/www.professores.uff.br\/paulab\/wp-json\/wp\/v2\/pages\/60\/revisions"}],"predecessor-version":[{"id":171,"href":"https:\/\/www.professores.uff.br\/paulab\/wp-json\/wp\/v2\/pages\/60\/revisions\/171"}],"wp:attachment":[{"href":"https:\/\/www.professores.uff.br\/paulab\/wp-json\/wp\/v2\/media?parent=60"}],"wp:term":[{"taxonomy":"category","embeddable":true,"href":"https:\/\/www.professores.uff.br\/paulab\/wp-json\/wp\/v2\/categories?post=60"},{"taxonomy":"post_tag","embeddable":true,"href":"https:\/\/www.professores.uff.br\/paulab\/wp-json\/wp\/v2\/tags?post=60"}],"curies":[{"name":"wp","href":"https:\/\/api.w.org\/{rel}","templated":true}]}}