{"id":62,"date":"2017-08-25T20:29:49","date_gmt":"2017-08-25T23:29:49","guid":{"rendered":"http:\/\/www.professores.uff.br\/paulab\/?page_id=62"},"modified":"2018-03-18T10:00:30","modified_gmt":"2018-03-18T13:00:30","slug":"2015-i-equacoes-diferenciais","status":"publish","type":"page","link":"https:\/\/www.professores.uff.br\/paulab\/2015-i-equacoes-diferenciais\/","title":{"rendered":"2015 I &#8211; Equa\u00e7\u00f5es Diferenciais"},"content":{"rendered":"<p><b>Professora: Paula Balseiro <\/b><\/p>\n<ul>\n<li><b> Aulas:<\/b>\n<ul>\n<li>Turma A1: <i> Ter\u00e7as\/Quintas 07:00 &#8211; 09:00 (Sala IM201) <\/i>.<\/li>\n<\/ul>\n<\/li>\n<li><b> Monitorias: <\/b> (no GMA, Valonguinho)\n<ul>\n<li>Segunda: 16:20-17:50, 18:30-22:00<\/li>\n<li>Quarta: 16:20-17:50, 18:30-21:00<\/li>\n<li>Sexta: 09:00-12:00<\/li>\n<\/ul>\n<\/li>\n<li><b> Ementa e Bibliografia [pdf] . <\/b><\/li>\n<li><b>Avalia\u00e7\u00e3o: <\/b>\n<ul>\n<li>1VE: 30\/04<\/li>\n<li>2VE: 25\/06\n<\/li>\n<li>VR (fechada): 30\/06 <b> &#8211; Resultados &#8211; <\/b><\/li>\n<li>VS: 02\/07<\/li>\n<\/ul>\n<\/li>\n<li><b> Listas de Exercicios: <\/b>\n<ul>\n<li>Sequencias e Series:\n<ul>\n<li><a href=\"http:\/\/www.professores.uff.br\/paulab\/wp-content\/uploads\/sites\/109\/2017\/08\/Eq-Diferenciais-Exercicios_sequencias.pdf\">Sequencias<\/a>.<\/li>\n<li><a href=\"http:\/\/www.professores.uff.br\/paulab\/wp-content\/uploads\/sites\/109\/2017\/08\/Eq-Diferenciais-Series-1-Exercicios_series_integral.pdf\">Series 1<\/a>.<\/li>\n<li><a href=\"http:\/\/www.professores.uff.br\/paulab\/wp-content\/uploads\/sites\/109\/2017\/08\/Eq-Diferenciais-Series-2-Exercicios_series_comparacao.pdf\">Series 2<\/a>.<\/li>\n<li><a href=\"http:\/\/www.professores.uff.br\/paulab\/wp-content\/uploads\/sites\/109\/2017\/08\/Eq-Diferenciais-Series-3-Exercicios_series_razao.pdf\">Series 3<\/a>.<\/li>\n<li><a href=\"http:\/\/www.professores.uff.br\/paulab\/wp-content\/uploads\/sites\/109\/2017\/08\/Eq-Diferenciais-Series-4-Exercicios_series_alternadas.pdf\">Series 4<\/a>.<\/li>\n<li>Series 5 .<\/li>\n<li><a href=\"http:\/\/www.professores.uff.br\/paulab\/wp-content\/uploads\/sites\/109\/2017\/08\/Eq-Diferenciais-Series-de-Potencia-1-Exercicios_series_potencias_funcoes.pdf\">Series de Potencia <\/a>.<\/li>\n<li><a href=\"http:\/\/www.professores.uff.br\/paulab\/wp-content\/uploads\/sites\/109\/2017\/08\/Eq-Diferenciais-Series-de-Potencia-2-Exercicios_raio_convergencia.pdf\">Series de Potencia 2<\/a>.<\/li>\n<li><a href=\"http:\/\/www.professores.uff.br\/paulab\/wp-content\/uploads\/sites\/109\/2017\/08\/Eq-Diferenciais-Series-de-Potencia-3-Exercicios_series_Taylor.pdf\">Series de Potencia 3<\/a>.<\/li>\n<\/ul>\n<\/li>\n<li>EDO:\n<ul>\n<li><a href=\"http:\/\/www.professores.uff.br\/paulab\/wp-content\/uploads\/sites\/109\/2017\/08\/Eq-Diferenciais-Exercicios_EDO_1_series_pontos_regulares.pdf\">EDO 1<\/a>.<\/li>\n<li><a href=\"http:\/\/www.professores.uff.br\/paulab\/wp-content\/uploads\/sites\/109\/2017\/08\/Eq-Diferenciais-Exercicios_EDO_2_series_pontos_singulares.pdf\">EDO 2<\/a>.<\/li>\n<\/ul>\n<\/li>\n<\/ul>\n<\/li>\n<li><b> Listas de Exercicios: <\/b>\n<ul>Exercicios dos livros<\/p>\n<li>Equa\u00e7\u00f5es Diferenciais &#8211; Dennis G. Zill Cullen ( Vol. 1 Capitulo 7 e Vol.2 Capitulo 8)<\/li>\n<li>Equa\u00e7\u00f5es Diferenciais com aplica\u00e7\u00f5es em modelagem &#8211; Dennis G. Zill (Capitulos 7 e 8)<\/li>\n<\/ul>\n<\/li>\n<\/ul>\n<hr \/>\n<p><span style=\"font-family: arial,helvetica,sans serif\"><small><a href=\"http:\/\/www.professores.uff.br\/paulab\/\">Back to the main page<\/a><\/small><\/span><\/p>\n","protected":false},"excerpt":{"rendered":"<p>Professora: Paula Balseiro Aulas: Turma A1: Ter\u00e7as\/Quintas 07:00 &#8211; 09:00 (Sala IM201) . Monitorias: (no GMA, Valonguinho) Segunda: 16:20-17:50, 18:30-22:00 Quarta: 16:20-17:50, 18:30-21:00 Sexta: 09:00-12:00 Ementa e Bibliografia [pdf] . Avalia\u00e7\u00e3o: 1VE: 30\/04 2VE: 25\/06 VR (fechada): 30\/06 &#8211; Resultados &#8211; VS: 02\/07 Listas de Exercicios: Sequencias e Series: Sequencias. Series 1. Series 2. Series [&hellip;]<\/p>\n","protected":false},"author":46,"featured_media":0,"parent":0,"menu_order":0,"comment_status":"closed","ping_status":"closed","template":"","meta":{"_exactmetrics_skip_tracking":false,"_exactmetrics_sitenote_active":false,"_exactmetrics_sitenote_note":"","_exactmetrics_sitenote_category":0,"footnotes":""},"categories":[],"tags":[],"class_list":["post-62","page","type-page","status-publish","hentry"],"_links":{"self":[{"href":"https:\/\/www.professores.uff.br\/paulab\/wp-json\/wp\/v2\/pages\/62","targetHints":{"allow":["GET"]}}],"collection":[{"href":"https:\/\/www.professores.uff.br\/paulab\/wp-json\/wp\/v2\/pages"}],"about":[{"href":"https:\/\/www.professores.uff.br\/paulab\/wp-json\/wp\/v2\/types\/page"}],"author":[{"embeddable":true,"href":"https:\/\/www.professores.uff.br\/paulab\/wp-json\/wp\/v2\/users\/46"}],"replies":[{"embeddable":true,"href":"https:\/\/www.professores.uff.br\/paulab\/wp-json\/wp\/v2\/comments?post=62"}],"version-history":[{"count":5,"href":"https:\/\/www.professores.uff.br\/paulab\/wp-json\/wp\/v2\/pages\/62\/revisions"}],"predecessor-version":[{"id":383,"href":"https:\/\/www.professores.uff.br\/paulab\/wp-json\/wp\/v2\/pages\/62\/revisions\/383"}],"wp:attachment":[{"href":"https:\/\/www.professores.uff.br\/paulab\/wp-json\/wp\/v2\/media?parent=62"}],"wp:term":[{"taxonomy":"category","embeddable":true,"href":"https:\/\/www.professores.uff.br\/paulab\/wp-json\/wp\/v2\/categories?post=62"},{"taxonomy":"post_tag","embeddable":true,"href":"https:\/\/www.professores.uff.br\/paulab\/wp-json\/wp\/v2\/tags?post=62"}],"curies":[{"name":"wp","href":"https:\/\/api.w.org\/{rel}","templated":true}]}}