{"id":694,"date":"2022-03-27T17:47:56","date_gmt":"2022-03-27T20:47:56","guid":{"rendered":"http:\/\/www.professores.uff.br\/paulab\/?page_id=694"},"modified":"2022-06-29T17:06:57","modified_gmt":"2022-06-29T20:06:57","slug":"2022-i-calculo-2a","status":"publish","type":"page","link":"https:\/\/www.professores.uff.br\/paulab\/2022-i-calculo-2a\/","title":{"rendered":"2022-I Calculo 2A"},"content":{"rendered":"\n<p><strong>Professor: Paula Balseiro<\/strong><\/p>\n\n\n\n<p><strong>Aulas:<\/strong><\/p>\n\n\n\n<ul class=\"wp-block-list\"><li>Turma C1\u00a0<em>Seg\/Qua 07:00 \u2013 9:00\u00a0<\/em>(Sala H 501, Praia Vermelha),<\/li><li>Turma D1\u00a0<em>Seg\/Qua 9:00 \u2013 11:00\u00a0<\/em>(Sala H 501, Praia Vermelha),<\/li><li><strong>Monitorias:<\/strong>\u00a0\u00a0 \u00a0[Horarios]<\/li><li><strong>Notas de aula:<\/strong>  <a href=\"http:\/\/gma.uff.br\/arquivos_antigos\/html\/informacoes%20disciplinas\/calc%2002%20-A-%202012-2\/cristiane\/CALCULOIIA_EAD(Versao%20Final)_correcao_%20aulas%2025%20a%2030.pdf\">Apostila do Profs: Cristiane Argento e Freddy Hernandez<\/a><\/li><li><strong>Listas de Exercicios:<\/strong><ul><li>VE1:<ul><li><a href=\"http:\/\/www.professores.uff.br\/paulab\/wp-content\/uploads\/sites\/109\/2017\/08\/lista-01-calc-02A-2013.pdf\">Lista 01<\/a>.<\/li><li><a href=\"http:\/\/www.professores.uff.br\/paulab\/wp-content\/uploads\/sites\/109\/2017\/08\/lista-02-calc-02A-2011.pdf\">Lista 02<\/a>.<\/li><li><a href=\"http:\/\/www.professores.uff.br\/paulab\/wp-content\/uploads\/sites\/109\/2017\/08\/lista-03-calc-02A-2011.pdf\">Lista 03<\/a>.<\/li><li><a href=\"http:\/\/www.professores.uff.br\/paulab\/wp-content\/uploads\/sites\/109\/2017\/08\/lista-04-calc-02A-2011.pdf\">Lista 04<\/a>\u00a0.<\/li><li><a href=\"http:\/\/www.professores.uff.br\/paulab\/wp-content\/uploads\/sites\/109\/2017\/08\/lista-05-calc-02A-2011.pdf\">Lista 05<\/a>\u00a0.<\/li><li><a href=\"http:\/\/www.professores.uff.br\/paulab\/wp-content\/uploads\/sites\/109\/2017\/08\/lista-06-calc-02A-2011.pdf\">Lista 06<\/a>\u00a0.<\/li><li><a href=\"http:\/\/www.professores.uff.br\/paulab\/wp-content\/uploads\/sites\/109\/2017\/08\/lista-07-calc-02A-2011.pdf\">Lista 07<\/a>.<\/li><li>Exercicios Resolvidos:  <ul><li>  <a href=\"http:\/\/www.professores.uff.br\/paulab\/wp-content\/uploads\/sites\/109\/2022\/04\/Substitui\u00e7\u00e3o-trigonometrica1-scaled.jpg\">Substitui\u00e7\u00e3o trigonometrica 1 .<\/a><\/li><li>  <a href=\"http:\/\/www.professores.uff.br\/paulab\/wp-content\/uploads\/sites\/109\/2022\/04\/Substitui\u00e7\u00e3o-trigonometrica2.jpg\">Substitui\u00e7\u00e3o trigonometrica 2 .<\/a><\/li><li>  <a href=\"http:\/\/www.professores.uff.br\/paulab\/wp-content\/uploads\/sites\/109\/2022\/04\/Solidos-scaled.jpg\">S\u00f3lidos de revolu\u00e7\u00e3o. <\/a><\/li><\/ul><\/li><li> <a href=\"http:\/\/www.professores.uff.br\/paulab\/wp-content\/uploads\/sites\/109\/2022\/04\/ExerciciosCalc2AI.pdf\">Lista de exerc\u00edcios para a prova (VE1)<\/a>: Os exerc\u00edcios s\u00e3o apresentados no quadro pelos alunos. Come\u00e7amos Quarta 27\/04 e finalizamos Segunda 02\/05.    <\/li><\/ul><\/li><\/ul><ul><li>VE2:<ul><li><a href=\"http:\/\/www.professores.uff.br\/paulab\/wp-content\/uploads\/sites\/109\/2017\/08\/lista-08-calc-02A-2011.pdf\">Lista 08<\/a>\u00a0.<\/li><li><a href=\"http:\/\/www.professores.uff.br\/paulab\/wp-content\/uploads\/sites\/109\/2017\/08\/lista-09-calc-02A-2011.pdf\">Lista 09<\/a>\u00a0.<\/li><li><a href=\"http:\/\/www.professores.uff.br\/paulab\/wp-content\/uploads\/sites\/109\/2017\/08\/lista-10-calc-02A-2011.pdf\">Lista 10<\/a>\u00a0.<\/li><li><a href=\"http:\/\/www.professores.uff.br\/paulab\/wp-content\/uploads\/sites\/109\/2017\/08\/lista-11-calc-02A-2011.pdf\">Lista 11<\/a>.<\/li><li><a href=\"http:\/\/www.professores.uff.br\/paulab\/wp-content\/uploads\/sites\/109\/2017\/08\/lista-12_calc-02A-2011.pdf\">Lista 12<\/a>.<\/li><li><a href=\"http:\/\/www.professores.uff.br\/paulab\/wp-content\/uploads\/sites\/109\/2017\/08\/lista-13_calc-02A-2011.pdf\">Lista 13<\/a>\u00a0.<\/li><li><a href=\"http:\/\/www.professores.uff.br\/paulab\/wp-content\/uploads\/sites\/109\/2017\/08\/lista-14_calc-02A-2011.pdf\">Lista 14<\/a>.<\/li><li><a href=\"http:\/\/www.professores.uff.br\/paulab\/wp-content\/uploads\/sites\/109\/2022\/06\/ExerciciosII.pdf\">Lista de exerc\u00edcios para a prova (VE2)<\/a>: Os exerc\u00edcios s\u00e3o apresentados no quadro pelos alunos. Come\u00e7amos Quarta 15\/06 e finalizamos Segunda 20\/06.    <\/li><\/ul><\/li><\/ul><\/li><li><strong>Datas das provas (datas a confirmar!):<\/strong>    <ul><li>  1VE: 09\/05\/2022    <\/li><li>2VE: 22\/06\/2022   <\/li><li>VR: 29\/06\/2022    <ul><li><strong><em> Resultados<\/em><\/strong> <a href=\"http:\/\/www.professores.uff.br\/paulab\/wp-content\/uploads\/sites\/109\/2022\/06\/Notas-TurmaC1.pdf\">Turma C1<\/a>  <\/li><li> <strong><em>Resultados <\/em><\/strong><a href=\"http:\/\/www.professores.uff.br\/paulab\/wp-content\/uploads\/sites\/109\/2022\/06\/Notas-TurmasD1.pdf\">Turma D1<\/a>    <\/li><\/ul><\/li><li>VS: 06\/07\/2022 <strong> &#8211; confirmada &#8211;    <\/strong><\/li><\/ul><\/li><li><strong>Ementa e Bibliografia\u00a0<a href=\"http:\/\/www.professores.uff.br\/paulab\/wp-content\/uploads\/sites\/109\/2017\/08\/ProgramaCALCULOII-A.pdf\">[pdf]<\/a>.<\/strong><\/li><li><strong>Observa\u00e7\u00f5es:<\/strong> <ul><li>As aulas ser\u00e3o presenciais, mas no caso de ter que passar ao modo remoto por algum imprevisto, deixo aqui o link:  https:\/\/meet.google.com\/tdn-qfrd-uey<\/li><li>Quarta 04\/05 n\u00e3o vamos ter aula.  Marcaremos um encontro online na Sexta 06\/05 para tirar d\u00favidas antes da prova.   <\/li><\/ul><\/li><\/ul>\n\n\n\n<p><\/p>\n\n\n\n<p><\/p>\n","protected":false},"excerpt":{"rendered":"<p>Professor: Paula Balseiro Aulas: Turma C1\u00a0Seg\/Qua 07:00 \u2013 9:00\u00a0(Sala H 501, Praia Vermelha), Turma D1\u00a0Seg\/Qua 9:00 \u2013 11:00\u00a0(Sala H 501, Praia Vermelha), Monitorias:\u00a0\u00a0 \u00a0[Horarios] Notas de aula: Apostila do Profs: Cristiane Argento e Freddy Hernandez Listas de Exercicios: VE1: Lista 01. Lista 02. Lista 03. Lista 04\u00a0. Lista 05\u00a0. Lista 06\u00a0. Lista 07. Exercicios Resolvidos: [&hellip;]<\/p>\n","protected":false},"author":114,"featured_media":0,"parent":0,"menu_order":0,"comment_status":"closed","ping_status":"closed","template":"","meta":{"_exactmetrics_skip_tracking":false,"_exactmetrics_sitenote_active":false,"_exactmetrics_sitenote_note":"","_exactmetrics_sitenote_category":0,"footnotes":""},"categories":[],"tags":[],"class_list":["post-694","page","type-page","status-publish","hentry"],"_links":{"self":[{"href":"https:\/\/www.professores.uff.br\/paulab\/wp-json\/wp\/v2\/pages\/694","targetHints":{"allow":["GET"]}}],"collection":[{"href":"https:\/\/www.professores.uff.br\/paulab\/wp-json\/wp\/v2\/pages"}],"about":[{"href":"https:\/\/www.professores.uff.br\/paulab\/wp-json\/wp\/v2\/types\/page"}],"author":[{"embeddable":true,"href":"https:\/\/www.professores.uff.br\/paulab\/wp-json\/wp\/v2\/users\/114"}],"replies":[{"embeddable":true,"href":"https:\/\/www.professores.uff.br\/paulab\/wp-json\/wp\/v2\/comments?post=694"}],"version-history":[{"count":21,"href":"https:\/\/www.professores.uff.br\/paulab\/wp-json\/wp\/v2\/pages\/694\/revisions"}],"predecessor-version":[{"id":763,"href":"https:\/\/www.professores.uff.br\/paulab\/wp-json\/wp\/v2\/pages\/694\/revisions\/763"}],"wp:attachment":[{"href":"https:\/\/www.professores.uff.br\/paulab\/wp-json\/wp\/v2\/media?parent=694"}],"wp:term":[{"taxonomy":"category","embeddable":true,"href":"https:\/\/www.professores.uff.br\/paulab\/wp-json\/wp\/v2\/categories?post=694"},{"taxonomy":"post_tag","embeddable":true,"href":"https:\/\/www.professores.uff.br\/paulab\/wp-json\/wp\/v2\/tags?post=694"}],"curies":[{"name":"wp","href":"https:\/\/api.w.org\/{rel}","templated":true}]}}