{"id":71,"date":"2017-08-25T20:40:35","date_gmt":"2017-08-25T23:40:35","guid":{"rendered":"http:\/\/www.professores.uff.br\/paulab\/?page_id=71"},"modified":"2017-09-01T18:46:21","modified_gmt":"2017-09-01T21:46:21","slug":"2013-i-calculo-ii-a","status":"publish","type":"page","link":"https:\/\/www.professores.uff.br\/paulab\/2013-i-calculo-ii-a\/","title":{"rendered":"2013 I &#8211; Calculo II-A"},"content":{"rendered":"<p><center><b>Professor: Paula Balseiro <\/b><\/center><\/p>\n<ul>\n<li><b> Aulas:<\/b>\n<ul>\n<li>Turma E1 <i> Seg\/Qua 14:00 &#8211; 16:00 <\/i> (Sala 401),<\/li>\n<\/ul>\n<\/li>\n<li><b> Monitorias: <\/b> (no GMA, Valonguinho)\n<ul>\n<li>Ter\u00e7a: 07:00-09:00 , 10:00-13:00 ,<\/li>\n<li>Quarta: 07:00-09:00<\/li>\n<li>Sexta 10:30-12:30, 14:00-17:00.<\/li>\n<\/ul>\n<\/li>\n<li><b> Listas de Exercicios:<\/b>\n<ul>\n<li>VE1:\n<ul>\n<li><a href=\"http:\/\/www.professores.uff.br\/paulab\/wp-content\/uploads\/sites\/109\/2017\/08\/lista-01-calc-02A-2013.pdf\">Lista 01<\/a>.<\/li>\n<li><a href=\"http:\/\/www.professores.uff.br\/paulab\/wp-content\/uploads\/sites\/109\/2017\/08\/lista-02-calc-02A-2011.pdf\">Lista 02<\/a>.<\/li>\n<li><a href=\"http:\/\/www.professores.uff.br\/paulab\/wp-content\/uploads\/sites\/109\/2017\/08\/lista-03-calc-02A-2011.pdf\">Lista 03<\/a>.<\/li>\n<li><a href=\"http:\/\/www.professores.uff.br\/paulab\/wp-content\/uploads\/sites\/109\/2017\/08\/lista-04-calc-02A-2011.pdf\">Lista 04<\/a>.<\/li>\n<li><a href=\"http:\/\/www.professores.uff.br\/paulab\/wp-content\/uploads\/sites\/109\/2017\/08\/lista-05-calc-02A-2011.pdf\">Lista 05<\/a>.<\/li>\n<li><a href=\"http:\/\/www.professores.uff.br\/paulab\/wp-content\/uploads\/sites\/109\/2017\/08\/lista-06-calc-02A-2011.pdf\">Lista 06<\/a>.<\/li>\n<li><a href=\"http:\/\/www.professores.uff.br\/paulab\/wp-content\/uploads\/sites\/109\/2017\/08\/lista-07-calc-02A-2011.pdf\">Lista 07<\/a>.<\/li>\n<li>Exercicios preparatorios para a primeira prova. Apresenta\u00e7\u00e3o dos exercicios no quadro: come\u00e7amos Quarta 29\/05 e continuamos Segunda 3\/06.<\/li>\n<\/ul>\n<\/li>\n<li>VE2:\n<ul>\n<li><a href=\"http:\/\/www.professores.uff.br\/paulab\/wp-content\/uploads\/sites\/109\/2017\/08\/lista-08-calc-02A-2011.pdf\">Lista 08<\/a>.<\/li>\n<li><a href=\"http:\/\/www.professores.uff.br\/paulab\/wp-content\/uploads\/sites\/109\/2017\/08\/lista-09-calc-02A-2011.pdf\">Lista 09<\/a>.<\/li>\n<li><a href=\"http:\/\/www.professores.uff.br\/paulab\/wp-content\/uploads\/sites\/109\/2017\/08\/lista-10-calc-02A-2011.pdf\">Lista 10<\/a>.<\/li>\n<li><a href=\"http:\/\/www.professores.uff.br\/paulab\/wp-content\/uploads\/sites\/109\/2017\/08\/lista-11-calc-02A-2011.pdf\">Lista 11<\/a>.<\/li>\n<li><a href=\"http:\/\/www.professores.uff.br\/paulab\/wp-content\/uploads\/sites\/109\/2017\/08\/lista-12_calc-02A-2011.pdf\">Lista 12<\/a>.<\/li>\n<li><a href=\"http:\/\/www.professores.uff.br\/paulab\/wp-content\/uploads\/sites\/109\/2017\/08\/lista-13_calc-02A-2011.pdf\">Lista 13<\/a>.<\/li>\n<li><a href=\"http:\/\/www.professores.uff.br\/paulab\/wp-content\/uploads\/sites\/109\/2017\/08\/lista-14_calc-02A-2011.pdf\">Lista 14<\/a>.<\/li>\n<li>Exercicios preparatorios para a segunda prova.<\/li>\n<\/ul>\n<\/li>\n<\/ul>\n<\/li>\n<li><b> Ementa e Bibliografia [<a href=\"http:\/\/www.professores.uff.br\/paulab\/wp-content\/uploads\/sites\/109\/2017\/08\/ProgramaCALCULOII-A.pdf\">pdf<\/a>]. <\/b><\/li>\n<li><b>Avalia\u00e7\u00e3o: <\/b>\n<ul>\n<li>1VE: 05\/06\/2013<\/li>\n<li>2VE: 17\/07<\/li>\n<li>VR: 22\/07<\/li>\n<li>VS: 24\/07\n<ul>\n<li>Resultados.<\/li>\n<\/ul>\n<\/li>\n<\/ul>\n<\/li>\n<li><b> Observa\u00e7\u00f5es: <\/b> N\u00e3o haver\u00e1 aula o dia 22 de Maio<\/li>\n<\/ul>\n<hr \/>\n<p><span style=\"font-family: arial,helvetica,sans serif;\"><small><a href=\"http:\/\/www.professores.uff.br\/paulab\/\">Back to the main page<\/a><\/small><\/span><\/p>\n<p>&nbsp;<\/p>\n","protected":false},"excerpt":{"rendered":"<p>Professor: Paula Balseiro Aulas: Turma E1 Seg\/Qua 14:00 &#8211; 16:00 (Sala 401), Monitorias: (no GMA, Valonguinho) Ter\u00e7a: 07:00-09:00 , 10:00-13:00 , Quarta: 07:00-09:00 Sexta 10:30-12:30, 14:00-17:00. Listas de Exercicios: VE1: Lista 01. Lista 02. Lista 03. Lista 04. Lista 05. Lista 06. Lista 07. Exercicios preparatorios para a primeira prova. Apresenta\u00e7\u00e3o dos exercicios no quadro: [&hellip;]<\/p>\n","protected":false},"author":46,"featured_media":0,"parent":0,"menu_order":0,"comment_status":"closed","ping_status":"closed","template":"","meta":{"_exactmetrics_skip_tracking":false,"_exactmetrics_sitenote_active":false,"_exactmetrics_sitenote_note":"","_exactmetrics_sitenote_category":0,"footnotes":""},"categories":[],"tags":[],"class_list":["post-71","page","type-page","status-publish","hentry"],"_links":{"self":[{"href":"https:\/\/www.professores.uff.br\/paulab\/wp-json\/wp\/v2\/pages\/71","targetHints":{"allow":["GET"]}}],"collection":[{"href":"https:\/\/www.professores.uff.br\/paulab\/wp-json\/wp\/v2\/pages"}],"about":[{"href":"https:\/\/www.professores.uff.br\/paulab\/wp-json\/wp\/v2\/types\/page"}],"author":[{"embeddable":true,"href":"https:\/\/www.professores.uff.br\/paulab\/wp-json\/wp\/v2\/users\/46"}],"replies":[{"embeddable":true,"href":"https:\/\/www.professores.uff.br\/paulab\/wp-json\/wp\/v2\/comments?post=71"}],"version-history":[{"count":4,"href":"https:\/\/www.professores.uff.br\/paulab\/wp-json\/wp\/v2\/pages\/71\/revisions"}],"predecessor-version":[{"id":264,"href":"https:\/\/www.professores.uff.br\/paulab\/wp-json\/wp\/v2\/pages\/71\/revisions\/264"}],"wp:attachment":[{"href":"https:\/\/www.professores.uff.br\/paulab\/wp-json\/wp\/v2\/media?parent=71"}],"wp:term":[{"taxonomy":"category","embeddable":true,"href":"https:\/\/www.professores.uff.br\/paulab\/wp-json\/wp\/v2\/categories?post=71"},{"taxonomy":"post_tag","embeddable":true,"href":"https:\/\/www.professores.uff.br\/paulab\/wp-json\/wp\/v2\/tags?post=71"}],"curies":[{"name":"wp","href":"https:\/\/api.w.org\/{rel}","templated":true}]}}