{"id":802,"date":"2023-04-05T13:29:03","date_gmt":"2023-04-05T16:29:03","guid":{"rendered":"http:\/\/www.professores.uff.br\/paulab\/?page_id=802"},"modified":"2023-07-16T22:22:38","modified_gmt":"2023-07-17T01:22:38","slug":"2023-i-calculo-2a","status":"publish","type":"page","link":"https:\/\/www.professores.uff.br\/paulab\/2023-i-calculo-2a\/","title":{"rendered":"2023-I Calculo IIA"},"content":{"rendered":"\n<p><strong>Professor: Paula Balseiro<\/strong><\/p>\n\n\n\n<ul class=\"wp-block-list\"><li><strong>Aulas:<\/strong> <ul><li>Turma A1\u00a0<em>Seg\/Qua 09:00 &#8211; 11:00\u00a0<\/em>(Sala H 501),<\/li><\/ul><\/li><li><strong>Monitorias:<\/strong> \u00a0 \u00a0[Horarios]<\/li><li><strong>Notas de aula:<\/strong> \u00a0<a href=\"http:\/\/gma.uff.br\/arquivos_antigos\/html\/informacoes%20disciplinas\/calc%2002%20-A-%202012-2\/cristiane\/CALCULOIIA_EAD(Versao%20Final)_correcao_%20aulas%2025%20a%2030.pdf\">Apostila do Profs: Cristiane Argento e Freddy Hernandez<\/a><\/li><li><strong>Listas de Exercicios: <\/strong><ul><li>VE1: <ul><li><a href=\"http:\/\/www.professores.uff.br\/paulab\/wp-content\/uploads\/sites\/109\/2017\/08\/lista-01-calc-02A-2013.pdf\">Lista 01<\/a>.<\/li><li><a href=\"http:\/\/www.professores.uff.br\/paulab\/wp-content\/uploads\/sites\/109\/2017\/08\/lista-02-calc-02A-2011.pdf\">Lista 02<\/a>.<\/li><li><a href=\"http:\/\/www.professores.uff.br\/paulab\/wp-content\/uploads\/sites\/109\/2017\/08\/lista-03-calc-02A-2011.pdf\">Lista 03<\/a>.<\/li><li><a href=\"http:\/\/www.professores.uff.br\/paulab\/wp-content\/uploads\/sites\/109\/2017\/08\/lista-04-calc-02A-2011.pdf\">Lista 04<\/a>\u00a0.<\/li><li><a href=\"http:\/\/www.professores.uff.br\/paulab\/wp-content\/uploads\/sites\/109\/2017\/08\/lista-05-calc-02A-2011.pdf\">Lista 05<\/a>\u00a0.<\/li><li><a href=\"http:\/\/www.professores.uff.br\/paulab\/wp-content\/uploads\/sites\/109\/2017\/08\/lista-06-calc-02A-2011.pdf\">Lista 06<\/a>\u00a0.<\/li><li><a href=\"http:\/\/www.professores.uff.br\/paulab\/wp-content\/uploads\/sites\/109\/2017\/08\/lista-07-calc-02A-2011.pdf\">Lista 07<\/a>. <\/li><li>Exercicios resolvidos:   <ul><li><a href=\"http:\/\/www.professores.uff.br\/paulab\/wp-content\/uploads\/sites\/109\/2022\/04\/Substitui\u00e7\u00e3o-trigonometrica2.jpg\">Substitui\u00e7\u00e3o trigonometrica<\/a><\/li><li><a href=\"http:\/\/www.professores.uff.br\/paulab\/wp-content\/uploads\/sites\/109\/2022\/09\/Potencias-de-trigonometricas-scaled.jpg\">Potencias trigonom\u00e9tricas <\/a><\/li><li><a href=\"http:\/\/www.professores.uff.br\/paulab\/wp-content\/uploads\/sites\/109\/2022\/04\/Solidos-scaled.jpg\">S\u00f3lidos de Revolu\u00e7\u00e3o <\/a><\/li><\/ul><\/li><li><a href=\"http:\/\/www.professores.uff.br\/paulab\/wp-content\/uploads\/sites\/109\/2022\/04\/ExerciciosCalc2AI.pdf\">Lista de exercicios preparatoria para a prova<\/a>  (os exercicios ser\u00e3o resolvidos no quadro pelxs alunxs).  <\/li><\/ul><\/li><\/ul><ul><li>VE2: <ul><li><a href=\"http:\/\/www.professores.uff.br\/paulab\/wp-content\/uploads\/sites\/109\/2017\/08\/lista-08-calc-02A-2011.pdf\">Lista 08<\/a>\u00a0.<\/li><li><a href=\"http:\/\/www.professores.uff.br\/paulab\/wp-content\/uploads\/sites\/109\/2017\/08\/lista-09-calc-02A-2011.pdf\">Lista 09<\/a>\u00a0.<\/li><li><a href=\"http:\/\/www.professores.uff.br\/paulab\/wp-content\/uploads\/sites\/109\/2017\/08\/lista-10-calc-02A-2011.pdf\">Lista 10<\/a>\u00a0.<\/li><li><a href=\"http:\/\/www.professores.uff.br\/paulab\/wp-content\/uploads\/sites\/109\/2017\/08\/lista-11-calc-02A-2011.pdf\">Lista 11<\/a>.<\/li><li><a href=\"http:\/\/www.professores.uff.br\/paulab\/wp-content\/uploads\/sites\/109\/2017\/08\/lista-12_calc-02A-2011.pdf\">Lista 12<\/a>.<\/li><li><a href=\"http:\/\/www.professores.uff.br\/paulab\/wp-content\/uploads\/sites\/109\/2017\/08\/lista-13_calc-02A-2011.pdf\">Lista 13<\/a>\u00a0.<\/li><li><a href=\"http:\/\/www.professores.uff.br\/paulab\/wp-content\/uploads\/sites\/109\/2017\/08\/lista-14_calc-02A-2011.pdf\">Lista 14<\/a>.<\/li><li><a href=\"http:\/\/www.professores.uff.br\/paulab\/wp-content\/uploads\/sites\/109\/2023\/06\/ExerciciosII.pdf\">Lista de exercicios preparatoria para a prova  <\/a>(os exercicios ser\u00e3o resolvidos no quadro Segunda 26\/06 e Quarta 28\/06 pelxs alunxs).  <\/li><\/ul><\/li><\/ul><\/li><li><strong>Datas das provas: <\/strong> (datas a confirmar)<ul><li>1VE: 15\/05\/2023 <\/li><li>2VE: 03\/07\/2023 <\/li><\/ul><ul><li>VR: 05\/07\/2023 (fechada)<ul><li><strong>Resultados<\/strong> <a href=\"http:\/\/www.professores.uff.br\/paulab\/wp-content\/uploads\/sites\/109\/2023\/07\/Resultados2A-2023-1.pdf\">[PDF]<\/a>  <\/li><\/ul><\/li><li><strong>VS: 17\/07\/2023 :   ATEN\u00c7\u00c3O! HORARIO DA PROVA: 10.00-12.00<\/strong><\/li><\/ul><\/li><li><strong>Ementa e Bibliografia\u00a0<a href=\"http:\/\/www.meusiteantigo.uff.br\/paulab\/ProgramaCALCULOII.pdf\">[<\/a><a href=\"http:\/\/www.professores.uff.br\/paulab\/wp-content\/uploads\/sites\/109\/2017\/08\/ProgramaCALCULOII-A.pdf\">pdf<\/a><a href=\"http:\/\/www.meusiteantigo.uff.br\/paulab\/ProgramaCALCULOII.pdf\">]\u00a0<\/a>.<\/strong><\/li><li><strong>Observa\u00e7\u00f5es:<\/strong> <a href=\"http:\/\/www.professores.uff.br\/paulab\/\">Back to the main page<\/a> <\/li><\/ul>\n\n\n\n<p><\/p>\n","protected":false},"excerpt":{"rendered":"<p>Professor: Paula Balseiro Aulas: Turma A1\u00a0Seg\/Qua 09:00 &#8211; 11:00\u00a0(Sala H 501), Monitorias: \u00a0 \u00a0[Horarios] Notas de aula: \u00a0Apostila do Profs: Cristiane Argento e Freddy Hernandez Listas de Exercicios: VE1: Lista 01. Lista 02. Lista 03. Lista 04\u00a0. Lista 05\u00a0. Lista 06\u00a0. Lista 07. Exercicios resolvidos: Substitui\u00e7\u00e3o trigonometrica Potencias trigonom\u00e9tricas S\u00f3lidos de Revolu\u00e7\u00e3o Lista de exercicios [&hellip;]<\/p>\n","protected":false},"author":114,"featured_media":0,"parent":0,"menu_order":0,"comment_status":"closed","ping_status":"closed","template":"","meta":{"_exactmetrics_skip_tracking":false,"_exactmetrics_sitenote_active":false,"_exactmetrics_sitenote_note":"","_exactmetrics_sitenote_category":0,"footnotes":""},"categories":[],"tags":[],"class_list":["post-802","page","type-page","status-publish","hentry"],"_links":{"self":[{"href":"https:\/\/www.professores.uff.br\/paulab\/wp-json\/wp\/v2\/pages\/802","targetHints":{"allow":["GET"]}}],"collection":[{"href":"https:\/\/www.professores.uff.br\/paulab\/wp-json\/wp\/v2\/pages"}],"about":[{"href":"https:\/\/www.professores.uff.br\/paulab\/wp-json\/wp\/v2\/types\/page"}],"author":[{"embeddable":true,"href":"https:\/\/www.professores.uff.br\/paulab\/wp-json\/wp\/v2\/users\/114"}],"replies":[{"embeddable":true,"href":"https:\/\/www.professores.uff.br\/paulab\/wp-json\/wp\/v2\/comments?post=802"}],"version-history":[{"count":13,"href":"https:\/\/www.professores.uff.br\/paulab\/wp-json\/wp\/v2\/pages\/802\/revisions"}],"predecessor-version":[{"id":836,"href":"https:\/\/www.professores.uff.br\/paulab\/wp-json\/wp\/v2\/pages\/802\/revisions\/836"}],"wp:attachment":[{"href":"https:\/\/www.professores.uff.br\/paulab\/wp-json\/wp\/v2\/media?parent=802"}],"wp:term":[{"taxonomy":"category","embeddable":true,"href":"https:\/\/www.professores.uff.br\/paulab\/wp-json\/wp\/v2\/categories?post=802"},{"taxonomy":"post_tag","embeddable":true,"href":"https:\/\/www.professores.uff.br\/paulab\/wp-json\/wp\/v2\/tags?post=802"}],"curies":[{"name":"wp","href":"https:\/\/api.w.org\/{rel}","templated":true}]}}