{"id":85,"date":"2017-08-25T20:42:23","date_gmt":"2017-08-25T23:42:23","guid":{"rendered":"http:\/\/www.professores.uff.br\/paulab\/?page_id=85"},"modified":"2017-09-01T21:01:04","modified_gmt":"2017-09-02T00:01:04","slug":"2011-i-calculo-ii-a","status":"publish","type":"page","link":"https:\/\/www.professores.uff.br\/paulab\/2011-i-calculo-ii-a\/","title":{"rendered":"2011 I &#8211; Calculo II-A"},"content":{"rendered":"<p><center><b>Professor: Paula Balseiro <\/b><\/center><\/p>\n<ul>\n<li><b> Aulas:<\/b>\n<ul>\n<li>Turma h1 (Fisica e Eng. Mec.) <i> Seg\/Qua 16:00 &#8211; 18:00 <\/i>.<\/li>\n<li>Turma i1 (Eng. Mec. e Eng. Tele.) <i> Seg\/Qua 18:00 &#8211; 20:00 <\/i>.<\/li>\n<\/ul>\n<\/li>\n<li><b> Listas de Exercicios:<\/b>\n<ul>\n<li><a href=\"http:\/\/www.professores.uff.br\/paulab\/wp-content\/uploads\/sites\/109\/2017\/08\/lista-02-calc-02A-2011-1.pdf\">Lista 02<\/a>.<\/li>\n<li><a href=\"http:\/\/www.professores.uff.br\/paulab\/wp-content\/uploads\/sites\/109\/2017\/08\/lista-03-calc-02A-2011-1.pdf\">Lista 03<\/a>.<\/li>\n<li><a href=\"http:\/\/www.professores.uff.br\/paulab\/wp-content\/uploads\/sites\/109\/2017\/08\/lista-04-calc-02A-2011-1.pdf\">Lista 04<\/a>.<\/li>\n<li><a href=\"http:\/\/www.professores.uff.br\/paulab\/wp-content\/uploads\/sites\/109\/2017\/08\/lista-05-calc-02A-2011-1.pdf\">Lista 05<\/a>.<\/li>\n<li><a href=\"http:\/\/www.professores.uff.br\/paulab\/wp-content\/uploads\/sites\/109\/2017\/08\/lista-06-calc-02A-2011-1.pdf\">Lista 06<\/a>.<\/li>\n<li><a href=\"http:\/\/www.professores.uff.br\/paulab\/wp-content\/uploads\/sites\/109\/2017\/08\/lista-07-calc-02A-2011-1.pdf\">Lista 07<\/a>.<\/li>\n<li><a href=\"http:\/\/www.professores.uff.br\/paulab\/wp-content\/uploads\/sites\/109\/2017\/08\/lista-08-calc-02A-2011-1.pdf\">Lista 08<\/a>.<\/li>\n<li><a href=\"http:\/\/www.professores.uff.br\/paulab\/wp-content\/uploads\/sites\/109\/2017\/08\/lista-09-calc-02A-2011-1.pdf\">Lista 09<\/a>.<\/li>\n<li><a href=\"http:\/\/www.professores.uff.br\/paulab\/wp-content\/uploads\/sites\/109\/2017\/08\/lista-10-calc-02A-2011-1.pdf\">Lista 10<\/a>.<\/li>\n<li><a href=\"http:\/\/www.professores.uff.br\/paulab\/wp-content\/uploads\/sites\/109\/2017\/08\/lista-11-calc-02A-2011-1.pdf\">Lista 11<\/a>.<\/li>\n<li><a href=\"http:\/\/www.professores.uff.br\/paulab\/wp-content\/uploads\/sites\/109\/2017\/08\/lista-12_calc-02A-2011-1.pdf\">Lista 12<\/a>.<\/li>\n<li><a href=\"http:\/\/www.professores.uff.br\/paulab\/wp-content\/uploads\/sites\/109\/2017\/08\/lista-13_calc-02A-2011-1.pdf\">Lista 13<\/a>.<\/li>\n<li><a href=\"http:\/\/www.professores.uff.br\/paulab\/wp-content\/uploads\/sites\/109\/2017\/08\/lista-14_calc-02A-2011-1.pdf\">Lista 14<\/a>.<\/li>\n<\/ul>\n<\/li>\n<li><b> Lista preparatoria para a segunda prova: [pdf] <\/b>\n<ul>\n<li style=\"list-style-type: none;\">\n<ul>\n<li style=\"list-style-type: none;\">\n<ul>Exercicio resolvido (Eq. Dif. n\u00e3o homog\u00eanea, m\u00eatodo varia\u00e7\u00e3o de parametros) [pdf]<\/ul>\n<\/li>\n<\/ul>\n<\/li>\n<\/ul>\n<\/li>\n<li><b> Ementa e Bibliografia [<a href=\"http:\/\/www.professores.uff.br\/paulab\/wp-content\/uploads\/sites\/109\/2017\/08\/ProgramaCALCULOII-A.pdf\">pdf]<\/a> . <\/b><\/li>\n<li><b>Avalia\u00e7\u00e3o:<\/b>\n<ul>\n<li>1VE: 27 de abril<\/li>\n<li>2VE: 15 de junho<\/li>\n<li>VR: 22 de junho<\/li>\n<li>VS: 13 de julho\n<ul>\n<li>Resultados Finais: [Turma H1]<\/li>\n<li>Resultados Finais: [Turma I1]<\/li>\n<\/ul>\n<\/li>\n<\/ul>\n<hr \/>\n<p><small><a href=\"http:\/\/www.professores.uff.br\/paulab\/\">Back to the main page<\/a><\/small><\/li>\n<\/ul>\n<p>&nbsp;<\/p>\n","protected":false},"excerpt":{"rendered":"<p>Professor: Paula Balseiro Aulas: Turma h1 (Fisica e Eng. Mec.) Seg\/Qua 16:00 &#8211; 18:00 . Turma i1 (Eng. Mec. e Eng. Tele.) Seg\/Qua 18:00 &#8211; 20:00 . Listas de Exercicios: Lista 02. Lista 03. Lista 04. Lista 05. Lista 06. Lista 07. Lista 08. Lista 09. Lista 10. Lista 11. Lista 12. Lista 13. Lista [&hellip;]<\/p>\n","protected":false},"author":46,"featured_media":0,"parent":0,"menu_order":0,"comment_status":"closed","ping_status":"closed","template":"","meta":{"_exactmetrics_skip_tracking":false,"_exactmetrics_sitenote_active":false,"_exactmetrics_sitenote_note":"","_exactmetrics_sitenote_category":0,"footnotes":""},"categories":[],"tags":[],"class_list":["post-85","page","type-page","status-publish","hentry"],"_links":{"self":[{"href":"https:\/\/www.professores.uff.br\/paulab\/wp-json\/wp\/v2\/pages\/85","targetHints":{"allow":["GET"]}}],"collection":[{"href":"https:\/\/www.professores.uff.br\/paulab\/wp-json\/wp\/v2\/pages"}],"about":[{"href":"https:\/\/www.professores.uff.br\/paulab\/wp-json\/wp\/v2\/types\/page"}],"author":[{"embeddable":true,"href":"https:\/\/www.professores.uff.br\/paulab\/wp-json\/wp\/v2\/users\/46"}],"replies":[{"embeddable":true,"href":"https:\/\/www.professores.uff.br\/paulab\/wp-json\/wp\/v2\/comments?post=85"}],"version-history":[{"count":5,"href":"https:\/\/www.professores.uff.br\/paulab\/wp-json\/wp\/v2\/pages\/85\/revisions"}],"predecessor-version":[{"id":565,"href":"https:\/\/www.professores.uff.br\/paulab\/wp-json\/wp\/v2\/pages\/85\/revisions\/565"}],"wp:attachment":[{"href":"https:\/\/www.professores.uff.br\/paulab\/wp-json\/wp\/v2\/media?parent=85"}],"wp:term":[{"taxonomy":"category","embeddable":true,"href":"https:\/\/www.professores.uff.br\/paulab\/wp-json\/wp\/v2\/categories?post=85"},{"taxonomy":"post_tag","embeddable":true,"href":"https:\/\/www.professores.uff.br\/paulab\/wp-json\/wp\/v2\/tags?post=85"}],"curies":[{"name":"wp","href":"https:\/\/api.w.org\/{rel}","templated":true}]}}