{"id":110,"date":"2021-05-18T14:46:14","date_gmt":"2021-05-18T17:46:14","guid":{"rendered":"http:\/\/www.professores.uff.br\/paulogusmao\/?page_id=110"},"modified":"2021-05-21T12:11:07","modified_gmt":"2021-05-21T15:11:07","slug":"divulgacao-da-matematica-vulgarisation","status":"publish","type":"page","link":"https:\/\/www.professores.uff.br\/paulogusmao\/divulgacao-da-matematica-vulgarisation\/","title":{"rendered":"DIVULGA\u00c7\u00c3O DA MATEM\u00c1TICA (VULGARISATION)"},"content":{"rendered":"<p>[et_pb_section fb_built=&#8221;1&#8243; _builder_version=&#8221;4.6.0&#8243; _module_preset=&#8221;default&#8221;][et_pb_row _builder_version=&#8221;4.6.0&#8243; _module_preset=&#8221;default&#8221;][et_pb_column type=&#8221;4_4&#8243; _builder_version=&#8221;4.6.0&#8243; _module_preset=&#8221;default&#8221;][et_pb_text _builder_version=&#8221;4.6.0&#8243; _module_preset=&#8221;default&#8221;]<\/p>\n<h1><span style=\"color: #800080\">ARTIGOS<\/span><\/h1>\n<p>[\/et_pb_text][\/et_pb_column][\/et_pb_row][et_pb_row _builder_version=&#8221;4.6.0&#8243; _module_preset=&#8221;default&#8221;][et_pb_column type=&#8221;4_4&#8243; _builder_version=&#8221;4.6.0&#8243; _module_preset=&#8221;default&#8221;][et_pb_text _builder_version=&#8221;4.6.0&#8243; _module_preset=&#8221;default&#8221; link_option_url=&#8221;https:\/\/educacaopublica.cecierj.edu.br\/artigos\/2\/1\/qual-o-tamanho-do-infinito&#8221;]<\/p>\n<p class=\"western\" align=\"left\"><span style=\"color: #3366ff\"><span lang=\"zxx\"><span style=\"font-size: medium\">Qual o tamanho do infinito?\u00a0<\/span><\/span><span lang=\"zxx\"><span style=\"font-size: medium\">(Revista Educa\u00e7\u00e3o P\u00fablica (online) Vol 2-Ed 1, (2002)).<\/span><\/span><\/span><\/p>\n<p>[\/et_pb_text][\/et_pb_column][\/et_pb_row][\/et_pb_section][et_pb_section fb_built=&#8221;1&#8243; _builder_version=&#8221;4.6.0&#8243; _module_preset=&#8221;default&#8221;][et_pb_row _builder_version=&#8221;4.6.0&#8243; _module_preset=&#8221;default&#8221;][et_pb_column type=&#8221;4_4&#8243; _builder_version=&#8221;4.6.0&#8243; _module_preset=&#8221;default&#8221;][et_pb_text _builder_version=&#8221;4.6.0&#8243; _module_preset=&#8221;default&#8221;]<\/p>\n<h1><span style=\"color: #800080\">M\u00cdDIAS<\/span><\/h1>\n<p>[\/et_pb_text][\/et_pb_column][\/et_pb_row][et_pb_row _builder_version=&#8221;4.6.0&#8243; _module_preset=&#8221;default&#8221;][et_pb_column type=&#8221;4_4&#8243; _builder_version=&#8221;4.6.0&#8243; _module_preset=&#8221;default&#8221;][et_pb_text _builder_version=&#8221;4.6.0&#8243; _module_preset=&#8221;default&#8221;]<\/p>\n<p class=\"western\" align=\"left\"><span style=\"font-size: medium\">V\u00cdDEOS DE SOLU\u00c7\u00d5ES DE QUEST\u00d5ES DA OBMEP 2011 \u2013 1\u00ba Fase<\/span><\/p>\n<p>[\/et_pb_text][\/et_pb_column][\/et_pb_row][et_pb_row _builder_version=&#8221;4.6.0&#8243; _module_preset=&#8221;default&#8221;][et_pb_column type=&#8221;4_4&#8243; _builder_version=&#8221;4.6.0&#8243; _module_preset=&#8221;default&#8221;][et_pb_text _builder_version=&#8221;4.6.0&#8243; _module_preset=&#8221;default&#8221; link_option_url=&#8221;https:\/\/youtu.be\/8cLIeT7LQoo?t=14&#8243;]<\/p>\n<p><span style=\"color: #3366ff\">QUEST\u00c3O 17 N\u00cdVEL 2<\/span><\/p>\n<p>[\/et_pb_text][et_pb_text _builder_version=&#8221;4.6.0&#8243; _module_preset=&#8221;default&#8221; link_option_url=&#8221;https:\/\/youtu.be\/qtAqZNqPLKU?t=4&#8243;]<\/p>\n<p><span style=\"color: #3366ff\">QUEST\u00c3O 19 N\u00cdVEL 1<\/span><\/p>\n<p>[\/et_pb_text][et_pb_text _builder_version=&#8221;4.6.0&#8243; _module_preset=&#8221;default&#8221; link_option_url=&#8221;https:\/\/youtu.be\/KiHU2JR_RTI?t=5&#8243;]<\/p>\n<p><span style=\"color: #3366ff\">QUEST\u00c3O 19 N\u00cdVEL 2=QUEST\u00c3O 15 N\u00cdVEL 3<\/span><\/p>\n<p>[\/et_pb_text][et_pb_text _builder_version=&#8221;4.6.0&#8243; _module_preset=&#8221;default&#8221; link_option_url=&#8221;https:\/\/youtu.be\/iIwwaEGku_o?t=3&#8243;]<\/p>\n<p><span style=\"color: #3366ff\">QUEST\u00c3O 10 N\u00cdVEL 3\u00a0<\/span><\/p>\n<p>[\/et_pb_text][et_pb_text _builder_version=&#8221;4.6.0&#8243; _module_preset=&#8221;default&#8221; link_option_url=&#8221;https:\/\/youtu.be\/hgdy33c8edM?t=2&#8243;]<\/p>\n<p><span style=\"color: #3366ff\">QUEST\u00c3O 16 N\u00cdVEL 3<\/span><\/p>\n<p>[\/et_pb_text][et_pb_text _builder_version=&#8221;4.6.0&#8243; _module_preset=&#8221;default&#8221; link_option_url=&#8221;https:\/\/youtu.be\/7ccN5uKkapE?t=4&#8243;]<\/p>\n<p><span style=\"color: #3366ff\">QUEST\u00c3O 19 N\u00cdVEL 3<\/span><\/p>\n<p>[\/et_pb_text][\/et_pb_column][\/et_pb_row][et_pb_row _builder_version=&#8221;4.6.0&#8243; _module_preset=&#8221;default&#8221;][et_pb_column type=&#8221;4_4&#8243; _builder_version=&#8221;4.6.0&#8243; _module_preset=&#8221;default&#8221;][et_pb_text _builder_version=&#8221;4.6.0&#8243; _module_preset=&#8221;default&#8221;]<\/p>\n<p class=\"western\" align=\"left\"><span style=\"color: #000000\"><span style=\"font-size: medium\">V\u00cdDEOS DE SOLU\u00c7\u00d5ES DE QUEST\u00d5ES DA OBMEP 2011 <\/span><\/span><span style=\"color: #000000\"> \u2013 2\u00ba Fase<\/span><\/p>\n<p>[\/et_pb_text][\/et_pb_column][\/et_pb_row][et_pb_row _builder_version=&#8221;4.6.0&#8243; _module_preset=&#8221;default&#8221;][et_pb_column type=&#8221;4_4&#8243; _builder_version=&#8221;4.6.0&#8243; _module_preset=&#8221;default&#8221;][et_pb_text _builder_version=&#8221;4.6.0&#8243; _module_preset=&#8221;default&#8221; link_option_url=&#8221;https:\/\/youtu.be\/EBZ_e8zcl-8?t=8&#8243;]<\/p>\n<p><span style=\"color: #3366ff\">QUEST\u00c3O 6 N\u00cdVEL 1=QUEST\u00c3O 4 N\u00cdVEL 2=QUEST\u00c3O 2 N\u00cdVEL 3<\/span><\/p>\n<p>[\/et_pb_text][et_pb_text _builder_version=&#8221;4.6.0&#8243; _module_preset=&#8221;default&#8221; link_option_url=&#8221;https:\/\/www.youtube.com\/watch?v=hAMDg4zTJZc&amp;t=15s&#8221;]<\/p>\n<p><span style=\"color: #3366ff\">QUEST\u00c3O 3 N\u00cdVEL 3<\/span><\/p>\n<p>[\/et_pb_text][\/et_pb_column][\/et_pb_row][et_pb_row _builder_version=&#8221;4.6.0&#8243; _module_preset=&#8221;default&#8221;][et_pb_column type=&#8221;4_4&#8243; _builder_version=&#8221;4.6.0&#8243; _module_preset=&#8221;default&#8221;][et_pb_text _builder_version=&#8221;4.6.0&#8243; _module_preset=&#8221;default&#8221;]<\/p>\n<p class=\"western\" align=\"left\"><span style=\"color: #000000\"><span><span style=\"font-size: medium\">V\u00cdDEOS DE SOLU\u00c7\u00d5ES DE QUEST\u00d5ES DA OBMEP 2012 <\/span><\/span><span> -2\u00ba Fase<\/span><\/span><\/p>\n<p>[\/et_pb_text][\/et_pb_column][\/et_pb_row][et_pb_row _builder_version=&#8221;4.6.0&#8243; _module_preset=&#8221;default&#8221;][et_pb_column type=&#8221;4_4&#8243; _builder_version=&#8221;4.6.0&#8243; _module_preset=&#8221;default&#8221;][et_pb_text _builder_version=&#8221;4.6.0&#8243; _module_preset=&#8221;default&#8221; link_option_url=&#8221;https:\/\/youtu.be\/5UnM8x5l4x4?t=5&#8243;]<\/p>\n<p><span style=\"color: #3366ff\">QUEST\u00c3O 1 N\u00cdVEL 1<\/span><\/p>\n<p>[\/et_pb_text][et_pb_text _builder_version=&#8221;4.6.0&#8243; _module_preset=&#8221;default&#8221; link_option_url=&#8221;https:\/\/youtu.be\/2kNyZNYMwJU?t=1&#8243;]<\/p>\n<p><span style=\"color: #3366ff\">QUEST\u00c3O 5 N\u00cdVEL 1<\/span><\/p>\n<p>[\/et_pb_text][et_pb_text _builder_version=&#8221;4.6.0&#8243; _module_preset=&#8221;default&#8221; link_option_url=&#8221;https:\/\/youtu.be\/7OtB-6txpug?t=1&#8243;]<\/p>\n<p><span style=\"color: #3366ff\">QUEST\u00c3O 6 N\u00cdVEL 3<\/span><\/p>\n<p>[\/et_pb_text][\/et_pb_column][\/et_pb_row][et_pb_row _builder_version=&#8221;4.6.0&#8243; _module_preset=&#8221;default&#8221;][et_pb_column type=&#8221;4_4&#8243; _builder_version=&#8221;4.6.0&#8243; _module_preset=&#8221;default&#8221;][et_pb_text _builder_version=&#8221;4.6.0&#8243; _module_preset=&#8221;default&#8221; link_option_url=&#8221;http:\/\/globotv.globo.com\/rede-globo\/globo-ciencia\/v\/a-forma-do-mundo-parte-3\/1725561\/&#8221; hover_enabled=&#8221;0&#8243; sticky_enabled=&#8221;0&#8243;]<\/p>\n<h4 class=\"western\" align=\"left\"><span style=\"color: #3366ff\"><span style=\"font-size: x-large\"><span><span style=\"font-family: 'Open Sans', sans-serif\"><span>Trechos da entrevista Globo Ci\u00eancia e canal Futura<\/span><\/span><\/span><\/span><span><span style=\"font-family: 'Open Sans', sans-serif\"><span style=\"font-size: x-large\">\u00a02010<\/span><\/span><\/span><\/span><\/h4>\n<p>[\/et_pb_text][\/et_pb_column][\/et_pb_row][\/et_pb_section]<\/p>\n","protected":false},"excerpt":{"rendered":"<p>ARTIGOSQual o tamanho do infinito?\u00a0(Revista Educa\u00e7\u00e3o P\u00fablica (online) Vol 2-Ed 1, (2002)).M\u00cdDIASV\u00cdDEOS DE SOLU\u00c7\u00d5ES DE QUEST\u00d5ES DA OBMEP 2011 \u2013 1\u00ba FaseQUEST\u00c3O 17 N\u00cdVEL 2QUEST\u00c3O 19 N\u00cdVEL 1QUEST\u00c3O 19 N\u00cdVEL 2=QUEST\u00c3O 15 N\u00cdVEL 3QUEST\u00c3O 10 N\u00cdVEL 3\u00a0QUEST\u00c3O 16 N\u00cdVEL 3QUEST\u00c3O 19 N\u00cdVEL 3V\u00cdDEOS DE SOLU\u00c7\u00d5ES DE QUEST\u00d5ES DA OBMEP 2011 \u2013 2\u00ba FaseQUEST\u00c3O 6 N\u00cdVEL [&hellip;]<\/p>\n","protected":false},"author":204,"featured_media":0,"parent":0,"menu_order":0,"comment_status":"closed","ping_status":"closed","template":"","meta":{"_et_pb_use_builder":"on","_et_pb_old_content":"","_et_gb_content_width":"","_exactmetrics_skip_tracking":false,"_exactmetrics_sitenote_active":false,"_exactmetrics_sitenote_note":"","_exactmetrics_sitenote_category":0,"footnotes":""},"categories":[],"tags":[],"class_list":["post-110","page","type-page","status-publish","hentry"],"_links":{"self":[{"href":"https:\/\/www.professores.uff.br\/paulogusmao\/wp-json\/wp\/v2\/pages\/110","targetHints":{"allow":["GET"]}}],"collection":[{"href":"https:\/\/www.professores.uff.br\/paulogusmao\/wp-json\/wp\/v2\/pages"}],"about":[{"href":"https:\/\/www.professores.uff.br\/paulogusmao\/wp-json\/wp\/v2\/types\/page"}],"author":[{"embeddable":true,"href":"https:\/\/www.professores.uff.br\/paulogusmao\/wp-json\/wp\/v2\/users\/204"}],"replies":[{"embeddable":true,"href":"https:\/\/www.professores.uff.br\/paulogusmao\/wp-json\/wp\/v2\/comments?post=110"}],"version-history":[{"count":7,"href":"https:\/\/www.professores.uff.br\/paulogusmao\/wp-json\/wp\/v2\/pages\/110\/revisions"}],"predecessor-version":[{"id":299,"href":"https:\/\/www.professores.uff.br\/paulogusmao\/wp-json\/wp\/v2\/pages\/110\/revisions\/299"}],"wp:attachment":[{"href":"https:\/\/www.professores.uff.br\/paulogusmao\/wp-json\/wp\/v2\/media?parent=110"}],"wp:term":[{"taxonomy":"category","embeddable":true,"href":"https:\/\/www.professores.uff.br\/paulogusmao\/wp-json\/wp\/v2\/categories?post=110"},{"taxonomy":"post_tag","embeddable":true,"href":"https:\/\/www.professores.uff.br\/paulogusmao\/wp-json\/wp\/v2\/tags?post=110"}],"curies":[{"name":"wp","href":"https:\/\/api.w.org\/{rel}","templated":true}]}}