{"id":159,"date":"2021-05-18T16:10:00","date_gmt":"2021-05-18T19:10:00","guid":{"rendered":"http:\/\/www.professores.uff.br\/paulogusmao\/?page_id=159"},"modified":"2021-05-18T17:55:31","modified_gmt":"2021-05-18T20:55:31","slug":"books","status":"publish","type":"page","link":"https:\/\/www.professores.uff.br\/paulogusmao\/books\/","title":{"rendered":"BOOKS"},"content":{"rendered":"<p>[et_pb_section fb_built=&#8221;1&#8243; _builder_version=&#8221;4.6.0&#8243; _module_preset=&#8221;default&#8221;][et_pb_row _builder_version=&#8221;4.6.0&#8243; _module_preset=&#8221;default&#8221;][et_pb_column type=&#8221;4_4&#8243; _builder_version=&#8221;4.6.0&#8243; _module_preset=&#8221;default&#8221;][et_pb_text _builder_version=&#8221;4.6.0&#8243; _module_preset=&#8221;default&#8221; hover_enabled=&#8221;0&#8243; sticky_enabled=&#8221;0&#8243;]<\/p>\n<p><span style=\"text-decoration: underline;color: #3366ff\"><a href=\"http:\/\/www.professores.uff.br\/paulogusmao\/wp-content\/uploads\/sites\/219\/2021\/05\/C\u00e1lvulo-1-Vol-1_Cederj.pdf\" rel=\"attachment wp-att-166\" style=\"color: #3366ff\">C\u00e1lculo 1 Vol 1-2002 &#8211;\u00a0<\/a><span style=\"text-decoration: underline\">with Prof. Dinam\u00e9rico Pombo J\u00fanior \u2013 Publicado pela Funda\u00e7\u00e3o CECIERJ<\/span><\/span><\/p>\n<p><a href=\"http:\/\/www.professores.uff.br\/paulogusmao\/wp-content\/uploads\/sites\/219\/2021\/05\/C\u00e1lvulo-1-Vol-1_Cederj.pdf\" rel=\"attachment wp-att-166\"><\/a><\/p>\n<p>[\/et_pb_text][et_pb_text _builder_version=&#8221;4.6.0&#8243; _module_preset=&#8221;default&#8221; hover_enabled=&#8221;0&#8243; sticky_enabled=&#8221;0&#8243;]<\/p>\n<p><span style=\"text-decoration: underline;color: #3366ff\"><a href=\"http:\/\/www.professores.uff.br\/paulogusmao\/wp-content\/uploads\/sites\/219\/2021\/05\/C\u00e1lvulo-1-Vol-1_Cederj.pdf\" rel=\"attachment wp-att-166\" style=\"color: #3366ff\">C\u00e1lculo 1 Vol 2- 2002 &#8211;\u00a0<\/a><span>with Prof. Dinam\u00e9rico Pombo J\u00fanior \u2013 Publicado pela Funda\u00e7\u00e3o CECIERJ<\/span><\/span><\/p>\n<p>[\/et_pb_text][et_pb_text _builder_version=&#8221;4.6.0&#8243; _module_preset=&#8221;default&#8221; hover_enabled=&#8221;0&#8243; sticky_enabled=&#8221;0&#8243;]<\/p>\n<p><span style=\"text-decoration: underline;color: #3366ff\"><a href=\"http:\/\/www.professores.uff.br\/paulogusmao\/wp-content\/uploads\/sites\/219\/2021\/05\/C\u00e1lvulo-1-Vol-1_Cederj.pdf\" rel=\"attachment wp-att-166\" style=\"color: #3366ff\">C\u00e1lculo 1 Vol 3-2002 &#8211;\u00a0<\/a><span>with Prof. Dinam\u00e9rico Pombo J\u00fanior \u2013 Publicado pela Funda\u00e7\u00e3o CECIERJ<\/span><\/span><\/p>\n<p>[\/et_pb_text][\/et_pb_column][\/et_pb_row][\/et_pb_section]<\/p>\n","protected":false},"excerpt":{"rendered":"<p>C\u00e1lculo 1 Vol 1-2002 &#8211;\u00a0with Prof. Dinam\u00e9rico Pombo J\u00fanior \u2013 Publicado pela Funda\u00e7\u00e3o CECIERJ C\u00e1lculo 1 Vol 2- 2002 &#8211;\u00a0with Prof. Dinam\u00e9rico Pombo J\u00fanior \u2013 Publicado pela Funda\u00e7\u00e3o CECIERJ C\u00e1lculo 1 Vol 3-2002 &#8211;\u00a0with Prof. Dinam\u00e9rico Pombo J\u00fanior \u2013 Publicado pela Funda\u00e7\u00e3o CECIERJ<\/p>\n","protected":false},"author":250,"featured_media":0,"parent":0,"menu_order":0,"comment_status":"closed","ping_status":"closed","template":"","meta":{"_et_pb_use_builder":"on","_et_pb_old_content":"","_et_gb_content_width":"","_exactmetrics_skip_tracking":false,"_exactmetrics_sitenote_active":false,"_exactmetrics_sitenote_note":"","_exactmetrics_sitenote_category":0,"footnotes":""},"categories":[],"tags":[],"class_list":["post-159","page","type-page","status-publish","hentry"],"_links":{"self":[{"href":"https:\/\/www.professores.uff.br\/paulogusmao\/wp-json\/wp\/v2\/pages\/159","targetHints":{"allow":["GET"]}}],"collection":[{"href":"https:\/\/www.professores.uff.br\/paulogusmao\/wp-json\/wp\/v2\/pages"}],"about":[{"href":"https:\/\/www.professores.uff.br\/paulogusmao\/wp-json\/wp\/v2\/types\/page"}],"author":[{"embeddable":true,"href":"https:\/\/www.professores.uff.br\/paulogusmao\/wp-json\/wp\/v2\/users\/250"}],"replies":[{"embeddable":true,"href":"https:\/\/www.professores.uff.br\/paulogusmao\/wp-json\/wp\/v2\/comments?post=159"}],"version-history":[{"count":5,"href":"https:\/\/www.professores.uff.br\/paulogusmao\/wp-json\/wp\/v2\/pages\/159\/revisions"}],"predecessor-version":[{"id":192,"href":"https:\/\/www.professores.uff.br\/paulogusmao\/wp-json\/wp\/v2\/pages\/159\/revisions\/192"}],"wp:attachment":[{"href":"https:\/\/www.professores.uff.br\/paulogusmao\/wp-json\/wp\/v2\/media?parent=159"}],"wp:term":[{"taxonomy":"category","embeddable":true,"href":"https:\/\/www.professores.uff.br\/paulogusmao\/wp-json\/wp\/v2\/categories?post=159"},{"taxonomy":"post_tag","embeddable":true,"href":"https:\/\/www.professores.uff.br\/paulogusmao\/wp-json\/wp\/v2\/tags?post=159"}],"curies":[{"name":"wp","href":"https:\/\/api.w.org\/{rel}","templated":true}]}}