{"id":45,"date":"2021-04-21T11:00:59","date_gmt":"2021-04-21T14:00:59","guid":{"rendered":"http:\/\/www.professores.uff.br\/paulogusmao\/?page_id=45"},"modified":"2023-05-05T17:01:29","modified_gmt":"2023-05-05T20:01:29","slug":"paulo-gusmao","status":"publish","type":"page","link":"https:\/\/www.professores.uff.br\/paulogusmao\/","title":{"rendered":"PAULO GUSM\u00c3O"},"content":{"rendered":"<p>[et_pb_section fb_built=&#8221;1&#8243; _builder_version=&#8221;4.16&#8243; _module_preset=&#8221;default&#8221; custom_margin=&#8221;||-220px|||&#8221; global_colors_info=&#8221;{}&#8221; theme_builder_area=&#8221;post_content&#8221;][et_pb_row _builder_version=&#8221;4.17.6&#8243; _module_preset=&#8221;default&#8221; theme_builder_area=&#8221;post_content&#8221;][et_pb_column _builder_version=&#8221;4.17.6&#8243; _module_preset=&#8221;default&#8221; type=&#8221;4_4&#8243; theme_builder_area=&#8221;post_content&#8221;][et_pb_text _builder_version=&#8221;4.17.6&#8243; _module_preset=&#8221;default&#8221; theme_builder_area=&#8221;post_content&#8221; hover_enabled=&#8221;0&#8243; sticky_enabled=&#8221;0&#8243;]<\/p>\n<p>I&#8217;m a mathematician working in Topology. I have a degree in Mathematics from the Pontifical Catholic University of Rio de Janeiro (1985), a Bachelor&#8217;s degree in Mathematics from the Pontifical Catholic University of Rio de Janeiro (1985), a Master&#8217;s degree in Mathematics from the Pontifical Catholic University of Rio de Janeiro (1986-1987) and a Phd. in Mathematics \u2013 Universit\u00e9 Paul Sabatier- Toulouse III under the guidance of Professor Gilbert Levitt (1989-1993). I was Visiting Professor at \u00c9cole Normale Superieur de Lyon (1997 &#8211; 3 months) and Universit\u00e9 d\u2019Avignon (2009- 1 month and 2011- 1 month). I was Vice-Coordinator of the Licentiate and Bachelor of Mathematics courses at IME-UFF in the period 2004-2007, Deputy Head of the Department of Analysis (IME-UFF) in the biennium 2013-2014. My area of interest is Foliations Theory, working mainly on the following topics: topology of leaves of codimension 1 foliations in 3-manifolds, singular foliations in 3-manifolds and classifying spaces associated with foliations. Currently I have also been interested in using topology tools applied to data analysis problems, an area known as Topological Data Analysis. I worked from 2005\u00a0 and 2007 to 2015 as Regional Coordinator of OBMEP (Olimp\u00edada Brasileira de Matem\u00e1tica das Escolas P\u00fablicas) and since 2002 I have been acting as Discipline Coordinator in the Degree in Mathematics and Degree in Physics courses at CEDERJ\/UAB, which aims to train teachers in several cities in the State of Rio de Janeiro.<\/p>\n<p>[\/et_pb_text][\/et_pb_column][\/et_pb_row][\/et_pb_section]<\/p>\n","protected":false},"excerpt":{"rendered":"<p>I&#8217;m a mathematician working in Topology. I have a degree in Mathematics from the Pontifical Catholic University of Rio de Janeiro (1985), a Bachelor&#8217;s degree in Mathematics from the Pontifical Catholic University of Rio de Janeiro (1985), a Master&#8217;s degree in Mathematics from the Pontifical Catholic University of Rio de Janeiro (1986-1987) and a Phd. [&hellip;]<\/p>\n","protected":false},"author":250,"featured_media":0,"parent":0,"menu_order":0,"comment_status":"closed","ping_status":"closed","template":"","meta":{"_et_pb_use_builder":"on","_et_pb_old_content":"","_et_gb_content_width":"","_exactmetrics_skip_tracking":false,"_exactmetrics_sitenote_active":false,"_exactmetrics_sitenote_note":"","_exactmetrics_sitenote_category":0,"footnotes":""},"categories":[],"tags":[],"class_list":["post-45","page","type-page","status-publish","hentry"],"_links":{"self":[{"href":"https:\/\/www.professores.uff.br\/paulogusmao\/wp-json\/wp\/v2\/pages\/45","targetHints":{"allow":["GET"]}}],"collection":[{"href":"https:\/\/www.professores.uff.br\/paulogusmao\/wp-json\/wp\/v2\/pages"}],"about":[{"href":"https:\/\/www.professores.uff.br\/paulogusmao\/wp-json\/wp\/v2\/types\/page"}],"author":[{"embeddable":true,"href":"https:\/\/www.professores.uff.br\/paulogusmao\/wp-json\/wp\/v2\/users\/250"}],"replies":[{"embeddable":true,"href":"https:\/\/www.professores.uff.br\/paulogusmao\/wp-json\/wp\/v2\/comments?post=45"}],"version-history":[{"count":16,"href":"https:\/\/www.professores.uff.br\/paulogusmao\/wp-json\/wp\/v2\/pages\/45\/revisions"}],"predecessor-version":[{"id":297,"href":"https:\/\/www.professores.uff.br\/paulogusmao\/wp-json\/wp\/v2\/pages\/45\/revisions\/297"}],"wp:attachment":[{"href":"https:\/\/www.professores.uff.br\/paulogusmao\/wp-json\/wp\/v2\/media?parent=45"}],"wp:term":[{"taxonomy":"category","embeddable":true,"href":"https:\/\/www.professores.uff.br\/paulogusmao\/wp-json\/wp\/v2\/categories?post=45"},{"taxonomy":"post_tag","embeddable":true,"href":"https:\/\/www.professores.uff.br\/paulogusmao\/wp-json\/wp\/v2\/tags?post=45"}],"curies":[{"name":"wp","href":"https:\/\/api.w.org\/{rel}","templated":true}]}}