{"id":105,"date":"2022-03-13T20:01:08","date_gmt":"2022-03-13T23:01:08","guid":{"rendered":"http:\/\/www.professores.uff.br\/pedrosalvador\/?page_id=105"},"modified":"2022-03-13T20:01:08","modified_gmt":"2022-03-13T23:01:08","slug":"disciplinas","status":"publish","type":"page","link":"https:\/\/www.professores.uff.br\/pedrosalvador\/disciplinas\/","title":{"rendered":"Disciplinas"},"content":{"rendered":"\n<p>Gerenciamento de Risco e Reservas T\u00e9cnicas 2022.1<\/p>\n\n\n\n<div class=\"wp-block-file\"><a href=\"https:\/\/www.professores.uff.br\/pedrosalvador\/wp-content\/uploads\/sites\/228\/2022\/03\/gerenciamento-de-risco.pdf\">Planejamento da Disciplina gerenciamento-de-risco<\/a><a href=\"https:\/\/www.professores.uff.br\/pedrosalvador\/wp-content\/uploads\/sites\/228\/2022\/03\/gerenciamento-de-risco.pdf\" class=\"wp-block-file__button\" download>Baixar<\/a><\/div>\n\n\n\n<p>M\u00e9todos Quantitativos 2022.1<\/p>\n\n\n\n<div class=\"wp-block-file\"><a href=\"https:\/\/www.professores.uff.br\/pedrosalvador\/wp-content\/uploads\/sites\/228\/2022\/03\/m\u00e9todos-quantitativos.pdf\">Planejamento da Disciplina m\u00e9todos-quantitativos<\/a><a href=\"https:\/\/www.professores.uff.br\/pedrosalvador\/wp-content\/uploads\/sites\/228\/2022\/03\/m\u00e9todos-quantitativos.pdf\" class=\"wp-block-file__button\" download>Baixar<\/a><\/div>\n\n\n\n<p>T\u00f3picos em Atuariais 2022.1<\/p>\n\n\n\n<div class=\"wp-block-file\"><a href=\"https:\/\/www.professores.uff.br\/pedrosalvador\/wp-content\/uploads\/sites\/228\/2022\/03\/t\u00f3picos-em-atuarias-4.pdf\">Planejamento da Disciplina t\u00f3picos-em-atuarias-4<\/a><a href=\"https:\/\/www.professores.uff.br\/pedrosalvador\/wp-content\/uploads\/sites\/228\/2022\/03\/t\u00f3picos-em-atuarias-4.pdf\" class=\"wp-block-file__button\" download>Baixar<\/a><\/div>\n\n\n\n<figure class=\"wp-block-gallery columns-0 is-cropped wp-block-gallery-1 is-layout-flex wp-block-gallery-is-layout-flex\"><ul class=\"blocks-gallery-grid\"><\/ul><\/figure>\n","protected":false},"excerpt":{"rendered":"<p>Gerenciamento de Risco e Reservas T\u00e9cnicas 2022.1 M\u00e9todos Quantitativos 2022.1 T\u00f3picos em Atuariais 2022.1<\/p>\n","protected":false},"author":261,"featured_media":0,"parent":0,"menu_order":0,"comment_status":"closed","ping_status":"closed","template":"","meta":{"_et_pb_use_builder":"off","_et_pb_old_content":"","_et_gb_content_width":"","_exactmetrics_skip_tracking":false,"_exactmetrics_sitenote_active":false,"_exactmetrics_sitenote_note":"","_exactmetrics_sitenote_category":0,"footnotes":""},"categories":[],"tags":[],"class_list":["post-105","page","type-page","status-publish","hentry"],"_links":{"self":[{"href":"https:\/\/www.professores.uff.br\/pedrosalvador\/wp-json\/wp\/v2\/pages\/105","targetHints":{"allow":["GET"]}}],"collection":[{"href":"https:\/\/www.professores.uff.br\/pedrosalvador\/wp-json\/wp\/v2\/pages"}],"about":[{"href":"https:\/\/www.professores.uff.br\/pedrosalvador\/wp-json\/wp\/v2\/types\/page"}],"author":[{"embeddable":true,"href":"https:\/\/www.professores.uff.br\/pedrosalvador\/wp-json\/wp\/v2\/users\/261"}],"replies":[{"embeddable":true,"href":"https:\/\/www.professores.uff.br\/pedrosalvador\/wp-json\/wp\/v2\/comments?post=105"}],"version-history":[{"count":3,"href":"https:\/\/www.professores.uff.br\/pedrosalvador\/wp-json\/wp\/v2\/pages\/105\/revisions"}],"predecessor-version":[{"id":111,"href":"https:\/\/www.professores.uff.br\/pedrosalvador\/wp-json\/wp\/v2\/pages\/105\/revisions\/111"}],"wp:attachment":[{"href":"https:\/\/www.professores.uff.br\/pedrosalvador\/wp-json\/wp\/v2\/media?parent=105"}],"wp:term":[{"taxonomy":"category","embeddable":true,"href":"https:\/\/www.professores.uff.br\/pedrosalvador\/wp-json\/wp\/v2\/categories?post=105"},{"taxonomy":"post_tag","embeddable":true,"href":"https:\/\/www.professores.uff.br\/pedrosalvador\/wp-json\/wp\/v2\/tags?post=105"}],"curies":[{"name":"wp","href":"https:\/\/api.w.org\/{rel}","templated":true}]}}