{"id":53,"date":"2022-01-03T10:56:55","date_gmt":"2022-01-03T13:56:55","guid":{"rendered":"http:\/\/www.professores.uff.br\/pedrosalvador\/?page_id=53"},"modified":"2022-01-03T10:56:55","modified_gmt":"2022-01-03T13:56:55","slug":"artigos-publicados","status":"publish","type":"page","link":"https:\/\/www.professores.uff.br\/pedrosalvador\/artigos-publicados\/","title":{"rendered":"Artigos Publicados"},"content":{"rendered":"\n<p><a href=\"https:\/\/scholar.google.com.br\/citations?view_op=view_citation&amp;hl=pt-BR&amp;user=AFSGaJwAAAAJ&amp;alert_preview_top_rm=2&amp;citation_for_view=AFSGaJwAAAAJ:qjMakFHDy7sC\">O efeito crowding-out via BNDES no mercado brasileiro, no s\u00e9culo XXI<\/a> <\/p>\n\n\n\n<p>PICA SALVADORRevista Espacios 38 (38), 8 <\/p>\n\n\n\n<p><a href=\"https:\/\/scholar.google.com.br\/citations?view_op=view_citation&amp;hl=pt-BR&amp;user=AFSGaJwAAAAJ&amp;alert_preview_top_rm=2&amp;citation_for_view=AFSGaJwAAAAJ:Zph67rFs4hoC\">Pandemia de COVID-19, ensino emergencial \u00e0 dist\u00e2ncia e nursing now: desafios \u00e0 forma\u00e7\u00e3o em enfermagem<\/a><\/p>\n\n\n\n<p>CM Silva, PICAS Salvador Revista ga\u00facha de enfermagem <\/p>\n\n\n\n<p><a href=\"https:\/\/scholar.google.com.br\/citations?view_op=view_citation&amp;hl=pt-BR&amp;user=AFSGaJwAAAAJ&amp;alert_preview_top_rm=2&amp;citation_for_view=AFSGaJwAAAAJ:QIV2ME_5wuYC\">COVID-19 pandemic, emergency remote teaching and Nursing Now: challenges for nursing education<\/a><\/p>\n\n\n\n<p>CM Silva, ATM Toriyama, HG Claro, CA Borghi, TR Castro, PICA Salvador Revista Ga\u00facha de Enfermagem 42 <\/p>\n\n\n\n<p><a href=\"https:\/\/scholar.google.com.br\/citations?view_op=view_citation&amp;hl=pt-BR&amp;user=AFSGaJwAAAAJ&amp;alert_preview_top_rm=2&amp;citation_for_view=AFSGaJwAAAAJ:4DMP91E08xMC\">Blame Avoidance: The Costs of Weak Accountability in a Health Disaster<\/a><\/p>\n\n\n\n<p>I Fernandes, G Almeida Lopes Fernandes, G Fernandes, PI Salvador Available at SSRN 3790705 <\/p>\n\n\n\n<p><a href=\"https:\/\/scholar.google.com.br\/citations?view_op=view_citation&amp;hl=pt-BR&amp;user=AFSGaJwAAAAJ&amp;alert_preview_top_rm=2&amp;citation_for_view=AFSGaJwAAAAJ:MXK_kJrjxJIC\">Ideology, Isolation, and Death. An Analysis of the Effects of Bolsonarism in the Covid-19 Pandemic.<\/a><\/p>\n\n\n\n<p>I Fernandes, GAL Fernandes, G Fernandes, PI Salvador ssrn <\/p>\n\n\n\n<p><a href=\"https:\/\/scholar.google.com.br\/citations?view_op=view_citation&amp;hl=pt-BR&amp;user=AFSGaJwAAAAJ&amp;alert_preview_top_rm=2&amp;citation_for_view=AFSGaJwAAAAJ:9yKSN-GCB0IC\">Trabalho Infantil, um mal necess\u00e1rio? Uma an\u00e1lise com dados do SAEB<\/a><\/p>\n\n\n\n<p>PICA SalvadorRevista ESPACIOS| Vol. 37 (N\u00ba 13) A\u00f1o 2016 <\/p>\n\n\n\n<p><a href=\"https:\/\/scholar.google.com.br\/citations?view_op=view_citation&amp;hl=pt-BR&amp;user=AFSGaJwAAAAJ&amp;alert_preview_top_rm=2&amp;citation_for_view=AFSGaJwAAAAJ:9ZlFYXVOiuMC\">Market power and banking regulations: Evidence from RDD application to the Brazilian banking market<\/a><\/p>\n\n\n\n<p>A De Genaro, PICA Salvador, IF Fernandes Economics Letters 202, 109821 <\/p>\n\n\n\n<p><a href=\"https:\/\/scholar.google.com.br\/citations?view_op=view_citation&amp;hl=pt-BR&amp;user=AFSGaJwAAAAJ&amp;alert_preview_top_rm=2&amp;citation_for_view=AFSGaJwAAAAJ:mVmsd5A6BfQC\">Educa\u00e7\u00e3o a dist\u00e2ncia e qualidade do ensino uma an\u00e1lise quantitativa<\/a> <\/p>\n\n\n\n<p>A do Esp\u00edrito Santo da Silva, PICA Salvador Pesquisa E Debate Em Educa\u00e7\u00e3o,, 1\u201318 <\/p>\n\n\n\n<p><a href=\"https:\/\/scholar.google.com.br\/citations?view_op=view_citation&amp;hl=pt-BR&amp;user=AFSGaJwAAAAJ&amp;alert_preview_top_rm=2&amp;citation_for_view=AFSGaJwAAAAJ:aqlVkmm33-oC\">Educa\u00e7\u00e3o a dist\u00e2ncia e a qualidade do ensino: Uma an\u00e1lise quantitativa em tempos pr\u00e9-pand\u00eamicos e pand\u00eamicos<\/a> <\/p>\n\n\n\n<p>PIVOCA SALVADOR, ADOESDA SILVA Livro<\/p>\n\n\n\n<p><a href=\"https:\/\/scholar.google.com.br\/citations?view_op=view_citation&amp;hl=pt-BR&amp;user=AFSGaJwAAAAJ&amp;alert_preview_top_rm=2&amp;citation_for_view=AFSGaJwAAAAJ:3fE2CSJIrl8C\">A COVID19 E A QUEST\u00c3O REGIONAL NO BRASIL<\/a><\/p>\n\n\n\n<p>pedro ivo camacho alves salvador, carla marins silva International Journal of Development Research 10 (08), 38784-38801<\/p>\n\n\n\n<p><a href=\"https:\/\/scholar.google.com.br\/citations?view_op=view_citation&amp;hl=pt-BR&amp;user=AFSGaJwAAAAJ&amp;alert_preview_top_rm=2&amp;citation_for_view=AFSGaJwAAAAJ:eQOLeE2rZwMC\">Avaliando a Educa\u00e7\u00e3o no Brasil: Uma nova perspectiva em pol\u00edticas p\u00fablicas<\/a><\/p>\n\n\n\n<p>pedro ivo camacho alves salvadorhttps:\/\/www.amazon.com.br\/gp\/offer-listing\/3330740019\/ref=dp_olp_new_mbc?ie\u00a0\u2026 <\/p>\n\n\n\n<p> <\/p>\n","protected":false},"excerpt":{"rendered":"<p>O efeito crowding-out via BNDES no mercado brasileiro, no s\u00e9culo XXI PICA SALVADORRevista Espacios 38 (38), 8 Pandemia de COVID-19, ensino emergencial \u00e0 dist\u00e2ncia e nursing now: desafios \u00e0 forma\u00e7\u00e3o em enfermagem CM Silva, PICAS Salvador Revista ga\u00facha de enfermagem COVID-19 pandemic, emergency remote teaching and Nursing Now: challenges for nursing education CM Silva, ATM [&hellip;]<\/p>\n","protected":false},"author":261,"featured_media":0,"parent":0,"menu_order":0,"comment_status":"closed","ping_status":"closed","template":"","meta":{"_et_pb_use_builder":"off","_et_pb_old_content":"","_et_gb_content_width":"","_exactmetrics_skip_tracking":false,"_exactmetrics_sitenote_active":false,"_exactmetrics_sitenote_note":"","_exactmetrics_sitenote_category":0,"footnotes":""},"categories":[],"tags":[],"class_list":["post-53","page","type-page","status-publish","hentry"],"_links":{"self":[{"href":"https:\/\/www.professores.uff.br\/pedrosalvador\/wp-json\/wp\/v2\/pages\/53","targetHints":{"allow":["GET"]}}],"collection":[{"href":"https:\/\/www.professores.uff.br\/pedrosalvador\/wp-json\/wp\/v2\/pages"}],"about":[{"href":"https:\/\/www.professores.uff.br\/pedrosalvador\/wp-json\/wp\/v2\/types\/page"}],"author":[{"embeddable":true,"href":"https:\/\/www.professores.uff.br\/pedrosalvador\/wp-json\/wp\/v2\/users\/261"}],"replies":[{"embeddable":true,"href":"https:\/\/www.professores.uff.br\/pedrosalvador\/wp-json\/wp\/v2\/comments?post=53"}],"version-history":[{"count":1,"href":"https:\/\/www.professores.uff.br\/pedrosalvador\/wp-json\/wp\/v2\/pages\/53\/revisions"}],"predecessor-version":[{"id":54,"href":"https:\/\/www.professores.uff.br\/pedrosalvador\/wp-json\/wp\/v2\/pages\/53\/revisions\/54"}],"wp:attachment":[{"href":"https:\/\/www.professores.uff.br\/pedrosalvador\/wp-json\/wp\/v2\/media?parent=53"}],"wp:term":[{"taxonomy":"category","embeddable":true,"href":"https:\/\/www.professores.uff.br\/pedrosalvador\/wp-json\/wp\/v2\/categories?post=53"},{"taxonomy":"post_tag","embeddable":true,"href":"https:\/\/www.professores.uff.br\/pedrosalvador\/wp-json\/wp\/v2\/tags?post=53"}],"curies":[{"name":"wp","href":"https:\/\/api.w.org\/{rel}","templated":true}]}}