{"id":67,"date":"2022-01-08T10:51:06","date_gmt":"2022-01-08T13:51:06","guid":{"rendered":"http:\/\/www.professores.uff.br\/pedrosalvador\/?page_id=67"},"modified":"2023-03-07T15:23:12","modified_gmt":"2023-03-07T18:23:12","slug":"livros-cursos","status":"publish","type":"page","link":"https:\/\/www.professores.uff.br\/pedrosalvador\/livros-cursos\/","title":{"rendered":"Livros e Cursos"},"content":{"rendered":"<p>[et_pb_section fb_built=&#8221;1&#8243; _builder_version=&#8221;4.16&#8243; _module_preset=&#8221;default&#8221; global_colors_info=&#8221;{}&#8221;][et_pb_row column_structure=&#8221;1_4,1_4,1_4,1_4&#8243; _builder_version=&#8221;4.16&#8243; _module_preset=&#8221;default&#8221; min_height=&#8221;307px&#8221; custom_margin=&#8221;|auto|210px|auto||&#8221; custom_padding=&#8221;||225px|||&#8221; global_colors_info=&#8221;{}&#8221;][et_pb_column type=&#8221;1_4&#8243; _builder_version=&#8221;4.16&#8243; _module_preset=&#8221;default&#8221; global_colors_info=&#8221;{}&#8221;][et_pb_text _builder_version=&#8221;4.16&#8243; _module_preset=&#8221;default&#8221; global_colors_info=&#8221;{}&#8221;]<\/p>\n<p>Segue um comp\u00eandio de livros interessantes e atualizados sobre mat\u00e9rias que eu leciono e pesquiso.<\/p>\n<p>[\/et_pb_text][\/et_pb_column][et_pb_column type=&#8221;1_4&#8243; _builder_version=&#8221;4.16&#8243; _module_preset=&#8221;default&#8221; global_colors_info=&#8221;{}&#8221;][et_pb_text _builder_version=&#8221;4.16&#8243; _module_preset=&#8221;default&#8221; link_option_url=&#8221;https:\/\/probability4datascience.com\/&#8221; global_colors_info=&#8221;{}&#8221;]<\/p>\n<h1>Introduction to Probability for Data Science<\/h1>\n<div id=\"subtitle\"><a href=\"https:\/\/engineering.purdue.edu\/ChanGroup\/stanleychan.html\">Stanley H. Chan<\/a><br \/>An undergraduate textbook on probability for data science.<\/div>\n<p>[\/et_pb_text][et_pb_text _builder_version=&#8221;4.16&#8243; _module_preset=&#8221;default&#8221; link_option_url=&#8221;https:\/\/www.kaggle.com\/learn\/intro-to-machine-learninghttps:\/\/www.kaggle.com\/learn\/intro-to-machine-learning&#8221; global_colors_info=&#8221;{}&#8221;]<\/p>\n<h1 class=\"sc-fujyAs sc-pNWdM sc-fUKshf gtIHSj XJxhY bVYBCH\">Intro to Machine Learning<\/h1>\n<p>Kaggle<\/p>\n<p>&nbsp;<\/p>\n<div id=\"subtitle\"><\/div>\n<div><\/div>\n<div><\/div>\n<div><\/div>\n<p>[\/et_pb_text][et_pb_text _builder_version=&#8221;4.16&#8243; _module_preset=&#8221;default&#8221; link_option_url=&#8221;https:\/\/www.kaggle.com\/learn\/intro-to-machine-learninghttps:\/\/www.kaggle.com\/learn\/intro-to-machine-learning&#8221; locked=&#8221;off&#8221; global_colors_info=&#8221;{}&#8221;]<\/p>\n<h1 class=\"sc-fujyAs sc-pNWdM sc-fUKshf gtIHSj XJxhY bVYBCH\">Tidy Modeling with R<\/h1>\n<p>MAX KUHN AND JULIA SILGE<\/p>\n<p>&nbsp;<\/p>\n<div id=\"subtitle\"><\/div>\n<div><\/div>\n<div><\/div>\n<div><\/div>\n<p>[\/et_pb_text][et_pb_text _builder_version=&#8221;4.17.6&#8243; _module_preset=&#8221;default&#8221; link_option_url=&#8221;https:\/\/www.kaggle.com\/learn\/intro-to-machine-learninghttps:\/\/www.kaggle.com\/learn\/intro-to-machine-learning&#8221; hover_enabled=&#8221;0&#8243; locked=&#8221;off&#8221; global_colors_info=&#8221;{}&#8221; sticky_enabled=&#8221;0&#8243;]<\/p>\n<h1 class=\"sc-fujyAs sc-pNWdM sc-fUKshf gtIHSj XJxhY bVYBCH\"><a href=\"https:\/\/www.kevinsheppard.com\/teaching\/python\/notes\/\">Livro de Python<\/a><\/h1>\n<p>&nbsp;<\/p>\n<p><a href=\"https:\/\/www.kevinsheppard.com\/teaching\/python\/notes\/\">KEVIN SHEPPARD<\/a><\/p>\n<p>&nbsp;<\/p>\n<div id=\"subtitle\"><\/div>\n<div><\/div>\n<div><\/div>\n<div><\/div>\n<p>[\/et_pb_text][\/et_pb_column][et_pb_column type=&#8221;1_4&#8243; _builder_version=&#8221;4.16&#8243; _module_preset=&#8221;default&#8221; global_colors_info=&#8221;{}&#8221;][et_pb_text _builder_version=&#8221;4.16&#8243; _module_preset=&#8221;default&#8221; link_option_url=&#8221;https:\/\/smltar.com\/&#8221; global_colors_info=&#8221;{}&#8221;]<\/p>\n<h1 class=\"title\">Supervised Machine Learning for Text Analysis in R<\/h1>\n<p class=\"author\"><em>EMIL HVITFELDT AND JULIA SILGE<\/em><\/p>\n<p>[\/et_pb_text][et_pb_text _builder_version=&#8221;4.16&#8243; _module_preset=&#8221;default&#8221; custom_padding=&#8221;4px|||||&#8221; link_option_url=&#8221;https:\/\/smltar.com\/&#8221; global_colors_info=&#8221;{}&#8221;]<\/p>\n<h1 class=\"title\">Supervised Machine Learning for Text Analysis in R<\/h1>\n<p class=\"author\"><em>EMIL HVITFELDT AND JULIA SILGE<\/em><\/p>\n<p>[\/et_pb_text][\/et_pb_column][et_pb_column type=&#8221;1_4&#8243; _builder_version=&#8221;4.16&#8243; _module_preset=&#8221;default&#8221; global_colors_info=&#8221;{}&#8221;][et_pb_text _builder_version=&#8221;4.16&#8243; _module_preset=&#8221;default&#8221; link_option_url=&#8221;https:\/\/www.amazon.com\/Avaliando-Educa%C3%A7%C3%A3o-Brasil-perspectiva-Portuguese\/dp\/3330740019&#8243; global_colors_info=&#8221;{}&#8221;]<\/p>\n<h1 id=\"title\" class=\"a-spacing-none a-text-normal\"><span id=\"productTitle\" class=\"a-size-extra-large\">Avaliando a Educa\u00e7\u00e3o no Brasil: Uma nova perspectiva em pol\u00edticas p\u00fablicas\u00a0<\/span><\/h1>\n<p><span class=\"a-size-extra-large\">Pedro Ivo Camacho Alves Salvador<\/span><\/p>\n<p>[\/et_pb_text][et_pb_text _builder_version=&#8221;4.16&#8243; _module_preset=&#8221;default&#8221; link_option_url=&#8221;https:\/\/www.kaggle.com\/rtatman\/rachael-s-r-tutorials&#8221; global_colors_info=&#8221;{}&#8221;]<\/p>\n<h1 id=\"title\" class=\"a-spacing-none a-text-normal\">Curso de R no kaggle<\/h1>\n<h1 class=\"a-spacing-none a-text-normal\"><span style=\"font-size: 14px;color: #666666\">Rachels<\/span><\/h1>\n<p>[\/et_pb_text][\/et_pb_column][\/et_pb_row][\/et_pb_section]<\/p>\n","protected":false},"excerpt":{"rendered":"<p>Segue um comp\u00eandio de livros interessantes e atualizados sobre mat\u00e9rias que eu leciono e pesquiso.Introduction to Probability for Data Science Stanley H. ChanAn undergraduate textbook on probability for data science.Intro to Machine Learning Kaggle &nbsp; Tidy Modeling with R MAX KUHN AND JULIA SILGE &nbsp; Livro de Python &nbsp; KEVIN SHEPPARD &nbsp; Supervised Machine Learning [&hellip;]<\/p>\n","protected":false},"author":261,"featured_media":0,"parent":0,"menu_order":0,"comment_status":"closed","ping_status":"closed","template":"","meta":{"_et_pb_use_builder":"on","_et_pb_old_content":"","_et_gb_content_width":"","_exactmetrics_skip_tracking":false,"_exactmetrics_sitenote_active":false,"_exactmetrics_sitenote_note":"","_exactmetrics_sitenote_category":0,"footnotes":""},"categories":[],"tags":[],"class_list":["post-67","page","type-page","status-publish","hentry"],"_links":{"self":[{"href":"https:\/\/www.professores.uff.br\/pedrosalvador\/wp-json\/wp\/v2\/pages\/67","targetHints":{"allow":["GET"]}}],"collection":[{"href":"https:\/\/www.professores.uff.br\/pedrosalvador\/wp-json\/wp\/v2\/pages"}],"about":[{"href":"https:\/\/www.professores.uff.br\/pedrosalvador\/wp-json\/wp\/v2\/types\/page"}],"author":[{"embeddable":true,"href":"https:\/\/www.professores.uff.br\/pedrosalvador\/wp-json\/wp\/v2\/users\/261"}],"replies":[{"embeddable":true,"href":"https:\/\/www.professores.uff.br\/pedrosalvador\/wp-json\/wp\/v2\/comments?post=67"}],"version-history":[{"count":7,"href":"https:\/\/www.professores.uff.br\/pedrosalvador\/wp-json\/wp\/v2\/pages\/67\/revisions"}],"predecessor-version":[{"id":158,"href":"https:\/\/www.professores.uff.br\/pedrosalvador\/wp-json\/wp\/v2\/pages\/67\/revisions\/158"}],"wp:attachment":[{"href":"https:\/\/www.professores.uff.br\/pedrosalvador\/wp-json\/wp\/v2\/media?parent=67"}],"wp:term":[{"taxonomy":"category","embeddable":true,"href":"https:\/\/www.professores.uff.br\/pedrosalvador\/wp-json\/wp\/v2\/categories?post=67"},{"taxonomy":"post_tag","embeddable":true,"href":"https:\/\/www.professores.uff.br\/pedrosalvador\/wp-json\/wp\/v2\/tags?post=67"}],"curies":[{"name":"wp","href":"https:\/\/api.w.org\/{rel}","templated":true}]}}